{"id":161,"date":"2018-06-16T00:18:38","date_gmt":"2018-06-15T17:18:38","guid":{"rendered":"https:\/\/demo.bmconnect.vn\/salecar2\/?post_type=product&#038;p=161"},"modified":"2018-06-16T09:46:51","modified_gmt":"2018-06-16T02:46:51","slug":"mau-doi-mau-noi-that-cho-dong-merceder-c300-dep-nhat","status":"publish","type":"product","link":"https:\/\/demo.bmconnect.vn\/salecar2\/san-pham\/mau-doi-mau-noi-that-cho-dong-merceder-c300-dep-nhat\/","title":{"rendered":"\u0110\u1ed5i m\u00e0u n\u1ed9i th\u1ea5t cho d\u00f2ng Merceder c300 \u0111\u1eb9p nh\u1ea5t"},"content":{"rendered":"<p>\u0110\u1ed4I M\u00c0U XE MERCEDES C300 t\u1eeb ghi sang m\u00e0u v\u00e0ng b\u00f2 cao c\u1ea5p<\/p>\n<p>N\u1ed8I TH\u1ea4T \u00d4 T\u00d4 VI\u1ec6T THANH LU\u00d4N \u0110I \u0110\u1ea6U TRONG NH\u1eeeNG L\u0128NH V\u1ef0C L\u00c0M \u0110\u1eb8P CHO C\u00c1C D\u00d2NG XE V\u00c0 T\u1ea4T C\u1ea2 C\u00c1C XE CAO C\u1ea4P NH\u1ea4T<\/p>\n<p>\u2734 Ch\u00fang t\u00f4i mang \u0111\u1ebfn nh\u1eefng s\u1ea3n ph\u1ea9m \u0111\u1ed9c v\u00e0 l\u1ea1 t\u1eeb nh\u1eefng chi ti\u1ebft \u0111\u01a1n gi\u1ea3n nh\u1ea5t \u0111\u1ebfn c\u00e1c m\u1eabu m\u1edbi nh\u1ea5t hi\u1ec7n nay<\/p>\n<p>nh\u01b0<\/p>\n<p>???? s\u01a1n v\u00e2n g\u1ed7<\/p>\n<p>???? d\u00e1n da tr\u1ea7n v\u00e0 c\u00e1nh c\u1eeda<\/p>\n<p>???? th\u1ea3m l\u00f3t s\u00e0n 6D cao c\u1ea5p<\/p>\n<p>s\u01a1n nh\u1ef1a \u0111\u1eb3ng c\u1ea5p \u0111\u1ed9c quy\u1ec1n t\u1ea1i m\u1ef9<\/p>\n<p>b\u1ea3o h\u00e0nh 5 n\u0103m kh\u00f4ng bong tr\u00f3c<\/p>\n<p>ch\u1ea5t li\u1ec7u da tu\u1ef3 v\u00e0o \u00a0\u0111\u01a1n gi\u00e1 b\u1ea1n l\u00e0m<\/p>\n","protected":false},"excerpt":{"rendered":"<ul>\n<li>S\u01a1n nh\u1ef1a \u0111\u1eb3ng c\u1ea5p \u0111\u1ed9c quy\u1ec1n t\u1ea1i m\u1ef9<\/li>\n<li>B\u1ea3o h\u00e0nh 5 n\u0103m kh\u00f4ng bong tr\u00f3c<\/li>\n<li>Ch\u1ea5t li\u1ec7u da tu\u1ef3 v\u00e0o \u00a0\u0111\u01a1n gi\u00e1 b\u1ea1n l\u00e0m<\/li>\n<\/ul>\n","protected":false},"featured_media":162,"comment_status":"open","ping_status":"closed","template":"","meta":[],"product_cat":[18,25],"product_tag":[],"_links":{"self":[{"href":"https:\/\/demo.bmconnect.vn\/salecar2\/wp-json\/wp\/v2\/product\/161"}],"collection":[{"href":"https:\/\/demo.bmconnect.vn\/salecar2\/wp-json\/wp\/v2\/product"}],"about":[{"href":"https:\/\/demo.bmconnect.vn\/salecar2\/wp-json\/wp\/v2\/types\/product"}],"replies":[{"embeddable":true,"href":"https:\/\/demo.bmconnect.vn\/salecar2\/wp-json\/wp\/v2\/comments?post=161"}],"wp:featuredmedia":[{"embeddable":true,"href":"https:\/\/demo.bmconnect.vn\/salecar2\/wp-json\/wp\/v2\/media\/162"}],"wp:attachment":[{"href":"https:\/\/demo.bmconnect.vn\/salecar2\/wp-json\/wp\/v2\/media?parent=161"}],"wp:term":[{"taxonomy":"product_cat","embeddable":true,"href":"https:\/\/demo.bmconnect.vn\/salecar2\/wp-json\/wp\/v2\/product_cat?post=161"},{"taxonomy":"product_tag","embeddable":true,"href":"https:\/\/demo.bmconnect.vn\/salecar2\/wp-json\/wp\/v2\/product_tag?post=161"}],"curies":[{"name":"wp","href":"https:\/\/api.w.org\/{rel}","templated":true}]}}