{"id":155,"date":"2018-06-16T00:10:50","date_gmt":"2018-06-15T17:10:50","guid":{"rendered":"https:\/\/demo.bmconnect.vn\/salecar2\/?post_type=product&#038;p=155"},"modified":"2018-06-16T00:10:51","modified_gmt":"2018-06-15T17:10:51","slug":"vios-doi-mau-dep-va-doc-nhat-viet-nam","status":"publish","type":"product","link":"https:\/\/demo.bmconnect.vn\/salecar2\/san-pham\/vios-doi-mau-dep-va-doc-nhat-viet-nam\/","title":{"rendered":"Vios \u0111\u1ed5i m\u00e0u \u0111\u1eb9p v\u00e0 \u0111\u1ed9c nh\u1ea5t Vi\u1ec7t Nam"},"content":{"rendered":"<p>N\u1ed8I TH\u1ea4T \u00d4 T\u00d4 VI\u1ec6T THANH CHUY\u00caN \u0110\u1ed8 V\u00c0 THI\u1ebeT K\u1ebe N\u1ed8I TH\u1ea4T GH\u1ebe DA V\u00c0 \u0110\u1ed4I M\u00c0U CAO C\u1ea4P \u0110\u1ed8C NH\u1ea4T CHO C\u00c1C X\u1ebe Y\u00caU<\/p>\n<p>???? \u0111\u1ebfn v\u1edbi Vi\u1ec7t thanh auto b\u1ea1n s\u1ebd c\u00f3 nhi\u1ec1u phong c\u00e1ch cho ri\u00eang m\u00ecnh v\u1edbi b\u1ed9 n\u1ed9i th\u1ea5t tu\u1ef3 ch\u1ecdn \u0111\u1ed5i c\u00e1c m\u00e0u v\u1edbi nhi\u1ec1u m\u1eabu m\u00e3 \u0111a d\u1ea1ng nh\u1ea5t<\/p>\n<p>???? ch\u1ea5t s\u01a1n nh\u1ef1a cao c\u1ea5p nh\u1eadp t\u1eeb m\u1ef9 b\u1ea3o h\u00e0nh 5 n\u0103m<\/p>\n<p>???? c\u00e1c ph\u1ea7n d\u00e1n da nh\u01b0<\/p>\n<p>taplo-v\u00f4 n\u0103ng \u2013 ph\u00edm c\u00f2i v\u00e0 tay s\u1ed1<\/p>\n<p>???? gh\u1ebf \u0111\u01b0\u1ee3c thi\u1ebft k\u1ebf theo ki\u1ec3u mer s400 cao c\u1ea5p<\/p>\n<p>b\u00e1c n\u00e0o tham kh\u1ea3o th\u00eam Lh 0988792189-0982599911<\/p>\n","protected":false},"excerpt":{"rendered":"<p>\u0110\u1ebfn v\u1edbi Vi\u1ec7t thanh auto b\u1ea1n s\u1ebd c\u00f3 nhi\u1ec1u phong c\u00e1ch cho ri\u00eang m\u00ecnh v\u1edbi b\u1ed9 n\u1ed9i th\u1ea5t tu\u1ef3 ch\u1ecdn \u0111\u1ed5i c\u00e1c m\u00e0u v\u1edbi nhi\u1ec1u m\u1eabu m\u00e3 \u0111a d\u1ea1ng nh\u1ea5t<\/p>\n","protected":false},"featured_media":156,"comment_status":"open","ping_status":"closed","template":"","meta":[],"product_cat":[18,24],"product_tag":[],"_links":{"self":[{"href":"https:\/\/demo.bmconnect.vn\/salecar2\/wp-json\/wp\/v2\/product\/155"}],"collection":[{"href":"https:\/\/demo.bmconnect.vn\/salecar2\/wp-json\/wp\/v2\/product"}],"about":[{"href":"https:\/\/demo.bmconnect.vn\/salecar2\/wp-json\/wp\/v2\/types\/product"}],"replies":[{"embeddable":true,"href":"https:\/\/demo.bmconnect.vn\/salecar2\/wp-json\/wp\/v2\/comments?post=155"}],"wp:featuredmedia":[{"embeddable":true,"href":"https:\/\/demo.bmconnect.vn\/salecar2\/wp-json\/wp\/v2\/media\/156"}],"wp:attachment":[{"href":"https:\/\/demo.bmconnect.vn\/salecar2\/wp-json\/wp\/v2\/media?parent=155"}],"wp:term":[{"taxonomy":"product_cat","embeddable":true,"href":"https:\/\/demo.bmconnect.vn\/salecar2\/wp-json\/wp\/v2\/product_cat?post=155"},{"taxonomy":"product_tag","embeddable":true,"href":"https:\/\/demo.bmconnect.vn\/salecar2\/wp-json\/wp\/v2\/product_tag?post=155"}],"curies":[{"name":"wp","href":"https:\/\/api.w.org\/{rel}","templated":true}]}}