{"id":153,"date":"2018-06-16T00:08:09","date_gmt":"2018-06-15T17:08:09","guid":{"rendered":"https:\/\/demo.bmconnect.vn\/salecar2\/?post_type=product&#038;p=153"},"modified":"2018-06-16T00:08:09","modified_gmt":"2018-06-15T17:08:09","slug":"fotune-ban-do-cao-cap-toan-xe-lung-linh","status":"publish","type":"product","link":"https:\/\/demo.bmconnect.vn\/salecar2\/san-pham\/fotune-ban-do-cao-cap-toan-xe-lung-linh\/","title":{"rendered":"Fotune b\u1ea3n \u0111\u1ed9 cao c\u1ea5p to\u00e0n xe lung linh"},"content":{"rendered":"<p>N\u1ed9i th\u1ea5t \u00f4 t\u00f4 Vi\u1ec7t thanh<\/p>\n<p>gi\u1edbi thi\u1ec7u b\u1ed9 \u0111\u1ed9 n\u1ed9i th\u1ea5t xe Fotune b\u1ea3n cao c\u1ea5p nh\u1ea5t hi\u1ec7n nay v\u1edbi c\u00e1c \u0111\u00e8n neo cao c\u1ea5p m\u1edbi<\/p>\n<p>???? tr\u1ea7n \u00a0\u0111\u01b0\u1ee3c d\u00e1n ch\u00e1m cacbon cao c\u1ea5p m\u1edbi<\/p>\n<p>????gh\u1ebf \u0111\u01b0\u1ee3c thi\u1ebft k\u1ebf tinh t\u1ebf v\u1edbi \u1ee9ng d\u1ee5ng l\u00e0m ng\u01b0\u1eddi ng\u1ed3i l\u00e1i \u0111\u01b0\u1ee3c \u00f4m s\u00e1t h\u01a1i<\/p>\n<p>\u260e\ufe0fTh\u1ea3m l\u00f3t s\u00e0n l\u00e0m fun s\u00e0n<\/p>\n<p>????\u0111\u00e8n neo vi\u1ec1n c\u1eeda v\u00e0 \u0111\u00e8n tr\u1ea7n sao nh\u1ea9y theo nh\u1ea1c v\u1edbi c\u00f4ng ngh\u1ec7 m\u1edbi nh\u1ea5t hi\u1ec7n nay \u00e1p d\u1ee5ng tr\u00ean xe Fotune \u0111\u1ea7u ti\u00ean t\u1ea1i vi\u1ec7t nam t\u1ea1i th\u1eddi \u0111i\u1ec3m n\u00e0y<\/p>\n<p>???? ch\u00fang t\u00f4i lu\u00f4n mu\u1ed1n s\u00e1ng t\u1ea1o ra thi\u1ebft k\u1ebf m\u1edbi nh\u1ea5t d\u00e0nh cho nh\u1eefng kh\u00e1c h\u00e0ng kh\u00f3 t\u00ednh nh\u1ea5t c\u0169ng ph\u1ea3i g\u1eadt \u0111\u1ea7u<\/p>\n<p>????c\u00e1c chi ti\u1ebft nh\u01b0 v\u00e2n g\u1ed7 v\u00e0 kh\u00e2u v\u00f4 n\u0103ng , \u0111\u1ec3 t\u1ea1o n\u00ean s\u1ef1 sang tr\u1ecdng v\u00e0 ch\u1eafc tay l\u00e1i<\/p>\n","protected":false},"excerpt":{"rendered":"<ul>\n<li>Tr\u1ea7n \u00a0\u0111\u01b0\u1ee3c d\u00e1n ch\u00e1m cacbon cao c\u1ea5p m\u1edbi<\/li>\n<li>Gh\u1ebf \u0111\u01b0\u1ee3c thi\u1ebft k\u1ebf tinh t\u1ebf v\u1edbi \u1ee9ng d\u1ee5ng l\u00e0m ng\u01b0\u1eddi ng\u1ed3i l\u00e1i \u0111\u01b0\u1ee3c \u00f4m s\u00e1t h\u01a1i<\/li>\n<li>Th\u1ea3m l\u00f3t s\u00e0n l\u00e0m fun s\u00e0n<\/li>\n<\/ul>\n","protected":false},"featured_media":154,"comment_status":"open","ping_status":"closed","template":"","meta":[],"product_cat":[18,23],"product_tag":[],"_links":{"self":[{"href":"https:\/\/demo.bmconnect.vn\/salecar2\/wp-json\/wp\/v2\/product\/153"}],"collection":[{"href":"https:\/\/demo.bmconnect.vn\/salecar2\/wp-json\/wp\/v2\/product"}],"about":[{"href":"https:\/\/demo.bmconnect.vn\/salecar2\/wp-json\/wp\/v2\/types\/product"}],"replies":[{"embeddable":true,"href":"https:\/\/demo.bmconnect.vn\/salecar2\/wp-json\/wp\/v2\/comments?post=153"}],"wp:featuredmedia":[{"embeddable":true,"href":"https:\/\/demo.bmconnect.vn\/salecar2\/wp-json\/wp\/v2\/media\/154"}],"wp:attachment":[{"href":"https:\/\/demo.bmconnect.vn\/salecar2\/wp-json\/wp\/v2\/media?parent=153"}],"wp:term":[{"taxonomy":"product_cat","embeddable":true,"href":"https:\/\/demo.bmconnect.vn\/salecar2\/wp-json\/wp\/v2\/product_cat?post=153"},{"taxonomy":"product_tag","embeddable":true,"href":"https:\/\/demo.bmconnect.vn\/salecar2\/wp-json\/wp\/v2\/product_tag?post=153"}],"curies":[{"name":"wp","href":"https:\/\/api.w.org\/{rel}","templated":true}]}}