{"id":150,"date":"2018-06-16T00:05:32","date_gmt":"2018-06-15T17:05:32","guid":{"rendered":"https:\/\/demo.bmconnect.vn\/salecar2\/?post_type=product&#038;p=150"},"modified":"2018-06-16T00:05:33","modified_gmt":"2018-06-15T17:05:33","slug":"colorado-phien-ban-do-dep-cho-anh-chu-ca-tinh","status":"publish","type":"product","link":"https:\/\/demo.bmconnect.vn\/salecar2\/san-pham\/colorado-phien-ban-do-dep-cho-anh-chu-ca-tinh\/","title":{"rendered":"Colorado phi\u00ean b\u1ea3n \u0111\u1ed9 \u0111\u1eb9p cho anh ch\u1ee7 c\u00e1 t\u00ednh"},"content":{"rendered":"<p>Nh\u01b0 \u00a0ch\u00fang t\u00f4i \u0111\u00e3 l\u00e0m nh\u1eefng s\u1ea3n ph\u1ea9m \u0111\u01b0\u1ee3c \u0111\u1ed9 \u0111\u1ec1u mang phong c\u00e1ch ri\u00eang nh\u01b0 tr\u1ea7n c\u0169ng \u0111\u01b0\u1ee3c thi\u1ebft k\u1ebf sao cho ph\u00f9 h\u1ee3p nh\u1ea5t nh\u1eefng m\u1eabu m\u1edbi ch\u00fang t\u00f4i lu\u00f4n \u00e1p d\u1ee5ng cho xe b\u1ea1n \u0111\u1ec3 tr\u1edf n\u00ean ho\u00e0n h\u1ea3o h\u01a1n.<\/p>\n<p>Ch\u00fang t\u00f4i lu\u00f4n ph\u1ed1i m\u00e0u sao cho hi\u1ec7u qu\u1ea3 nh\u1ea5t \u0111\u1ec3 to\u00e1t n\u00ean 1 v\u1ebb \u0111\u1eb9p m\u00e0 khi ng\u1ed3i v\u00e0o xe \u0111\u1ec3 c\u1ea3m gi\u00e1c tho\u1ea3i m\u00e1i v\u1edbi nh\u1eefng \u0111\u01b0\u1eddng vi\u1ec1n \u0111\u1ecf cho xe<\/p>\n<p>Gh\u1ebf da \u0111\u01b0\u1ee3c t\u1ea1o h\u00ecnh mang phong c\u00e1ch th\u1ec3 thao h\u01a1n bao gi\u1edd h\u1ebft v\u1edbi nh\u1eefng \u0111\u01b0\u1eddng vi\u1ec1n \u0111\u1ecf pha l\u1eabn vaod m\u00e0u kem \u0111\u1ec3 t\u1ea1o \u0111\u01b0\u1eddng n\u1ed5i cho b\u1ed9 gh\u1ebf da<\/p>\n<p>C\u00e1nh c\u1ee7a c\u0169ng \u0111\u01b0\u1ee3c th\u00eam v\u00e2n g\u1ed7 v\u00e0 \u0111\u01b0\u1eddng n\u00e9t<\/p>\n<p>Taplo \u0111\u01b0\u1ee3c d\u00e1n da<\/p>\n<p>V\u00f4 n\u0103ng kh\u00e2u da v\u00e0 ph\u00edm c\u00f2i<\/p>\n<p>C\u1ea3 c\u1ea7n s\u1ed1 c\u0169ng v\u1eady \u0111\u01b0\u1ee3c kh\u00e2u da m\u00e0u \u0111\u1ecf<\/p>\n","protected":false},"excerpt":{"rendered":"<p>Nh\u01b0 \u00a0ch\u00fang t\u00f4i \u0111\u00e3 l\u00e0m nh\u1eefng s\u1ea3n ph\u1ea9m \u0111\u01b0\u1ee3c \u0111\u1ed9 \u0111\u1ec1u mang phong c\u00e1ch ri\u00eang nh\u01b0 tr\u1ea7n c\u0169ng \u0111\u01b0\u1ee3c thi\u1ebft k\u1ebf sao cho ph\u00f9 h\u1ee3p nh\u1ea5t nh\u1eefng m\u1eabu m\u1edbi ch\u00fang t\u00f4i lu\u00f4n \u00e1p d\u1ee5ng cho xe b\u1ea1n \u0111\u1ec3 tr\u1edf n\u00ean ho\u00e0n h\u1ea3o h\u01a1n<\/p>\n","protected":false},"featured_media":151,"comment_status":"open","ping_status":"closed","template":"","meta":[],"product_cat":[18,22],"product_tag":[],"_links":{"self":[{"href":"https:\/\/demo.bmconnect.vn\/salecar2\/wp-json\/wp\/v2\/product\/150"}],"collection":[{"href":"https:\/\/demo.bmconnect.vn\/salecar2\/wp-json\/wp\/v2\/product"}],"about":[{"href":"https:\/\/demo.bmconnect.vn\/salecar2\/wp-json\/wp\/v2\/types\/product"}],"replies":[{"embeddable":true,"href":"https:\/\/demo.bmconnect.vn\/salecar2\/wp-json\/wp\/v2\/comments?post=150"}],"wp:featuredmedia":[{"embeddable":true,"href":"https:\/\/demo.bmconnect.vn\/salecar2\/wp-json\/wp\/v2\/media\/151"}],"wp:attachment":[{"href":"https:\/\/demo.bmconnect.vn\/salecar2\/wp-json\/wp\/v2\/media?parent=150"}],"wp:term":[{"taxonomy":"product_cat","embeddable":true,"href":"https:\/\/demo.bmconnect.vn\/salecar2\/wp-json\/wp\/v2\/product_cat?post=150"},{"taxonomy":"product_tag","embeddable":true,"href":"https:\/\/demo.bmconnect.vn\/salecar2\/wp-json\/wp\/v2\/product_tag?post=150"}],"curies":[{"name":"wp","href":"https:\/\/api.w.org\/{rel}","templated":true}]}}