{"id":308,"date":"2018-01-31T15:55:39","date_gmt":"2018-01-31T08:55:39","guid":{"rendered":"https:\/\/demo.bmconnect.vn\/salecar\/?post_type=product&#038;p=308"},"modified":"2018-01-31T15:55:39","modified_gmt":"2018-01-31T08:55:39","slug":"boc-nem-ghe-da-xe-toyota-innova","status":"publish","type":"product","link":"https:\/\/demo.bmconnect.vn\/salecar\/san-pham\/boc-nem-ghe-da-xe-toyota-innova\/","title":{"rendered":"B\u1eccC N\u1ec6M GH\u1ebe DA XE TOYOTA INNOVA"},"content":{"rendered":"<p>Toyota innova 2017 \u2013 2018 l\u00e0 chi\u1ebfc xe \u0111ang \u0111\u01b0\u1ee3c \u0111\u00e1nh gi\u00e1 r\u1ea5t cao v\u00e0 \u0111\u01b0\u1ee3c nhi\u1ec1u gia \u0111\u00ecnh tin t\u01b0\u1edfng s\u1eed d\u1ee5ng. \u0110\u00e2y l\u00e0 d\u00f2ng xe MPV \u0111a d\u1ee5ng, ti\u1ec7n d\u1ee5ng d\u00f2ng xe Innova v\u1edbi 3 phi\u00ean b\u1ea3n E, G,V \u0111\u1ec1u c\u00f3 ch\u1ee9c n\u0103ng t\u1ed1i \u01b0u v\u00e0 ti\u1ebft ki\u1ec7m nhi\u00ean li\u1ec7u, gi\u00fap cho ch\u1ee7 nh\u00e2n c\u1ee7a chi\u1ebfc xe gi\u1ea3m thi\u1ec3u chi ph\u00ed m\u1ed9t c\u00e1ch \u0111\u00e1ng k\u1ec3.<\/p>\n<p>Tuy nhi\u00ean,v\u1ec1 n\u1ed9i th\u1ea5t b\u00ean trong INNOVA \u00a0ch\u1ec9 c\u00f3 b\u1ea3n cao c\u1ea5p nh\u1ea5t \u0111\u01b0\u1ee3c b\u1ecdc da c\u00f2n l\u1ea1i l\u00e0 b\u1ecdc n\u1ec9. R\u1ea5t nhi\u1ec1u ch\u1ee7 xe ch\u1ecdn gi\u1ea3i ph\u00e1p thay n\u1ec9 b\u1eb1ng ch\u1ea5t li\u1ec7u da nh\u00e2n t\u1ea1o ho\u1eb7c da th\u1eadt cho gh\u1ebf xe \u0111\u1ec3 h\u1ea1n ch\u1ebf v\u1ea5n \u0111\u1ec1 ng\u1ed3i n\u00f3ng, kh\u00f3 ch\u1ecbu cho ng\u01b0\u1eddi ng\u1ed3i xe. Vi\u1ec7c b\u1ecdc l\u1ea1i\u00a0gh\u1ebf n\u1ec7m xe \u00f4t\u00f4\u00a0v\u1edbi gi\u00e1 c\u1ea3 h\u1ee3p l\u00fd v\u00e0 ch\u1ea5t l\u01b0\u1ee3ng \u0111\u1ea3m b\u1ea3o lu\u00f4n l\u00e0 \u0111i\u1ec1u b\u0103n kho\u0103n c\u1ee7a h\u1ea7u h\u1ebft ng\u01b0\u1eddi s\u1eed d\u1ee5ng xe.<\/p>\n<p><img class=\"\" title=\"B\u1ecdc N\u1ec7m Gh\u1ebf Da Xe Toyota Innova\" src=\"http:\/\/cdn.akauto.com.vn\/Uploads\/origin\/boc-nem-ghe-da-toyota-innova-1501644328.14135.jpg?r=1501660656994\" alt=\"B\u1ecdc N\u1ec7m Gh\u1ebf Da Xe Toyota Innova\" \/><\/p>\n<h2 id=\"b\u1ecdc-nem-ghe-da-xe-toyota-innova\"><strong>1. B\u1ecdc N\u1ec7m Gh\u1ebf Da Xe Toyota\u00a0Innova Uy T\u00edn Ch\u1ea5t L\u01b0\u1ee3ng<\/strong><\/h2>\n<p>Kh\u00f4ng gian b\u00ean trong \u0111\u01b0\u1ee3c ch\u0103m ch\u00fat t\u1ec9 m\u1ec9 sang tr\u1ecdng t\u1ea1o ng\u00e0y c\u00e0ng chinh ph\u1ee5c \u0111\u01b0\u1ee3c kh\u00e1ch h\u00e0ng d\u00f9 l\u00e0 kh\u00f3 t\u00ednh nh\u1ea5t.<\/p>\n<p>V\u1edbi h\u1ea7u h\u1ebft d\u00f2ng xe Innova \u0111a ph\u1ea7n gh\u1ebf xe xu\u1ea5t x\u01b0\u1edfng \u0111\u1ec1u b\u1ecdc n\u1ec9, n\u00ean sau m\u1ed9t th\u1eddi gian s\u1eed d\u1ee5ng xe, n\u1ec7m gh\u1ebf da c\u1ee7a qu\u00fd kh\u00e1ch \u0111\u00e3 xu\u1ed1ng c\u1ea5p v\u00e0 g\u00e2y m\u00f9i r\u1ea5t h\u00f3 ch\u1ecbu l\u00e0m \u1ea3nh h\u01b0\u1edfng t\u1edbi s\u1ee9c kh\u1ecfe c\u1ee7a m\u00ecnh c\u0169ng nh\u01b0 c\u1ee7a ng\u01b0\u1eddi ng\u1ed3i tr\u00ean xe . Ch\u1ec9 v\u1edbi m\u1ed9t chi ph\u00ed h\u1ee3p l\u00fd b\u1ea1n c\u00f3 th\u1ec3 \u0111\u1ea7u t\u01b0 cho m\u00ecnh b\u1ed9 n\u1ec7m gh\u1ebf da \u0111\u1ec3 chi\u1ebfc xe c\u1ee7a b\u1ea1n sang tr\u1ecdng v\u00e0 s\u1ea1ch s\u1ebd h\u01a1n.<\/p>\n<h2 id=\"uu-diem-boc-ghe-da-xe-oto\"><strong>2. \u01afu \u0110i\u1ec3m B\u1ecdc N\u1ec7m Gh\u1ebf Da Xe \u00d4\u00a0T\u00f4<\/strong><\/h2>\n<p>+ Ch\u1ea5t li\u1ec7u da m\u1ec1m m\u1ea1i t\u1ea1o c\u1ea3m gi\u00e1c sang tr\u1ecdng v\u00e0 tho\u1ea3i m\u00e1i.<\/p>\n<p>+ Da kh\u00f4ng th\u1ea5m n\u01b0\u1edbc n\u00ean d\u1ec5 lau ch\u00f9i, v\u1ec7 sinh cho xe.<\/p>\n<p>+Ch\u1ea5t li\u1ec7u b\u1ec1n \u0111\u1eb9p sau nhi\u1ec1u n\u0103m s\u1eed d\u1ee5ng.<\/p>\n<p>+ Gi\u00e1 c\u1ea3 h\u1ee3p l\u00fd.<\/p>\n<p>+ Thi c\u00f4ng nhanh g\u1ecdn.<\/p>\n<p><img class=\"\" title=\"B\u1ecdc N\u1ec7m Gh\u1ebf Da Xe Toyota Innova\" src=\"http:\/\/cdn.akauto.com.vn\/Uploads\/origin\/boc-nem-ghe-da-oto-1501644332.14558.jpg?r=1501660656994\" alt=\"B\u1ecdc N\u1ec7m Gh\u1ebf Da Xe Toyota Innova\" \/><\/p>\n<h2 id=\"nhung-cach-may-ghe-da-xe-hoi-pho-bien\"><strong>3. Nh\u1eefng C\u00e1ch May Gh\u1ebf Da Xe H\u01a1i Ph\u1ed5 Bi\u1ebfn Hi\u1ec7n Nay<\/strong><\/h2>\n<p><strong><em>May b\u1ecdc theo gh\u1ebf rin<\/em><\/strong>: \u0110\u00e2y l\u00e0 c\u00e1ch may \u0111\u01a1n gi\u1ea3n m\u1eabu \u00e1o gh\u1ebf c\u1ee7a xe nh\u01b0 th\u1ebf n\u00e0o th\u00ec ch\u00fang ta s\u1ebd may l\u1ea1i nh\u01b0 v\u1eady. V\u1edbi c\u00e1ch n\u00e0y th\u1eddi gian may v\u00e0 l\u1eafp r\u00e1p s\u1ebd m\u1ea5t \u00edt th\u1eddi gian.<\/p>\n<p><em>May theo d\u1ea1ng gh\u1ebf xe kh\u00e1c<\/em>: Qu\u00fd kh\u00e1ch c\u00f3 th\u1ec3 l\u1ef1a ch\u1ecdn m\u1ed9t m\u1eabu gh\u1ebf , sau \u0111\u00f3 ch\u00fang t\u00f4i s\u1ebd may theo \u0111\u00fang ki\u1ec3u qu\u00fd kh\u00e1ch l\u1ef1a ch\u1ecdn. C\u00e1ch may n\u00e0y s\u1ebd m\u1ea5t 2 \u2013 3h \u0111\u1ec3 may t\u00f9y v\u00e0o chi ti\u1ebft c\u1ee7a s\u1ea3n ph\u1ea9m.<\/p>\n<p><em>May ph\u1ed1i m\u00e0u v\u00e0 may caro<\/em>: Qu\u00fd kh\u00e1ch c\u00f3 th\u1ec3 t\u00f9y \u00fd ph\u1ed1i m\u00e0u sao cho ph\u00f9 h\u1ee3p v\u1edbi m\u00ecnh. Ngo\u00e0i ra gh\u1ebf xe innova c\u00f2n c\u00f3 th\u1ec3 may theo ki\u1ec3u caro, \u0111\u00e2y l\u00e0 ki\u1ec3u may r\u1ea5t hi\u1ec7n \u0111\u1ea1i, c\u00f3 t\u00ednh th\u1ea9m m\u1ef9 cao.<\/p>\n","protected":false},"excerpt":{"rendered":"<p>AKauto \u00a0\u2713 \u00a0B\u1ecdc n\u1ec7m gh\u1ebf da xe Toyota Innova \u2713 \u00a0Thay \u00e1o gh\u1ebf b\u1eb1ng v\u1eadt li\u1ec7u gi\u1ea3 da \u2013 da nh\u00e2n t\u1ea1o \u2013 da b\u00f2 th\u1eadt Italia \u2713 B\u1ea3o h\u00e0nh 12 th\u00e1ng.<\/p>\n","protected":false},"featured_media":309,"comment_status":"open","ping_status":"closed","template":"","meta":[],"product_cat":[27],"product_tag":[],"_links":{"self":[{"href":"https:\/\/demo.bmconnect.vn\/salecar\/wp-json\/wp\/v2\/product\/308"}],"collection":[{"href":"https:\/\/demo.bmconnect.vn\/salecar\/wp-json\/wp\/v2\/product"}],"about":[{"href":"https:\/\/demo.bmconnect.vn\/salecar\/wp-json\/wp\/v2\/types\/product"}],"replies":[{"embeddable":true,"href":"https:\/\/demo.bmconnect.vn\/salecar\/wp-json\/wp\/v2\/comments?post=308"}],"wp:featuredmedia":[{"embeddable":true,"href":"https:\/\/demo.bmconnect.vn\/salecar\/wp-json\/wp\/v2\/media\/309"}],"wp:attachment":[{"href":"https:\/\/demo.bmconnect.vn\/salecar\/wp-json\/wp\/v2\/media?parent=308"}],"wp:term":[{"taxonomy":"product_cat","embeddable":true,"href":"https:\/\/demo.bmconnect.vn\/salecar\/wp-json\/wp\/v2\/product_cat?post=308"},{"taxonomy":"product_tag","embeddable":true,"href":"https:\/\/demo.bmconnect.vn\/salecar\/wp-json\/wp\/v2\/product_tag?post=308"}],"curies":[{"name":"wp","href":"https:\/\/api.w.org\/{rel}","templated":true}]}}