{"id":306,"date":"2018-01-31T15:54:35","date_gmt":"2018-01-31T08:54:35","guid":{"rendered":"https:\/\/demo.bmconnect.vn\/salecar\/?post_type=product&#038;p=306"},"modified":"2018-01-31T15:54:35","modified_gmt":"2018-01-31T08:54:35","slug":"boc-nem-ghe-da-xe-vios","status":"publish","type":"product","link":"https:\/\/demo.bmconnect.vn\/salecar\/san-pham\/boc-nem-ghe-da-xe-vios\/","title":{"rendered":"B\u1eccC N\u1ec6M GH\u1ebe DA XE VIOS"},"content":{"rendered":"<p><strong>B\u1ecdc da cho gh\u1ebf xe Vios<\/strong> l\u00e0 s\u1ef1 l\u1ef1a ch\u1ecdn \u0111\u1ea7u ti\u00ean trong vi\u1ec7c n\u00e2ng c\u1ea5p n\u1ed9i th\u1ea5t xe khi ch\u1ee7 xe m\u1edbi mua ra kh\u1ecfi t\u1eeb \u0111\u1ea1i l\u00fd.<\/p>\n<p>B\u1edfi Vios thu\u1ed9c ph\u00e2n kh\u00fac th\u1ea5p n\u00ean h\u1ea7u h\u1ebft gh\u1ebf xe ch\u1ec9 \u0111\u01b0\u1ee3c b\u1ecdc n\u1ec9 b\u00ean trong. V\u1edbi xe Vios 2017, c\u00f3 phi\u00ean b\u1ea3n b\u1ecdc gh\u1ebf da nh\u01b0ng v\u1edbi gi\u00e1 th\u00e0nh cao h\u01a1n.<\/p>\n<p><em>\u201cM\u1ed9t b\u1ed9 n\u1ed9i th\u1ea5t xe s\u1ebd kh\u00f4ng ho\u00e0n h\u1ea3o n\u1ebfu b\u1ecdc gh\u1ebf da c\u1ee7a n\u00f3 kh\u00f4ng ho\u00e0n h\u1ea3o.\u201d<\/em><\/p>\n<p>V\u1eady l\u00e0m th\u1ebf n\u00e0o \u0111\u1ec3 chi\u1ebfc xe Vios c\u1ee7a b\u1ea1n c\u00f3 m\u1ed9t b\u1ed9 \u00e1o gh\u1ebf ph\u00f9 h\u1ee3p?<\/p>\n<h2><strong>1. B\u1ecdc da gh\u1ebf xe Vios 2017 &#8211;\u00a02018 b\u1eb1ng ch\u1ea5t li\u1ec7u da th\u1eadt.<\/strong><\/h2>\n<p>V\u1edbi kinh nghi\u1ec7m c\u1ee7a nhi\u1ec1u ch\u1ee7 xe cho bi\u1ebft gh\u1ebf b\u1ecdc n\u1ec9 ng\u1ed3i c\u1ea3m gi\u00e1c kh\u00e1 d\u1ec5 ch\u1ecbu, gi\u1eef nhi\u1ec7t t\u1ed1t h\u01a1n v\u00e0o nh\u1eefng ng\u00e0y l\u1ea1nh. \u0110\u00e2y c\u0169ng ch\u00ednh l\u00e0 nh\u01b0\u1ee3c \u0111i\u1ec3m c\u1ee7a b\u1ecdc \u00e1o n\u1ec9 n\u00e0y, n\u00f3 kh\u00f4ng ph\u00f9 h\u1ee3p v\u1edbi kh\u00ed h\u1eadu nhi\u1ec7t \u0111\u1edbi c\u1ee7a Vi\u1ec7t Nam.<\/p>\n<p>\u0110\u1ed3ng th\u1eddi, l\u1edbp n\u1ec9 c\u0169ng b\u1ed9c l\u1ed9 th\u00eam m\u1ed9t s\u1ed1 nh\u01b0\u1ee3c \u0111i\u1ec3m nh\u01b0 th\u1ea5m m\u1ed3 h\u00f4i, d\u1ec5 b\u00e1m m\u00f9i, \u1ea9m m\u00f3c v\u00e0 kh\u00f3 l\u00e0m s\u1ea1ch khi s\u1eed d\u1ee5ng.<\/p>\n<p><img class=\"\" title=\"B\u1ecdc n\u1ec7m gh\u1ebf da xe Vios\" src=\"http:\/\/cdn.akauto.com.vn\/Uploads\/origin\/20160323_120938-1501490818.1863.jpg?r=1501660339210\" alt=\"B\u1ecdc n\u1ec7m gh\u1ebf da xe Vios\" \/><\/p>\n<p>\u0110\u1ec3 n\u1ed9i th\u1ea5t xe b\u1ea1n tr\u1edf n\u00ean sang tr\u1ecdng h\u01a1n, <strong>AKauto Saigon Center <\/strong>g\u1ee3i \u00fd cho b\u1ea1n nh\u1eefng ch\u1ea5t li\u1ec7u <a href=\"http:\/\/akauto.com.vn\/boc-ghe-da-o-to\" target=\"_blank\" rel=\"noopener\"><strong>b\u1ecdc gh\u1ebf da\u00a0xe \u00f4 t\u00f4<\/strong><\/a>\u00a0nh\u01b0 simili gi\u1ea3 da, da th\u1eadt c\u1ee7a Italia, da Anh Qu\u1ed1c\u2026<\/p>\n<p>V\u1edbi nh\u1eefng ch\u1ea5t li\u1ec7u da tr\u00ean, b\u1ea1n s\u1ebd th\u1ea5y n\u1ed9i th\u1ea5t xe tr\u1edf n\u00ean sang tr\u1ecdng h\u01a1n, c\u1ea3m gi\u00e1c m\u1ecbn, \u00a0m\u00e1t v\u00e0 d\u1ec5 ch\u1ecbu khi b\u1ea1n s\u1edd tay ho\u1eb7c ng\u1ed3i l\u00ean b\u1ed9 n\u1ec7m gh\u1ebf da cao c\u1ea5p n\u00e0y.<\/p>\n<p>Vi\u1ec7c v\u1ec7 sinh c\u0169ng tr\u1edf n\u00ean d\u1ec5 d\u00e0ng h\u01a1n khi b\u1ea1n b\u1ecdc ch\u1ea5t li\u1ec7u da cao c\u1ea5p, h\u1ea1n ch\u1ebf b\u00e1m m\u00f9i, \u1ea9m m\u1ed1c trong xe.<\/p>\n<h2><strong>2. N\u00ean ch\u1ecdn m\u00e0u da n\u00e0o ph\u00f9 h\u1ee3p cho gh\u1ebf xe Vios.<\/strong><\/h2>\n<p>V\u1ec1 ki\u1ec3u d\u00e1ng v\u00e0 m\u00e0u s\u1eafc th\u00ec kh\u00e1 \u0111a d\u1ea1ng cho d\u00f2ng Vios n\u00e0y. Tuy nhi\u00ean, v\u1edbi nh\u1eefng d\u00f2ng Vios \u0111\u1eddi m\u1edbi nh\u00ecn t\u1ed5ng quan m\u00e0u s\u1eafc xe th\u01b0\u1eddng l\u00e0 m\u00e0u x\u00e1m b\u1ea1c n\u00ean m\u1ed9t m\u00e0u da \u0111\u01a1n m\u00e0u, s\u00e1ng l\u00e0 ph\u00f9 h\u1ee3p.<\/p>\n<p><img class=\"\" title=\"B\u1ecdc n\u1ec7m gh\u1ebf da xe Vios\" src=\"http:\/\/cdn.akauto.com.vn\/Uploads\/origin\/mau-da-boc-nem-ghe-xe-o-to-1501232556.69176.jpg?r=1501660339210\" alt=\"B\u1ecdc n\u1ec7m gh\u1ebf da xe Vios\" \/><\/p>\n<h2><strong>3. B\u00e1o gi\u00e1 b\u1ecdc gh\u1ebf da xe Vios.<\/strong><\/h2>\n<p>T\u00f9y v\u00e0o ch\u1ea5t li\u1ec7u da m\u00e0 b\u1ea1n nh\u1eadn b\u00e1o gi\u00e1 b\u1ecdc \u00e1o gh\u1ebf cho xe Vios kh\u00e1c nhau.<\/p>\n<p>&#8211; V\u1edbi ch\u1ea5t li\u1ec7u simili gi\u1ea3 da th\u00ec ng\u00e2n s\u00e1ch b\u1ea1n chi tr\u1ea3 t\u1ea7m 3 tri\u1ec7u \u0111\u1ebfn 6 tri\u1ec7u<\/p>\n<p>&#8211; B\u1ecdc da nh\u00e2n t\u1ea1o th\u00ec gi\u00e1 t\u1ea7m &gt; 6 tri\u1ec7u.<\/p>\n<p>&#8211; V\u1edbi ch\u1ea5t li\u1ec7u da cao c\u1ea5p th\u00ec m\u1ee9c gi\u00e1 cao h\u01a1n.<\/p>\n","protected":false},"excerpt":{"rendered":"<p>B\u1ecdc n\u1ec7m gh\u1ebf da xe Toyota Vios \u2713 Thay \u00e1o gh\u1ebf n\u1ec9 b\u1eb1ng simili gi\u1ea3 da \u2013 da nh\u00e2n t\u1ea1o \u2013 da b\u00f2 th\u1eadt Italia ho\u00e0n to\u00e0n kh\u00f4ng m\u00f9i, d\u1ec5 l\u00e0m s\u1ea1ch.\u2713 B\u1ea3o h\u00e0nh 12 th\u00e1ng.<\/p>\n","protected":false},"featured_media":307,"comment_status":"open","ping_status":"closed","template":"","meta":[],"product_cat":[27],"product_tag":[],"_links":{"self":[{"href":"https:\/\/demo.bmconnect.vn\/salecar\/wp-json\/wp\/v2\/product\/306"}],"collection":[{"href":"https:\/\/demo.bmconnect.vn\/salecar\/wp-json\/wp\/v2\/product"}],"about":[{"href":"https:\/\/demo.bmconnect.vn\/salecar\/wp-json\/wp\/v2\/types\/product"}],"replies":[{"embeddable":true,"href":"https:\/\/demo.bmconnect.vn\/salecar\/wp-json\/wp\/v2\/comments?post=306"}],"wp:featuredmedia":[{"embeddable":true,"href":"https:\/\/demo.bmconnect.vn\/salecar\/wp-json\/wp\/v2\/media\/307"}],"wp:attachment":[{"href":"https:\/\/demo.bmconnect.vn\/salecar\/wp-json\/wp\/v2\/media?parent=306"}],"wp:term":[{"taxonomy":"product_cat","embeddable":true,"href":"https:\/\/demo.bmconnect.vn\/salecar\/wp-json\/wp\/v2\/product_cat?post=306"},{"taxonomy":"product_tag","embeddable":true,"href":"https:\/\/demo.bmconnect.vn\/salecar\/wp-json\/wp\/v2\/product_tag?post=306"}],"curies":[{"name":"wp","href":"https:\/\/api.w.org\/{rel}","templated":true}]}}