{"id":289,"date":"2018-01-31T15:46:14","date_gmt":"2018-01-31T08:46:14","guid":{"rendered":"https:\/\/demo.bmconnect.vn\/salecar\/?post_type=product&#038;p=289"},"modified":"2018-01-31T15:48:33","modified_gmt":"2018-01-31T08:48:33","slug":"dan-phim-cach-nhiet-chong-nong-xe-o-to","status":"publish","type":"product","link":"https:\/\/demo.bmconnect.vn\/salecar\/san-pham\/dan-phim-cach-nhiet-chong-nong-xe-o-to\/","title":{"rendered":"PHIM C\u00c1CH NHI\u1ec6T CH\u1ed0NG N\u00d3NG"},"content":{"rendered":"<p>G\u1ecdi ngay 0909.627.678<\/p>\n<p>\u0110\u1ec3 t\u00ecm hi\u1ec3u k\u1ef9 h\u01a1n v\u1ec1\u00a0phim c\u00e1ch nhi\u1ec7t\u00a0c\u0169ng nh\u01b0 t\u00ednh n\u0103ng &#8211; c\u00e1ch ph\u00e2n bi\u1ec7t s\u1ea3n ph\u1ea9m ch\u1ea5t l\u01b0\u1ee3ng hay kh\u00f4ng, m\u1eddi qu\u00fd kh\u00e1ch tr\u1ea3i nghi\u1ec7m b\u00e0i vi\u1ebft sau:<\/p>\n<p>&#8212;&#8212;&#8212;&#8212;&#8212;&#8212;&#8212;&#8212;&#8212;&#8212;&#8212;&#8212;&#8212;&#8212;&#8212;&#8212;&#8212;&#8212;&#8212;&#8212;&#8212;&#8212;&#8211;<\/p>\n<p>1. Phim C\u00e1ch Nhi\u1ec7t Ch\u1ed1ng N\u00f3ng<\/p>\n<p>+ Phim c\u00e1ch nhi\u1ec7t l\u00e0 g\u00ec ?<\/p>\n<p>L\u00e0 m\u1ed9t lo\u1ea1i v\u1eadt li\u1ec7u k\u0129 thu\u1eadt cao, c\u00f3 t\u00e1c d\u1ee5ng ng\u0103n c\u1ea3n v\u00e0 h\u1ea1n ch\u1ebf c\u00e1c ch\u00f9m tia s\u00e1ng. V\u1edbi l\u1edbp keo k\u1ebft d\u00ednh, l\u1edbp\u00a0phim n\u00e0y\u00a0\u0111\u01b0\u1ee3c d\u00f9ng d\u00e1n l\u00ean b\u1ec1n m\u1eb7t k\u00ednh c\u1ee7a xe \u00f4 t\u00f4 ho\u1eb7c k\u00ednh c\u1ee7a c\u00e1c c\u00f4ng tr\u00ecnh ki\u1ebfn tr\u00fac.<\/p>\n<p>+ Ph\u00e2n\u00a0lo\u1ea1i phim c\u00e1ch nhi\u1ec7t<\/p>\n<p>D\u1ef1a v\u00e0o c\u00f4ng ngh\u1ec7 s\u1ea3n xu\u1ea5t c\u00f3 th\u1ec3 chia th\u00e0nh c\u00e1c d\u00f2ng sau:<\/p>\n<p>&#8211;\u00a0Film nhu\u1ed9m m\u00e0u<\/p>\n<p>V\u1eadt li\u1ec7u Phim K\u00ednh C\u00e1ch Nhi\u1ec7t t\u1eeb l\u00fac ban \u0111\u1ea7u khi m\u1edbi ra \u0111\u1eddi, \u0111\u01b0\u1ee3c s\u1ea3n xu\u1ea5t tr\u00ean nguy\u00ean l\u00fd s\u1eed d\u1ee5ng b\u1ed9t m\u00e0u, tr\u00e1ng l\u00ean b\u1ec1 m\u1eb7t m\u00e0ng phim polyester m\u1ecfng, nh\u1eb1m t\u1ea1o ra m\u00e0u s\u1eafc cho t\u1ea5m phim. V\u00e0 th\u1ef1c t\u1ebf ch\u1ec9 t\u1ea1o ra \u201cC\u1ea3m gi\u00e1c\u201d l\u00e0m m\u00e1t m\u1eaft b\u1eb1ng m\u00e0u s\u1eafc.<\/p>\n<p>&#8211;\u00a0Phim ph\u00fan x\u1ea1 kim lo\u1ea1i<\/p>\n<p>Sau \u0111\u00f3,\u00a0Phim C\u00e1ch Nhi\u1ec7t\u00a0b\u1eb1ng kim lo\u1ea1i ra \u0111\u1eddi, d\u1ef1a v\u00e0o c\u00f4ng ngh\u1ec7 ph\u00fan x\u1ea1 h\u1ea1t kim lo\u1ea1i. D\u00f2ng phim l\u00e0m\u00a0t\u1eeb v\u1eadt li\u1ec7u kim lo\u1ea1i th\u1ed1ng tr\u1ecb trong th\u1eddi gian r\u1ea5t d\u00e0i, th\u1eadm ch\u00ed \u0111\u1ebfn nay d\u00f2ng film n\u00e0y v\u1eabn c\u00f2n \u0111\u01b0\u1ee3c \u00e1p d\u1ee5ng, tr\u00ean r\u1ea5t nhi\u1ec1u th\u01b0\u01a1ng hi\u1ec7u phim ph\u1ed5 bi\u1ebfn th\u1ecb tr\u01b0\u1eddng Vi\u1ec7t Nam, v\u00ec \u01b0u \u0111i\u1ec3m gi\u00e1 r\u1ebb v\u00e0 kh\u1ea3 n\u0103ng c\u00e1ch nhi\u1ec7t ch\u1ea5p nh\u1eadn \u0111\u01b0\u1ee3c.<\/p>\n<p>&#8211;\u00a0Phim men g\u1ed1m<\/p>\n<p>C\u00f4ng ngh\u1ec7 c\u1ee7a t\u01b0\u01a1ng lai G\u1ed1m Nh\u00e2n T\u1ea1o &#8211; Advanced Ceramics. B\u1eb1ng vi\u1ec7c \u1ee9ng d\u1ee5ng c\u00f4ng ngh\u1ec7 Nano G\u1ed1m v\u00e0o Phim Ch\u1ed1ng N\u00f3ng\u00a0\u0111em l\u1ea1i k\u1ebft qu\u1ea3 r\u1ea5t cao v\u1ec1: hi\u1ec7u qu\u1ea3 c\u00e1ch nhi\u1ec7t, \u0111\u1ed9 b\u1ec1n ch\u1ed1ng \u00f4 xi h\u00f3a, kh\u1ea3 n\u0103ng ch\u1ed1ng ch\u00f3i, th\u00e2n thi\u1ec7n v\u1edbi m\u00f4i tr\u01b0\u1eddng v\u00e0 \u0111\u1eb7c bi\u1ec7t l\u00e0 m\u00e0u s\u1eafc t\u1ef1 nhi\u00ean \u0111em l\u1ea1i c\u1ea3m gi\u00e1c d\u1ec5 ch\u1ecbu cho m\u1eaft.<\/p>\n<p>Hotline 0909 627 678<\/p>\n<p>&#8211;\u00a0Phim Nano hybrid lai gi\u1eefa Kim Lo\u1ea1i v\u00e0 Ceramics<\/p>\n<p>\u0110\u00e2y l\u00e0 d\u00f2ng phim \u0111\u01b0\u1ee3c pha tr\u1ed9n c\u00f4ng ngh\u1ec7 gi\u1eefa phim kim lo\u1ea1i v\u00e0 g\u1ed1m nh\u00e2n t\u1ea1o (Ceramic) tr\u00ean n\u1ec1n t\u1ea3ng c\u00f4ng ngh\u1ec7 h\u1ea1t c\u00f3 k\u00edch th\u01b0\u1edbc nano. \u01afu \u0111i\u1ec3m \u0111\u01b0\u1ee3c t\u1ed5ng h\u1ee3p t\u1eeb 2 v\u1eadt li\u1ec7u tr\u00ean, nh\u01b0ng nh\u01b0\u1ee3c \u0111i\u1ec3m l\u00e0 gi\u00e1 th\u00e0nh cao v\u00e0 \u0111\u1ed9 b\u1ec1n b\u1ecb gi\u1ea3m \u0111i.<\/p>\n<p>&nbsp;<\/p>\n<p>2. D\u00e1n Phim C\u00e1ch Nhi\u1ec7t c\u00f3 n\u00ean kh\u00f4ng<\/p>\n<p>+ \u01afu \u0111i\u1ec3m khi d\u00e1n film ch\u00ednh h\u00e3ng<\/p>\n<p>T\u00e1c d\u1ee5ng c\u1ee7a phim c\u00e1ch nhi\u1ec7t :<\/p>\n<p>&#8211; Ng\u0103n c\u1ea3n tia t\u1eed ngo\u1ea1i g\u00e2y ung th\u01b0 da<\/p>\n<p>&#8211; H\u1ea1n ch\u1ebf tia h\u1ed3ng ngo\u1ea1i g\u00e2y n\u00f3ng<\/p>\n<p>&#8211; T\u0103ng c\u01b0\u1eddng \u0111\u1ed9 b\u1ec1n cho b\u1ec1 m\u1eb7t k\u00ednh<\/p>\n<p>&#8211; B\u1ea3o v\u1ec7 an to\u00e0n tr\u00e1nh x\u00e2m nh\u1eadp<\/p>\n<p>&#8211; H\u1ea1n ch\u1ebf s\u00e1t th\u01b0\u01a1ng khi v\u1ee1 k\u00ednh v\u1edbi xe h\u01a1i.<\/p>\n<p>Ch\u00fang t\u00f4i, khuy\u1ebfn c\u00e1o Qu\u00fd Kh\u00e1ch n\u00ean t\u00ecm hi\u1ec3u v\u00e0 s\u1eed d\u1ee5ng\u00a0Phim c\u00e1ch nhi\u1ec7t ch\u1ed1ng n\u00f3ng\u00a0ch\u00ednh h\u00e3ng\u00a0\u0111\u1ec3 b\u1ea3o v\u1ec7 s\u1ee9c kh\u1ecfe cho ch\u00ednh b\u1ea1n c\u00f9ng gia \u0111\u00ecnh.<\/p>\n<p>&nbsp;<\/p>\n<p>B\u1ea1n c\u0169ng n\u00ean ch\u1ecdn l\u1ef1a c\u00e1c d\u00f2ng s\u1ea3n ph\u1ea9m \u0111\u00e3 \u0111\u01b0\u1ee3c ki\u1ec3m tra \u0111\u00e1nh gi\u00e1 b\u1edfi c\u00e1c t\u1ed5 ch\u1ee9c \u0111\u1ed9c l\u1eadp, uy t\u00edn tr\u00ean th\u1ebf gi\u1edbi. \u0110\u1ed3ng th\u1eddi th\u1ee3 thi c\u00f4ng l\u1eafp \u0111\u1eb7t ph\u1ea3i \u0111\u01b0\u1ee3c \u0111\u00e0o t\u1ea1o ch\u00ednh qui b\u1edfi c\u00e1c chuy\u00ean gia t\u1eeb nh\u00e0 s\u1ea3n xu\u1ea5t.<\/p>\n<p>Hotline 0909 627 678<\/p>\n<p>+ Phim c\u00e1ch nhi\u1ec7t gi\u1ea3 gi\u00e1 r\u1ebb v\u00e0 nh\u1eefng t\u00e1c h\u1ea1i<\/p>\n<p>\u0110\u1ebfn th\u1eddi \u0111i\u1ec3m hi\u1ec7n t\u1ea1i, ch\u01b0a c\u00f3 c\u00f4ng ty n\u00e0o t\u1ea1i Vi\u1ec7t Nam nh\u1eadp v\u1ec1 d\u00e2y truy\u1ec1n s\u1ea3n xu\u1ea5t phim ch\u1ed1ng n\u00f3ng. Ph\u1ea7n l\u1edbn, c\u00e1c d\u00f2ng phim\u00a0gi\u00e1 r\u1ebb, phim gi\u1ea3, phim k\u00e9m ch\u1ea5t l\u01b0\u1ee3ng \u0111\u1ec1u \u0111\u01b0\u1ee3c nh\u1eadp kh\u00f4ng ch\u00ednh ng\u1ea1ch t\u1eeb Trung Qu\u1ed1c. Do qui tr\u00ecnh s\u1ea3n xu\u1ea5t c\u00f2n th\u00f4 s\u01a1, n\u00ean k\u00e9o theo \u0111\u00f3 ch\u1ea5t l\u01b0\u1ee3ng s\u1ea3n ph\u1ea9m c\u0169ng kh\u00f4ng \u0111\u1ea1t ti\u00eau chu\u1ea9n.<\/p>\n<p>Phim C\u00e1ch Nhi\u1ec7t Gi\u1ea3 &#8211; K\u00e9m ch\u1ea5t l\u01b0\u1ee3ng<\/p>\n<p>&#8211; T\u1ea7m nh\u00ecn kh\u00f4ng trung th\u1ef1c<\/p>\n<p>&#8211; Kh\u00f4ng ng\u0103n \u0111\u01b0\u1ee3c tia c\u1ef1c t\u00edm v\u00e0 tia h\u1ed3ng ngo\u1ea1i<\/p>\n<p>&#8211; L\u1edbp keo d\u00ednh kh\u00f4ng b\u1ec1n, th\u01b0\u1eddng b\u1ecb ch\u1ea3y nh\u00e3o<\/p>\n<p>&#8211; M\u00f9i keo c\u00f4ng nghi\u1ec7p nguy hi\u1ec3m \u0111\u1ebfn s\u1ee9c kh\u1ecfe<\/p>\n<p>&#8211; B\u1ecb bong tr\u00f3c sau th\u1eddi gian ng\u1eafn s\u1eed d\u1ee5ng<\/p>\n<p>3. D\u00e1n Phim C\u00e1ch Nhi\u1ec7t \u00d4 T\u00f4<\/p>\n<p>Do \u0111i\u1ec1u ki\u1ec7n th\u1eddi ti\u1ebft n\u1eafng n\u00f3ng quanh n\u0103m trong mi\u1ec1n Nam, n\u00ean c\u00f3 \u0111\u1ebfn h\u01a1n 80% xe du l\u1ecbch c\u00e1 nh\u00e2n \u0111ang l\u01b0u th\u00f4ng \u0111\u1ec1u d\u00f9ng \u0111\u1ebfn ph\u01b0\u01a1ng \u00e1n D\u00e1n Phim ch\u1ed1ng n\u00f3ng, ng\u0103n ch\u1eb7n tia h\u1ed3ng ngo\u1ea1i truy\u1ec1n v\u00e0o trong xe.<\/p>\n<p>+ D\u00e1n phim k\u00ednh l\u00e1i xe h\u01a1i<\/p>\n<p>K\u00ednh l\u00e1i, hay c\u00f2n g\u1ecdi l\u00e0 k\u00ednh tr\u01b0\u1edbc: l\u00e0 b\u1ec1 m\u1eb7t ch\u1ecbu nhi\u1ec7t l\u01b0\u1ee3ng t\u1eeb m\u1eb7t tr\u1eddi truy\u1ec1n v\u00e0o trong xe nhi\u1ec1u nh\u1ea5t. Khi d\u00e1n phim c\u00e1ch nhi\u1ec7t, th\u00ec k\u00ednh l\u00e1i l\u00e0 n\u01a1i c\u1ea7n \u01b0u ti\u00ean nhi\u1ec1u nh\u1ea5t. Ngh\u0129a l\u00e0, n\u00ean ch\u1ecdn v\u1eadt li\u1ec7u phim c\u00f3 \u0111\u1ed9 c\u00e1ch nhi\u1ec7t cao nh\u1ea5t, \u0111\u1ed9 trong su\u1ed1t cao, kh\u00f4ng b\u1ecb l\u00f3a khi \u0111i ban \u0111\u00eam.<\/p>\n<p>+ Ch\u1ecdn m\u00e0u phim d\u00e1n cho xe \u00f4 t\u00f4<\/p>\n<p>L\u1edbp\u00a0phim c\u00e1ch nhi\u1ec7t \u0111\u1ec3 b\u1ea3o v\u1ec7 t\u00ednh ri\u00eang t\u01b0 cho nh\u1eefng ng\u01b0\u1eddi ng\u1ed3i trong xe, th\u00eam v\u00e0o \u0111\u00f3 l\u00e0 g\u00f3p ph\u1ea7n v\u00e0o vi\u1ec7c h\u1ea1n ch\u1ebf s\u1ee9c n\u00f3ng t\u1eeb m\u1eb7t tr\u1eddi truy\u1ec1n v\u00e0o t\u1eeb nh\u1eefng \u00f4 k\u00ednh h\u00f4ng (k\u00ednh s\u01b0\u1eddn) v\u00e0 k\u00ednh l\u01b0ng (k\u00ednh sau) c\u1ee7a xe.<\/p>\n<p>\u0110\u1ed1i v\u1edbi k\u00ednh t\u00e0i ph\u1ee5 v\u00e0 k\u00ednh l\u01b0ng, n\u00ean ch\u1ecdn m\u00e0u phim c\u00f3 \u0111\u1ed9 xuy\u00ean s\u00e1ng tr\u00ean 20% \u0111\u1ec3 v\u1eabn \u0111\u1ea3m b\u1ea3o t\u1ea7m quan s\u00e1t t\u1ed1t v\u00e0 an to\u00e0n nh\u1ea5t cho t\u00e0i x\u1ebf.<\/p>\n<p>4. Phim Ch\u1ed1ng N\u00f3ng\u00a0Cho Nh\u00e0 K\u00ednh<\/p>\n<p>V\u1eadt li\u1ec7u k\u00ednh ng\u00e0y c\u00e0ng \u0111\u01b0\u1ee3c s\u1eed d\u1ee5ng ph\u1ed5 bi\u1ebfn v\u00e0 r\u1ed9ng r\u00e3i trong c\u00e1c c\u00f4ng tr\u00ecnh ki\u1ebfn tr\u00fac. Do \u0111\u1eb7c t\u00ednh: tr\u1ecdng l\u01b0\u1ee3ng nh\u1eb9 d\u1ec5 l\u1eafp \u0111\u1eb7t, \u0111\u1ed9 sang tr\u1ecdng cao, l\u1ea5y \u0111\u01b0\u1ee3c \u00e1nh s\u00e1ng t\u1ef1 nhi\u00ean\u2026Tuy nhi\u00ean v\u1edbi c\u00e1i n\u1eafng gay g\u1eaft c\u1ee7a \u0111i\u1ec1u ki\u1ec7n th\u1eddi ti\u1ebft t\u1ea1i VN, th\u00eam v\u00e0o \u0111\u00f3 m\u1ed9t s\u1ed1 nh\u00e0 quay m\u1eb7t h\u01b0\u1edbng T\u00e2y, s\u1ebd r\u1ea5t kh\u00f3 ch\u1ecbu khi b\u1ecb n\u1eafng chi\u1ebfu v\u00e0o bu\u1ed5i chi\u1ec1u. V\u1eadt li\u1ec7u film ch\u1ed1ng n\u00f3ng l\u00e0 gi\u1ea3i ph\u00e1p t\u1ed1i \u01b0u, v\u1eeba gi\u00fap ti\u1ebft ki\u1ec7m hi\u1ec7u qu\u1ea3 \u0111i\u1ec7n n\u0103ng ti\u00eau th\u1ee5 cho m\u00e1y l\u1ea1nh, v\u1eeba t\u0103ng t\u00ednh ri\u00eang t\u01b0 cho ch\u1ee7 nh\u00e2n ng\u00f4i nh\u00e0, nh\u01b0ng v\u1eabn \u0111\u1ea3m b\u1ea3o t\u00ednh th\u1ea9m m\u0129.<\/p>\n<p>Hotline 0909 627 678<\/p>\n<p>+ Phim ch\u1ed1ng n\u00f3ng cho nh\u00e0 \u1edf &#8211; c\u1eeda s\u1ed5<\/p>\n<p>\u0110\u1ed1i v\u1edbi nh\u00e0 \u1edf, c\u1eeda s\u1ed5 nh\u00e0 ho\u1eb7c c\u1eeda s\u1ed5 ph\u00f2ng chung c\u01b0: n\u00ean \u01b0u ti\u00ean d\u00e1n nh\u1eefng phim c\u00f3 \u0111\u1ed9 t\u1ed1i m\u00e0u v\u00e0 \u0111\u1ed9 c\u00e1ch nhi\u1ec7t cao, gi\u00fap v\u1eeba b\u1ea3o v\u1ec7 s\u1ef1 ri\u00eang t\u01b0, h\u1ea1n ch\u1ebf s\u1ee9c n\u00f3ng t\u1eeb b\u00ean ngo\u00e0i truy\u1ec1n v\u00e0o m\u00e0 kh\u00f4ng c\u1ea7n d\u00f9ng \u0111\u1ebfn l\u1edbp r\u00e8m che ch\u1eafn.<\/p>\n<p>+ Phim d\u00e1n\u00a0cho c\u1eeda k\u00ednh c\u00e1c showroom b\u00e1n h\u00e0ng<\/p>\n<p>Do \u0111\u1eb7c th\u00f9 c\u1ee7a showroom \u2013 c\u1eeda h\u00e0ng s\u1eed d\u1ee5ng k\u00ednh ph\u00eda tr\u01b0\u1edbc, khi d\u00e1n phim c\u00e1ch nhi\u1ec7t ch\u1ed1ng n\u00f3ng v\u1eabn ph\u1ea3i \u0111\u1ea3m b\u1ea3o \u0111\u1ed9 xuy\u00ean s\u00e1ng v\u00e0 \u0111\u1ed9 trong t\u1ed1t \u0111\u1ec3 ph\u00f4 di\u1ec5n s\u1ea3n ph\u1ea9m \u0111\u1ebfn kh\u00e1ch h\u00e0ng. V\u00ec v\u1eady n\u00ean ch\u1ecdn nh\u1eefng d\u00f2ng film c\u00f3 \u0111\u1ed9 xuy\u00ean s\u00e1ng cao, v\u1eeba gi\u00fap c\u00e1ch nhi\u1ec7t, nh\u01b0ng c\u0169ng kh\u00f4ng l\u00e0m h\u1ea1n ch\u1ebf t\u1ea7m quan s\u00e1t.<\/p>\n<p>5. Phim C\u00e1ch Nhi\u1ec7t N\u00e0o T\u1ed1t Nh\u1ea5t<\/p>\n<p>Theo th\u1ed1ng k\u00ea c\u1ee7a AKauto Center, th\u1ecb tr\u01b0\u1eddng Vi\u1ec7t Nam hi\u1ec7n t\u1ea1i c\u00f3 h\u01a1n 30 th\u01b0\u01a1ng hi\u1ec7u phim:\u00a03M th\u1eadt ch\u00ednh h\u00e3ng,\u00a03M\u00a0gi\u1ea3,\u00a0Vkool,\u00a0Llumar,\u00a0Huper\u00a0Optik,\u00a0Sunkool,\u00a0Wintech,\u00a0Solarguard,\u00a0FSK,\u00a0Konica Minolta,\u00a0Classis, Sungard&#8230;.<\/p>\n<p>&#8220;M\u1ed7i d\u00f2ng phim \u0111\u1ec1u c\u00f3 nh\u1eefng \u0111\u1eb7c th\u00f9 kh\u00e1c nhau v\u1ec1 m\u00e0u s\u1eafc, \u0111\u1ed9 c\u00e1ch nhi\u1ec7t v\u00e0 gi\u00e1 th\u00e0nh. Tuy nhi\u00ean \u0111\u1ec3 ch\u1ecdn l\u1ef1a \u0111\u01b0\u1ee3c s\u1ea3n ph\u1ea9m ph\u00f9 h\u1ee3p, Qu\u00fd Kh\u00e1ch n\u00ean y\u00eau c\u1ea7u nh\u00e0 cung c\u1ea5p ch\u1ee9ng minh \u0111\u01b0\u1ee3c ngu\u1ed3n g\u1ed1c xu\u1ea5t x\u1ee9 c\u1ee7a t\u1ea5m phim, v\u00e0 tr\u00ean h\u1ebft c\u1ea7n ph\u1ea3i c\u00f3 c\u00e1c thi\u1ebft b\u1ecb \u0111o th\u1eed chuy\u00ean d\u1ee5ng \u0111\u1ec3 ch\u1ee9ng minh &#8220;ch\u1ea5t l\u01b0\u1ee3ng th\u1eadt&#8221; c\u1ee7a d\u00f2ng phim n\u00e0y.&#8221;<\/p>\n<p>6. Phim C\u00e1ch Nhi\u1ec7t NanoCeramics<\/p>\n<p>Hotline 0909 627 678<\/p>\n<p>C\u00f3 qu\u00e1 nhi\u1ec1u l\u00fd do \u0111\u1ec3 tin t\u01b0\u1edfng v\u00e0 s\u1eed d\u1ee5ng\u00a0d\u00f2ng film\u00a0NanoCeramics, cho chi\u1ebfc xe \u00f4 t\u00f4 v\u00e0 ng\u00f4i nh\u00e0 c\u1ee7a b\u1ea1n:<\/p>\n<p>+\u00a0NanoCeramics\u00a0l\u00e0 th\u01b0\u01a1ng hi\u1ec7u\u00a0phim ch\u1ed1ng n\u00f3ng &#8211; c\u00e1ch nhi\u1ec7t\u00a0thu\u1ed9c ph\u00e2n kh\u00fac cao c\u1ea5p \u0111\u01b0\u1ee3c \u00a0r\u1ea5t nhi\u1ec1u kh\u00e1ch h\u00e0ng\u00a0tin d\u00f9ng cho xe h\u01a1i v\u00e0 nh\u00e0 k\u00ednh.<\/p>\n<p>+\u00a0NanoCeramics\u00a0s\u1ea3n xu\u1ea5t t\u1ea1i M\u1ef9, \u0111\u01b0\u1ee3c A&amp;B Films &#8211; \u00a0Singapore ph\u00e2n ph\u1ed1i cho th\u1ecb tr\u01b0\u1eddng \u0110\u00f4ng Nam \u00c1.<\/p>\n<p>+\u00a0NanoCeramics\u00a0\u1ee9ng d\u1ee5ng\u00a0c\u00f4ng ngh\u1ec7 g\u1ed1m nh\u00e2n t\u1ea1o gi\u00fap ch\u1ea5t l\u01b0\u1ee3ng c\u1ee7a phim lu\u00f4n \u0111\u1ea3m b\u1ea3o: \u0111\u1ed9 trong su\u1ed1t cao, \u0111\u1ed9 c\u00e1ch nhi\u1ec7t v\u01b0\u1ee3t tr\u00f4i l\u00ean \u0111\u1ebfn tr\u00ean 98% c\u00e1ch tia h\u1ed3ng ngo\u1ea1i v\u00e0 \u0111\u1ed9 b\u1ec1n h\u01a1n g\u1ea5p 3 l\u1ea7n so v\u1edbi phim kim lo\u1ea1i.<\/p>\n<p>7. \u0110\u00e1nh Gi\u00e1 Phim\u00a0NanoCeramics<\/p>\n<p>+ \u0110\u1ed9\u00a0c\u00e1ch nhi\u1ec7t ch\u1ed1ng n\u00f3ng<\/p>\n<p>Sau khi \u0111\u01b0\u1ee3c b\u1ea3o v\u1ec7 b\u1edfi l\u1edbp phim\u00a0NanoCeramics, t\u1ed5ng n\u0103ng l\u01b0\u1ee3ng m\u1eb7t tr\u1eddi truy\u1ec1n qua k\u00ednh s\u1ebd \u0111\u01b0\u1ee3c lo\u1ea1i b\u1ecf tr\u00ean 80%. \u0110i\u1ec1u n\u00e0y gi\u00fap m\u00e1y l\u1ea1nh c\u1ee7a xe (ho\u1eb7c nh\u00e0) gi\u1ea3m c\u00f4ng xu\u1ea5t ho\u1ea1t \u0111\u1ed9ng xu\u1ed1ng g\u1ea7n m\u1ed9t n\u1eeda, gi\u00fap ti\u1ebft ki\u1ec7m nhi\u00ean li\u1ec7u ti\u00eau th\u1ee5 r\u1ea5t nhi\u1ec1u.<\/p>\n<p>+ Phim\u00a0b\u1ea3o v\u1ec7 da<\/p>\n<p>\u0110\u1eb7c t\u00ednh ng\u0103n ch\u1eb7n Tia C\u1ef1c T\u00edm l\u00ean \u0111\u1ebfn 99,9%, gi\u00fap lo\u1ea1i b\u1ecf nguy c\u01a1 g\u00e2y X\u1ea1m N\u00e1m Da th\u1eadm ch\u00ed ung th\u01b0 da khi di chuy\u1ec3n d\u01b0\u1edbi tr\u1eddi n\u1eafng.<\/p>\n<p>+ \u0110\u1ed9\u00a0trong su\u1ed1t an to\u00e0n<\/p>\n<p>Phim\u00a0NanoCeramics\u00a0c\u00f3 \u0111\u1ed9 trong su\u1ed1t cao c\u00f9ng \u0111\u1ed9 ph\u1ea3n quang th\u1ea5p mang \u0111\u1eb7c t\u00ednh t\u1eeb\u00a0g\u1ed1m nh\u00e2n t\u1ea1o, gi\u00fap cho t\u1ea7m nh\u00ecn lu\u00f4n r\u00f5 r\u00e0ng nh\u1ea5t, trung th\u1ef1c nh\u1ea5t. V\u1eadt th\u1ec3 kh\u00f4ng b\u1ecb bi\u1ebfn d\u1ea1ng, kh\u00f4ng nho\u00e8, kh\u00f4ng l\u00f3a trong m\u1ecdi \u0111i\u1ec1u ki\u1ec7n th\u1eddi ti\u1ebft.<\/p>\n<p>L\u1edbp phim\u00a0c\u00f2n gi\u00fap t\u0103ng \u0111\u1ed9 c\u01b0\u1eddng l\u1ef1c c\u1ee7a k\u00ednh, b\u1ea3o v\u1ec7 an to\u00e0n cho ng\u01b0\u1eddi ng\u1ed3i trong xe.<\/p>\n<p>+ M\u00e0u s\u1eafc Phim C\u00e1ch Nhi\u1ec7t\u00a0NanoCeramics<\/p>\n<p>M\u00e0u phim\u00a0NanoCeramics\u00a0mang \u0111\u1ed9 sang tr\u1ecdng v\u00e0 t\u00ednh th\u1ea9m m\u0129 cao. S\u1ef1 \u0111a d\u1ea1ng v\u1ec1 \u0111\u1ed9 xuy\u00ean s\u00e1ng, gi\u00fap Qu\u00fd kh\u00e1ch d\u1ec5 d\u00e0ng ch\u1ecdn l\u1ef1a \u0111\u01b0\u1ee3c m\u00e3 phim ph\u00f9 h\u1ee3p nh\u1ea5t.<\/p>\n<p>+ B\u1ea3o h\u00e0nh phim c\u00e1ch nhi\u1ec7t\u00a0NanoCeramics<\/p>\n<p>Phim\u00a0NanoCeramics\u00a0\u0111\u01b0\u1ee3c nh\u00e0 s\u1ea3n xu\u1ea5t cam k\u1ebft ch\u1ea5t l\u01b0\u1ee3ng v\u1edbi qui \u0111\u1ecbnh b\u1ea3o h\u00e0nh to\u00e0n c\u1ea7u l\u00ean \u0111\u1ebfn\u00a010 N\u0103m<\/p>\n<p>8. Gi\u00e1 D\u00e1n Phim C\u00e1ch Nhi\u1ec7t \u00d4 T\u00f4<\/p>\n<p>L\u00e0 \u0111\u1ea1i l\u00fd ph\u00e2n ph\u1ed1i c\u1ea5p 1 cho d\u00f2ng phim c\u00e1ch nhi\u1ec7t\u00a0NanoCeramics\u00a0&#8211; USA, AKauto xin g\u1edfi \u0111\u1ebfn Qu\u00fd Kh\u00e1ch m\u1ee9c gi\u00e1 d\u00e1n phim c\u00e1ch nhi\u1ec7t \u00f4 t\u00f4 t\u1ed1t nh\u1ea5t<\/p>\n<p>Hotline 0909 627 678<\/p>\n<p>9. Gi\u00e1 Phim D\u00e1n\u00a0C\u00e1ch Nhi\u1ec7t Nh\u00e0 K\u00ednh<\/p>\n<p>T\u00f9y theo t\u1eebng di\u1ec7n t\u00edch b\u1ec1 m\u1eb7t k\u00ednh c\u1ee7a t\u1eebng t\u00f2a nh\u00e0, ch\u00fang t\u00f4i s\u1ebd t\u01b0 v\u1ea5n Qu\u00fd kh\u00e1ch ch\u1ecdn l\u1ef1a \u0111\u01b0\u1ee3c M\u00e3 Phim ph\u00f9 h\u1ee3p nh\u1ea5t, v\u1edbi chi ph\u00ed t\u1ed1i \u01b0u nh\u1ea5t. Xin vui l\u00f2ng li\u00ean h\u1ec7 Hotline 0909 627 678 \u0111\u1ec3 \u0111\u01b0\u1ee3c t\u01b0 v\u1ea5n c\u1eb7n k\u1ebd v\u00e0 r\u00f5 r\u00e0ng nh\u1ea5t.<\/p>\n<p>&nbsp;<\/p>\n<p>10. H\u01b0\u1edbng D\u1eabn\u00a0C\u00e1ch D\u00e1n Phim Cho Xe H\u01a1i<\/p>\n<p>D\u00e1n Phim C\u00e1ch Nhi\u1ec7t Xe \u00d4 T\u00f4 l\u00e0 m\u1ed9t b\u01b0\u1edbc l\u00e0m \u0111\u1eb9p, t\u0103ng t\u00ednh th\u1ea9m m\u0129, h\u01a1n th\u1ebf n\u1eefa c\u00f2n \u0111em l\u1ea1i nhi\u1ec1u gi\u00e1 tr\u1ecb b\u1ea3o v\u1ec7 cho chi\u1ebfc xe. B\u1ea1n l\u00e0 ng\u01b0\u1eddi y\u00eau m\u1ebfn xe h\u01a1i, b\u1ea1n mu\u1ed1n t\u1ef1 tay th\u1ef1c hi\u1ec7n t\u1ea5t c\u1ea3 c\u00e1c vi\u1ec7c \u0111\u1ec3 l\u00e0m cho chi\u1ebfc xe c\u1ee7a m\u00ecnh tr\u1edf n\u00ean \u0111\u1eb9p h\u01a1n, b\u1eaft m\u1eaft h\u01a1n v\u00e0 tr\u00ean h\u1ebft l\u00e0 c\u00e1 nh\u00e2n h\u00f3a t\u00ednh c\u00e1ch c\u1ee7a m\u00ecnh v\u00e0o trong chi\u1ebfc xe.<\/p>\n<p>Qui Tr\u00ecnh D\u00e1n Phim Ch\u1ed1ng N\u00f3ng C\u00e1ch nhi\u1ec7t t\u1ea1i\u00a0Trung T\u00e2m \u0110\u1ed3 Ch\u01a1i Xe H\u01a1i Cao C\u1ea5p AKauto:<\/p>\n<p>B\u01b0\u1edbc 01\u00a0\u2013 C\u1eaft Phim \u0111\u1ec3 l\u1ea5y \u0111\u01b0\u1ee3c k\u00edch th\u01b0\u1edbc chu\u1ea9n theo k\u00ednh xe<\/p>\n<p>B\u01b0\u1edbc n\u00e0y kh\u00e1 \u0111\u01a1n gi\u1ea3n, ch\u1ec9 c\u1ea7n \u0111\u1eb7t t\u1ea5m Phim C\u00e1ch Nhi\u1ec7t l\u00ean \u00f4 k\u00ednh v\u00e0 c\u1eaft vi\u1ec1n theo. Nh\u01b0ng l\u01b0u \u00fd, ph\u1ea3i ch\u1ecdn lo\u1ea1i dao c\u1eaft chuy\u00ean d\u1ee5ng, \u0111\u1ee7 \u0111\u1ed9 s\u1eafc \u0111\u1ec3 \u0111\u1ea3m b\u1ea3o kh\u00f4ng l\u00e0m tr\u1ea7y x\u01b0\u1edbc k\u00ednh xe.<\/p>\n<p>B\u01b0\u1edbc 02\u00a0\u2013 S\u1ea5y \u0110\u1ecbnh H\u00ecnh Phim<\/p>\n<p>Ch\u1ec9 \u00e1p d\u1ee5ng cho b\u1ec1 m\u1eb7t k\u00ednh c\u00f3 \u0111\u1ed9 cong l\u1edbn. B\u01b0\u1edbc n\u00e0y ph\u1ea3i c\u00f3 m\u00e1y s\u1ea5y chuy\u00ean d\u1ee5ng t\u1ea1o ra nhi\u1ec7t l\u01b0\u1ee3ng ph\u00f9 h\u1ee3p. Nh\u1eb1m \u0111\u1ecbnh h\u00ecnh \u0111\u01b0\u1ee3c \u0111\u1ed9 cong cho t\u1ea5m phim, nh\u01b0ng kh\u00f4ng \u0111\u01b0\u1ee3c qu\u00e1 n\u00f3ng s\u1ebd g\u00e2y h\u1ecfng ch\u00ednh t\u1ea5m phim \u0111\u00f3, h\u01a1n th\u1ebf n\u1eefa c\u00f2n c\u00f3 nguy c\u01a1 l\u00e0m n\u1ee9t k\u00ednh xe.<\/p>\n<p>B\u01b0\u1edbc 03\u00a0\u2013 D\u00e1n Phim L\u00ean b\u1ec1 m\u1eb7t K\u00ednh<\/p>\n<p>C\u00f4ng \u0111o\u1ea1n n\u00e0y \u0111\u00f2i h\u1ecfi s\u1ef1 kh\u00e9o l\u00e9o. B\u1ea1n c\u1ea7n d\u00f9ng lo\u1ea1i n\u01b0\u1edbc th\u1eadt s\u1ea1ch \u0111\u1ec3 phun l\u00ean b\u1ec1 m\u1eb7t k\u00ednh, tr\u00e1nh t\u00ecnh tr\u1ea1ng \u201cch\u01b0a d\u00e1n \u0111\u00e3 d\u00ednh\u201d v\u00e0 gi\u00fap c\u00e2n ch\u1ec9nh t\u1ea5m phim cho v\u1eeba v\u1eb7n v\u1edbi k\u00ednh xe.<\/p>\n<p>Sau khi \u0111\u1ecbnh h\u00ecnh \u0111\u01b0\u1ee3c, d\u00f9ng nh\u1eefng c\u00e2y vu\u1ed1t chuy\u00ean d\u1ee5ng \u0111\u1ec3 lo\u1ea1i b\u1ecf ph\u1ea7n n\u01b0\u1edbc c\u00f2n x\u00f3t l\u1ea1i gi\u1eefa b\u1ec1 m\u1eb7t phim v\u00e0 k\u00ednh.<\/p>\n<p>B\u01b0\u1edbc 04\u00a0\u2013 L\u00e0m s\u1ea1ch<\/p>\n<p>Lau s\u1ea1ch n\u01b0\u1edbc c\u00f2n b\u00e1m l\u1ea1i sau qu\u00e1 tr\u00ecnh thi c\u00f4ng, tr\u00e1nh \u0111\u1ec3 \u1ea3nh h\u01b0\u1edfng \u0111\u1ebfn h\u1ec7 th\u1ed1ng \u0111i\u1ec7n trong xe.<\/p>\n<p>11. D\u00e1n phim c\u00e1ch nhi\u1ec7t xe h\u01a1i \u1edf \u0111\u00e2u t\u1ed1t nh\u1ea5t t\u1ea1i TpHCM<\/p>\n<p>D\u00e1n Phim C\u00e1ch Nhi\u1ec7t Xe \u00d4 T\u00f4 T\u1ed1t Nh\u1ea5t \u1edf TpHCM ? \u0110\u00e2y l\u00e0 c\u00e2u h\u1ecfi l\u1edbn \u0111\u1ed1i v\u1edbi r\u1ea5t nhi\u1ec1u ch\u1ee7 xe, \u0111ang l\u01b0\u1ee1ng l\u1ef1 ch\u1ecdn l\u1ef1a th\u01b0\u01a1ng hi\u1ec7u v\u00e0 c\u00f4ng ty cung c\u1ea5p uy t\u00edn.<\/p>\n<p>Qui Tr\u00ecnh Ki\u1ec3m Tra \u0110\u1ed9 C\u00e1ch Nhi\u1ec7t C\u1ee7a Phim Tr\u01b0\u1edbc Khi Thi C\u00f4ng<\/p>\n<p>Trung T\u00e2m \u0110\u1ed3 Ch\u01a1i Xe H\u01a1i Cao C\u1ea5p AKauto cam k\u1ebft Kh\u00e1ch H\u00e0ng s\u1ebd tuy\u1ec7t \u0111\u1ed1i H\u00e0i L\u00f2ng v\u1edbi Ch\u1ea5t L\u01b0\u1ee3ng S\u1ea3n Ph\u1ea9m v\u00e0 D\u1ecbch V\u1ee5 c\u1ee7a ch\u00fang t\u00f4i. B\u00ean c\u1ea1nh ch\u1ea5t l\u01b0\u1ee3ng v\u00e0 \u0111\u1ed9 uy t\u00edn c\u1ee7a th\u01b0\u01a1ng hi\u1ec7u\u00a0Phim\u00a0NanoCeramicsnh\u1eadp kh\u1ea9u tr\u1ef1c ti\u1ebfp t\u1eeb USA, ch\u00fang t\u00f4i c\u0169ng lu\u00f4n \u0111\u1ec1 cao y\u1ebfu t\u1ed1 th\u1ee3 k\u0129 thu\u1eadt l\u1eafp \u0111\u1eb7t:<\/p>\n<p>AKauto t\u1ef1 h\u00e0o c\u00f3 \u0111\u01b0\u1ee3c \u0111\u1ed9i ng\u0169 nh\u00e2n vi\u00ean chuy\u00ean nghi\u1ec7p, l\u00e0nh ngh\u1ec1 v\u00e0 nhi\u1ec1u n\u0103m kinh nghi\u1ec7m. \u0110\u1ea3m b\u1ea3o thi c\u00f4ng l\u1eafp \u0111\u1eb7t film t\u1ed1t nh\u1ea5t cho t\u1ea5t c\u1ea3 c\u00e1c d\u00f2ng xe, k\u1ec3 c\u1ea3 nh\u1eefng d\u00f2ng xe sang v\u00e0 si\u00eau sang.<\/p>\n<p>Th\u00f4ng tin v\u1ec1 s\u1ea3n ph\u1ea9m, Qu\u00fd Kh\u00e1ch vui l\u00f2ng li\u00ean h\u1ec7 :<\/p>\n<p>AKauto\u00a0Saigon Center<\/p>\n<p>406 \u2013 408 An D\u01b0\u01a1ng V\u01b0\u01a1ng, P.4, Q.5, TP.HCM<\/p>\n<p>*Hotline\u00a00909 627 678<img class=\"\" title=\"D\u00e1n Phim C\u00e1ch Nhi\u1ec7t Ch\u1ed1ng N\u00f3ng Xe \u00d4 T\u00f4\" src=\"http:\/\/cdn.akauto.com.vn\/Uploads\/media\/z556799829411_108dbc66860acafa2193465d8c3192ab-1489918224.8212.jpg\" alt=\"D\u00e1n Phim C\u00e1ch Nhi\u1ec7t Ch\u1ed1ng N\u00f3ng Xe \u00d4 T\u00f4\" \/><\/p>\n","protected":false},"excerpt":{"rendered":"<p>AKauto chuy\u00ean \u2713 D\u00e1n Phim C\u00e1ch Nhi\u1ec7t Xe H\u01a1i \u2713 Phim ch\u1ed1ng n\u00f3ng Nh\u00e0 K\u00ednh \u2713 Film trong su\u1ed1t \u2713 Ch\u1ed1ng n\u1eafng Ch\u1ed1ng n\u00f3ng cao \u2713 M\u00e0u s\u1eafc \u0111a d\u1ea1ng sang tr\u1ecdng v\u00e0 d\u1ecbu m\u1eaft<\/p>\n","protected":false},"featured_media":290,"comment_status":"open","ping_status":"closed","template":"","meta":[],"product_cat":[26],"product_tag":[],"_links":{"self":[{"href":"https:\/\/demo.bmconnect.vn\/salecar\/wp-json\/wp\/v2\/product\/289"}],"collection":[{"href":"https:\/\/demo.bmconnect.vn\/salecar\/wp-json\/wp\/v2\/product"}],"about":[{"href":"https:\/\/demo.bmconnect.vn\/salecar\/wp-json\/wp\/v2\/types\/product"}],"replies":[{"embeddable":true,"href":"https:\/\/demo.bmconnect.vn\/salecar\/wp-json\/wp\/v2\/comments?post=289"}],"wp:featuredmedia":[{"embeddable":true,"href":"https:\/\/demo.bmconnect.vn\/salecar\/wp-json\/wp\/v2\/media\/290"}],"wp:attachment":[{"href":"https:\/\/demo.bmconnect.vn\/salecar\/wp-json\/wp\/v2\/media?parent=289"}],"wp:term":[{"taxonomy":"product_cat","embeddable":true,"href":"https:\/\/demo.bmconnect.vn\/salecar\/wp-json\/wp\/v2\/product_cat?post=289"},{"taxonomy":"product_tag","embeddable":true,"href":"https:\/\/demo.bmconnect.vn\/salecar\/wp-json\/wp\/v2\/product_tag?post=289"}],"curies":[{"name":"wp","href":"https:\/\/api.w.org\/{rel}","templated":true}]}}