{"id":283,"date":"2018-01-31T15:42:01","date_gmt":"2018-01-31T08:42:01","guid":{"rendered":"https:\/\/demo.bmconnect.vn\/salecar\/?post_type=product&#038;p=283"},"modified":"2018-01-31T15:43:21","modified_gmt":"2018-01-31T08:43:21","slug":"camera-hanh-trinh-lpop3-han-quoc","status":"publish","type":"product","link":"https:\/\/demo.bmconnect.vn\/salecar\/san-pham\/camera-hanh-trinh-lpop3-han-quoc\/","title":{"rendered":"CAMERA H\u00c0NH TR\u00ccNH LPOP3 HQ"},"content":{"rendered":"<p><strong>EYECLON<\/strong> l\u00e0 d\u00f2ng Camera h\u00e0nh tr\u00ecnh chuy\u00ean d\u1ee5ng cho xe h\u01a1i, S\u1ea3n Xu\u1ea5t t\u1ea1i #H\u00e0n_Qu\u1ed1c b\u1edfi t\u1eadp \u0111o\u00e0n MCNEX \u2013 L\u00e0 nh\u00e0 s\u1ea3n xu\u1ea5t camera cho c\u00e1c th\u01b0\u01a1ng hi\u1ec7u l\u1edbn nh\u01b0: Samsung, Hyundai, Kia\u2026..<\/p>\n<p>EYECLON \u0111\u1ee9ng th\u1ee9 #1 t\u1ea1i H\u00e0n Qu\u1ed1c v\u00e0 th\u1ee9 #5 tr\u00ean th\u1ebf gi\u1edbi v\u1ec1 th\u1ecb ph\u1ea7n Camera.<\/p>\n<p><img class=\"\" title=\"Camera h\u00e0nh tr\u00ecnh LPOP3 H\u00e0n Qu\u1ed1c\" src=\"http:\/\/cdn.akauto.com.vn\/Uploads\/origin\/camera-hanh-trinh-l3_pop_1-1490845920.51277.jpg?r=1490809433845\" alt=\"Camera h\u00e0nh tr\u00ecnh LPOP3 H\u00e0n Qu\u1ed1c\" \/><\/p>\n<p><strong>T\u00ednh n\u0103ng n\u1ed5i b\u1eadt c\u1ee7a Camera h\u00e0nh tr\u00ecnh #Eyeclon_L3_POP<\/strong><\/p>\n<p>\u2666 Ghi h\u00ecnh \u1ea3nh ch\u1ea5t l\u01b0\u1ee3ng cao b\u1eb1ng c\u1ea3 #02_Camera Tr\u01b0\u1edbc v\u00e0 Sau xe!<\/p>\n<p>\u2666 Gi\u00e1m s\u00e1t xe li\u00ean t\u1ee5c 24\/24 \u2013 \u201cngay c\u1ea3 khi kh\u00f4ng c\u00f3 m\u1eb7t ch\u1ee7 xe!\u201d<\/p>\n<p>\u2666 Ho\u00e0n to\u00e0n kh\u00f4ng d\u00f9ng Pin, tr\u00e1nh tr\u01b0\u1eddng h\u1ee3p n\u1ed5 Pin khi qu\u00e1 nhi\u1ec7t!<\/p>\n<p><img class=\"\" title=\"Camera h\u00e0nh tr\u00ecnh LPOP3 H\u00e0n Qu\u1ed1c\" src=\"http:\/\/cdn.akauto.com.vn\/Uploads\/origin\/camera-hanh-trinh-lpop3-1490845956.31183.jpg?r=1490809433845\" alt=\"Camera h\u00e0nh tr\u00ecnh LPOP3 H\u00e0n Qu\u1ed1c\" \/><\/p>\n<p>Ho\u00e0n h\u1ea3o trong c\u1ea3 thi\u1ebft k\u1ebf v\u00e0 C\u1ea5u h\u00ecnh v\u1eadn h\u00e0nh, Camera h\u00e0nh tr\u00ecnh #Eyeclon_L3_POP \u0111\u01b0\u1ee3c trang b\u1ecb nh\u1eefng t\u00ednh n\u0103ng c\u1ef1c k\u00ec h\u1eefu \u00edch:<\/p>\n<ul>\n<li>Thi\u1ebft k\u1ebf s\u1eafc x\u1ea3o v\u1edbi h\u1ecda ti\u1ebft v\u00e2n nh\u00f4m m\u1edd m\u1ea1nh m\u1ebd.<\/li>\n<li>K\u00edch th\u01b0\u1edbc g\u1ecdn v\u00e0 thanh tho\u00e1t: 98 x 63 x 30 mm.<\/li>\n<li>Tr\u1ecdng l\u01b0\u1ee3ng t\u1ed1i \u01b0u ch\u1ec9 n\u1eb7ng 95,5 gram.<\/li>\n<li>M\u00e0n h\u00ecnh c\u1ea3m \u1ee9ng 3.5 inches.<\/li>\n<li>Dung l\u01b0\u1ee3ng th\u1ebb nh\u1edb n\u00e2ng c\u1ea5p l\u00ean \u0111\u1ebfn 64GB.<\/li>\n<li>\u0110\u1ed9 ph\u00e2n gi\u1ea3i: Camera Tr\u01b0\u1edbc HD (1280x720P) \u2013 Camera Sau (720x480P), \u1ee9ng d\u1ee5ng c\u00f4ng ngh\u1ec7 Ultra Night Vision Pro. \u0110em ch\u1ea5t l\u01b0\u1ee3ng h\u00ecnh \u1ea3nh s\u1eafc n\u00e9t c\u1ea3 ng\u00e0y v\u00e0 \u0111\u00eam.<\/li>\n<\/ul>\n<p><img class=\"\" title=\"Camera h\u00e0nh tr\u00ecnh LPOP3 H\u00e0n Qu\u1ed1c\" src=\"http:\/\/cdn.akauto.com.vn\/Uploads\/origin\/camera-hanh-trinh-lpop3-hq-1490846006.60971.jpg?r=1490809433845\" alt=\"Camera h\u00e0nh tr\u00ecnh LPOP3 H\u00e0n Qu\u1ed1c\" \/><\/p>\n<p>\u2705 H\u1ec7 th\u1ed1ng c\u1ea3nh b\u00e1o l\u1ec7ch l\u00e0n \u0111\u01b0\u1eddng th\u00f4ng minh (LDWS \u2013 Land Departure Warning System) b\u1eb1ng gi\u1ecdng n\u00f3i.<\/p>\n<p>\u2705 GPS t\u00edch h\u1ee3p, hi\u1ec3n th\u1ecb t\u1ed1c \u0111\u1ed9 di chuy\u1ec3n c\u1ee7a xe.<\/p>\n<p>\u2705 Ghi h\u00ecnh li\u00ean t\u1ee5c c\u1ea3 trong l\u00fac xe di chuy\u1ec3n ho\u1eb7c \u0111\u1eadu t\u1ea1i b\u00e3i.<\/p>\n<p>\u2705 Ch\u1ebf \u0111\u1ed9 nh\u1eadn bi\u1ebft \u0111i\u1ec7n \u00e1p th\u1ea5p, t\u1ef1 \u0111\u1ed9ng d\u1eebng ghi h\u00ecnh khi \u0111i\u1ec7n \u00e1p b\u00ecnh acquy xu\u1ed1ng c\u00f2n 12volt.<\/p>\n<p>\u2705 Ho\u00e0n to\u00e0n kh\u00f4ng d\u00f9ng pin b\u00ean trong (b\u1ea3o v\u1ec7 an to\u00e0n, tr\u00e1nh tr\u01b0\u1eddng h\u1ee3p ch\u00e1y n\u1ed5 do pin qu\u00e1 nhi\u1ec7t).<\/p>\n<p>AKauto Saigon Center \u0111ang ph\u00e2n ph\u1ed1i 3 d\u00f2ng s\u1ea3n ph\u1ea9m Camera h\u00e0nh tr\u00ecnh c\u1ee7a Eyeclon: #L3-POP, #L5 v\u00e0 #L5_Plus.<\/p>\n","protected":false},"excerpt":{"rendered":"<p>L\u1eafp Camera h\u00e0nh tr\u00ecnh Xe H\u01a1i Cao C\u1ea5p L3-POP \u2713 Ch\u1ea5t l\u01b0\u1ee3ng ghi h\u00ecnh s\u1eafc n\u00e9t v\u01b0\u1ee3t tr\u1ed9i \u2713 SX t\u1ea1i H\u00e0n Qu\u1ed1c \u2713 Ki\u1ec3u d\u00e1ng thi\u1ebft k\u1ebf hi\u1ec7n \u0111\u1ea1i \u2713 M\u00e0n h\u00ecnh c\u1ea3m \u1ee9ng 3.5 Inches<\/p>\n","protected":false},"featured_media":284,"comment_status":"open","ping_status":"closed","template":"","meta":[],"product_cat":[25],"product_tag":[],"_links":{"self":[{"href":"https:\/\/demo.bmconnect.vn\/salecar\/wp-json\/wp\/v2\/product\/283"}],"collection":[{"href":"https:\/\/demo.bmconnect.vn\/salecar\/wp-json\/wp\/v2\/product"}],"about":[{"href":"https:\/\/demo.bmconnect.vn\/salecar\/wp-json\/wp\/v2\/types\/product"}],"replies":[{"embeddable":true,"href":"https:\/\/demo.bmconnect.vn\/salecar\/wp-json\/wp\/v2\/comments?post=283"}],"wp:featuredmedia":[{"embeddable":true,"href":"https:\/\/demo.bmconnect.vn\/salecar\/wp-json\/wp\/v2\/media\/284"}],"wp:attachment":[{"href":"https:\/\/demo.bmconnect.vn\/salecar\/wp-json\/wp\/v2\/media?parent=283"}],"wp:term":[{"taxonomy":"product_cat","embeddable":true,"href":"https:\/\/demo.bmconnect.vn\/salecar\/wp-json\/wp\/v2\/product_cat?post=283"},{"taxonomy":"product_tag","embeddable":true,"href":"https:\/\/demo.bmconnect.vn\/salecar\/wp-json\/wp\/v2\/product_tag?post=283"}],"curies":[{"name":"wp","href":"https:\/\/api.w.org\/{rel}","templated":true}]}}