{"id":281,"date":"2018-01-31T15:41:17","date_gmt":"2018-01-31T08:41:17","guid":{"rendered":"https:\/\/demo.bmconnect.vn\/salecar\/?post_type=product&#038;p=281"},"modified":"2018-01-31T15:41:17","modified_gmt":"2018-01-31T08:41:17","slug":"camera-hanh-trinh-vietmap-a45","status":"publish","type":"product","link":"https:\/\/demo.bmconnect.vn\/salecar\/san-pham\/camera-hanh-trinh-vietmap-a45\/","title":{"rendered":"CAMERA H\u00c0NH TR\u00ccNH VIETMAP A45"},"content":{"rendered":"<p>N\u1ed5i b\u1eadt tr\u00ean th\u1ecb tr\u01b0\u1eddng v\u1edbi nh\u1eefng t\u00ednh n\u0103ng th\u00f4ng minh trong vi\u1ec7c ch\u1ec9 \u0111\u01b0\u1eddng v\u00e0 c\u1ea3nh b\u00e1o gi\u1edbi h\u1ea1n t\u1ed1c \u0111\u1ed9, camera h\u00e0nh tr\u00ecnh VIETMAP A45 \u0111ang l\u00e0 s\u1ef1 l\u1ef1a ch\u1ecdn h\u00e0ng \u0111\u1ea7u c\u1ee7a \u0111a s\u1ed1 ng\u01b0\u1eddi \u0111i xe \u00f4 t\u00f4 tr\u00ean to\u00e0n qu\u1ed1c.<\/p>\n<p><img class=\"\" title=\"Camera H\u00e0nh Tr\u00ecnh VietMap A45\" src=\"http:\/\/cdn.akauto.com.vn\/Uploads\/origin\/camera-hanh-trinh-vietmap-a45-1490844933.05324.jpg?r=1490808445615\" alt=\"Camera H\u00e0nh Tr\u00ecnh VietMap A45\" \/><\/p>\n<h2><strong>L\u00fd do n\u00ean s\u1eafm ngay m\u1ed9t chi\u1ebfc camera VIETMAP A45 ngay b\u00e2y gi\u1edd?<\/strong><\/h2>\n<ul>\n<li>VietMap A45 l\u00e0 thi\u1ebft b\u1ecb d\u1eabn \u0111\u01b0\u1eddng chuy\u00ean nghi\u1ec7p k\u1ebft h\u1ee3p camera h\u00e0nh tr\u00ecnh tr\u01b0\u1edbc v\u00e0 sau. S\u1edf h\u1eefu m\u1ed9t chi\u1ebfc camera h\u00e0nh tr\u00ecnh VIETMAP A45 ngay t\u1eeb h\u00f4m nay \u0111\u1ec3 tr\u1ea3i nghi\u1ec7m nh\u1eefng l\u1ee3i \u00edch kh\u00f4ng ng\u1edd \u0111\u1ebfn cho cu\u1ed9c s\u1ed1ng c\u1ee7a b\u1ea1n.<\/li>\n<li>S\u1ea3n ph\u1ea9m \u0111\u01b0\u1ee3c trang b\u1ecb ph\u1ea7n m\u1ec1m d\u1eabn \u0111\u01b0\u1eddng VietMap S1 th\u00f4ng minh v\u1edbi d\u1eef li\u1ec7u chi ti\u1ebft 63 t\u1ec9nh th\u00e0nh gi\u00fap ng\u01b0\u1eddi d\u00f9ng d\u1ec5 d\u00e0ng t\u00ecm \u0111\u1ecba ch\u1ec9 nh\u00e0, ti\u1ebft ki\u1ec7m th\u1eddi gian v\u1edbi l\u1ed9 tr\u00ecnh ch\u00ednh x\u00e1c.<\/li>\n<li>C\u00e0i \u0111\u1eb7t camera h\u00e0nh tr\u00ecnh VIEPMAP A45 \u0111\u1ea3m b\u1ea3o an to\u00e0n tuy\u1ec7t \u0111\u1ed1i qua vi\u1ec7c c\u1ea3nh b\u00e1o gi\u1edbi h\u1ea1n t\u1ed1c \u0111\u1ed9 tr\u00ean \u0111\u01b0\u1eddng \u0111i.<\/li>\n<li>Vi\u1ec7c c\u1eadp nh\u1eadp b\u1ea3n \u0111\u1ed3 mi\u1ec5n ph\u00ed 3 th\u00e1ng m\u1ed9t l\u1ea7n t\u1ea1o c\u01a1 h\u1ed9i cho ng\u01b0\u1eddi d\u00f9ng tr\u1ea3i nghi\u1ec7m nh\u1eefng cung \u0111\u01b0\u1eddng m\u1edbi v\u1edbi s\u1ef1 ch\u00ednh x\u00e1c cao \u0111\u1ed9.<\/li>\n<li>Camera tr\u01b0\u1edbc ghi h\u00ecnh Full HD, camera sau ghi h\u00ecnh 720p, t\u1ef1 \u0111\u1ed9ng chuy\u1ec3n m\u00e0n h\u00ecnh l\u00f9i xe khi c\u00e0i s\u1ed1 R.<\/li>\n<li>Ghi l\u1ea1i to\u00e0n b\u1ed9 quy tr\u00ecnh di chuy\u1ec3n c\u0169ng nh\u01b0 tham gia giao th\u00f4ng, l\u01b0u l\u1ea1i \u00a0nh\u1eefng b\u1eb1ng ch\u1ee9ng thi\u1ebft th\u1ef1c \u0111\u1ec3 \u0111\u1ed1i ch\u1ee9ng n\u1ebfu g\u1eb7p c\u00e1c s\u1ef1 c\u1ed1 tai n\u1ea1n tr\u00ean \u0111\u01b0\u1eddng \u0111i.<\/li>\n<\/ul>\n<p><img class=\"\" title=\"Camera H\u00e0nh Tr\u00ecnh VietMap A45\" src=\"http:\/\/cdn.akauto.com.vn\/Uploads\/origin\/camera-hanh-trinh-vietmap-a454-1490844962.50693.jpg?r=1490808445615\" alt=\"Camera H\u00e0nh Tr\u00ecnh VietMap A45\" \/><\/p>\n<h2><strong>\u0110\u1eb7c \u0111i\u1ec3m n\u1ed5i b\u1eadt c\u1ee7a camera h\u00e0nh tr\u00ecnh VIETMAP A45<\/strong><\/h2>\n<p>Camera VIETMAP A45 l\u00e0 m\u1ed9t trong nh\u1eefng d\u00f2ng camera h\u00e0nh tr\u00ecnh gi\u00e1 r\u1ebb mang nhi\u1ec1u t\u00ednh n\u0103ng n\u1ed5i b\u1eadt nh\u01b0:<\/p>\n<ul>\n<li>H\u1ec7 \u0111i\u1ec1u h\u00e0nh Android: Ch\u1ee9a nhi\u1ec1u \u1ee9ng d\u1ee5ng \u0111a d\u1ea1ng.<\/li>\n<li>Ghi h\u00ecnh c\u00f9ng l\u00fac tr\u01b0\u1edbc v\u00e0 sau: K\u00eanh tr\u01b0\u1edbc 1080p, sau 720p.<\/li>\n<li>Ph\u1ea7n m\u1ec1m VietMap S1: D\u1eabn \u0111\u01b0\u1eddng th\u00f4ng minh, c\u1ea3nh b\u00e1o nguy hi\u1ec3m.<\/li>\n<li>K\u1ebft n\u1ed1i camera l\u00f9i: T\u1ef1 \u0111\u1ed9ng chuy\u1ec3n camera l\u00f9i khi chuy\u1ec3n s\u1ed1 R.<\/li>\n<li>C\u1ea3m \u1ee9ng \u0111i\u1ec7n dung \u0111a \u0111i\u1ec3m: D\u1ec5 d\u00e0ng thao t\u00e1c v\u00e0 s\u1eed d\u1ee5ng c\u00e1c t\u00ednh n\u0103ng.<\/li>\n<li>V\u1eeba d\u1eabn \u0111\u01b0\u1eddng v\u1eeba ghi h\u00ecnh: Li\u00ean t\u1ee5c d\u1eabn \u0111\u01b0\u1eddng v\u00e0 ghi h\u00ecnh c\u00f9ng l\u00fac, \u0111\u1ea3m b\u1ea3o d\u1eef li\u1ec7u \u0111\u01b0\u1ee3c l\u01b0u gi\u1eef trong b\u1ed9 nh\u1edb.<\/li>\n<li>K\u1ebft n\u1ed1i wifi: Gi\u00fap b\u1ea1n l\u01b0\u1edbt web, nghe nh\u1ea1c, xem phim, gi\u1ea3i tr\u00ed&#8230;m\u1ecdi n\u01a1i c\u00f3 wifi.<\/li>\n<li>C\u1ea3nh b\u00e1o gi\u1edbi h\u1ea1n t\u1ed1c \u0111\u1ed9: C\u1ea3nh b\u00e1o b\u1eb1ng gi\u1ecdng n\u00f3i gi\u00fap l\u00e1i xe t\u1ec9nh t\u00e1o, duy tr\u00ec t\u1ed1c \u0111\u1ed9 \u1ed5n \u0111\u1ecbnh.<\/li>\n<\/ul>\n<p><strong>AKauto Saigon Center<\/strong>\u00a0hi\u1ec7n nay l\u00e0 m\u1ed9t trong nh\u1eefng doanh nghi\u1ec7p h\u00e0ng \u0111\u1ea7u trong vi\u1ec7c cung c\u1ea5p c\u0169ng nh\u01b0 \u00a0l\u1eafp \u0111\u1eb7t camera h\u00e0nh tr\u00ecnh VIETMAP A45 v\u1edbi gi\u00e1 \u01b0u \u0111\u00e3i v\u00e0 l\u1eafp \u0111\u1eb7t nhanh.<\/p>\n","protected":false},"excerpt":{"rendered":"<p>AKauto &#8211; Chuy\u00ean L\u1eafp Camera h\u00e0nh tr\u00ecnh Xe H\u01a1i Cao C\u1ea5p \u2713 Ch\u1ea5t l\u01b0\u1ee3ng ghi h\u00ecnh s\u1eafc n\u00e9t v\u01b0\u1ee3t tr\u1ed9i \u2713 Ki\u1ec3u d\u00e1ng thi\u1ebft k\u1ebf hi\u1ec7n \u0111\u1ea1i \u2713 C\u1ea3nh b\u00e1o t\u1ed1c \u0111\u1ed9 gi\u1edbi h\u1ea1n \u2713 Camera H\u00e0nh Tr\u00ecnh VietMap A45<\/p>\n","protected":false},"featured_media":282,"comment_status":"open","ping_status":"closed","template":"","meta":[],"product_cat":[25],"product_tag":[],"_links":{"self":[{"href":"https:\/\/demo.bmconnect.vn\/salecar\/wp-json\/wp\/v2\/product\/281"}],"collection":[{"href":"https:\/\/demo.bmconnect.vn\/salecar\/wp-json\/wp\/v2\/product"}],"about":[{"href":"https:\/\/demo.bmconnect.vn\/salecar\/wp-json\/wp\/v2\/types\/product"}],"replies":[{"embeddable":true,"href":"https:\/\/demo.bmconnect.vn\/salecar\/wp-json\/wp\/v2\/comments?post=281"}],"wp:featuredmedia":[{"embeddable":true,"href":"https:\/\/demo.bmconnect.vn\/salecar\/wp-json\/wp\/v2\/media\/282"}],"wp:attachment":[{"href":"https:\/\/demo.bmconnect.vn\/salecar\/wp-json\/wp\/v2\/media?parent=281"}],"wp:term":[{"taxonomy":"product_cat","embeddable":true,"href":"https:\/\/demo.bmconnect.vn\/salecar\/wp-json\/wp\/v2\/product_cat?post=281"},{"taxonomy":"product_tag","embeddable":true,"href":"https:\/\/demo.bmconnect.vn\/salecar\/wp-json\/wp\/v2\/product_tag?post=281"}],"curies":[{"name":"wp","href":"https:\/\/api.w.org\/{rel}","templated":true}]}}