{"id":279,"date":"2018-01-31T15:40:29","date_gmt":"2018-01-31T08:40:29","guid":{"rendered":"https:\/\/demo.bmconnect.vn\/salecar\/?post_type=product&#038;p=279"},"modified":"2018-01-31T15:40:29","modified_gmt":"2018-01-31T08:40:29","slug":"camera-hanh-trinh-vietmap-x9","status":"publish","type":"product","link":"https:\/\/demo.bmconnect.vn\/salecar\/san-pham\/camera-hanh-trinh-vietmap-x9\/","title":{"rendered":"CAMERA H\u00c0NH TR\u00ccNH VIETMAP X9"},"content":{"rendered":"<p><strong>Camera h\u00e0nh tr\u00ecnh VietMap X9<\/strong> l\u00e0 m\u1ed9t s\u1ef1 l\u1ef1a ch\u1ecdn \u0111\u00fang \u0111\u1eafn nh\u1ea5t d\u00e0nh cho d\u00e2n xe \u00f4 t\u00f4 v\u00e0 s\u00e0nh v\u1ec1 c\u00f4ng ngh\u1ec7.<\/p>\n<p>V\u1edbi kh\u1ea3 n\u0103ng ghi h\u00ecnh si\u00eau n\u00e9t v\u01b0\u1ee3t tr\u1ed9i b\u1ea5t ch\u1ea5p \u0111i\u1ec1u ki\u1ec7n thi\u1ebfu \u00e1nh s\u00e1ng c\u00f9ng nhi\u1ec1u t\u00ednh n\u0103ng h\u1ed7 tr\u1ee3 \u0111\u1eafc l\u1ef1c cho c\u00e1c d\u00f2ng xe h\u01a1i hi\u1ec7n nay.<\/p>\n<p><img class=\"\" title=\"Camera H\u00e0nh Tr\u00ecnh Vietmap X9\" src=\"http:\/\/cdn.akauto.com.vn\/Uploads\/origin\/camra-hanh-trinh-oto-vietmap-x9-1490843133.53617.png?r=1490806946315\" alt=\"Camera H\u00e0nh Tr\u00ecnh Vietmap X9\" \/><\/p>\n<h2><strong>L\u1ee3i \u00edch khi l\u1eafp \u0111\u1eb7t camera h\u00e0nh tr\u00ecnh VietMap X9<\/strong><\/h2>\n<p>&#8211; VietMap X9 ghi h\u00ecnh Full HD si\u00eau r\u00f5 n\u00e9t c\u1ea3 ng\u00e0y v\u00e0 \u0111\u00eam, th\u1ea5y r\u00f5 bi\u1ec3n s\u1ed1 xe c\u1ee7a ph\u01b0\u01a1ng ti\u1ec7n di chuy\u1ec3n ph\u00eda tr\u01b0\u1edbc.<\/p>\n<p>&#8211; H\u1ed7 tr\u1ee3 t\u00edch c\u1ef1c trong vi\u1ec7c cung c\u1ea5p b\u1eb1ng ch\u1ee9ng cho c\u00f4ng an giao th\u00f4ng.<\/p>\n<p>&#8211; Ghi h\u00ecnh v\u1edbi th\u00f4ng tin t\u1ed1c \u0111\u1ed9 tr\u1ef1c ti\u1ebfp tr\u00ean video, ngo\u00e0i ra c\u00f2n c\u00f3 th\u1ec3 xem l\u1ea1i video v\u1edbi b\u1ea3n \u0111\u1ed3 \u0111\u1ec3 bi\u1ebft xe \u0111ang di chuy\u1ec3n tr\u00ean cung \u0111\u01b0\u1eddng n\u00e0o.<\/p>\n<p>&#8211; Ch\u1ec9 d\u1eabn \u0111\u01b0\u1eddng \u0111i v\u1edbi s\u1ef1 h\u1ed7 tr\u1ee3 c\u1ee7a h\u1ec7 th\u1ed1ng GPS.<\/p>\n<p><img class=\"\" title=\"Camera H\u00e0nh Tr\u00ecnh Vietmap X9\" src=\"http:\/\/cdn.akauto.com.vn\/Uploads\/origin\/camra-hanh-trinh-oto-vietmap-x9-5-1490843515.29504.png?r=1490806946315\" alt=\"Camera H\u00e0nh Tr\u00ecnh Vietmap X9\" \/><\/p>\n<h2><strong>T\u00ednh n\u0103ng n\u1ed5i b\u1eadt c\u1ee7a camera h\u00e0nh tr\u00ecnh VietMap X9<\/strong><\/h2>\n<p>&#8211; G\u00f3c quay r\u1ed9ng 160: Ghi h\u00ecnh to\u00e0n c\u1ea3nh tr\u01b0\u1edbc \u0111\u1ea7u xe bao qu\u00e1t h\u01a1n.<\/p>\n<p>&#8211; Ghi h\u00ecnh Full HD 1080p: Ghi h\u00ecnh ng\u00e0y v\u00e0 \u0111em c\u1ef1c r\u00f5 n\u00e9t v\u1edbi \u0111\u1ed9 ph\u00e2n gi\u1ea3i cao.<\/p>\n<p>&#8211; H\u1ed7 tr\u1ee3 th\u1ebb nh\u1edb l\u00ean \u0111\u1ebfn 64GB: Ghi h\u00ecnh v\u00f2ng l\u1eb7p Full HD \u0111\u1ebfn 10 ti\u1ebfng.<\/p>\n<p>&#8211; H\u1ed7 tr\u1ee3 GPS: Ghi h\u00ecnh v\u1edbi th\u00f4ng tin t\u1ed1c \u0111\u1ed9 di chuy\u1ec3n, b\u1ea3n \u0111\u1ed3.<\/p>\n<p>&#8211; WDR-Ghi h\u00ecnh ng\u01b0\u1ee3c s\u00e1ng: Ghi h\u00ecnh t\u1ed1t trong m\u00f4i tr\u01b0\u1eddng \u00e1nh s\u00e1ng y\u1ebfu, ng\u01b0\u1ee3c s\u00e1ng.<\/p>\n<p>&#8211; M\u00e0n h\u00ecnh 2.7 inch: Xem l\u1ea1i video tr\u1ef1c ti\u1ebfp tr\u00ean m\u00e0n h\u00ecnh.<\/p>\n<p>&#8211; Nh\u1eadn di\u1ec7n chuy\u1ec3n \u0111\u1ed9ng: Ghi h\u00ecnh khi c\u00f3 chuy\u1ec3n \u0111\u1ed9ng tr\u01b0\u1edbc m\u00e1y.<\/p>\n<p>&#8211; V\u1ecf kim lo\u1ea1i: Ch\u1eafn ch\u1eafn, t\u1ea3n nhi\u1ec7t t\u1ed1t, ho\u1ea1t \u0111\u1ed9ng \u1ed5n \u0111\u1ecbnh trong m\u00f4i tr\u01b0\u1eddng c\u00f3 nhi\u1ec7t \u0111\u1ed9 cao.<\/p>\n<p><img class=\"\" title=\"Camera H\u00e0nh Tr\u00ecnh Vietmap X9\" src=\"http:\/\/cdn.akauto.com.vn\/Uploads\/origin\/camra-hanh-trinh-oto-vietmap-x9-4-1490843478.23092.png?r=1490806946315\" alt=\"Camera H\u00e0nh Tr\u00ecnh Vietmap X9\" \/><\/p>\n<p>S\u1ea3n ph\u1ea9m <strong>camera h\u00e0nh tr\u00ecnh VietMap X9 <\/strong>t\u1ea1i AKauto cam k\u1ebft \u0111\u1ea3m b\u1ea3o ch\u1ea5t l\u01b0\u1ee3ng s\u1ea3n ph\u1ea9m v\u00e0 l\u1eafp \u0111\u1eb7t mi\u1ec5n ph\u00ed t\u1ea1i khu v\u1ef1c TP.HCM.<\/p>\n","protected":false},"excerpt":{"rendered":"<p><strong>Camera h\u00e0nh tr\u00ecnh VietMap X9<\/strong> l\u00e0 m\u1ed9t s\u1ef1 l\u1ef1a ch\u1ecdn \u0111\u00fang \u0111\u1eafn nh\u1ea5t d\u00e0nh cho d\u00e2n xe \u00f4 t\u00f4 v\u00e0 s\u00e0nh v\u1ec1 c\u00f4ng ngh\u1ec7.<\/p>\n<p>V\u1edbi kh\u1ea3 n\u0103ng ghi h\u00ecnh si\u00eau n\u00e9t v\u01b0\u1ee3t tr\u1ed9i b\u1ea5t ch\u1ea5p \u0111i\u1ec1u ki\u1ec7n thi\u1ebfu \u00e1nh s\u00e1ng c\u00f9ng nhi\u1ec1u t\u00ednh n\u0103ng h\u1ed7 tr\u1ee3 \u0111\u1eafc l\u1ef1c cho c\u00e1c d\u00f2ng xe h\u01a1i hi\u1ec7n nay.<\/p>\n","protected":false},"featured_media":280,"comment_status":"open","ping_status":"closed","template":"","meta":[],"product_cat":[25],"product_tag":[],"_links":{"self":[{"href":"https:\/\/demo.bmconnect.vn\/salecar\/wp-json\/wp\/v2\/product\/279"}],"collection":[{"href":"https:\/\/demo.bmconnect.vn\/salecar\/wp-json\/wp\/v2\/product"}],"about":[{"href":"https:\/\/demo.bmconnect.vn\/salecar\/wp-json\/wp\/v2\/types\/product"}],"replies":[{"embeddable":true,"href":"https:\/\/demo.bmconnect.vn\/salecar\/wp-json\/wp\/v2\/comments?post=279"}],"wp:featuredmedia":[{"embeddable":true,"href":"https:\/\/demo.bmconnect.vn\/salecar\/wp-json\/wp\/v2\/media\/280"}],"wp:attachment":[{"href":"https:\/\/demo.bmconnect.vn\/salecar\/wp-json\/wp\/v2\/media?parent=279"}],"wp:term":[{"taxonomy":"product_cat","embeddable":true,"href":"https:\/\/demo.bmconnect.vn\/salecar\/wp-json\/wp\/v2\/product_cat?post=279"},{"taxonomy":"product_tag","embeddable":true,"href":"https:\/\/demo.bmconnect.vn\/salecar\/wp-json\/wp\/v2\/product_tag?post=279"}],"curies":[{"name":"wp","href":"https:\/\/api.w.org\/{rel}","templated":true}]}}