{"id":226,"date":"2018-01-31T15:14:43","date_gmt":"2018-01-31T08:14:43","guid":{"rendered":"https:\/\/demo.bmconnect.vn\/salecar\/?post_type=product&#038;p=226"},"modified":"2018-01-31T15:14:43","modified_gmt":"2018-01-31T08:14:43","slug":"man-hinh-dvd-ford-ecosport-2","status":"publish","type":"product","link":"https:\/\/demo.bmconnect.vn\/salecar\/san-pham\/man-hinh-dvd-ford-ecosport-2\/","title":{"rendered":"M\u00c0N H\u00ccNH DVD FORD ECOSPORT"},"content":{"rendered":"<p>M\u00e0n h\u00ecnh DVD cho xe Ford Ecosport l\u00e0 s\u1ea3n ph\u1ea9m \u0111\u01b0\u1ee3c thi\u1ebft k\u1ebf theo form xe d\u00e0nh ri\u00eang cho xe Ford Ecosport \u0111\u01b0\u1ee3c AK-auto nh\u1eadp kh\u1ea9u tr\u1ef1c ti\u1ebfp ch\u00ednh h\u00e3ng t\u1eeb Th\u00e1i Lan v\u00e0 \u0111\u1ed9c quy\u1ec1n ph\u00e2n ph\u1ed1i t\u1ea1i Vi\u1ec7t Nam.<\/p>\n<p>M\u00e0n h\u00ecnh DVD cho xe Ford Ecosport \u0111\u01b0\u1ee3c \u00e1p d\u1ee5ng nh\u1eefng c\u00f4ng ngh\u1ec7 v\u00e0 quy tr\u00ecnh s\u1ea3n xu\u1ea5t hi\u1ec7n \u0111\u1ea1i nh\u1ea5t, m\u00e0n DVD xe Ford Ecosport l\u00e0 s\u1ea3n ph\u1ea9m \u0111\u1ea1t ti\u00eau chu\u1ea9n, ch\u1ea5t l\u01b0\u1ee3ng cao v\u00e0 c\u00f3 nhi\u1ec1u t\u00ednh n\u0103ng hi\u1ec7n \u0111\u1ea1i v\u00e0 si\u00eau b\u1ec1n. H\u01a1n n\u1eefa, vi\u1ec7c l\u1eafp \u0111\u1eb7t m\u00e0n h\u00ecnh DVD cho xe Ford Ecosport c\u1ef1c k\u1ef3 \u0111\u01a1n gi\u1ea3n v\u00e0 an to\u00e0n tuy\u1ec7t \u0111\u1ed1i. M\u00e0n h\u00ecnh DVD cho xe Ford Ecosport \u0111\u01b0\u1ee3c thi\u1ebft k\u1ebf nguy\u00ean c\u1ee5m d\u00e0nh ri\u00eang cho xe, v\u1eeba v\u1eb7n v\u00e0 \u00f4m s\u00e1t t\u00e1p l\u00f4 n\u00ean khi th\u1ef1c hi\u1ec7n ch\u1ec9 c\u1ea7n th\u00e1o \u0111\u1ea7u CD ra, c\u1eafm gi\u1eafc v\u00e0 l\u1eafp m\u00e0n h\u00ecnh DVD v\u00e0o, ho\u00e0n to\u00e0n kh\u00f4ng ch\u1ebf t\u00e1c, kh\u00f4ng c\u1eaft n\u1ed1i d\u00e2y \u0111i\u1ec7n \u0111\u1ea3m b\u1ea3o an to\u00e0n tuy\u1ec7t \u0111\u1ed1i trong qu\u00e1 tr\u00ecnh v\u1eadn h\u00e0nh xe. H\u1ec7 th\u1ed1ng gi\u1eafc c\u1eafm ch\u1ecbu \u0111\u01b0\u1ee3c nhi\u1ec7t \u0111\u1ed9 cao trong th\u1eddi gian l\u00ean \u0111\u1ebfn 2000 gi\u1edd ho\u1ea1t \u0111\u1ed9ng li\u00ean t\u1ee5c gi\u00fap cho ng\u01b0\u1eddi s\u1eed d\u1ee5ng ho\u00e0n to\u00e0n y\u00ean t\u00e2m khi l\u00e1i xe \u0111\u01b0\u1eddng d\u00e0i.<\/p>\n<h3><img class=\"\" title=\"M\u00e0n H\u00ecnh DVD Ford Ecosport\" src=\"http:\/\/cdn.akauto.com.vn\/Uploads\/origin\/28c3398478de9780cecf-1515123736.57148.jpg?r=1515124169530\" alt=\"M\u00e0n H\u00ecnh DVD Ford Ecosport\" \/>\u00a0H\u00ecnh \u1ea3nh m\u00e0n h\u00ecnh DVD\u00a0Ford Ecosport<\/h3>\n<h2><strong>1. Nh\u1eefng t\u00ednh n\u0103ng n\u1ed5i b\u1eadt c\u1ee7a m\u00e0n h\u00ecnh DVD cho xe Ford Ecosport<\/strong><\/h2>\n<p>&#8211; M\u00e0n h\u00ecnh DVD cho xe Ford Ecosport th\u1ef1c s\u1ef1 t\u1ea1o n\u00ean kh\u00f4ng gian gi\u1ea3i tr\u00ed tuy\u1ec7t v\u1eddi b\u1edfi s\u1ef1 k\u1ebft h\u1ee3p h\u00e0i h\u00f2a gi\u1eefa m\u00e0n h\u00ecnh c\u1ea3m \u1ee9ng \u0111a \u0111i\u1ec3m v\u1edbi \u0111\u1ed9 r\u1ed9ng 8.0 inch c\u00f9ng ch\u1ea5t l\u01b0\u1ee3ng \u00e2m thanh tuy\u1ec7t h\u1ea3o t\u1ea1o n\u00ean m\u1ed9t kh\u00f4ng gian gi\u1ea3i tr\u00ed ti\u1ec7n t\u00edch tuy\u1ec7t v\u1eddi cho xe Ford Ecosport.<\/p>\n<p>&#8211; M\u00e0n h\u00ecnh DVD cho xe Ford Ecosport \u0111\u01b0\u1ee3c t\u00edch h\u1ee3p s\u1eb5n camera b\u00e1o l\u00f9i, khi c\u00e0i s\u1ed1 de to\u00e0n b\u1ed9 khung c\u1ea3nh ph\u00eda sau s\u1ebd hi\u1ec3n th\u1ecb l\u00ean m\u00e0n h\u00ecnh 8 inch gi\u00fap cho qu\u00e1 tr\u00ecnh quan s\u00e1t v\u00e0\u00a0 l\u00f9i xe \u0111\u01b0\u1ee3c an to\u00e0n tuy\u1ec7t \u0111\u1ed1i.<\/p>\n<p>&#8211; M\u00e0n h\u00ecnh DVD cho xe Ford Ecosport c\u00f3 th\u1ec3 k\u1ebft n\u1ed1i bluetooth 2.0 v\u1edbi \u0111i\u1ec7n tho\u1ea1i smart phone. Khi k\u1ebft n\u1ed1i qu\u00fd kh\u00e1ch c\u00f3 th\u1ec3 chia s\u1ebb d\u1eef li\u1ec7u t\u1eeb \u0111i\u1ec7n tho\u1ea1i di \u0111\u1ed9ng qua m\u00e0n h\u00ecnh DVD xe Ford Ecosport, c\u0169ng c\u00f3 th\u1ec3 s\u1eed d\u1ee5ng DVD \u0111\u1ec3 nghe nh\u1ea1c, xem danh s\u00e1ch nh\u1ea1c tr\u00ean \u0111i\u1ec7n tho\u1ea1i, c\u00f3 th\u1ec3 g\u1ecdi v\u00e0 nghe \u0111i\u1ec7n tho\u1ea1i tr\u00ean m\u00e0n h\u00ecnh DVD.<\/p>\n<p>&#8211; M\u00e0n h\u00ecnh DVD cho xe Ford Ecosport t\u00edch h\u1ee3p s\u1eb5n ph\u1ea7n m\u1ec1m d\u1eabn \u0111\u01b0\u1eddng h\u1ed7 tr\u1ee3 vi\u1ec7c \u0111i l\u1ea1i d\u1ec5 d\u00e0ng nh\u1ea5t cho kh\u00e1ch h\u00e0ng. V\u1edbi thao t\u00e1c c\u1ef1c \u0111\u01a1n gi\u1ea3n, b\u1ea1n ch\u1ec9 c\u1ea7n nh\u1eadp \u0111\u1ecba ch\u1ec9 s\u1ed1 nh\u00e0, t\u00ean \u0111\u01b0\u1eddng, t\u1ec9nh th\u00e0nh n\u01a1i b\u1ea1n mu\u1ed1n \u0111i, h\u1ec7 th\u1ed1ng Vietmap s\u1ebd v\u1ebd ra l\u1ed9 tr\u00ecnh h\u01b0\u1edbng d\u1eabn \u0111\u01b0\u1eddng \u0111i chi ti\u1ebft.<\/p>\n<p><img class=\"\" title=\"M\u00e0n H\u00ecnh DVD Ford Ecosport\" src=\"http:\/\/cdn.akauto.com.vn\/Uploads\/origin\/18953003_2176553005904273_2592009733079931089_n-1515123730.85016.jpg?r=1515124169530\" alt=\"M\u00e0n H\u00ecnh DVD Ford Ecosport\" \/><\/p>\n<h2><strong>2. Nh\u1eefng th\u00f4ng tin k\u1ef9 thu\u1eadt chi ti\u1ebft c\u1ee7a m\u00e0n h\u00ecnh DVD cho xe Ford Ecosport<\/strong><\/h2>\n<p>&#8211; M\u00e0n h\u00ecnh DVD \u0111\u01b0\u1ee3c thi\u1ebft k\u1ebf v\u1edbi c\u00f4ng ngh\u1ec7 ch\u1ed1ng s\u1ed1c, ch\u1ed1ng va \u0111\u1eadp \u0111em l\u1ea1i s\u1ef1 \u1ed5n \u0111\u1ecbnh v\u00e0 \u0111\u1ed9 b\u1ec1n cao cho chi\u1ebfc Ford Ecpsport tr\u00ean m\u1ecdi cung \u0111\u01b0\u1eddng.<\/p>\n<p>&#8211; DVD cho xe Ford Ecosport c\u00f3 m\u00e0n h\u00ecnh r\u1ed9ng 8 inches v\u00e0 \u0111\u1ed9 n\u00e9t chu\u1ea9n HD 1080.<\/p>\n<p>&#8211; Giao di\u1ec7n hi\u1ec7n \u0111\u1ea1i c\u00f9ng \u1ee9ng d\u1ee5ng c\u00f4ng ngh\u1ec7 tr\u01b0\u1ee3t ipad, c\u1ea3m \u1ee9ng \u0111a \u0111i\u1ec3m, c\u1ef1c nh\u1ea1y, thao t\u00e1c d\u1ec5 d\u00e0ng ti\u1ec7n l\u1ee3i cho ng\u01b0\u1eddi s\u1eed d\u1ee5ng.<\/p>\n<p>&#8211; C\u00f4ng su\u1ea5t cho ph\u00e9p \u0111\u1ea7u ra loa 4 x 4.5 W, h\u1ed7 tr\u1ee3 loa si\u00eau tr\u1ea7m \u0111em \u0111\u1ebfn ch\u1ea5t l\u01b0\u1ee3ng \u00e2m thanh tuy\u1ec7t h\u1ea3o.<\/p>\n<p>&#8211; H\u1ed7 tr\u1ee3 k\u1ebft n\u1ed1i ngo\u1ea1i vi: c\u1ed5ng USB theo xe, SD Card, \u2026<\/p>\n<p>&#8211; H\u1ed7 tr\u1ee3 \u0111\u1ecdc c\u00e1c \u0111\u1ecbnh d\u1ea1ng file: DVD, VCD, MP3, \u2026<\/p>\n<p>&#8211; Radio AM\/FM.<\/p>\n<p><img class=\"\" title=\"M\u00e0n H\u00ecnh DVD Ford Ecosport\" src=\"http:\/\/cdn.akauto.com.vn\/Uploads\/thumbnail\/call-to-action-akauto-1496906915.21696.jpg?r=1515125104599\" alt=\"M\u00e0n H\u00ecnh DVD Ford Ecosport\" \/><\/p>\n<p>AKauto l\u00e0 \u0111\u01a1n v\u1ecb nh\u1eadp kh\u1ea9u tr\u1ef1c ti\u1ebfp v\u00e0 \u0111\u1ed9c quy\u1ec1n ph\u00e2n ph\u1ed1i t\u1ea1i th\u1ecb tr\u01b0\u1eddng Vi\u1ec7t Nam, cam k\u1ebft cung c\u1ea5p m\u00e0n h\u00ecnh DVD cho xe Ford Ecosport \u0111\u1ea1t ch\u1ea5t l\u01b0\u1ee3ng cao v\u1edbi m\u1ee9c gi\u00e1 t\u1ed1t nh\u1ea5t. S\u1ea3n ph\u1ea9m m\u00e0n h\u00ecnh DVD cho xe Ford Ecosport \u0111\u01b0\u1ee3c b\u1ea3o h\u00e0nh v\u1edbi th\u1eddi gian 18 th\u00e1ng.<\/p>\n","protected":false},"excerpt":{"rendered":"<p>AKauto l\u00e0 \u0111\u01a1n v\u1ecb nh\u1eadp kh\u1ea9u tr\u1ef1c ti\u1ebfp v\u00e0 \u0111\u1ed9c quy\u1ec1n ph\u00e2n ph\u1ed1i t\u1ea1i th\u1ecb tr\u01b0\u1eddng Vi\u1ec7t Nam, cam k\u1ebft cung c\u1ea5p m\u00e0n h\u00ecnh DVD cho xe Ford Ecosport \u0111\u1ea1t ch\u1ea5t l\u01b0\u1ee3ng cao v\u1edbi m\u1ee9c gi\u00e1 t\u1ed1t nh\u1ea5t. S\u1ea3n ph\u1ea9m m\u00e0n h\u00ecnh DVD cho xe Ford Ecosport \u0111\u01b0\u1ee3c b\u1ea3o h\u00e0nh v\u1edbi th\u1eddi gian 18 th\u00e1ng.<\/p>\n","protected":false},"featured_media":221,"comment_status":"open","ping_status":"closed","template":"","meta":[],"product_cat":[24],"product_tag":[],"_links":{"self":[{"href":"https:\/\/demo.bmconnect.vn\/salecar\/wp-json\/wp\/v2\/product\/226"}],"collection":[{"href":"https:\/\/demo.bmconnect.vn\/salecar\/wp-json\/wp\/v2\/product"}],"about":[{"href":"https:\/\/demo.bmconnect.vn\/salecar\/wp-json\/wp\/v2\/types\/product"}],"replies":[{"embeddable":true,"href":"https:\/\/demo.bmconnect.vn\/salecar\/wp-json\/wp\/v2\/comments?post=226"}],"wp:featuredmedia":[{"embeddable":true,"href":"https:\/\/demo.bmconnect.vn\/salecar\/wp-json\/wp\/v2\/media\/221"}],"wp:attachment":[{"href":"https:\/\/demo.bmconnect.vn\/salecar\/wp-json\/wp\/v2\/media?parent=226"}],"wp:term":[{"taxonomy":"product_cat","embeddable":true,"href":"https:\/\/demo.bmconnect.vn\/salecar\/wp-json\/wp\/v2\/product_cat?post=226"},{"taxonomy":"product_tag","embeddable":true,"href":"https:\/\/demo.bmconnect.vn\/salecar\/wp-json\/wp\/v2\/product_tag?post=226"}],"curies":[{"name":"wp","href":"https:\/\/api.w.org\/{rel}","templated":true}]}}