{"id":224,"date":"2018-01-31T15:13:48","date_gmt":"2018-01-31T08:13:48","guid":{"rendered":"https:\/\/demo.bmconnect.vn\/salecar\/?post_type=product&#038;p=224"},"modified":"2018-01-31T15:13:48","modified_gmt":"2018-01-31T08:13:48","slug":"man-hinh-dvd-chevrolet-cruze","status":"publish","type":"product","link":"https:\/\/demo.bmconnect.vn\/salecar\/san-pham\/man-hinh-dvd-chevrolet-cruze\/","title":{"rendered":"M\u00c0N H\u00ccNH DVD CHEVROLET CRUZE"},"content":{"rendered":"<p>M\u00e0n h\u00ecnh DVD Chevrolet Cruze l\u00e0 m\u1ed9t thi\u1ebft k\u1ebf d\u00e0nh ri\u00eang cho d\u00f2ng xe Chevrolet Cruze theo form \u0111\u01b0\u1ee3c AK-auto nh\u1eadp kh\u1ea9u tr\u1ef1c ti\u1ebfp t\u1eeb \u0110\u00e0i Loan v\u00e0 ph\u00e2n ph\u1ed1i t\u1ea1i Vi\u1ec7t Nam. Nh\u00e0 s\u1ea3n xu\u1ea5t \u0111\u00e3 \u00e1p d\u1ee5ng nh\u1eefng c\u00f4ng ngh\u1ec7 v\u00e0 quy tr\u00ecnh s\u1ea3n xu\u1ea5t hi\u1ec7n \u0111\u1ea1i nh\u1ea5t, m\u00e0n h\u00ecnh DVD cho xe Chevrolet Cruze\u00a0l\u00e0 s\u1ea3n ph\u1ea9m \u0111\u1ea1t ti\u00eau chu\u1ea9n ch\u1ea5t l\u01b0\u1ee3ng cao v\u1ec1 t\u00ecnh n\u0103ng hi\u1ec7n \u0111\u1ea1i v\u00e0 si\u00eau b\u1ec1n.<\/p>\n<p>H\u01a1n n\u1eefa, qu\u00e1 tr\u00ecnh l\u1eafp \u0111\u1eb7t m\u00e0n h\u00ecnh cho xe Chevrolet Cruze c\u0169ng \u0111\u01a1n gi\u1ea3n m\u00e0 an to\u00e0n tuy\u1ec7t \u0111\u1ed1i. \u0110\u1eb7c bi\u1ec7t, v\u1edbi thi\u1ebft k\u1ebf nguy\u00ean c\u1ee5m, v\u1eeba v\u1eb7n, \u00f4m s\u00e1t taplo n\u00ean khi l\u1eafp \u0111\u1eb7t ch\u1ec9 c\u1ea7n th\u00e1o \u0111\u1ea7u CD ra, c\u1eafm gi\u1eafc v\u00e0 l\u1eafp m\u00e0n h\u00ecnh DVD v\u00e0o, kh\u00f4ng c\u1ea7n \u0111\u1ea5u hay c\u1eaft n\u1ed1i d\u00e2y \u0111i\u1ec7n v\u00e0 \u0111\u1ea3m b\u1ea3o an to\u00e0n trong su\u1ed1t qu\u00e1 tr\u00ecnh v\u1eadn h\u00e0nh xe.<\/p>\n<h3><img class=\"\" title=\"M\u00e0n H\u00ecnh DVD Chevrolet Cruze\" src=\"http:\/\/cdn.akauto.com.vn\/Uploads\/origin\/IMG_1102-1515122550.82857.jpg?r=1515121903307\" alt=\"M\u00e0n H\u00ecnh DVD Chevrolet Cruze\" \/>\u00a0H\u00ecnh \u1ea3nh m\u00e0n h\u00ecnh DVD Chevrolet Cruze<\/h3>\n<p>H\u1ec7 th\u1ed1ng d\u00e2y gi\u1eafc c\u1eafm n\u00e0y c\u00f2n ch\u1ecbu \u0111\u01b0\u1ee3c nhi\u1ec7t \u0111\u1ed9 cao trong th\u1eddi gian d\u00e0i. M\u00e0n h\u00ecnh c\u00f3 \u0111\u1ed9 r\u1ed9ng, m\u00e0n h\u00ecnh c\u1ea3m \u1ee9ng m\u01b0\u1ee3t m\u00e0, \u0111a \u0111i\u1ec3m \u0111\u1ed9 s\u1eafc n\u00e9t phun HD v\u00e0 giao di\u1ec7n \u0111\u01a1n gi\u1ea3n, d\u1ec5 d\u00e0ng s\u1eed d\u1ee5ng, c\u00f3 r\u1ea5t nhi\u1ec1u ch\u1ee9c n\u0103ng h\u1ed7 tr\u1ee3 cho qu\u00fd kh\u00e1ch l\u00e1i xe \u0111\u01b0\u1ee3c an to\u00e0n.<\/p>\n<p>H\u00ecnh th\u1ee9c nghe nh\u1ea1c qua nhi\u1ec1u giao th\u1ee9c: DVD, USB, th\u1ebb nh\u1edb, Bluetooth, \u2026 c\u00f9ng v\u1edbi ch\u1ea5t l\u01b0\u1ee3ng \u00e2m thanh, ch\u1ea5t l\u01b0\u1ee3ng tuy\u1ec7t h\u1ea3o mang \u0111\u1ebfn cho qu\u00fd kh\u00e1ch c\u00f3 m\u1ed9t kh\u00f4ng gian gi\u1ea3i tr\u00ed ti\u1ec7n \u00edch kh\u00f4ng kh\u00e1c g\u00ec \u0111ang \u1edf ngay ch\u00ednh ng\u00f4i nh\u00e0 c\u1ee7a m\u00ecnh. B\u00ean c\u1ea1nh \u0111\u00f3, t\u00ednh n\u0103ng d\u1eabn \u0111\u01b0\u1eddng \u0111\u01b0\u1ee3c t\u00edch h\u1ee3p s\u1eb5n b\u1ea3n \u0111\u1ed3 h\u1ed7 tr\u1ee3 \u0111\u01b0\u1eddng \u0111i t\u1ed1t nh\u1ea5t cho kh\u00e1ch h\u00e0ng.<\/p>\n<p><img class=\"\" title=\"M\u00e0n H\u00ecnh DVD Chevrolet Cruze\" src=\"http:\/\/cdn.akauto.com.vn\/Uploads\/origin\/7d56796cb40f5b51021e-1515122550.62157.jpg?r=1515121903307\" alt=\"M\u00e0n H\u00ecnh DVD Chevrolet Cruze\" \/><\/p>\n<p>B\u1ea3n \u0111\u1ed3 n\u00e0y \u0111\u00e3 \u0111\u01b0\u1ee3c t\u00edch h\u1ee3p s\u1eb5n v\u00e0o trong m\u00e0n h\u00ecnh DVD \u0111\u01b0\u1ee3c ph\u1ee7 s\u00f3ng kh\u1eafp Vi\u1ec7t Nam \u0111\u1ec3 kh\u00e1ch h\u00e0ng t\u00ecm \u0111\u01b0\u1eddng tr\u1edf n\u00ean \u0111\u01a1n gi\u1ea3n h\u01a1n c\u1ea3 khi di chuy\u1ec3n trong c\u00e1c th\u00e0nh ph\u1ed1 \u0111\u00f4ng d\u00e2n, kh\u00f3 nh\u1eadn bi\u1ebft \u0111\u01b0\u1ee3c s\u1ed1 nh\u00e0. Th\u1eadt l\u00e0 ti\u1ec7n \u00edch ph\u1ea3i kh\u00f4ng n\u00e0o?<\/p>\n<p>Qu\u00fd kh\u00e1ch h\u00e3y nhanh tay \u0111\u1eb7t h\u00e0ng cho m\u00ecnh s\u1ea3n ph\u1ea9m m\u00e0n h\u00ecnh DVD th\u00f4ng minh Chevrolet Cruze t\u1ea1i \u0111\u1ea1i l\u00fd AK-auto t\u1ea1i \u0111\u00e2y.<\/p>\n<p><img class=\"\" title=\"M\u00e0n H\u00ecnh DVD Chevrolet Cruze\" src=\"http:\/\/cdn.akauto.com.vn\/Uploads\/thumbnail\/call-to-action-akauto-1496906915.21696.jpg?r=1515121903307\" alt=\"M\u00e0n H\u00ecnh DVD Chevrolet Cruze\" \/><\/p>\n<p>T\u1ea1i AK-auto, v\u1edbi m\u1ed7i s\u1ea3n ph\u1ea9m m\u00e0n h\u00ecnh DVD cho xe Chevrolet Cruze s\u1ebd \u0111\u01b0\u1ee3c b\u1ea3o h\u00e0nh trong th\u1eddi gian 12 th\u00e1ng v\u00e0 \u0111\u1ed5i m\u1edbi trong 1 th\u00e1ng khi s\u1ea3n ph\u1ea9m c\u00f3 v\u1ea5n \u0111\u1ec1 v\u1ec1 k\u1ef9 thu\u1eadt. L\u00e0 \u0111\u01a1n v\u1ecb nh\u1eadp kh\u1ea9u tr\u1ef1c ti\u1ebfp v\u00e0 \u0111\u1ed9c quy\u1ec1n ph\u00e2n ph\u1ed1i t\u1ea1i th\u1ecb tr\u01b0\u1eddng Vi\u1ec7t Nam, AK-auto cam k\u1ebft cung c\u1ea5p m\u00e0n h\u00ecnh DVD Chevrolet Cruze \u00a0\u0111\u1ea1t ch\u1ea5t l\u01b0\u1ee3ng cao v\u1edbi m\u1ee9c gi\u00e1 t\u1ed1t nh\u1ea5t th\u1ecb tr\u01b0\u1eddng.<\/p>\n","protected":false},"excerpt":{"rendered":"<p>M\u00e0n h\u00ecnh DVD Chevrolet Cruze l\u00e0 m\u1ed9t thi\u1ebft k\u1ebf d\u00e0nh ri\u00eang cho d\u00f2ng xe Chevrolet Cruze 2016 theo form \u0111\u01b0\u1ee3c AK-auto nh\u1eadp kh\u1ea9u tr\u1ef1c ti\u1ebfp t\u1eeb \u0110\u00e0i Loan v\u00e0 ph\u00e2n ph\u1ed1i t\u1ea1i Vi\u1ec7t Nam<\/p>\n","protected":false},"featured_media":225,"comment_status":"open","ping_status":"closed","template":"","meta":[],"product_cat":[24],"product_tag":[],"_links":{"self":[{"href":"https:\/\/demo.bmconnect.vn\/salecar\/wp-json\/wp\/v2\/product\/224"}],"collection":[{"href":"https:\/\/demo.bmconnect.vn\/salecar\/wp-json\/wp\/v2\/product"}],"about":[{"href":"https:\/\/demo.bmconnect.vn\/salecar\/wp-json\/wp\/v2\/types\/product"}],"replies":[{"embeddable":true,"href":"https:\/\/demo.bmconnect.vn\/salecar\/wp-json\/wp\/v2\/comments?post=224"}],"wp:featuredmedia":[{"embeddable":true,"href":"https:\/\/demo.bmconnect.vn\/salecar\/wp-json\/wp\/v2\/media\/225"}],"wp:attachment":[{"href":"https:\/\/demo.bmconnect.vn\/salecar\/wp-json\/wp\/v2\/media?parent=224"}],"wp:term":[{"taxonomy":"product_cat","embeddable":true,"href":"https:\/\/demo.bmconnect.vn\/salecar\/wp-json\/wp\/v2\/product_cat?post=224"},{"taxonomy":"product_tag","embeddable":true,"href":"https:\/\/demo.bmconnect.vn\/salecar\/wp-json\/wp\/v2\/product_tag?post=224"}],"curies":[{"name":"wp","href":"https:\/\/api.w.org\/{rel}","templated":true}]}}