{"id":222,"date":"2018-01-31T15:13:02","date_gmt":"2018-01-31T08:13:02","guid":{"rendered":"https:\/\/demo.bmconnect.vn\/salecar\/?post_type=product&#038;p=222"},"modified":"2018-01-31T15:13:02","modified_gmt":"2018-01-31T08:13:02","slug":"man-hinh-dvd-chevrolet-captiva","status":"publish","type":"product","link":"https:\/\/demo.bmconnect.vn\/salecar\/san-pham\/man-hinh-dvd-chevrolet-captiva\/","title":{"rendered":"M\u00c0N H\u00ccNH DVD CHEVROLET CAPTIVA"},"content":{"rendered":"<p>M\u00e0n h\u00ecnh DVD l\u1eafp \u0111\u1eb7t theo xe Chevrolet Captiva t\u1ea1i \u0111\u1ea1i l\u00fd AKauto l\u00e0 s\u1ea3n ph\u1ea9m ch\u1ea5t l\u01b0\u1ee3ng, c\u00f3 \u0111\u1ed9 n\u00e9t cao, \u0111\u01b0\u1ee3c \u1ed1p v\u1eeba kh\u00edt v\u1edbi t\u00e1p l\u00f4 c\u1ee7a xe. L\u00e0 ph\u1ee5 ki\u1ec7n d\u00e0nh ri\u00eang cho \u00f4 t\u00f4 v\u1edbi nh\u1eefng \u1ee9ng d\u1ee5ng th\u00f4ng minh, linh ho\u1ea1t \u0111em l\u1ea1i cho ng\u01b0\u1eddi s\u1eed d\u1ee5ng \u00f4 t\u00f4 nh\u1eefng tr\u1ea3i nghi\u1ec7m tuy\u1ec7t v\u1eddi nh\u1ea5t.<\/p>\n<p><img class=\"\" title=\"M\u00e0n H\u00ecnh DVD Chevrolet Captiva\" src=\"http:\/\/cdn.akauto.com.vn\/Uploads\/media\/b930d7e1a1bd4ee317ac-1515120298.76361.jpg?r=1515120316364\" alt=\"M\u00e0n H\u00ecnh DVD Chevrolet Captiva\" \/><\/p>\n<h2><strong>T\u00ednh n\u0103ng v\u01b0\u1ee3t tr\u1ed9i c\u1ee7a m\u00e0n h\u00ecnh DVD xe Chevrolet Captiva<\/strong><\/h2>\n<ol>\n<li>M\u00e0n h\u00ecnh c\u1ea3m \u1ee9ng \u0111i\u1ec1u khi\u1ec3n ch\u1ee9c n\u0103ng, giao di\u1ec7n ng\u01b0\u1eddi d\u00f9ng th\u00e2n thi\u1ec7n v\u1edbi t\u1ed1c \u0111\u1ed9 nhanh v\u00e0 thu\u1eadn ti\u1ec7n h\u01a1n r\u1ea5t nhi\u1ec1u.<\/li>\n<li>Nghe nh\u1ea1c, xem phim qua nhi\u1ec1u giao th\u1ee9c: DVD, USB, IPHONE, IPOD, Bluetooth, \u2026 h\u1ed7 tr\u1ee3 \u0111\u1ecdc nhi\u1ec1u \u0111\u1ecbnh d\u1ea1ng file nh\u1ea1c, h\u00ecnh, film kh\u00e1c nhau nh\u01b0: MP4, WMA, WAV, \u2026 kh\u00e1ch h\u00e0ng c\u00f3 th\u1ec3 xem phim v\u00e0 gi\u1ea3i tr\u00ed v\u1edbi nh\u1eefng h\u00ecnh \u1ea3nh s\u1eafc n\u00e9t v\u00e0 s\u1ed1ng \u0111\u1ed9ng.<\/li>\n<li>T\u00ednh n\u0103ng d\u1eabn \u0111\u01b0\u1eddng \u0111\u01b0\u1ee3c t\u00edch h\u1ee3p s\u1eb5n b\u1ea3n \u0111\u1ed3 d\u1eabn \u0111\u01b0\u1eddng Vietmap Vi\u1ec7t Nam gi\u00fap l\u00e1i xe c\u00f3 th\u1ec3 v\u1eeba nghe nh\u1ea1c v\u00e0 xem b\u1ea3n \u0111\u1ed3.<\/li>\n<li>Nghe radio v\u1edbi nhi\u1ec1u t\u1ea7n s\u1ed1 kh\u00e1c nhau, c\u00f4ng ngh\u1ec7 m\u1edbi l\u00e0m gi\u1ea3m thi\u1ec3u t\u1ea1p \u00e2m, \u0111\u1ed9 m\u00e9o.<\/li>\n<li>C\u00e1c th\u00f4ng s\u1ed1 k\u1ef9 thu\u1eadt \u0111\u01b0\u1ee3c hi\u1ec3n th\u1ecb tr\u00ean m\u00e0n h\u00ecnh.<\/li>\n<li>H\u1ec7 th\u1ed1ng t\u1ea3n nhi\u1ec7t ho\u00e0n to\u00e0n m\u1edbi tr\u00ean nguy\u00ean l\u00fd t\u1ea3n nhi\u1ec7t s\u1eed d\u1ee5ng cho c\u00e1c s\u1ea3n ph\u1ea9m c\u00f4ng ngh\u1ec7 cao nh\u01b0: Iphone, Samsung, HTC, JVC gi\u00fap gi\u1ea3m nhi\u1ec7t \u0111\u1ed9 m\u1ed9t c\u00e1ch nhanh ch\u00f3ng, t\u0103ng tu\u1ed5i th\u1ecd c\u1ee7a DVD l\u00ean nhi\u1ec1u n\u0103m.<\/li>\n<li>To\u00e0n b\u1ed9 h\u1ec7 th\u1ed1ng d\u00e2y gi\u1eafc ch\u1ecbu \u0111\u01b0\u1ee3c nhi\u1ec7t \u0111\u1ed9 cao trong nhi\u1ec1u ti\u1ebfng \u0111\u1ed3ng h\u1ed3 khi b\u1eadt li\u00ean t\u1ee5c: tr\u00ean 1700 gi\u00fap cho ng\u01b0\u1eddi s\u1eed d\u1ee5ng ho\u00e0n to\u00e0n y\u00ean t\u00e2m khi l\u00e1i xe \u0111\u01b0\u1eddng d\u00e0i.<\/li>\n<li>T\u1ef1 \u0111\u1ed9ng \u1ee7ng h\u1ed9 ch\u1ee9c n\u0103ng chi\u1ebfu h\u1eadu xe h\u01a1i.<\/li>\n<li>H\u1ed7 tr\u1ee3 hi\u1ec3n th\u1ecb th\u00f4ng tin ban \u0111\u1ea7u m\u00e0 kh\u00f4ng c\u1ea7n c\u00e0i \u0111\u1eb7t modificated.<\/li>\n<\/ol>\n<p><img class=\"\" title=\"M\u00e0n H\u00ecnh DVD Chevrolet Captiva\" src=\"http:\/\/cdn.akauto.com.vn\/Uploads\/thumbnail\/call-to-action-akauto-1496906915.21696.jpg?r=1515120316364\" alt=\"M\u00e0n H\u00ecnh DVD Chevrolet Captiva\" \/><\/p>\n<p>T\u1ea1i \u0111\u1ea1i l\u00fd AKauto, ch\u00fang t\u00f4i lu\u00f4n \u0111\u1ea3m b\u1ea3o mang \u0111\u1ebfn cho kh\u00e1ch h\u00e0ng nh\u1eefng s\u1ea3n ph\u1ea9m ch\u1ea5t l\u01b0\u1ee3ng nh\u1ea5t \u0111\u01b0\u1ee3c minh ch\u1ee9ng qua m\u00e3 v\u1ea1ch ch\u1ed1ng h\u00e0ng gi\u1ea3, \u0111\u1ecba ch\u1ec9 nh\u00e0 m\u00e1y s\u1ea3n xu\u1ea5t r\u00f5 r\u00e0ng. C\u00f9ng v\u1edbi \u0111\u00f3 l\u00e0 th\u1eddi h\u1ea1n b\u1ea3o h\u00e0nh 12 th\u00e1ng v\u00e0 \u0111\u1ed5i m\u1edbi trong th\u00e1ng \u0111\u1ea7u n\u1ebfu s\u1ea3n ph\u1ea9m c\u00f3 s\u1ef1 c\u1ed1 v\u1ec1 k\u1ef9 thu\u1eadt t\u1eeb nh\u00e0 s\u1ea3n xu\u1ea5t.<\/p>\n","protected":false},"excerpt":{"rendered":"<p>M\u00e0n h\u00ecnh DVD l\u1eafp \u0111\u1eb7t theo xe Chevrolet Captiva t\u1ea1i \u0111\u1ea1i l\u00fd AKauto l\u00e0 s\u1ea3n ph\u1ea9m ch\u1ea5t l\u01b0\u1ee3ng, c\u00f3 \u0111\u1ed9 n\u00e9t cao, \u0111\u01b0\u1ee3c \u1ed1p v\u1eeba kh\u00edt v\u1edbi t\u00e1p l\u00f4 c\u1ee7a xe.<\/p>\n","protected":false},"featured_media":223,"comment_status":"open","ping_status":"closed","template":"","meta":[],"product_cat":[24],"product_tag":[],"_links":{"self":[{"href":"https:\/\/demo.bmconnect.vn\/salecar\/wp-json\/wp\/v2\/product\/222"}],"collection":[{"href":"https:\/\/demo.bmconnect.vn\/salecar\/wp-json\/wp\/v2\/product"}],"about":[{"href":"https:\/\/demo.bmconnect.vn\/salecar\/wp-json\/wp\/v2\/types\/product"}],"replies":[{"embeddable":true,"href":"https:\/\/demo.bmconnect.vn\/salecar\/wp-json\/wp\/v2\/comments?post=222"}],"wp:featuredmedia":[{"embeddable":true,"href":"https:\/\/demo.bmconnect.vn\/salecar\/wp-json\/wp\/v2\/media\/223"}],"wp:attachment":[{"href":"https:\/\/demo.bmconnect.vn\/salecar\/wp-json\/wp\/v2\/media?parent=222"}],"wp:term":[{"taxonomy":"product_cat","embeddable":true,"href":"https:\/\/demo.bmconnect.vn\/salecar\/wp-json\/wp\/v2\/product_cat?post=222"},{"taxonomy":"product_tag","embeddable":true,"href":"https:\/\/demo.bmconnect.vn\/salecar\/wp-json\/wp\/v2\/product_tag?post=222"}],"curies":[{"name":"wp","href":"https:\/\/api.w.org\/{rel}","templated":true}]}}