{"id":217,"date":"2018-01-31T15:10:04","date_gmt":"2018-01-31T08:10:04","guid":{"rendered":"https:\/\/demo.bmconnect.vn\/salecar\/?post_type=product&#038;p=217"},"modified":"2018-01-31T15:10:17","modified_gmt":"2018-01-31T08:10:17","slug":"do-choi-xe-honda-crv","status":"publish","type":"product","link":"https:\/\/demo.bmconnect.vn\/salecar\/san-pham\/do-choi-xe-honda-crv\/","title":{"rendered":"\u0110\u1ed3 ch\u01a1i xe Honda CRV"},"content":{"rendered":"<p>\u0110\u1ed3 Ch\u01a1i Cho Xe CRV<\/p>\n<p>\u0110\u1ec3 trang b\u1ecb cho chi\u1ebfc Honda CRV th\u00eam ti\u1ec7n \u00edch, c\u00e1 t\u00ednh v\u00e0 n\u1ed5i b\u1eadt so v\u1edbi nh\u1eefng chi\u1ebfc xe nguy\u00ean b\u1ea3n. AKauto \u0111\u00e3 nh\u1eadp v\u1ec1 b\u1ed9 ph\u1ee5 ki\u1ec7n cao c\u1ea5p theo xe CRV<\/p>\n<p>\u0110\u1ed3 Ch\u01a1i Xe Honda CRV<\/p>\n<p>Hotline: 0909 627 678<\/p>\n<p>T\u1ea5t c\u1ea3 s\u1ea3n ph\u1ea9m \u0110\u1ed3 Ch\u01a1i Ph\u1ee5 Ki\u1ec7n Trang Tr\u00ed cho xe Honda CRV \u0111\u01b0\u1ee3c nh\u1eadp kh\u1ea9u t\u1eeb c\u00f4ng ty ph\u1ee5 ki\u1ec7n danh ti\u1ebfng Uncle \u2013 \u0110\u00e0i Loan. S\u1eed d\u1ee5ng ch\u1ea5t li\u1ec7u cao c\u1ea5p, \u0111\u01b0\u1eddng n\u00e9t tinh t\u1ebf, b\u1ed9 ph\u1ee5 ki\u1ec7n theo xe Honda CRV c\u00e0ng g\u00f3p ph\u1ea7n l\u00e0m t\u0103ng th\u00eam sang tr\u1ecdng v\u00e0 \u0111\u01b0\u1eddng b\u1ec7 cho chi\u1ebfc xe.<\/p>\n<p><img class=\"\" src=\"http:\/\/cdn.akauto.com.vn\/Uploads\/origin\/20160122_171340-1489587167.6882.jpg\" \/><\/p>\n<p>Body Kit Xe Honda CRV 2013<\/p>\n<p>B\u1ed9 Body libs theo xe Honda CRV \u0111\u01b0\u1ee3c thi\u1ebft k\u1ebf v\u1edbi ki\u1ec3u d\u00e1ng th\u1ec3 thao, m\u1ea1nh m\u1ebd theo phong c\u00e1ch Modulo. T\u1ea5t c\u1ea3 c\u00e1c chi ti\u1ebft \u00f4m s\u00e1t v\u00e0o th\u00e2n xe v\u00e0 \u0111\u01b0\u1ee3c \u0111\u1ec7m b\u1edfi \u0111\u01b0\u1eddng ro\u0103ng cao su s\u1eafc n\u00e9t.<\/p>\n<p>Body Kit Xe Honda CRV<\/p>\n<p>S\u1ef1 n\u1ed5i b\u1eadt t\u1eadp trung \u1edf d\u1ea3i \u0111\u00e8n led \u0111\u1eb7t b\u00ean c\u1ea1nh c\u1ee5m \u0111\u00e8n s\u01b0\u01a1ng m\u00f9, gi\u00fap cho ph\u1ea7n \u0111\u1ea7u xe tr\u1edf n\u00ean \u0111\u01b0\u1eddng b\u1ec7 h\u01a1n. Th\u00eam v\u00e0o \u0111\u00f3, s\u1ef1 kh\u00e9o l\u00e9o c\u1ee7a nh\u1eefng ng\u01b0\u1eddi th\u1ee3 chuy\u00ean nghi\u1ec7p trong vi\u1ec7c ph\u1ed1i m\u00e0u s\u01a1n c\u00e0ng l\u00e0m cho chi\u1ebfc \u00f4 t\u00f4 CR-V tr\u1edf n\u00ean n\u1ed5i b\u1eadt.<\/p>\n<p>Bodylib xe Honda CRV<\/p>\n<p>Hotline: 0909 627 678<\/p>\n<p>M\u00e0n H\u00ecnh DVD Xe CRV<\/p>\n<p>M\u00e0n h\u00ecnh hi\u1ec7u Collex nh\u1eadp kh\u1ea9u \u0110\u00e0i Loan, l\u00e0 DVD theo xe cao c\u1ea5p nh\u1ea5t d\u00e0nh cho xe \u00f4 t\u00f4 Honda CRV.<\/p>\n<p>S\u1ef1 ph\u1ed1i h\u1ee3p h\u00e0i h\u00f2a gi\u1eefa m\u00e0n h\u00ecnh c\u1ea3m \u1ee9ng \u0111a \u0111i\u1ec3m \u0111\u1ed9 r\u1ed9ng full 7.0 inches, c\u00f9ng ch\u1ea5t l\u01b0\u1ee3ng \u00e2m thanh tuy\u1ec7t h\u1ea3o \u0111em \u0111\u1ebfn m\u1ed9t kh\u00f4ng gian gi\u1ea3i tr\u00ed sang tr\u1ecdng cho chi\u1ebfc xe.<\/p>\n<p>DVD Xe Honda CRV<\/p>\n<p>T\u00ednh n\u0103ng d\u1eabn \u0111\u01b0\u1eddng d\u00f9ng s\u00f3ng GPS, k\u1ebft h\u1ee3p c\u00f9ng \u0111i\u1ec1u h\u01b0\u1edbng b\u1eb1ng l\u1eddi n\u00f3i, \u0111\u1ec3 khi ch\u1ea1y tr\u00ean nh\u1eefng tuy\u1ebfn \u0111\u01b0\u1eddng l\u1ea1, s\u1ebd kh\u00f4ng c\u00f2n l\u00e0 tr\u1edf ng\u1ea1i v\u1edbi b\u1ea1n n\u1eefa.<\/p>\n<p>K\u1ebft h\u1ee3p DVD Honda CRV v\u1edbi camera quan s\u00e1t ph\u00eda sau gi\u00fap b\u1ea1n c\u00f3 \u0111\u01b0\u1ee3c g\u00f3c nh\u00ecn r\u00f5 r\u00e0ng, vi\u1ec7c de xe s\u1ebd ch\u00ednh x\u00e1c v\u00e0 an to\u00e0n h\u01a1n r\u1ea5t nhi\u1ec1u.<\/p>\n<p>\u0110u\u00f4i C\u00e1 \u2013 C\u00e1nh L\u01b0\u1edbt Gi\u00f3 xe CRV<\/p>\n<p>\u0110u\u00f4i c\u00e1 hay c\u00f2n g\u1ecdi l\u00e0 c\u00e1nh l\u01b0\u1edbt gi\u00f3 theo xe Honda CRV, \u0111\u01b0\u1ee3c thi\u1ebft k\u1ebf theo phong c\u00e1ch Modulo.<\/p>\n<p>\u0110u\u00f4i C\u00e1 Xe Honda CRV<\/p>\n<p>Hotline: 0909 627 678<\/p>\n<p>\u0110\u01b0\u1eddng n\u00e9t u\u1ed1n l\u01b0\u1ee3n tinh t\u1ebf, s\u1eed d\u1ee5ng ch\u1ea5t li\u1ec7u nh\u1ef1a ABS, kh\u00f4ng cong v\u00eanh bi\u1ebfn d\u1ea1ng trong su\u1ed1t qu\u00e1 tr\u00ecnh s\u1eed d\u1ee5ng.<\/p>\n<p>C\u00e1nh L\u01b0\u1edbt Gi\u00f3 Xe Honda CRV<\/p>\n<p>\u0110u\u00f4i c\u00e1 xe CRV ngo\u00e0i t\u00e1c d\u1ee5ng trang tr\u00ed, gi\u00fap cho ph\u1ea7n \u0111u\u00f4i xe th\u00eam thanh m\u1ea3nh sang tr\u1ecdng, b\u00ean c\u1ea1nh \u0111\u00f3 thi\u1ebft k\u1ebf kh\u00ed \u0111\u1ed9ng h\u1ecdc c\u0169ng g\u00f3p ph\u1ea7n l\u00e0m t\u0103ng t\u00ednh \u1ed5n \u0111\u1ecbnh khi xe di chuy\u1ec3n \u1edf t\u1ed1c \u0111\u1ed9 cao<\/p>\n<p>B\u1ec7 B\u01b0\u1edbc Ch\u00e2n xe CRV 2014<\/p>\n<p>B\u1ec7 b\u01b0\u1edbc xe \u00f4 t\u00f4 Honda CR-V 2014 \u0111\u01b0\u1ee3c thi\u1ebft k\u1ebf theo phong ca\u0301ch th\u00ea\u0309 thao, ha\u0300i ho\u0300a v\u01a1\u0301i ph\u00e2\u0300n h\u00f4ng xe.<\/p>\n<p>B\u1ec7 B\u01b0\u1edbc Xe Honda CRV<\/p>\n<p>Hotline: 0909 627 678<\/p>\n<p>S\u1eed d\u1ee5ng nh\u1eefng v\u1eadt li\u1ec7u tinh x\u1ea3o \u0111em l\u1ea1i s\u1ef1 trang nh\u00e3 c\u00f9ng \u0111\u1ed9 ch\u1eafc ch\u1eafn, v\u1eeba giu\u0301p b\u1ea3o v\u1ec7 h\u00f4ng xe v\u1eeba ti\u1ec7n l\u1ee3i va\u0300 an toa\u0300n h\u01a1n\u00a0 m\u1ed7i khi l\u00ean xu\u1ed1ng xe.<\/p>\n<p>B\u1eadc L\u00ean Xu\u1ed1ng Xe Honda CRV<\/p>\n<p>Ki\u1ec3u d\u00e1ng v\u00e0 ch\u1ea5t li\u1ec7u c\u1ee7a b\u1ed9 b\u1ec7 b\u01b0\u1edbc xe Honda CRV \u0111\u01b0\u1ee3c s\u1ea3n xu\u1ea5t theo phong c\u00e1ch Modulo ch\u00ednh h\u00e3ng, c\u00e1c n\u00fat nh\u1ef1a n\u1ed5i b\u1ec1 m\u1eb7t ch\u1eafc ch\u1eafn, gi\u00fap ch\u1ed1ng tr\u01b0\u1ee3t l\u00e0m t\u0103ng th\u00eam t\u00ednh an to\u00e0n.<\/p>\n<p>Vi\u1ec1n Che M\u01b0a xe CRV<\/p>\n<p>Che m\u01b0a xe Honda CRV l\u00e0 s\u1ef1 k\u1ebft h\u1ee3p h\u00e0i h\u00f2a gi\u1eefa ch\u1ea5t li\u1ec7u nh\u1ef1a \u0111en m\u1edd v\u00e0 \u0111\u01b0\u1eddng vi\u1ec1n m\u1ea1 Crome tinh t\u1ebf, h\u00e0i h\u00f2a v\u1edbi ph\u1ea7n th\u00e2n xe.<\/p>\n<p>Che M\u01b0a Xe CRV<\/p>\n<p>&nbsp;<\/p>\n<p>V\u00e8 Ch\u1eafn N\u1eafng Xe CRV<\/p>\n<p>Hotline: 0909 627 678<\/p>\n<p>B\u1ed9 che m\u01b0a xe CRV c\u00f3 t\u00e1c d\u1ee5ng h\u1ea1n ch\u1ebf n\u01b0\u1edbc m\u01b0a b\u00e1m tr\u00ean k\u00ednh, che b\u1edbt \u00e1nh n\u1eafng ch\u00f3i h\u1eaft v\u00e0o trong xe.<\/p>\n<p>N\u1eb9p B\u01b0\u1edbc Ch\u00e2n xe Honda CRV<\/p>\n<p>N\u1eb9p b\u01b0\u1edbc c\u00f3 \u0111\u00e8n Honda CRV \u0111\u01b0\u1ee3c thi\u1ebft k\u1ebf nguy\u00ean c\u1ee5m. \u0110\u00f3 l\u00e0 s\u1ef1 k\u1ebft h\u1ee3p h\u00e0i h\u00f2a gi\u1eefa d\u1ea3i \u0111\u00e8n led\u00a0sang tr\u1ecdng tr\u00ean n\u1ec1n ch\u1ea5t li\u1ec7u nh\u00f4m m\u1edd cao c\u1ea5p.<\/p>\n<p>N\u1eb9p B\u01b0\u1edbc Ch\u00e2n Xe CRV<\/p>\n<p>&nbsp;<\/p>\n<p>N\u1eb9p B\u01b0\u1edbc C\u00f3 \u0110\u00e8n Honda CRV<\/p>\n<p>B\u1ed9 n\u1eb9p b\u01b0\u1edbc xe CRV ngo\u00e0i nh\u1eefng t\u00ednh n\u0103ng ch\u00ednh nh\u01b0 gi\u00fap ch\u1ed1ng tr\u1ea7y, gi\u00fap ti\u1ec7n l\u1ee3i v\u00e0 an to\u00e0n h\u01a1n khi l\u00ean xu\u1ed1ng xe\u2026 c\u00f2n l\u00e0 m\u1ed9t n\u00e9t nh\u1ea5n nh\u00e1 c\u00e1ch \u0111i\u1ec7u cho ph\u1ea7n c\u1eeda xe CRV.<\/p>\n<p>N\u1eb9p Trang Tr\u00ed Th\u00e2n xe CR-V<\/p>\n<p>T\u1eebng g\u00f3c c\u1ea1nh tr\u00ean c\u1eeda xe v\u00e0 c\u1ed1p sau tr\u1edf n\u00ean s\u1eafc x\u1ea3o h\u01a1n c\u00f9ng b\u1ed9 n\u1eb9p trang tr\u00ed th\u00e2n xe CRV.<\/p>\n<p>N\u1eb9p Th\u00e2n Xe Honda CRV<\/p>\n<p>Hotline: 0909 627 678<\/p>\n<p>Trang Tr\u00ed Th\u00e2n Xe CRV<\/p>\n<p>&nbsp;<\/p>\n<p>Vi\u1ec1n G\u01b0\u01a1ng Chi\u1ebfu H\u1eadu CRV<\/p>\n<p>N\u1eb9p trang tr\u00ed xe Honda CRV s\u1eed d\u1ee5ng ch\u1ea5t li\u1ec7u nh\u1ef1a ch\u1ecbu l\u1ef1c, \u0111\u01b0\u1ee3c m\u1ea1 l\u1edbp crome sang tr\u1ecdng b\u00ean ngo\u00e0i, bao g\u1ed3m 6 chi ti\u1ebft: 4 thanh n\u1eb9p c\u1eeda, 1 thanh n\u1eb9p c\u1ed1p sau, 2 vi\u1ec1n trang tr\u00ed g\u01b0\u01a1ng chi\u1ebfu h\u1eadu.<\/p>\n<p>Gi\u00e1 N\u00f3c Xe CRV<\/p>\n<p>Baga mui d\u1ecdc hay c\u00f2n g\u1ecdi l\u00e0 gi\u00e1 n\u00f3c xe Honda CRV n\u1eb1m trong b\u1ed9 ph\u1ee5 ki\u1ec7n Modulo.<\/p>\n<p>Baga Mui Xe Honda CRV<\/p>\n<p>Hotline: 0909 627 678<\/p>\n<p>\u0110\u01b0\u1eddng n\u00e9t thanh m\u1ea3nh, \u00f4m s\u00e1t v\u00e0o n\u00f3c xe, b\u1ed9 gi\u00e1 n\u00f3c v\u1eeba g\u00f3p ph\u1ea7n trang tr\u00ed v\u1eeba t\u0103ng \u0111\u1ed9 c\u1ee9ng c\u00e1p cho tr\u1ea7n xe CRV.<\/p>\n<p>Th\u1ea3m l\u00f3t ch\u00e2n 3D xe Honda CRV<\/p>\n<p>B\u1ed9 th\u1ea3m l\u00f3t ch\u00e2n cao c\u1ea5p theo xe Honda CRV \u0111\u01b0\u1ee3c nh\u1eadp kh\u1ea9u t\u1eeb H\u00e0n Qu\u1ed1c. S\u1eed d\u1ee5ng ch\u1ea5t li\u1ec7u nh\u1ef1a cao su d\u1ebbo, v\u1edbi nh\u1eefng \u0111\u01b0\u1eddng g\u00e2n tr\u00ean b\u1ec1 m\u1eb7t n\u1ed5i ch\u1eafc ch\u1eafn.<\/p>\n<p>Th\u1ea3m L\u00f3t Ch\u00e2n Xe CRV<\/p>\n<p>Th\u1ea3m l\u00f3t ch\u00e2n xe CRV v\u1eeba gi\u00fap b\u1ea3o v\u1ec7 gi\u1eef s\u1ea1ch s\u00e0n xe, nh\u01b0ng v\u1eabn \u00f4m s\u00e1t v\u00e0o b\u1ec1 m\u1eb7t n\u1ec9, ho\u00e0n to\u00e0n kh\u00f4ng g\u00e2y c\u1ea3n tr\u1edf thao t\u00e1c \u0111i\u1ec1u khi\u1ec3n ch\u00e2n ga &#8211; ch\u00e2n th\u1eafng.<\/p>\n<p>B\u00ean c\u1ea1nh \u0111\u00f3 \u0111\u1ed9 b\u00e1m gi\u1eefa th\u1ea3m 3D theo xe CRV v\u00e0 s\u00e0n xe lo\u1ea1i b\u1ecf ho\u00e0n to\u00e0n kh\u1ea3 n\u0103ng tr\u01b0\u1ee3t, r\u1ea5t an to\u00e0n cho vi\u1ec7c \u0111i\u1ec1u khi\u1ec3n xe.<\/p>\n<p>Khay nh\u1ef1a h\u00e0nh l\u00fd xe CRV<\/p>\n<p>Khay nh\u1ef1a khoang h\u00e0nh l\u00fd xe Honda CRV \u0111\u01b0\u1ee3c ch\u1ebf t\u1ea1o b\u1eb1ng ch\u1ea5t li\u1ec7u nh\u1ef1a d\u1ebbo, d\u1ea7y d\u1eb7n, gi\u00fap gi\u1eef s\u1ea1ch l\u1edbp n\u1ec9 \u1edf khoang h\u00e0nh l\u00fd xe.<\/p>\n<p>Khay H\u00e0nh Nh\u1ef1a Xe Honda CRV<\/p>\n<p>Hotline: 0909 627 678<\/p>\n<p>Khay nh\u1ef1a c\u1ed1p sau xe Honda CRV l\u00e0 trang b\u1ecb c\u1ea7n thi\u1ebft cho nh\u1eefng ch\u1ee7 xe hay ph\u1ea3i ch\u1edf v\u1eadt d\u1ee5ng trong khoang h\u00e0nh l\u00fd ph\u00eda sau.<\/p>\n<p>Ph\u1ee5 Ki\u1ec7n Xe CRV 2015<\/p>\n<p>Trung T\u00e2m \u0110\u1ed3 Ch\u01a1i Xe H\u01a1i AKauto chuy\u00ean nh\u1eadp kh\u1ea9u v\u00e0 ph\u00e2n ph\u1ed1i \u0111\u1ed3 ch\u01a1i xe \u00f4 t\u00f4 Honda CRV, ch\u00fang t\u00f4i l\u1ea5y ti\u00eau tr\u00ed ch\u1ea5t l\u01b0\u1ee3ng v\u00e0 uy t\u00edn \u0111\u1eb7t l\u00ean h\u00e0ng \u0111\u1ea7u. L\u00e0 \u0111\u01a1n v\u1ecb nh\u1eadp kh\u1ea9u tr\u1ef1c ti\u1ebfp, n\u00ean ch\u00fang t\u00f4i cam k\u1ebft s\u1ebd d\u00e0nh m\u1ee9c gi\u00e1 c\u1ea1nh tranh nh\u1ea5t cho t\u1ea5t c\u1ea3 Qu\u00fd Kh\u00e1ch.<\/p>\n<p>H\u00e3y li\u00ean h\u1ec7 ngay v\u1edbi ch\u00fang t\u00f4i h\u00f4m nay, \u0111\u1ec3 \u0111\u01b0\u1ee3c t\u01b0 v\u1ea5n v\u00e0 ch\u1ecdn l\u1ef1a b\u1ed9 ph\u1ee5 ki\u1ec7n ph\u00f9 h\u1ee3p nh\u1ea5t cho chi\u1ebfc Honda CRV c\u1ee7a Qu\u00fd Kh\u00e1ch.<\/p>\n<p>Th\u00f4ng tin s\u1ea3n ph\u1ea9m xin vui l\u00f2ng li\u00ean h\u1ec7:<\/p>\n<p>AKauto\u00a0Sai Gon Center<\/p>\n<p>406 \u2013 408 An D\u01b0\u01a1ng V\u01b0\u01a1ng, P.4, Q.5, TP.HCM<\/p>\n<p>* Hotline: 0909 627 678 *<\/p>\n","protected":false},"excerpt":{"rendered":"<p>T\u1ea5t c\u1ea3 s\u1ea3n ph\u1ea9m \u0110\u1ed3 Ch\u01a1i Ph\u1ee5 Ki\u1ec7n Trang Tr\u00ed cho xe Honda CRV \u0111\u01b0\u1ee3c nh\u1eadp kh\u1ea9u t\u1eeb c\u00f4ng ty ph\u1ee5 ki\u1ec7n danh ti\u1ebfng Uncle \u2013 \u0110\u00e0i Loan. S\u1eed d\u1ee5ng ch\u1ea5t li\u1ec7u cao c\u1ea5p, \u0111\u01b0\u1eddng n\u00e9t tinh t\u1ebf, b\u1ed9 ph\u1ee5 ki\u1ec7n theo xe Honda CRV c\u00e0ng g\u00f3p ph\u1ea7n l\u00e0m t\u0103ng th\u00eam sang tr\u1ecdng v\u00e0 \u0111\u01b0\u1eddng b\u1ec7 cho chi\u1ebfc xe.<\/p>\n","protected":false},"featured_media":218,"comment_status":"open","ping_status":"closed","template":"","meta":[],"product_cat":[20],"product_tag":[],"_links":{"self":[{"href":"https:\/\/demo.bmconnect.vn\/salecar\/wp-json\/wp\/v2\/product\/217"}],"collection":[{"href":"https:\/\/demo.bmconnect.vn\/salecar\/wp-json\/wp\/v2\/product"}],"about":[{"href":"https:\/\/demo.bmconnect.vn\/salecar\/wp-json\/wp\/v2\/types\/product"}],"replies":[{"embeddable":true,"href":"https:\/\/demo.bmconnect.vn\/salecar\/wp-json\/wp\/v2\/comments?post=217"}],"wp:featuredmedia":[{"embeddable":true,"href":"https:\/\/demo.bmconnect.vn\/salecar\/wp-json\/wp\/v2\/media\/218"}],"wp:attachment":[{"href":"https:\/\/demo.bmconnect.vn\/salecar\/wp-json\/wp\/v2\/media?parent=217"}],"wp:term":[{"taxonomy":"product_cat","embeddable":true,"href":"https:\/\/demo.bmconnect.vn\/salecar\/wp-json\/wp\/v2\/product_cat?post=217"},{"taxonomy":"product_tag","embeddable":true,"href":"https:\/\/demo.bmconnect.vn\/salecar\/wp-json\/wp\/v2\/product_tag?post=217"}],"curies":[{"name":"wp","href":"https:\/\/api.w.org\/{rel}","templated":true}]}}