{"id":215,"date":"2018-01-31T15:07:25","date_gmt":"2018-01-31T08:07:25","guid":{"rendered":"https:\/\/demo.bmconnect.vn\/salecar\/?post_type=product&#038;p=215"},"modified":"2018-01-31T15:07:25","modified_gmt":"2018-01-31T08:07:25","slug":"do-lip-op-chia-po-can-sau-xe-mazda-3","status":"publish","type":"product","link":"https:\/\/demo.bmconnect.vn\/salecar\/san-pham\/do-lip-op-chia-po-can-sau-xe-mazda-3\/","title":{"rendered":"\u0110\u1ed8 LIP \u1ed0P CHIA P\u00d4 C\u1ea2N SAU XE MAZDA 3"},"content":{"rendered":"<p>Chi\u1ebfc <strong>Mazda 3<\/strong> ( b\u1ea3n sedan) lu\u00f4n d\u1eabn \u0111\u1ea7u s\u1ed1 l\u01b0\u1ee3ng xe b\u00e1n ra \u1edf ph\u00e2n kh\u00fac xe h\u1ea1ng C, \u0111\u01b0\u1ee3c th\u1ecb tr\u01b0\u1eddng trong n\u01b0\u1edbc \u0111\u00e1nh gi\u00e1 cao v\u1ec1 ki\u1ec3u d\u00e1ng c\u1ea3 n\u1ed9i th\u1ea5t b\u00ean trong v\u00e0 b\u00ean ngo\u00e0i.<\/p>\n<p>Tuy nhi\u00ean, di\u1ec7n m\u1ea1o tr\u1ebb trung v\u00e0 n\u0103ng \u0111\u1ed9ng \u1ea5y s\u1ebd \u0111\u01b0\u1ee3c t\u00f4n l\u00ean khi trang b\u1ecb b\u1ed9 <strong>Lip Chia P\u00f4<\/strong> th\u1ec3 thao.<\/p>\n<p><img class=\"\" title=\"\u0110\u1ed9 lip \u1ed1p chia p\u00f4 c\u1ea3n sau xe Mazda 3\" src=\"http:\/\/cdn.akauto.com.vn\/Uploads\/origin\/op-can-sau-xe-mazda-3-1510731031.96809.jpg?r=1510729966414\" alt=\"\u0110\u1ed9 lip \u1ed1p chia p\u00f4 c\u1ea3n sau xe Mazda 3\" \/><\/p>\n<p>L\u1ea5y \u00fd t\u01b0\u1edfng t\u1eeb d\u00f2ng xe <strong>Merc E Clas<\/strong>s \u2013 <strong>b\u1ed9 lip chia p\u00f4 Mazda 3<\/strong> th\u1ef1c s\u1ef1 h\u00e0i ho\u00e0\u00a0v\u1edbi t\u1ed5ng th\u1ec3 \u0111u\u00f4i xe\u00a0gi\u00fap cho chi\u1ebfc xe tr\u1edf n\u00ean m\u1ea1nh m\u1ebd v\u00e0 l\u1ecbch l\u00e3m h\u01a1n h\u1eb3n.<\/p>\n<p>\u0110\u00e2y r\u00f5 r\u00e0ng l\u00e0 b\u1ed9 ph\u1ee5 ki\u1ec7n gi\u00fap ho\u00e0n thi\u1ec7n t\u1ed5ng th\u1ec3 m\u1ed9t chi\u1ebfc xe \u0111\u1eb9p v\u00e0 r\u1ea5t \u0111\u00e1ng \u0111\u1ec3 qu\u00ed kh\u00e1ch quy\u1ebft \u0111\u1ecbnh trang b\u1ecb cho chi\u1ebfc xe c\u1ee7a m\u00ecnh.<\/p>\n<p><img class=\"\" title=\"\u0110\u1ed9 lip \u1ed1p chia p\u00f4 c\u1ea3n sau xe Mazda 3\" src=\"http:\/\/cdn.akauto.com.vn\/Uploads\/origin\/op-can-sau-mazda-3-1510730955.62573.jpg?r=1510729966414\" alt=\"\u0110\u1ed9 lip \u1ed1p chia p\u00f4 c\u1ea3n sau xe Mazda 3\" \/><\/p>\n<h2><strong>\u1ed0p p\u00f4 Mazda 3 ki\u1ec3u d\u00e1ng v\u00e0 ch\u1ea5t li\u1ec7u \u201ch\u00e0ng hi\u1ec7u\u201d.<\/strong><\/h2>\n<p>N\u1ebfu nh\u00ecn tho\u00e1ng qua chi\u1ebfc Mazda 3 \u0111\u00e3 \u0111\u01b0\u1ee3c trang b\u1ecb b\u1ed9 \u1ed1p p\u00f4 \u0111\u00f4i, r\u1ea5t nhi\u1ec1u ng\u01b0\u1eddi s\u1ebd nh\u1ea7m l\u1eabn v\u1edbi chi\u1ebfc Mazda 6 b\u1ea3n 2017. V\u00ec p\u00f4 \u1ed1p p\u00f4 Mazda 3 r\u1ea5t gi\u1ed1ng v\u1edbi b\u1ed9 \u1ed1p tr\u00ean xe Mazda 6.<\/p>\n<p>V\u1ec1 m\u1eb7t ki\u1ec3u d\u00e1ng: hai \u0111\u1ea7u c\u1ed5 p\u00f4 v\u1edbi thi\u1ebft k\u1ebf cong m\u1ec1m m\u1ea1i \u0111\u01b0\u1ee3c \u0111\u1eb7t c\u00e2n \u0111\u1ed1i hai b\u00ean h\u00e0i ho\u00e0 v\u1edbi t\u1ed5ng th\u1ec3 th\u00e2n xe.<\/p>\n<p><img class=\"\" title=\"\u0110\u1ed9 lip \u1ed1p chia p\u00f4 c\u1ea3n sau xe Mazda 3\" src=\"http:\/\/cdn.akauto.com.vn\/Uploads\/origin\/lip-chia-po-xe-mazda-3-(2)-1510731166.65581.jpg?r=1510729966414\" alt=\"\u0110\u1ed9 lip \u1ed1p chia p\u00f4 c\u1ea3n sau xe Mazda 3\" \/><\/p>\n<p>Ph\u1ea7n th\u00e2n \u1ed1p v\u1edbi nh\u1eefng g\u00e2n n\u1ed5i m\u1ea1nh m\u1ebd c\u0169ng gi\u00fap t\u0103ng th\u00eam \u0111\u1ed9 ch\u1eafc ch\u1eafn, \u0111\u1eadm ch\u1ea5t th\u1ec3 thao v\u00e0 tr\u1ebb trung.<\/p>\n<p><img class=\"\" title=\"\u0110\u1ed9 lip \u1ed1p chia p\u00f4 c\u1ea3n sau xe Mazda 3\" src=\"http:\/\/cdn.akauto.com.vn\/Uploads\/origin\/lip-chia-po-xe-mazda-3-1510730128.72137.jpg?r=1510729966414\" alt=\"\u0110\u1ed9 lip \u1ed1p chia p\u00f4 c\u1ea3n sau xe Mazda 3\" \/><\/p>\n<p>V\u1ec1 m\u1eb7t ch\u1ea5t li\u1ec7u: ph\u1ea7n th\u00e2n \u1ed1p b\u00f4 \u0111\u01b0\u1ee3c \u0111\u00fac b\u1eb1ng nh\u1ef1a PP &#8211; l\u00e0 ch\u1ea5t nh\u1ef1a nguy\u00ean b\u1ea3n \u0111\u01b0\u1ee3c s\u1eed d\u1ee5ng \u0111\u1ec3 \u0111\u00fac ph\u1ea7n c\u1ea3n sau c\u1ee7a Mazda 3. \u0110\u1ea7u c\u1ed5 p\u00f4 l\u00e0 ch\u1ea5t li\u1ec7u th\u00e9p kh\u00f4ng r\u1ec9 ch\u1ea5t l\u01b0\u1ee3ng cao, c\u00f3 \u0111\u1ed9 s\u00e1ng b\u00f3ng ho\u00e0n h\u1ea3o t\u01b0\u01a1ng t\u1ef1 nh\u01b0 c\u1ed5 p\u00f4 c\u1ee7a c\u00e1c d\u00f2ng xe cao c\u1ea5p<strong> Lexus<\/strong> hay <strong>Mercedes<\/strong>.<\/p>\n<p>&nbsp;<\/p>\n<div class=\"wecodevideo\">\n<div class=\"embed-responsive embed-responsive-16by9\"><iframe loading=\"lazy\" class=\"embed-responsive-item\" src=\"https:\/\/www.youtube.com\/embed\/PfQOkb-ZeVg\" width=\"300\" height=\"150\" data-mce-fragment=\"1\"><\/iframe><\/div>\n<\/div>\n<p>&nbsp;<\/p>\n<p>Tr\u00ean h\u1ebft, m\u1eb7c d\u00f9 b\u1ed9 \u1ed1p p\u00f4 d\u00e0nh cho xe Mazda 3 l\u00e0 ph\u1ee5 ki\u1ec7n l\u1eafp th\u00eam nh\u01b0ng r\u1ea5t ph\u00f9 h\u1ee3p v\u00e0 r\u1ea5t th\u1ef1c kh\u00f4ng \u0111em l\u1ea1i b\u1ea5t k\u1ec3 c\u1ea3m gi\u00e1c g\u01b0\u1ee3ng \u00e9p hay c\u1ed1 th\u00eam v\u00e0o th\u01b0\u1eddng th\u1ea5y tr\u00ean c\u00e1c b\u1ed9 \u1ed1p \u201cr\u1ebb ti\u1ec1n\u201d tr\u00e0n lan tr\u00ean th\u1ecb tr\u01b0\u1eddng.<\/p>\n<p>&nbsp;<\/p>\n<p><img class=\"\" title=\"\u0110\u1ed9 lip \u1ed1p chia p\u00f4 c\u1ea3n sau xe Mazda 3\" src=\"http:\/\/cdn.akauto.com.vn\/Uploads\/origin\/call-to-action-akauto-1496906915.21696-1508810827.52958.jpg?r=1510729966414\" alt=\"\u0110\u1ed9 lip \u1ed1p chia p\u00f4 c\u1ea3n sau xe Mazda 3\" \/><\/p>\n<h2><strong>L\u1eafp \u0111\u1eb7t Lip p\u00f4 mazda 3 \u0111\u01a1n gi\u1ea3n v\u00e0 nhanh ch\u00f3ng.<\/strong><\/h2>\n<p>S\u1ea3n xu\u1ea5t tr\u00ean d\u00e2y chuy\u1ec1n khu\u00f4n m\u1eabu ch\u00ednh x\u00e1c d\u00e0nh ri\u00eang cho d\u00f2ng Mazda 3 Sedan l\u00e0 \u01b0u \u0111i\u1ec3m l\u1edbn c\u1ee7a b\u1ed9 s\u1ea3n ph\u1ea9m n\u00e0y. \u0110i\u1ec1u n\u00e0y gi\u00fap cho vi\u1ec7c l\u1eafp \u0111\u1eb7t tr\u1edf n\u00ean \u0111\u01a1n gi\u1ea3n nh\u1ea5t c\u00f3 th\u1ec3.<\/p>\n<p>\u0110\u1ed9 ho\u00e0n h\u1ea3o ti\u1ebfp x\u00fac gi\u1eefa b\u1ed9 lip p\u00f4 v\u00e0 ph\u1ea7n th\u00e2n xe, th\u1ee3 l\u1eafp \u0111\u1eb7t ch\u1ec9 \u1ed1p v\u00e0o v\u00e0 b\u1eaft v\u00edt m\u00e0 ho\u00e0n to\u00e0n kh\u00f4ng d\u00f9ng \u0111\u1ebfn keo d\u00e1n ho\u1eb7c silicon \u0111\u1ec3 che \u0111\u1eady c\u00e1c \u0111i\u1ec3m h\u1edf.<\/p>\n<p>Trung b\u00ecnh ch\u1ec9 m\u1ea5t kh\u00f4ng qu\u00e1 45 ph\u00fat \u0111\u1ec3 l\u1eafp \u0111\u1eb7t b\u1ed9 lip\u00a0chia p\u00f4 n\u00e0y, gi\u00fap qu\u00ed kh\u00e1ch l\u00e0m \u0111\u1eb9p \u201c<em>v\u1ee3 hai<\/em>\u201d nh\u01b0ng ti\u1ebft ki\u1ec7m \u0111\u01b0\u1ee3c r\u1ea5t nhi\u1ec1u th\u1eddi gian.<\/p>\n<p><img class=\"\" title=\"\u0110\u1ed9 lip \u1ed1p chia p\u00f4 c\u1ea3n sau xe Mazda 3\" src=\"http:\/\/cdn.akauto.com.vn\/Uploads\/origin\/call-to-action-akauto-1496906915.21696-1508810827.52958.jpg?r=1510729966414\" alt=\"\u0110\u1ed9 lip \u1ed1p chia p\u00f4 c\u1ea3n sau xe Mazda 3\" \/><\/p>\n<p>L\u00e0 \u0111\u1ea1i l\u00fd ph\u00e2n ph\u1ed1i ch\u00ednh th\u1ee9c b\u1ed9 \u1ed1p c\u1ea3n sau Mazda 3 t\u1ea1i th\u1ecb tr\u01b0\u1eddng Tp.HCM, ch\u00fang t\u00f4i \u0111ang c\u00f3 ch\u01b0\u01a1ng tr\u00ecnh khuy\u1ebfn m\u00e3i \u0111\u1eb7c bi\u1ec7t, qu\u00ed kh\u00e1ch \u0111\u01b0\u1ee3c gi\u1ea3m ngay 1 tri\u1ec7u \u0111\u1ed3ng khi l\u1eafp \u0111\u1eb7t t\u1ea1i showroom <strong>AKauto Saigon Center .<\/strong><\/p>\n<p>Gi\u00e1 \u0111\u00e3 g\u1ed3m c\u00f4ng l\u1eafp \u0111\u1eb7t <strong>6,800,000<\/strong> =&gt; Nay ch\u1ec9 c\u00f2n <strong>5,800,000<\/strong> (\u00e1p d\u1ee5ng \u0111\u1ebfn <strong>31\/12\/2017<\/strong>)<\/p>\n<p>V\u1edbi h\u1ec7 th\u1ed1ng c\u00e1c c\u1eeda h\u00e0ng ph\u1ee5 ki\u1ec7n \u00f4 t\u00f4 \u0111\u1ec3 nh\u1eadn \u0111\u01b0\u1ee3c m\u1ee9c gi\u00e1 \u01b0u \u0111\u00e3i nh\u1ea5t, xin vui l\u00f2ng g\u1ecdi tr\u1ef1c ti\u1ebfp cho <strong>AKauto<\/strong> qua s\u1ed1: <strong>0909 627 678<\/strong><\/p>\n","protected":false},"excerpt":{"rendered":"<p>\u0110\u1ed9 Lip chia p\u00f4 Mazda 3 ( \u1ed0p p\u00f4 xe Mazda ) \u2713 Ch\u1ea5t li\u1ec7u nh\u1ef1a PP cao c\u1ea5p \u2713 Thi\u1ebft k\u1ebf cong m\u1ec1m m\u1ea1i, tinh t\u1ebf \u2713 Phong c\u00e1ch th\u1ec3 thao, l\u1ecbch l\u00e3m \u2713 C\u1ea3i ti\u1ebfn v\u1ebb ngo\u00e0i ngo\u1ea1i th\u1ea5t.<\/p>\n","protected":false},"featured_media":216,"comment_status":"open","ping_status":"closed","template":"","meta":[],"product_cat":[23],"product_tag":[],"_links":{"self":[{"href":"https:\/\/demo.bmconnect.vn\/salecar\/wp-json\/wp\/v2\/product\/215"}],"collection":[{"href":"https:\/\/demo.bmconnect.vn\/salecar\/wp-json\/wp\/v2\/product"}],"about":[{"href":"https:\/\/demo.bmconnect.vn\/salecar\/wp-json\/wp\/v2\/types\/product"}],"replies":[{"embeddable":true,"href":"https:\/\/demo.bmconnect.vn\/salecar\/wp-json\/wp\/v2\/comments?post=215"}],"wp:featuredmedia":[{"embeddable":true,"href":"https:\/\/demo.bmconnect.vn\/salecar\/wp-json\/wp\/v2\/media\/216"}],"wp:attachment":[{"href":"https:\/\/demo.bmconnect.vn\/salecar\/wp-json\/wp\/v2\/media?parent=215"}],"wp:term":[{"taxonomy":"product_cat","embeddable":true,"href":"https:\/\/demo.bmconnect.vn\/salecar\/wp-json\/wp\/v2\/product_cat?post=215"},{"taxonomy":"product_tag","embeddable":true,"href":"https:\/\/demo.bmconnect.vn\/salecar\/wp-json\/wp\/v2\/product_tag?post=215"}],"curies":[{"name":"wp","href":"https:\/\/api.w.org\/{rel}","templated":true}]}}