{"id":213,"date":"2018-01-31T15:05:50","date_gmt":"2018-01-31T08:05:50","guid":{"rendered":"https:\/\/demo.bmconnect.vn\/salecar\/?post_type=product&#038;p=213"},"modified":"2018-01-31T15:05:50","modified_gmt":"2018-01-31T08:05:50","slug":"man-hinh-dvd-xe-ford-ranger","status":"publish","type":"product","link":"https:\/\/demo.bmconnect.vn\/salecar\/san-pham\/man-hinh-dvd-xe-ford-ranger\/","title":{"rendered":"M\u00c0N H\u00ccNH DVD XE FORD RANGER"},"content":{"rendered":"<p>\u0110\u1ed1i v\u1edbi m\u1ed9t\u00a0chi\u1ebfc vua b\u00e1n t\u1ea3i nh\u01b0 <strong>Ford Ranger<\/strong> th\u00ec c\u00e1c ti\u1ec7n \u00edch gi\u1ea3i tr\u00ed b\u00ean trong xe l\u00e0 kh\u00f4ng th\u1ec3 thi\u1ebfu khi \u0111i tr\u00ean nh\u1eefng cung \u0111\u01b0\u1eddng d\u00e0i ho\u1eb7c tham gia c\u00e1c cu\u1ed9c ch\u01a1i offroad.<\/p>\n<p>V\u1edbi d\u00e0n ngo\u1ea1i th\u1ea5t b\u00ean ngo\u00e0i h\u1ea7m h\u1ed1 xe\u00a0Ford Ranger c\u1ee7a c\u00e1c phi\u00ean b\u1ea3n\u00a0<strong>XL<\/strong>,<strong> XLS<\/strong>,<strong> XLT<\/strong>,<strong>\u00a0Wildtrak<\/strong>\u00a0th\u00ec b\u00ean trong n\u1ed9i th\u1ea5t c\u00e1c ti\u1ec7n \u00edch \u0111i k\u00e8m c\u0169ng sang\u00a0tr\u1ecdng kh\u00f4ng k\u00e9m khi t\u00edch h\u1ee3p b\u1ed9 m\u00e0n h\u00ecnh DVD android \u0111\u1ea7y \u0111\u1ee7 c\u00e1c t\u00ednh n\u0103ng gi\u1ea3i tr\u00ed v\u00e0\u00a0k\u1ebft h\u1ee3p th\u00eam d\u00e0n \u00e2m thanh cao c\u1ea5p\u00a0th\u00ec ho\u00e0n h\u1ea3o cho m\u1ed9t chi\u1ebfc <em>Vua b\u00e1n t\u1ea3i<\/em>.<\/p>\n<p><img class=\"\" title=\"M\u00e0n h\u00ecnh dvd xe Ford Ranger\" src=\"http:\/\/cdn.akauto.com.vn\/Uploads\/origin\/man-hinh-dvd-xe-ford-ranger-1515123400.29823.jpg?r=1515122224276\" alt=\"M\u00e0n h\u00ecnh dvd xe Ford Ranger\" \/><\/p>\n<p>M\u00e0n h\u00ecnh DVD cho Ford Ranger tr\u00ean th\u1ecb tr\u01b0\u1eddng hi\u1ec7n nay kh\u00e1 \u0111a d\u1ea1ng v\u1ec1 th\u01b0\u01a1ng hi\u1ec7u nh\u01b0 <strong>Zulex<\/strong>, <strong>Pioneer<\/strong>, <strong>Wincar<\/strong>..v\u00e0 \u0111ang r\u1ed9 l\u00ean m\u1ed9t d\u00f2ng m\u00e0n h\u00ecnh k\u00edch th\u01b0\u1edbc r\u1ed9ng ki\u1ec3u Tesla v\u1edbi gi\u00e1 th\u00e0nh kh\u00e1c nhau.<\/p>\n<p><img class=\"\" title=\"M\u00e0n h\u00ecnh dvd xe Ford Ranger\" src=\"http:\/\/cdn.akauto.com.vn\/Uploads\/origin\/man-hinh-dvd-ford-ranger-1515123378.38197.jpg?r=1515122224276\" alt=\"M\u00e0n h\u00ecnh dvd xe Ford Ranger\" \/><\/p>\n<p>Ch\u00fang ta s\u1ebd t\u00ecm hi\u1ec3u s\u01a1 qua h\u00ecnh \u1ea3nh\u00a0m\u1ed9t\u00a0s\u1ed1 th\u01b0\u01a1ng hi\u1ec7u <strong>m\u00e0n h\u00ecnh DVD\u00a0Ford Ranger 2017<\/strong> :<\/p>\n<h3><strong>&#8211; DVD Zulex &#8211; Th\u00e1i Lan:\u00a0<\/strong><\/h3>\n<p><img class=\"\" title=\"M\u00e0n h\u00ecnh dvd xe Ford Ranger\" src=\"http:\/\/cdn.akauto.com.vn\/Uploads\/origin\/dvd-zulex-ford-ranger-1515123983.91365.jpg?r=1515122224276\" alt=\"M\u00e0n h\u00ecnh dvd xe Ford Ranger\" \/><\/p>\n<h3><strong>&#8211; DVD Pionner &#8211; Nh\u1eadt :<\/strong><\/h3>\n<p><img class=\"\" title=\"M\u00e0n h\u00ecnh dvd xe Ford Ranger\" src=\"http:\/\/cdn.akauto.com.vn\/Uploads\/origin\/dvd-pioneer-ford-ranger-1515123478.3797.jpg?r=1515122224276\" alt=\"M\u00e0n h\u00ecnh dvd xe Ford Ranger\" \/><\/p>\n<h3><strong>&#8211; M\u00e0n h\u00ecnh dvd r\u1ed9ng ngang ki\u1ec3u Tesla\u00a0 &#8211; \u0110\u00e0i Loan:<\/strong><\/h3>\n<p><img class=\"\" title=\"M\u00e0n h\u00ecnh dvd xe Ford Ranger\" src=\"http:\/\/cdn.akauto.com.vn\/Uploads\/origin\/man-hinh-dvd-ford-ranger-1515123378.38197.jpg?r=1515122224276\" alt=\"M\u00e0n h\u00ecnh dvd xe Ford Ranger\" \/><\/p>\n<h2><strong>\u0110i\u1ec3m s\u01a1 qua v\u1ec1 t\u00ednh n\u0103ng c\u1ee7a DVD Android Ford Ranger.<\/strong><\/h2>\n<p>Ta th\u1ea5y m\u1ed9t m\u00e0n h\u00ecnh h\u1ec7 \u0111i\u1ec1u h\u00e0nh android th\u00ec t\u00ednh n\u0103ng c\u1ee7a n\u00f3 g\u1ea7n nh\u01b0 l\u00e0 m\u1ed9t chi\u1ebfc m\u00e1y t\u00ednh b\u1ea3ng th\u00f4ng th\u01b0\u1eddng. C\u00e1c ti\u1ec7n \u00edch nh\u01b0 xem video tr\u00ean Youtube, l\u01b0\u1edbt web, k\u1ebft n\u1ed1i wifi, h\u00ecnh \u1ea3nh r\u00f5 n\u00e9t c\u00f3 ch\u1ee9c n\u0103ng \u0111\u1ecdc c\u00e1c \u0111\u1ecbnh d\u1ea1ng th\u1ebb USB, SD, Bluetooth, k\u1ebft n\u1ed1i GPS to\u00e0n c\u1ea7u v\u00e0 t\u00edch h\u1ee3p s\u1eb5n b\u1ea3n \u0111\u1ed3 d\u1eabn \u0111\u01b0\u1eddng Vietmap&#8230;.kh\u00e1 \u0111\u1ea7y \u0111\u1ee7 v\u1edbi \u0111\u1ed9 m\u01b0\u1ee3t m\u00e0n h\u00ecnh c\u1ef1c t\u1ed1t.<\/p>\n<h2><strong>Chi ti\u1ebft th\u00eam m\u1ed9t s\u1ed1 h\u00ecnh \u1ea3nh c\u1ee7a m\u00e0n h\u00ecnh DVD xe Ford Ranger :\u00a0<\/strong><\/h2>\n<p><img class=\"\" title=\"M\u00e0n h\u00ecnh dvd xe Ford Ranger\" src=\"http:\/\/cdn.akauto.com.vn\/Uploads\/origin\/dvd-pioneer-ford-ranger-tphcm-1515123654.65979.jpg?r=1515122224276\" alt=\"M\u00e0n h\u00ecnh dvd xe Ford Ranger\" \/><\/p>\n<p>Xem video tr\u00ean Youtube kh\u00e1 s\u1eafc n\u00e9t v\u00e0 m\u01b0\u1ee3t m\u00e0.<\/p>\n<p><img class=\"\" title=\"M\u00e0n h\u00ecnh dvd xe Ford Ranger\" src=\"http:\/\/cdn.akauto.com.vn\/Uploads\/origin\/dvd-ford-ranger-1515123701.82749.jpg?r=1515122224276\" alt=\"M\u00e0n h\u00ecnh dvd xe Ford Ranger\" \/><\/p>\n<p>T\u00edch h\u1ee3p GPS d\u1eabn \u0111\u01b0\u1eddng chu\u1ea9n x\u00e1c.<\/p>\n<p><img class=\"\" title=\"M\u00e0n h\u00ecnh dvd xe Ford Ranger\" src=\"http:\/\/cdn.akauto.com.vn\/Uploads\/origin\/dvd-xe-ford-ranger-1515123738.48459.jpg?r=1515122224276\" alt=\"M\u00e0n h\u00ecnh dvd xe Ford Ranger\" \/><\/p>\n<p>B\u1ea1n c\u0169ng c\u00f3 th\u1ec3 nghe nh\u1ea1c offline c\u00e1c ki\u1ec3u.<\/p>\n<p>&#8230;. v\u00e0 th\u00eam nhi\u1ec1u t\u00ednh n\u0103ng ti\u1ec7n \u00edch kh\u00e1c.<\/p>\n","protected":false},"excerpt":{"rendered":"<p>M\u00e0n h\u00ecnh dvd xe Ford Ranger c\u00e1c phi\u00ean b\u1ea3n XL, XLS, XLT, Wildtrak \u2713 H\u1ec7 \u0111i\u1ec1u h\u00e0nh andoid\u00a0\u2713 Ti\u1ec7n \u00edch gi\u1ea3i tr\u00ed ho\u00e0n h\u1ea3o nh\u01b0 xem video, nghe nh\u1ea1c, l\u01b0\u1edbt web, k\u1ebft n\u1ed1i Blutooth, GPS..\u00a0\u2713 K\u00edch th\u01b0\u1edbc m\u00e0n h\u00ecnh\u00a08 inch\u00a0\u2713 Th\u01b0\u01a1ng hi\u1ec7u\u00a0Zulex, Pioneer, Wincar&#8230;\u2713 B\u1ea3o h\u00e0nh 12 th\u00e1ng.<\/p>\n","protected":false},"featured_media":214,"comment_status":"open","ping_status":"closed","template":"","meta":[],"product_cat":[22],"product_tag":[],"_links":{"self":[{"href":"https:\/\/demo.bmconnect.vn\/salecar\/wp-json\/wp\/v2\/product\/213"}],"collection":[{"href":"https:\/\/demo.bmconnect.vn\/salecar\/wp-json\/wp\/v2\/product"}],"about":[{"href":"https:\/\/demo.bmconnect.vn\/salecar\/wp-json\/wp\/v2\/types\/product"}],"replies":[{"embeddable":true,"href":"https:\/\/demo.bmconnect.vn\/salecar\/wp-json\/wp\/v2\/comments?post=213"}],"wp:featuredmedia":[{"embeddable":true,"href":"https:\/\/demo.bmconnect.vn\/salecar\/wp-json\/wp\/v2\/media\/214"}],"wp:attachment":[{"href":"https:\/\/demo.bmconnect.vn\/salecar\/wp-json\/wp\/v2\/media?parent=213"}],"wp:term":[{"taxonomy":"product_cat","embeddable":true,"href":"https:\/\/demo.bmconnect.vn\/salecar\/wp-json\/wp\/v2\/product_cat?post=213"},{"taxonomy":"product_tag","embeddable":true,"href":"https:\/\/demo.bmconnect.vn\/salecar\/wp-json\/wp\/v2\/product_tag?post=213"}],"curies":[{"name":"wp","href":"https:\/\/api.w.org\/{rel}","templated":true}]}}