{"id":210,"date":"2018-01-31T15:04:30","date_gmt":"2018-01-31T08:04:30","guid":{"rendered":"https:\/\/demo.bmconnect.vn\/salecar\/?post_type=product&#038;p=210"},"modified":"2018-01-31T15:04:30","modified_gmt":"2018-01-31T08:04:30","slug":"do-choi-xe-honda-ecosport","status":"publish","type":"product","link":"https:\/\/demo.bmconnect.vn\/salecar\/san-pham\/do-choi-xe-honda-ecosport\/","title":{"rendered":"\u0110\u1ed3 ch\u01a1i xe Honda EcoSport"},"content":{"rendered":"<p>Tr\u00ean th\u1ecb tr\u01b0\u1eddng TPHCM hi\u1ec7n nay \u0111\u00e3 b\u1eaft \u0111\u1ea7u l\u1ed9 di\u1ec7n nh\u1eefng ph\u1ee5 ki\u1ec7n trang tr\u00ed \u0111\u1ed3 ch\u01a1i xe Ecosport 2017 \u0111\u1eb3ng c\u1ea5p \u0111i k\u00e8m v\u1edbi m\u1eabu SUV c\u1ee1 nh\u1ecf Ford EcoSport 2017, h\u1ee9a h\u1eb9n \u0111em \u0111\u1ebfn cho ng\u01b0\u1eddi d\u00f9ng nh\u1eefng tr\u1ea3i nghi\u1ec7m thi\u1ebft th\u1ef1c trong vi\u1ec7c l\u00ean \u0111\u1eddi phong c\u00e1ch.<\/p>\n<p>AKauto Saigon Center gi\u1edbi thi\u1ec7u \u0111\u1ebfn qu\u00fd kh\u00e1ch h\u00e0ng c\u00e1c ph\u1ee5 ki\u1ec7n \u0111\u1ed3 ch\u01a1i xe Ford Ecosport 2017 m\u1edbi nh\u1ea5t hi\u1ec7n nay.<\/p>\n<p><img class=\"\" src=\"http:\/\/cdn.akauto.com.vn\/Uploads\/media\/IMG_1562-1489922391.68082.JPG\" alt=\"Ph\u1ee5 ki\u1ec7n - Trang tr\u00ed -\u0110\u1ed3 ch\u01a1i xe Ecosport 2017\" \/><\/p>\n<p>1. Led g\u1ea7m<\/p>\n<p>&#8211; Ch\u1ea5t li\u1ec7u: Nh\u1ef1a cao c\u1ea5p v\u00e0 b\u1ed9 \u0111\u00e8n led.<\/p>\n<p>&#8211; Xu\u1ea5t x\u1ee9: Th\u00e1i Lan.<\/p>\n<p>Ch\u1ee9c n\u0103ng: \u0110\u00e8n ch\u1ea1y ban ng\u00e0y, \u0111\u01b0\u1ee3c l\u1eafp \u1edf ph\u00eda tr\u01b0\u1edbc \u00f4 t\u00f4, c\u1ea3nh b\u00e1o cho ng\u01b0\u1eddi \u0111i ng\u01b0\u1ee3c chi\u1ec1u bi\u1ebft c\u00f3 xe \u00f4 t\u00f4, ho\u1eb7c b\u00e1o hi\u1ec7u b\u1eb1ng \u00e1nh s\u00e1ng \u0111\u00e8n khi xe \u0111i v\u00e0o nh\u1eefng ch\u1ed7 c\u00f3 b\u00f3ng r\u00e2m t\u1ed1i g\u1ea7n c\u00e1c kh\u00fac cua ho\u1eb7c qua m\u1ed9t s\u1ed1 \u0111o\u1ea1n \u0111\u01b0\u1eddng h\u1ea7m ng\u1eafn.<\/p>\n<p>2. Vi\u1ec1n \u0111\u00e8n tr\u01b0\u1edbc sau<\/p>\n<p>&#8211; Ch\u1ea5t li\u1ec7u: Nh\u1ef1a ABS m\u1ea1 xi cao c\u1ea5p, c\u00f3 \u0111\u1ed9 b\u1ec1n cao, d\u1ebbo dai, tr\u00e1nh \u0111\u01b0\u1ee3c c\u00e1c t\u00e1c \u0111\u1ed9ng t\u1eeb m\u00f4i tr\u01b0\u1eddng, m\u1ea1 xi cao c\u1ea5p.<\/p>\n<p>&#8211; Xu\u1ea5t x\u1ee9: \u0110\u00e0i Loan.<\/p>\n<p>Ch\u1ee9c n\u0103ng: L\u00e0 ph\u1ee5 ki\u1ec7n gi\u00fap chi\u1ebfc xe th\u00eam ph\u1ea7n sang tr\u1ecdng, \u0111\u1ed3ng th\u1eddi b\u1ea3o v\u1ec7 c\u1ee5m \u0111\u00e8n tr\u01b0\u1edbc v\u00e0 sau xe. Vi\u1ec1n \u0111\u00e8n mang m\u00e0u s\u1eafc \u00e1nh kim \u0111\u1ed9c \u0111\u00e1o, gi\u00fap xe th\u00eam \u0111\u1eb3ng c\u1ea5p, ng\u0103n ch\u1eb7n b\u1ee5i b\u1ea9n v\u00e0 n\u01b0\u1edbc ng\u1ea5m v\u00e0o \u1ea3nh h\u01b0\u1edfng \u0111\u1ebfn hi\u1ec7u su\u1ea5t chi\u1ebfu s\u00e1ng c\u1ee7a \u0111\u00e8n.<\/p>\n<p>3. Ch\u00e9n c\u1eeda v\u00e0 tay c\u1eeda<\/p>\n<p><img class=\"\" src=\"http:\/\/cdn.akauto.com.vn\/Uploads\/media\/IMG_1564-1489922398.72423.JPG\" alt=\"Ph\u1ee5 ki\u1ec7n - Trang tr\u00ed -\u0110\u1ed3 ch\u01a1i xe Ecosport 2017\" \/><\/p>\n<p>&#8211; Ch\u1ea5t li\u1ec7u: Nh\u1ef1a ABS m\u1ea1 xi cao c\u1ea5p.<\/p>\n<p>&#8211; Xu\u1ea5t x\u1ee9: \u0110\u00e0i Loan.<\/p>\n<p>Ch\u1ee9c n\u0103ng: S\u1ea3n ph\u1ea9m l\u00e0m t\u0103ng \u0111i\u1ec3m nh\u1ea5n cho ph\u1ea7n th\u00e2n xe kh\u00e1 \u0111\u1ed9c \u0111\u00e1o, \u0111\u1ed3ng th\u1eddi b\u1ea3o v\u1ec7 b\u1ed9 ph\u1eadn tay n\u1eafm c\u1eeda v\u00e0 xung quanh tay n\u1eafm kh\u1ecfi tr\u1ea7y x\u01b0\u1edbc v\u00e0 tr\u00f3c s\u01a1n. Ph\u1ee5 ki\u1ec7n t\u0103ng th\u00eam v\u1ebb \u0111\u1eb9p m\u1ea1nh m\u1ebd cho xe.<\/p>\n<p>4. N\u1eb9p b\u01b0\u1edbc ch\u00e2n c\u00f3 \u0111\u00e8n v\u00e0 kh\u00f4ng \u0111\u00e8n<\/p>\n<p>&nbsp;<\/p>\n<p>&#8211; Ch\u1ea5t li\u1ec7u: Inox cao c\u1ea5p, kh\u00f4ng \u00f4 xi h\u00f3a.<\/p>\n<p>&#8211; Xu\u1ea5t x\u1ee9: \u0110\u00e0i Loan v\u00e0 Th\u00e1i Lan.<\/p>\n<p>&nbsp;<\/p>\n<p>Ch\u1ee9c n\u0103ng: \u0110\u01b0\u1ee3c l\u1eafp \u0111\u1eb7t \u1edf b\u1eadt b\u01b0\u1edbc 4 c\u1ee7a c\u1eeda xe, gi\u00fap che ch\u1edf s\u01a1n th\u00e0nh c\u1eeda kh\u1ecfi tr\u1ea7y x\u01b0\u1edbc v\u00e0 b\u1ee5i b\u1ea9n. \u0110\u01b0\u1ee3c thi\u1ebft k\u1ebf ri\u00eang cho xe n\u00ean n\u1eb9p b\u01b0\u1edbc ch\u00e2n kh\u00e1 li\u1ec1n m\u1ea1ch v\u00e0 c\u1ee9ng c\u00e1p. Lo\u1ea1i n\u1eb9p c\u00f3 \u0111\u00e8n t\u0103ng th\u00eam \u0111i\u1ec3m nh\u1ea5n \u1ea5n t\u01b0\u1ee3ng cho xe.<\/p>\n<p>5. Ga l\u0103ng xe<\/p>\n<p>&#8211; Ch\u1ea5t li\u1ec7u: Nh\u1ef1a ABS cao c\u1ea5p.<\/p>\n<p>&#8211; Xu\u1ea5t x\u1ee9: \u0110\u00e0i Loan v\u00e0 Th\u00e1i Lan.<\/p>\n<p>Ch\u1ee9c n\u0103ng: T\u0103ng th\u00eam v\u1ebb \u0111\u1eb9p \u1ea5n t\u01b0\u1ee3ng cho b\u1ed9 ph\u1ea7n \u0111\u1ea7u xe, b\u1ea3o v\u1ec7 \u0111\u1ea7u xe tr\u00e1nh c\u00e1c t\u00e1c \u0111\u1ed9ng t\u1eeb b\u00ean ngo\u00e0i. H\u1ed7 tr\u1ee3 b\u1ed9 ph\u1eadn t\u1ea3n nhi\u1ec7t ho\u1ea1t \u0111\u1ed9ng \u1ed5n \u0111\u1ecbnh.<\/p>\n<p>6. Vi\u1ec1n che m\u01b0a<\/p>\n<p>&#8211; Ch\u1ea5t li\u1ec7u: Nh\u1ef1a ABS cao c\u1ea5p m\u1ea1 crom.<\/p>\n<p>&#8211; Xu\u1ea5t x\u1ee9: \u0110\u00e0i Loan.<\/p>\n<p>Ch\u1ee9c n\u0103ng: Ph\u1ee5 ki\u1ec7n trang tr\u00ed c\u1eeda xe, h\u1ed7 tr\u1ee3 che m\u01b0a, ng\u0103n gi\u00f3, b\u1ee5i t\u1ea1t v\u00e0o xe khi m\u1edf h\u00e9 c\u1eeda. Gi\u00fap gi\u1eef cho c\u1ee7a s\u1ed5 b\u00ean s\u01b0\u1eddn kh\u00f4 r\u00e1o trong m\u01b0a, r\u00e2m m\u00e1t trong n\u1eafng.<\/p>\n<p>7. \u1ed0p n\u1eafp x\u0103ng xe<\/p>\n<p>&#8211; Ch\u1ea5t li\u1ec7u: Nh\u1ef1a ABS cao c\u1ea5p m\u1ea1 crom.<\/p>\n<p>&#8211; Xu\u1ea5t x\u1ee9: \u0110\u00e0i Loan.<\/p>\n<p>Ch\u1ee9c n\u0103ng: L\u00e0m \u0111\u1eb9p \u1ed1p n\u1eafp x\u0103ng, b\u1ea3o v\u1ec7 b\u1ed9 ph\u1eadn n\u00e0y ch\u1ed1ng tr\u1ea7y x\u01b0\u1edbc v\u00e0 tr\u00f3c s\u01a1n, t\u00f4n th\u00eam v\u1ebb \u0111\u1eb9p cho ph\u1ea7n h\u00f4ng xe.<\/p>\n<p>Tr\u00ean \u0111\u00e2y l\u00e0 nh\u1eefng ph\u1ee5 ki\u1ec7n \u0111\u1eb3ng c\u1ea5p v\u00e0 ph\u1ed5 bi\u1ebfn n\u1eb1m trong b\u1ed9 ph\u1ee5 ki\u1ec7n \u0111\u1ed3 ch\u01a1i xe Ecosport 2017. Ngo\u00e0i nh\u1eefng ph\u1ee5 ki\u1ec7n tr\u00ean, \u0111\u1ec3 l\u00ean \u0111\u1eddi v\u00e0 b\u1ea3o v\u1ec7 xe to\u00e0n di\u1ec7n, b\u1ea1n c\u00f3 th\u1ec3 tham kh\u1ea3o th\u00eam c\u00e1c d\u1ecbch v\u1ee5 kh\u00e1c t\u1ea1i AKauto: B\u1ecdc n\u1ec7m gh\u1ebf da, x\u1ecbt ph\u1ee7 g\u1ea7m ch\u1ed1ng s\u00e9t, l\u00f3t s\u00e0n 5D, \u0111\u1ed9 \u0111\u00e8n xe, l\u1eafp camera h\u00e0nh tr\u00ecnh&#8230;<\/p>\n<p>H\u00e3y li\u00ean h\u1ec7 ngay hotline: 0909.627.678 ho\u1eb7c \u0111\u1ebfn c\u1eeda h\u00e0ng AKauto Saigon Center t\u1ea1i \u0111\u1ecba ch\u1ec9: 406-408 An D\u01b0\u01a1ng V\u01b0\u01a1ng, P. 4, Q. 5, TP. HCM \u0111\u1ec3 \u0111\u01b0\u1ee3c h\u1ed7 tr\u1ee3 l\u1eafp \u0111\u1eb7t ph\u1ee5 ki\u1ec7n \u0111\u1ed3 ch\u01a1i xe Ecosport 2017 v\u1edbi gi\u00e1 t\u1ed1t nh\u1ea5t.<\/p>\n<div class=\"clearfix\"><\/div>\n","protected":false},"excerpt":{"rendered":"<p>Tr\u00ean th\u1ecb tr\u01b0\u1eddng TPHCM hi\u1ec7n nay \u0111\u00e3 b\u1eaft \u0111\u1ea7u l\u1ed9 di\u1ec7n nh\u1eefng ph\u1ee5 ki\u1ec7n trang tr\u00ed \u0111\u1ed3 ch\u01a1i xe Ecosport 2017 \u0111\u1eb3ng c\u1ea5p \u0111i k\u00e8m v\u1edbi m\u1eabu SUV c\u1ee1 nh\u1ecf Ford EcoSport 2017, h\u1ee9a h\u1eb9n \u0111em \u0111\u1ebfn cho ng\u01b0\u1eddi d\u00f9ng nh\u1eefng tr\u1ea3i nghi\u1ec7m thi\u1ebft th\u1ef1c trong vi\u1ec7c l\u00ean \u0111\u1eddi phong c\u00e1ch. AKauto Saigon Center gi\u1edbi [&#8230;]\n","protected":false},"featured_media":212,"comment_status":"open","ping_status":"closed","template":"","meta":[],"product_cat":[21],"product_tag":[],"_links":{"self":[{"href":"https:\/\/demo.bmconnect.vn\/salecar\/wp-json\/wp\/v2\/product\/210"}],"collection":[{"href":"https:\/\/demo.bmconnect.vn\/salecar\/wp-json\/wp\/v2\/product"}],"about":[{"href":"https:\/\/demo.bmconnect.vn\/salecar\/wp-json\/wp\/v2\/types\/product"}],"replies":[{"embeddable":true,"href":"https:\/\/demo.bmconnect.vn\/salecar\/wp-json\/wp\/v2\/comments?post=210"}],"wp:featuredmedia":[{"embeddable":true,"href":"https:\/\/demo.bmconnect.vn\/salecar\/wp-json\/wp\/v2\/media\/212"}],"wp:attachment":[{"href":"https:\/\/demo.bmconnect.vn\/salecar\/wp-json\/wp\/v2\/media?parent=210"}],"wp:term":[{"taxonomy":"product_cat","embeddable":true,"href":"https:\/\/demo.bmconnect.vn\/salecar\/wp-json\/wp\/v2\/product_cat?post=210"},{"taxonomy":"product_tag","embeddable":true,"href":"https:\/\/demo.bmconnect.vn\/salecar\/wp-json\/wp\/v2\/product_tag?post=210"}],"curies":[{"name":"wp","href":"https:\/\/api.w.org\/{rel}","templated":true}]}}