{"id":426,"date":"2017-04-15T09:37:28","date_gmt":"2017-04-15T02:37:28","guid":{"rendered":"http:\/\/roomdecor.fonicweb.com\/?post_type=product&#038;p=426"},"modified":"2017-04-15T09:37:29","modified_gmt":"2017-04-15T02:37:29","slug":"den-chum-tf454","status":"publish","type":"product","link":"https:\/\/demo.bmconnect.vn\/roomdecor\/san-pham\/den-chum-tf454\/","title":{"rendered":"\u0110\u00e8n ch\u00f9m TF454"},"content":{"rendered":"","protected":false},"excerpt":{"rendered":"","protected":false},"featured_media":428,"comment_status":"open","ping_status":"closed","template":"","meta":[],"product_cat":[62],"product_tag":[],"_links":{"self":[{"href":"https:\/\/demo.bmconnect.vn\/roomdecor\/wp-json\/wp\/v2\/product\/426"}],"collection":[{"href":"https:\/\/demo.bmconnect.vn\/roomdecor\/wp-json\/wp\/v2\/product"}],"about":[{"href":"https:\/\/demo.bmconnect.vn\/roomdecor\/wp-json\/wp\/v2\/types\/product"}],"replies":[{"embeddable":true,"href":"https:\/\/demo.bmconnect.vn\/roomdecor\/wp-json\/wp\/v2\/comments?post=426"}],"wp:featuredmedia":[{"embeddable":true,"href":"https:\/\/demo.bmconnect.vn\/roomdecor\/wp-json\/wp\/v2\/media\/428"}],"wp:attachment":[{"href":"https:\/\/demo.bmconnect.vn\/roomdecor\/wp-json\/wp\/v2\/media?parent=426"}],"wp:term":[{"taxonomy":"product_cat","embeddable":true,"href":"https:\/\/demo.bmconnect.vn\/roomdecor\/wp-json\/wp\/v2\/product_cat?post=426"},{"taxonomy":"product_tag","embeddable":true,"href":"https:\/\/demo.bmconnect.vn\/roomdecor\/wp-json\/wp\/v2\/product_tag?post=426"}],"curies":[{"name":"wp","href":"https:\/\/api.w.org\/{rel}","templated":true}]}}