{"id":420,"date":"2017-04-15T09:32:24","date_gmt":"2017-04-15T02:32:24","guid":{"rendered":"http:\/\/roomdecor.fonicweb.com\/?post_type=product&#038;p=420"},"modified":"2017-04-15T09:32:25","modified_gmt":"2017-04-15T02:32:25","slug":"ban-tra-kinh-tr328","status":"publish","type":"product","link":"https:\/\/demo.bmconnect.vn\/roomdecor\/san-pham\/ban-tra-kinh-tr328\/","title":{"rendered":"B\u00e0n tr\u00e0 k\u00ednh TR328"},"content":{"rendered":"","protected":false},"excerpt":{"rendered":"","protected":false},"featured_media":418,"comment_status":"open","ping_status":"closed","template":"","meta":[],"product_cat":[54],"product_tag":[],"_links":{"self":[{"href":"https:\/\/demo.bmconnect.vn\/roomdecor\/wp-json\/wp\/v2\/product\/420"}],"collection":[{"href":"https:\/\/demo.bmconnect.vn\/roomdecor\/wp-json\/wp\/v2\/product"}],"about":[{"href":"https:\/\/demo.bmconnect.vn\/roomdecor\/wp-json\/wp\/v2\/types\/product"}],"replies":[{"embeddable":true,"href":"https:\/\/demo.bmconnect.vn\/roomdecor\/wp-json\/wp\/v2\/comments?post=420"}],"wp:featuredmedia":[{"embeddable":true,"href":"https:\/\/demo.bmconnect.vn\/roomdecor\/wp-json\/wp\/v2\/media\/418"}],"wp:attachment":[{"href":"https:\/\/demo.bmconnect.vn\/roomdecor\/wp-json\/wp\/v2\/media?parent=420"}],"wp:term":[{"taxonomy":"product_cat","embeddable":true,"href":"https:\/\/demo.bmconnect.vn\/roomdecor\/wp-json\/wp\/v2\/product_cat?post=420"},{"taxonomy":"product_tag","embeddable":true,"href":"https:\/\/demo.bmconnect.vn\/roomdecor\/wp-json\/wp\/v2\/product_tag?post=420"}],"curies":[{"name":"wp","href":"https:\/\/api.w.org\/{rel}","templated":true}]}}