{"id":681,"date":"2018-03-04T01:20:17","date_gmt":"2018-03-03T18:20:17","guid":{"rendered":"https:\/\/demo.bmconnect.vn\/print3\/?page_id=681"},"modified":"2018-03-04T01:20:17","modified_gmt":"2018-03-03T18:20:17","slug":"bao-gia-in-nhanh-chung-chi-giay-khen","status":"publish","type":"page","link":"https:\/\/demo.bmconnect.vn\/print3\/bao-gia-in-nhanh-chung-chi-giay-khen\/","title":{"rendered":"B\u00e1o gi\u00e1 in nhanh Ch\u1ee9ng ch\u1ec9 &#8211; Gi\u1ea5y khen"},"content":{"rendered":"<div class=\"fc-article-lead margin-bottom-25px uk-text-bold\">\n<h2>B\u00e1o gi\u00e1 in nhanh Ch\u1ee9ng ch\u1ec9 &#8211; Gi\u1ea5y khen<\/h2>\n<h2><span style=\"color: #555555; font-size: 14.4px; line-height: 1.5;\">Quy\u0301 Kha\u0301ch ha\u0300ng l\u01a1\u0300i cha\u0300o tr\u00e2n tro\u0323ng va\u0300 ba\u0301o gia\u0301 in t\u1edd r\u01a1i kh\u1ed5 20\u00d720 cm<\/span><\/h2>\n<\/div>\n<div class=\"fc-article-content uk-margin-bottom\">\n<div class=\"uk-overflow-container\">\n<table class=\"bangbaogia\" border=\"0\" summary=\"Color Stripes style\">\n<thead>\n<tr>\n<th colspan=\"12\" scope=\"col\">B\u1ea2NG GI\u00c1 IN T\u1edc R\u01a0I KH\u1ed4 20\u00d720 CM \u2013 \u00a0IN 2 M\u1eb6T<\/th>\n<\/tr>\n<tr>\n<th scope=\"col\">LO\u1ea0I GI\u1ea4Y\/ S\u1ed0 L\u01af\u1ee2NG<\/th>\n<th scope=\"col\">500 T\u1edc<\/th>\n<th scope=\"col\">1.000 T\u1edc<\/th>\n<th scope=\"col\">2.000 T\u1edc<\/th>\n<th scope=\"col\">3.000 T\u1edc<\/th>\n<th scope=\"col\">4.000 T\u1edc<\/th>\n<th scope=\"col\">5.000 T\u1edc<\/th>\n<th scope=\"col\">6.000 T\u1edc<\/th>\n<th scope=\"col\"><strong>7.000\u00a0T\u1edc<\/strong><\/th>\n<th scope=\"col\">8.000 T\u1edc<\/th>\n<th scope=\"col\">9.000 T\u1edc<\/th>\n<th scope=\"col\">10.000 T\u1edc<\/th>\n<\/tr>\n<\/thead>\n<tfoot>\n<tr>\n<td colspan=\"12\" scope=\"row\"><strong>Ghi ch\u00fa:<\/strong>Mi\u1ec5n ph\u00ed thi\u1ebft k\u1ebf t\u1edd r\u01a1i<\/p>\n<p>\u0110\u01a1n gi\u00e1 ch\u01b0a bao g\u1ed3m 10% VAT, Th\u1eddi gian giao h\u00e0ng 1\u00a0\u2013 2\u00a0ng\u00e0y<\/p>\n<p>In tr\u00ean m\u00e1y in c\u00f4ng nghi\u1ec7p Offset 4 m\u00e0u<\/td>\n<\/tr>\n<\/tfoot>\n<tbody>\n<tr>\n<th scope=\"row\">GI\u1ea4Y C100<\/th>\n<td>2.080 \u0111<\/td>\n<td><span class=\"simptip-position-top\" data-tooltip=\"1,150,000\">1.150 \u0111<\/span><\/td>\n<td><span class=\"simptip-position-top\" data-tooltip=\"1,400,000\">700 \u0111<\/span><\/td>\n<td><span class=\"simptip-position-top\" data-tooltip=\"1,650,000\">550\u0111<\/span><\/td>\n<td><span class=\"simptip-position-top\" data-tooltip=\"1,840,000\">460 \u0111<\/span><\/td>\n<td><span class=\"simptip-position-top\" data-tooltip=\"2,100,000\">420 \u0111<\/span><\/td>\n<td><span class=\"simptip-position-top\" data-tooltip=\"2,340,000\">390 \u0111<\/span><\/td>\n<td>370 \u0111<\/td>\n<td>350 \u0111<\/td>\n<td><span class=\"simptip-position-top\" data-tooltip=\"3,060,000\">340 \u0111<\/span><\/td>\n<td><span class=\"simptip-position-top\" data-tooltip=\"3,200,000\">320 \u0111<\/span><\/td>\n<\/tr>\n<tr>\n<th scope=\"row\">GI\u1ea4Y C120<\/th>\n<td>2.100 \u0111<\/td>\n<td><span class=\"simptip-position-top\" data-tooltip=\"1,180,000\">1.180 \u0111<\/span><\/td>\n<td><span class=\"simptip-position-top\" data-tooltip=\"1,440,000\">720 \u0111<\/span><\/td>\n<td><span class=\"simptip-position-top\" data-tooltip=\"1,680,000\">560 \u0111<\/span><\/td>\n<td><span class=\"simptip-position-top\" data-tooltip=\"1,960,000\">490 \u0111<\/span><\/td>\n<td><span class=\"simptip-position-top\" data-tooltip=\"2,250,000\">450 \u0111<\/span><\/td>\n<td><span class=\"simptip-position-top\" data-tooltip=\"2,520,000\">420 \u0111<\/span><\/td>\n<td>400 \u0111<\/td>\n<td>380 \u0111<\/td>\n<td><span class=\"simptip-position-top\" data-tooltip=\"3,240,000\">360 \u0111<\/span><\/td>\n<td><span class=\"simptip-position-top\" data-tooltip=\"3,500,000\">350 \u0111<\/span><\/td>\n<\/tr>\n<tr>\n<th scope=\"row\">GI\u1ea4Y C 150<\/th>\n<td>2.150 \u0111<\/td>\n<td><span class=\"simptip-position-top\" data-tooltip=\"1,200,000\">1.200 \u0111\u00a0<\/span><\/td>\n<td><span class=\"simptip-position-top\" data-tooltip=\"1,520,000\">760 \u0111<\/span><\/td>\n<td><span class=\"simptip-position-top\" data-tooltip=\"1,770,000\">590 \u0111<\/span><\/td>\n<td><span class=\"simptip-position-top\" data-tooltip=\"2,080,000\">520 \u0111<\/span><\/td>\n<td><span class=\"simptip-position-top\" data-tooltip=\"2,400,000\">480 \u0111<\/span><\/td>\n<td><span class=\"simptip-position-top\" data-tooltip=\"2,700,000\">450 \u0111<\/span><\/td>\n<td>440 \u0111<\/td>\n<td>420 \u0111<\/td>\n<td><span class=\"simptip-position-top\" data-tooltip=\"3,600,000\">400 \u0111<\/span><\/td>\n<td><span class=\"simptip-position-top\" data-tooltip=\"3,800,000\">380 \u0111<\/span><\/td>\n<\/tr>\n<tr>\n<th scope=\"row\">GI\u1ea4Y C 200<\/th>\n<td>2.250 \u0111<\/td>\n<td><span class=\"simptip-position-top\" data-tooltip=\"1,260,000\">1.260 \u0111<\/span><\/td>\n<td><span class=\"simptip-position-top\" data-tooltip=\"1,700,000\">850 \u0111<\/span><\/td>\n<td><span class=\"simptip-position-top\" data-tooltip=\"1,950,000\">650 \u0111<\/span><\/td>\n<td><span class=\"simptip-position-top\" data-tooltip=\"2,320,000\">580 \u0111<\/span><\/td>\n<td><span class=\"simptip-position-top\" data-tooltip=\"2,750,000\">550 \u0111<\/span><\/td>\n<td><span class=\"simptip-position-top\" data-tooltip=\"3,180,000\">530 \u0111<\/span><\/td>\n<td>510 \u0111<\/td>\n<td>490 \u0111<\/td>\n<td><span class=\"simptip-position-top\" data-tooltip=\"4,230,000\">470 \u0111<\/span><\/td>\n<td><span class=\"simptip-position-top\" data-tooltip=\"4,600,000\">460 \u0111<\/span><\/td>\n<\/tr>\n<tr>\n<th scope=\"row\">GI\u1ea4Y C250<\/th>\n<td>2.350 \u0111<\/td>\n<td><span class=\"simptip-position-top\" data-tooltip=\"1,350,000\">1.350 \u0111<\/span><\/td>\n<td><span class=\"simptip-position-top\" data-tooltip=\"1,800,000\">900 \u0111<\/span><\/td>\n<td><span class=\"simptip-position-top\" data-tooltip=\"2,130,000\">710 \u0111<\/span><\/td>\n<td><span class=\"simptip-position-top\" data-tooltip=\"2,600,000\">650 \u0111<\/span><\/td>\n<td><span class=\"simptip-position-top\" data-tooltip=\"3,050,000\">610 \u0111<\/span><\/td>\n<td><span class=\"simptip-position-top\" data-tooltip=\"3,540,000\">590 \u0111<\/span><\/td>\n<td>580 \u0111<\/td>\n<td>560 \u0111<\/td>\n<td><span class=\"simptip-position-top\" data-tooltip=\"4,860,000\">540 \u0111<\/span><\/td>\n<td><span class=\"simptip-position-top\" data-tooltip=\"5,200,000\">520 \u0111<\/span><\/td>\n<\/tr>\n<tr>\n<th scope=\"row\">GI\u1ea4Y C300<\/th>\n<td>2.450 \u0111<\/td>\n<td><span class=\"simptip-position-top\" data-tooltip=\"1,450,000\">1.450 \u0111<\/span><\/td>\n<td><span class=\"simptip-position-top\" data-tooltip=\"1,960,000\">980 \u0111<\/span><\/td>\n<td><span class=\"simptip-position-top\" data-tooltip=\"2,340,000\">780 \u0111<\/span><\/td>\n<td><span class=\"simptip-position-top\" data-tooltip=\"2,720,000\">680 \u0111<\/span><\/td>\n<td><span class=\"simptip-position-top\" data-tooltip=\"2,500,000\">500 \u0111<\/span><\/td>\n<td><span class=\"simptip-position-top\" data-tooltip=\"3,900,000\">650 \u0111<\/span><\/td>\n<td>640 \u0111<\/td>\n<td>620 \u0111<\/td>\n<td><span class=\"simptip-position-top\" data-tooltip=\"5,400,000\">600 \u0111<\/span><\/td>\n<td><span class=\"simptip-position-top\" data-tooltip=\"5,800,000\">580 \u0111<\/span><\/td>\n<\/tr>\n<\/tbody>\n<\/table>\n<\/div>\n<p>Qu\u00fd kh\u00e1ch\u00a0c\u00f3 \u0111\u01a1n h\u00e0ng c\u1ea7n <u>b\u00e1o\u00a0gi\u00e1 in t\u1edd r\u01a1i kh\u1ed5 20 x 20 cm<\/u>\u00a0h\u00e3y g\u1eedi mail l\u1ea1i cho In Ng\u1ecdc H\u01b0\u01a1ng, In Ng\u1ecdc H\u01b0\u01a1ng s\u1ebd b\u00e1o gi\u00e1 in t\u1edd r\u01a1i kh\u1ed5 20\u00d720(cm) chi ti\u1ebft v\u1edbi t\u1ed1t nh\u1ea5t d\u00e0nh cho qu\u00fd kh\u00e1ch!!!<\/p>\n<\/div>\n","protected":false},"excerpt":{"rendered":"<p>B\u00e1o gi\u00e1 in nhanh Ch\u1ee9ng ch\u1ec9 &#8211; Gi\u1ea5y khen Quy\u0301 Kha\u0301ch ha\u0300ng l\u01a1\u0300i cha\u0300o tr\u00e2n tro\u0323ng va\u0300 ba\u0301o gia\u0301 in t\u1edd r\u01a1i kh\u1ed5 20\u00d720 cm B\u1ea2NG GI\u00c1 IN T\u1edc R\u01a0I KH\u1ed4 20\u00d720 CM \u2013 \u00a0IN 2 M\u1eb6T LO\u1ea0I GI\u1ea4Y\/ S\u1ed0 L\u01af\u1ee2NG 500 T\u1edc 1.000 T\u1edc 2.000 T\u1edc 3.000 T\u1edc 4.000 T\u1edc 5.000 T\u1edc 6.000 T\u1edc [&#8230;]\n","protected":false},"author":1,"featured_media":0,"parent":0,"menu_order":0,"comment_status":"closed","ping_status":"closed","template":"page-right-sidebar.php","meta":[],"_links":{"self":[{"href":"https:\/\/demo.bmconnect.vn\/print3\/wp-json\/wp\/v2\/pages\/681"}],"collection":[{"href":"https:\/\/demo.bmconnect.vn\/print3\/wp-json\/wp\/v2\/pages"}],"about":[{"href":"https:\/\/demo.bmconnect.vn\/print3\/wp-json\/wp\/v2\/types\/page"}],"author":[{"embeddable":true,"href":"https:\/\/demo.bmconnect.vn\/print3\/wp-json\/wp\/v2\/users\/1"}],"replies":[{"embeddable":true,"href":"https:\/\/demo.bmconnect.vn\/print3\/wp-json\/wp\/v2\/comments?post=681"}],"version-history":[{"count":0,"href":"https:\/\/demo.bmconnect.vn\/print3\/wp-json\/wp\/v2\/pages\/681\/revisions"}],"wp:attachment":[{"href":"https:\/\/demo.bmconnect.vn\/print3\/wp-json\/wp\/v2\/media?parent=681"}],"curies":[{"name":"wp","href":"https:\/\/api.w.org\/{rel}","templated":true}]}}