{"id":294,"date":"2017-06-15T16:29:11","date_gmt":"2017-06-15T09:29:11","guid":{"rendered":"https:\/\/demo.bmconnect.vn\/print2\/?page_id=294"},"modified":"2017-06-16T11:18:54","modified_gmt":"2017-06-16T04:18:54","slug":"cung-cap-vat-tu-quang-cao","status":"publish","type":"page","link":"https:\/\/demo.bmconnect.vn\/print2\/dich-vu\/cung-cap-vat-tu-quang-cao\/","title":{"rendered":"Cung c\u1ea5p v\u1eadt t\u01b0 qu\u1ea3ng c\u00e1o"},"content":{"rendered":"<h1 class=\"title_page\">CUNG C\u1ea4P V\u1eacT T\u01af QU\u1ea2NG C\u00c1O<\/h1>\n<div class=\"post-content\">\n<p>Ngo\u00e0i d\u1ecbch v\u1ee5 thi\u1ebft k\u1ebf s\u00e1ng t\u1ea1o v\u00e0 in \u1ea5n, ch\u00fang t\u00f4i chuy\u00ean nh\u1eadp kh\u1ea9u v\u00e0 cung c\u1ea5p c\u00e1c thi\u1ebft b\u1ecb ph\u1ee5c v\u1ee5 qu\u1ea3ng c\u00e1o ngo\u00e0i tr\u1eddi. C\u00e1c lo\u1ea1i v\u1eadt t\u01b0 qu\u1ea3ng c\u00e1o c\u00f3 gi\u00e1 c\u1ea1nh tranh nh\u1ea5t t\u1ea1i H\u00e0 N\u1ed9i. Indongnam \u0111\u00e3 v\u00e0 \u0111ang cung c\u1ea5p v\u1eadt ph\u1ea9m, thi\u1ebft b\u1ecb qu\u1ea3ng c\u00e1o s\u1ef1 ki\u1ec7n cho r\u1ea5t nhi\u1ec1u doanh nghi\u1ec7p t\u1ed5 ch\u1ee9c truy\u1ec1n th\u00f4ng, s\u1ef1 ki\u1ec7n. Cung c\u1ea5p b\u00e1n bu\u00f4n, b\u00e1n l\u1ebb, giao h\u00e0ng t\u1eadn c\u00f4ng tr\u00ecnh theo y\u00eau c\u1ea7u:<\/p>\n<p><em><strong>C\u00e1c lo\u1ea1i v\u1eadt d\u1ee5ng h\u1ed7 tr\u1ee3 qu\u1ea3ng c\u00e1o ch\u00fang t\u00f4i \u0111ang cung c\u1ea5p:<\/strong><\/em><\/p>\n<p>&nbsp;<\/p>\n<p><em><strong><img src=\"http:\/\/indongnam.com.vn\/uploads\/Standee.jpg\" alt=\"gi\u00e1 ch\u1eef x\" width=\"600\" \/><\/strong><\/em><\/p>\n<p>Gi\u00e1 ch\u1eef X &#8211; Gi\u00e1 standee d\u00f9ng treo banner qu\u1ea3ng c\u00e1o<\/p>\n<p>&nbsp;<\/p>\n<p><img src=\"http:\/\/indongnam.com.vn\/uploads\/standee1.jpg\" alt=\"gi\u00e1 k\u00e9o, gi\u00e1 cu\u1ed1n standee\" width=\"600\" \/><\/p>\n<p>Gi\u00e1 k\u00e9o &#8211; gi\u00e1 cu\u1ed1n d\u00f9ng treo nanner qu\u1ea3ng c\u00e1o<\/p>\n<p><img src=\"http:\/\/indongnam.com.vn\/uploads\/suot-treo-banner.jpg\" alt=\"b\u00e1n su\u1ed1t treo banner\" width=\"600\" \/><\/p>\n<p>Su\u1ed1t treo b\u1eb1ng tr\u00fac, g\u1ed7, inox d\u00f9ng treo b\u0103ng r\u00f4n<\/p>\n<p>&nbsp;<\/p>\n<p><img src=\"http:\/\/indongnam.com.vn\/uploads\/khung-tranh.jpg\" alt=\"\" \/><\/p>\n<p>Khung tranh, khung \u1ea3nh qu\u1ea3ng c\u00e1o d\u00f9ng trang tr\u00ed n\u1ed9i th\u1ea5t, s\u1ef1 ki\u00ean<\/p>\n<\/div>\n","protected":false},"excerpt":{"rendered":"<p>CUNG C\u1ea4P V\u1eacT T\u01af QU\u1ea2NG C\u00c1O Ngo\u00e0i d\u1ecbch v\u1ee5 thi\u1ebft k\u1ebf s\u00e1ng t\u1ea1o v\u00e0 in \u1ea5n, ch\u00fang t\u00f4i chuy\u00ean nh\u1eadp kh\u1ea9u v\u00e0 cung c\u1ea5p c\u00e1c thi\u1ebft b\u1ecb ph\u1ee5c v\u1ee5 qu\u1ea3ng c\u00e1o ngo\u00e0i tr\u1eddi. C\u00e1c lo\u1ea1i v\u1eadt t\u01b0 qu\u1ea3ng c\u00e1o c\u00f3 gi\u00e1 c\u1ea1nh tranh nh\u1ea5t t\u1ea1i H\u00e0 N\u1ed9i. Indongnam \u0111\u00e3 v\u00e0 \u0111ang cung c\u1ea5p v\u1eadt ph\u1ea9m, [&#8230;]\n","protected":false},"author":1,"featured_media":0,"parent":320,"menu_order":0,"comment_status":"closed","ping_status":"closed","template":"page-right-sidebar.php","meta":[],"_links":{"self":[{"href":"https:\/\/demo.bmconnect.vn\/print2\/wp-json\/wp\/v2\/pages\/294"}],"collection":[{"href":"https:\/\/demo.bmconnect.vn\/print2\/wp-json\/wp\/v2\/pages"}],"about":[{"href":"https:\/\/demo.bmconnect.vn\/print2\/wp-json\/wp\/v2\/types\/page"}],"author":[{"embeddable":true,"href":"https:\/\/demo.bmconnect.vn\/print2\/wp-json\/wp\/v2\/users\/1"}],"replies":[{"embeddable":true,"href":"https:\/\/demo.bmconnect.vn\/print2\/wp-json\/wp\/v2\/comments?post=294"}],"version-history":[{"count":2,"href":"https:\/\/demo.bmconnect.vn\/print2\/wp-json\/wp\/v2\/pages\/294\/revisions"}],"predecessor-version":[{"id":661,"href":"https:\/\/demo.bmconnect.vn\/print2\/wp-json\/wp\/v2\/pages\/294\/revisions\/661"}],"up":[{"embeddable":true,"href":"https:\/\/demo.bmconnect.vn\/print2\/wp-json\/wp\/v2\/pages\/320"}],"wp:attachment":[{"href":"https:\/\/demo.bmconnect.vn\/print2\/wp-json\/wp\/v2\/media?parent=294"}],"curies":[{"name":"wp","href":"https:\/\/api.w.org\/{rel}","templated":true}]}}