{"id":292,"date":"2017-06-15T16:29:01","date_gmt":"2017-06-15T09:29:01","guid":{"rendered":"https:\/\/demo.bmconnect.vn\/print2\/?page_id=292"},"modified":"2017-06-16T11:17:12","modified_gmt":"2017-06-16T04:17:12","slug":"san-xuat-va-in-bao-bi-nilon","status":"publish","type":"page","link":"https:\/\/demo.bmconnect.vn\/print2\/dich-vu\/san-xuat-va-in-bao-bi-nilon\/","title":{"rendered":"S\u1ea3n xu\u1ea5t v\u00e0 in bao b\u00ec nilon"},"content":{"rendered":"<div class=\"site-map\">\n<ul class=\"breadcrumb\">\n<li><a title=\"Trang ch\u1ee7\" href=\"https:\/\/aukeyvietnam.com\/\">Trang ch\u1ee7<\/a><\/li>\n<li><a title=\"S\u1ea3n xu\u1ea5t v\u00e0 in bao b\u00ec nilon\" href=\"https:\/\/aukeyvietnam.com\/dich-vu\/san-xuat-va-in-bao-bi-nilon.html\">S\u1ea3n xu\u1ea5t v\u00e0 in bao b\u00ec nilon<\/a><\/li>\n<\/ul>\n<\/div>\n<div class=\"left_content\">\n<h1 class=\"title_page\">S\u1ea2N XU\u1ea4T V\u00c0 IN BAO B\u00cc NILON<\/h1>\n<div class=\"post-content\">\n<p>In bao b\u00ec nilon v\u00e0 in offset l\u00e0 m\u1ed9t trong nh\u1eefng l\u0129nh v\u1ef1c ph\u00e1t tri\u1ec3n nh\u1ea5t c\u1ee7a ng\u00e0nh in. In bao b\u00ec nilon cung c\u1ea5p ch\u1ee7 y\u1ebfu c\u00e1c lo\u1ea1i t\u00fai, gi\u1ea5y g\u00f3i, m\u00e0ng b\u1ea3o qu\u1ea3n, trang tr\u00ed cho t\u1ea5t c\u1ea3 c\u00e1c m\u1eb7t h\u00e0ng. H\u1ea7u h\u1ebft c\u00e1c lo\u1ea1i h\u00e0ng h\u00f3a tr\u00ean th\u1ecb tr\u01b0\u1eddng hi\u1ec7n nay \u0111\u1ec1u s\u1eed d\u1ee5ng bao b\u00ec nilon. Khi c\u00e1c ch\u1ea5t li\u1ec7u th\u00e2n thi\u1ec7n m\u00f4i tr\u01b0\u1eddng ch\u01b0a th\u1ec3 thay th\u1ebf ni l\u00f4ng b\u1edfi gi\u00e1 th\u00e0nh cao v\u00e0 kh\u00f3 s\u1ea3n xu\u1ea5t \u0111\u1ea1i tr\u00e0 th\u00ec bao b\u00ec nilon v\u1eabn \u0111\u01b0\u1ee3c s\u1eed d\u1ee5ng ch\u1ee7 \u0111\u1ea1o c\u1ee7a c\u00e1c doanh nghi\u1ec7p s\u1ea3n xu\u1ea5t h\u00e0ng h\u00f3a. Indongnam hi\u1ec7n \u0111ang cung c\u1ea5p 2 m\u1ea3ng in bao b\u00ec nilon ch\u00ednh \u0111\u00f3 l\u00e0 in bao b\u00ec nilon b\u1eb1ng m\u00e1y in \u1ed1ng \u0111\u1ed3ng v\u00e0 in t\u00fai ni l\u00f4ng b\u1eb1ng m\u00e1y in l\u01b0\u1edbi.<\/p>\n<p>In bao b\u00ec nilon b\u1eb1ng m\u00e1y in \u1ed1ng \u0111\u1ed3ng k\u1ebft h\u1ee3p v\u1edbi m\u00e1y gia c\u00f4ng bao b\u00ec sau in \u00e1p d\u1ee5ng cho in bao b\u00ec nilon v\u1edbi s\u1ed1 l\u01b0\u1ee3ng nhi\u1ec1u. Ch\u00fang t\u00f4i \u0111\u00e3 v\u00e0 \u0111ang in \u1ea5n, cung c\u1ea5p c\u00e1c lo\u1ea1i bao b\u00ec, t\u00fai \u0111\u1ef1ng, m\u00e0ng co, m\u00e0ng ph\u1ee9c h\u1ee3p cho r\u1ea5t nhi\u1ec1u c\u00e1c m\u1eb7t h\u00e0ng c\u1ee7a c\u00e1c l\u0129nh v\u1ef1c s\u1ea3n xu\u1ea5t th\u1ef1c ph\u1ea9m, d\u01b0\u1ee3c ph\u1ea9m, ng\u00e0nh may m\u1eb7c, v\u00e0 c\u00e1c m\u1eb7t h\u00e0ng ti\u00eau d\u00f9ng kh\u00e1c&#8230;<\/p>\n<p>&nbsp;<\/p>\n<p><strong>M\u00e1y in \u1ed1ng \u0111\u1ed3ng<\/strong><\/p>\n<p><strong><img src=\"http:\/\/indongnam.com.vn\/uploads\/may_in_lilon_1.jpg\" alt=\"m\u00e1y in \u1ed1ng \u0111\u1ed3ng in bao b\u00ec nilon\" width=\"600\" \/><\/strong><\/p>\n<p>&nbsp;<\/p>\n<p><img src=\"http:\/\/indongnam.com.vn\/uploads\/xuong_in_tui_nilon.jpg\" alt=\"m\u00e1y in bao b\u00ec ni l\u00f4ng\" width=\"600\" \/><\/p>\n<p>&nbsp;<\/p>\n<p><strong>M\u00e1y th\u1ed5i m\u00e0ng nilon<\/strong><\/p>\n<p><img src=\"http:\/\/indongnam.com.vn\/uploads\/xuong_in_tui_ni_long.jpg\" alt=\"m\u00e1y th\u1ed5i m\u00e0ng ni l\u00f4ng, t\u00fai b\u00f3ng\" width=\"600\" \/><\/p>\n<p>&nbsp;<\/p>\n<p><img loading=\"lazy\" src=\"http:\/\/indongnam.com.vn\/uploads\/may_thoi_tui_nilon.jpg\" alt=\"s\u1ea3n xu\u1ea5t bao b\u00ec ni l\u00f4ng\" width=\"600\" height=\"450\" \/><\/p>\n<p>&nbsp;<\/p>\n<p>In bao b\u00ec nilon b\u1eb1ng m\u00e1y in l\u01b0\u1edbi \u00e1p d\u1ee5ng cho c\u00e1c s\u1ea3n ph\u1ea9m \u0111\u01b0\u1ee3c s\u1ea3n xu\u1ea5t \u0111\u1ea1i tr\u00e0 \u1edf d\u1ea1ng ph\u00f4i, ph\u01b0\u01a1ng ph\u00e1p in n\u00e0y ph\u00f9 h\u1ee3p v\u1edbi nhu c\u1ea7u in \u1ea5n v\u1edbi s\u1ed1 l\u01b0\u1ee3ng \u00edt v\u00e0 c\u00e1c ph\u1ed1i m\u00e0u \u0111\u01a1n gi\u1ea3n. \u01afu \u0111i\u1ec3m l\u00e0 in nhanh, gi\u00e1 th\u00e0nh r\u1ebb, kh\u00f4ng t\u1ed1n chi ph\u00ed khu\u00f4n in v\u00e0 d\u1ec5 d\u00e0ng thay \u0111\u1ed5i m\u1ea5u m\u00e3. Ch\u00fang t\u00f4i hi\u1ec7n \u0111ang cung c\u1ea5p c\u00e1c lo\u1ea1i bao b\u00ec nilon b\u1eb1ng ph\u01b0\u01a1ng ph\u00e1p in l\u01b0\u1edbi \u0111\u00f3 l\u00e0: In t\u00fai ni l\u00f4ng x\u00e1ch h\u00e0ng s\u1eed trong b\u00e1n h\u00e0ng, in t\u00fai \u0111\u1ef1ng ch\u00e8 d\u1ea1ng ph\u00f4i, in t\u00fai size qu\u1ea7n \u00e1o v\u00e0 in n\u1ed9i dung l\u00ean c\u00e1c lo\u1ea1i t\u00fai nilon th\u00e0nh ph\u1ea9m kh\u00e1c.<\/p>\n<p>\u01afu \u0111i\u1ec3m c\u1ee7a in bao b\u00ec nilon b\u1eb1ng m\u00e1y in l\u01b0\u1edbi c\u1ee7a ch\u00fang t\u00f4i ch\u00ednh l\u00e0 s\u1eed d\u1ee5ng tr\u1ef1c ti\u1ebfp m\u1ef1c in \u1ed1ng \u0111\u1ed3ng v\u00e0 dung m\u00f4i d\u00f9ng trong in c\u00f4ng nghi\u1ec7p m\u00e0 kh\u00f4ng c\u1ea7n d\u00f9ng \u0111\u1ebfn ch\u1ea5t ph\u1ee5 gia c\u00e1c khi\u1ebfn cho m\u00e0u s\u1eafc t\u01b0\u01a1i, s\u1eafc n\u00e9t v\u00e0 \u0111\u1ed9 b\u1ec1n m\u00e0u kh\u00f4ng k\u00e9m in \u1ed1ng \u0111\u1ed3ng.<\/p>\n<p>&nbsp;<\/p>\n<p><strong>M\u00e1y in l\u01b0\u1edbi (in l\u1ee5a &#8211; silk printing)<\/strong><\/p>\n<p><img src=\"http:\/\/indongnam.com.vn\/uploads\/in-tui-ni-long-1.jpg\" alt=\"\" \/><\/p>\n<p>&nbsp;<\/p>\n<p><img src=\"http:\/\/indongnam.com.vn\/uploads\/in-tui-ni-long.jpg\" alt=\"\" \/><\/p>\n<p>&nbsp;<\/p>\n<p>H\u1ea7u h\u1ebft kh\u00e1ch h\u00e0ng s\u1eed d\u1ee5ng ph\u01b0\u01a1ng ph\u00e1p in n\u00e0y c\u1ee7a ch\u00fang t\u00f4i \u0111\u1ec1u h\u00e0i l\u00f2ng v\u1ec1 ch\u1ea5t l\u01b0\u1ee3ng c\u0169ng nh\u01b0 gi\u00e1 th\u00e0nh. Khi c\u00f3 nhu c\u1ea7u qu\u00fd kh\u00e1ch h\u00e3y li\u00ean h\u1ec7 t\u1ea1i v\u0103n ph\u00f2ng indongnam \u0111\u1ec3 xem m\u1eabu v\u00e0 \u0111\u01b0\u1ee3c t\u01b0 v\u1ea5n chi ti\u1ebft v\u1ec1 s\u1ea3n ph\u1ea9m.<\/p>\n<\/div>\n<\/div>\n","protected":false},"excerpt":{"rendered":"<p>Trang ch\u1ee7 S\u1ea3n xu\u1ea5t v\u00e0 in bao b\u00ec nilon S\u1ea2N XU\u1ea4T V\u00c0 IN BAO B\u00cc NILON In bao b\u00ec nilon v\u00e0 in offset l\u00e0 m\u1ed9t trong nh\u1eefng l\u0129nh v\u1ef1c ph\u00e1t tri\u1ec3n nh\u1ea5t c\u1ee7a ng\u00e0nh in. In bao b\u00ec nilon cung c\u1ea5p ch\u1ee7 y\u1ebfu c\u00e1c lo\u1ea1i t\u00fai, gi\u1ea5y g\u00f3i, m\u00e0ng b\u1ea3o qu\u1ea3n, trang tr\u00ed cho t\u1ea5t [&#8230;]\n","protected":false},"author":1,"featured_media":0,"parent":320,"menu_order":0,"comment_status":"closed","ping_status":"closed","template":"page-right-sidebar.php","meta":[],"_links":{"self":[{"href":"https:\/\/demo.bmconnect.vn\/print2\/wp-json\/wp\/v2\/pages\/292"}],"collection":[{"href":"https:\/\/demo.bmconnect.vn\/print2\/wp-json\/wp\/v2\/pages"}],"about":[{"href":"https:\/\/demo.bmconnect.vn\/print2\/wp-json\/wp\/v2\/types\/page"}],"author":[{"embeddable":true,"href":"https:\/\/demo.bmconnect.vn\/print2\/wp-json\/wp\/v2\/users\/1"}],"replies":[{"embeddable":true,"href":"https:\/\/demo.bmconnect.vn\/print2\/wp-json\/wp\/v2\/comments?post=292"}],"version-history":[{"count":2,"href":"https:\/\/demo.bmconnect.vn\/print2\/wp-json\/wp\/v2\/pages\/292\/revisions"}],"predecessor-version":[{"id":660,"href":"https:\/\/demo.bmconnect.vn\/print2\/wp-json\/wp\/v2\/pages\/292\/revisions\/660"}],"up":[{"embeddable":true,"href":"https:\/\/demo.bmconnect.vn\/print2\/wp-json\/wp\/v2\/pages\/320"}],"wp:attachment":[{"href":"https:\/\/demo.bmconnect.vn\/print2\/wp-json\/wp\/v2\/media?parent=292"}],"curies":[{"name":"wp","href":"https:\/\/api.w.org\/{rel}","templated":true}]}}