{"id":288,"date":"2017-06-15T16:28:42","date_gmt":"2017-06-15T09:28:42","guid":{"rendered":"https:\/\/demo.bmconnect.vn\/print2\/?page_id=288"},"modified":"2017-06-16T11:13:23","modified_gmt":"2017-06-16T04:13:23","slug":"dich-vu-in-luoi","status":"publish","type":"page","link":"https:\/\/demo.bmconnect.vn\/print2\/dich-vu\/dich-vu-in-luoi\/","title":{"rendered":"D\u1ecbch v\u1ee5 in l\u01b0\u1edbi"},"content":{"rendered":"<h1 class=\"title_page\">D\u1ecaCH V\u1ee4 IN L\u01af\u1edaI NHI\u1ec0U CH\u1ea4T LI\u1ec6U<\/h1>\n<div class=\"post-content\">\n<p>In l\u01b0\u1edbi l\u00e0 m\u1ed9t trong nh\u1eefng d\u1ecbch v\u1ee5 in \u1ea5n r\u1ea5t l\u00e2u \u0111\u1eddi \u1edf Vi\u1ec7t Nam, cho \u0111\u1ebfn kho\u1ea3ng h\u01a1n 10 n\u0103m v\u1ec1 tr\u01b0\u1edbc ngh\u1ec1 in l\u01b0\u1edbi v\u1eabn r\u1ea5t ph\u1ed5 bi\u1ebfn v\u00e0 l\u00e0 m\u1ed9t trong nh\u1eefng lo\u1ea1i h\u00ecnh in \u1ea5n h\u1eefu d\u1ee5ng nh\u1ea5t th\u1eddi \u0111i\u1ec3m \u0111\u00f3. Hi\u1ec7n nay d\u1ecbch v\u1ee5 in l\u01b0\u1edbi d\u1ea7n \u00edt h\u01a1n b\u1edfi thay th\u1ebf v\u00e0o \u0111\u00f3 l\u00e0 c\u00e1c lo\u1ea1i m\u00e1y in k\u1ef9 thu\u1eadt s\u1ed1 v\u00e0 gi\u00e1 th\u00e0nh c\u1ee7a in offset r\u1ebb h\u01a1n tr\u01b0\u1edbc. Tuy nhi\u00ean d\u1ecbch v\u1ee5 in l\u01b0\u1edbi v\u1eabn \u0111\u00f3ng vai tr\u00f2 r\u1ea5t quan tr\u1ecdng v\u00e0 kh\u00f4ng th\u1ec3 thi\u1ebfu trong ng\u00e0nh in. in l\u01b0\u1edbi h\u1ed7 tr\u1ee3 \u0111\u1eafc l\u1ef1c cho m\u00e1y in c\u00f4ng nghi\u1ec7p, d\u00f9ng in c\u00e1c s\u1ea3n ph\u1ea9m c\u00f3 ch\u1ea5t li\u1ec7u kh\u00e1c nhau nh\u01b0 gi\u1ea5y, nilon, mica, nh\u1ef1a, kim lo\u1ea1i, da, n\u1ec9, v\u1ea3i&#8230; in n\u1ed9i dung l\u00ean c\u00e1c s\u1ea3n ph\u1ea9m \u0111\u00e3 \u0111\u01b0\u1ee3c s\u1ea3n xu\u1ea5t ra th\u00e0nh ph\u1ea9m (in ph\u00f4i th\u00e0nh ph\u1ea9m) nh\u01b0 c\u00e1c lo\u1ea1i t\u00fai nilon, in phong b\u00ec. in \u00e1o&#8230;<\/p>\n<p>L\u00e0 m\u1ed9t trong nh\u1eefng doanh nghi\u1ec7p c\u00f3 ngh\u1ec1 in l\u01b0\u1edbi l\u00e2u n\u0103m t\u1ea1i H\u00e0 N\u1ed9i, indongnam v\u1edbi \u0111\u1ed9i ng\u0169 th\u1ee3 in kinh nghi\u1ec7m, y\u00eau ngh\u1ec1, x\u01b0\u1edfng c\u1ee7a ch\u00fang t\u00f4i \u0111\u1ea7y \u0111\u1ee7 c\u00e1c lo\u1ea1i m\u00e1y in l\u01b0\u1edbi nh\u01b0: m\u00e1y in l\u01b0\u1edbi th\u1ee7 c\u00f4ng g\u1ea1t tay, m\u00e1y in l\u01b0\u1edbi ph\u1eb3ng c\u00f4ng nghi\u1ec7p, m\u00e1y in l\u01b0\u1edbi b\u1ec1 m\u1eb7t tr\u00f2n&#8230; \u0111\u00e3 v\u00e0 \u0111ang s\u1ea3n xu\u1ea5t, cung c\u1ea5p r\u1ea5t nhi\u1ec1u c\u00e1c lo\u1ea1i \u1ea5n ph\u1ea9m cho c\u00e1c t\u1ed5 ch\u1ee9c, doanh nghi\u1ec7p m\u00e0 c\u00e1c \u1ea5n ph\u1ea9m \u0111\u00f3 kh\u00f4ng in \u0111\u01b0\u1ee3c tr\u00ean m\u00e1y in c\u00f4ng nghi\u1ec7p.<\/p>\n<p>C\u00e1c lo\u1ea1i \u1ea5n ph\u1ea9m ch\u00fang t\u00f4i \u0111ang in \u1ea5n s\u1ea3n xu\u1ea5t b\u1eb1ng c\u00f4ng ngh\u1ec7 in l\u01b0\u1edbi g\u1ed3m: In t\u00fai nilon th\u00e0nh ph\u1ea9m, in phong b\u00ec th\u00e0nh ph\u1ea9m, in bao b\u00ec t\u1ea3i, in \u00e1o th\u00e0nh ph\u1ea9m, in nh\u00e3n m\u00e1c, bi\u1ec3n hi\u1ec7u b\u1eb1ng c\u00e1c ch\u1ea5t li\u1ec7u kh\u00e1c nhau, in qu\u00e0 t\u1eb7ng, in bao b\u00ec d\u1ea1ng \u1ed1ng.<\/p>\n<p>&nbsp;<\/p>\n<p>M\u1ed9t s\u1ed1 h\u00ecnh \u1ea3nh v\u1ec1 c\u00f4ng ngh\u1ec7\u00a0in l\u01b0\u1edbi (Silk printing)<\/p>\n<p><img src=\"http:\/\/indongnam.com.vn\/uploads\/in_luoi_kho_lon.jpg\" alt=\"in l\u01b0\u1edbi\" width=\"600\" \/><\/p>\n<p>&nbsp;<\/p>\n<p><img src=\"http:\/\/indongnam.com.vn\/uploads\/in_luoi_1.jpg\" alt=\"C\u00f4ng ngh\u1ec7 in l\u01b0\u1edbi\" width=\"600\" \/><\/p>\n<p>&nbsp;<\/p>\n<p><img src=\"http:\/\/indongnam.com.vn\/uploads\/may_in_luoi_truc_quay.jpg\" alt=\"m\u00e1y in l\u01b0\u1edbi xoay\" width=\"600\" \/><\/p>\n<p>&nbsp;<\/p>\n<p><img src=\"http:\/\/indongnam.com.vn\/uploads\/may_in_luoi_tu_dong.jpg\" alt=\"m\u00e1y in l\u01b0\u1edbi t\u1ef1 \u0111\u1ed9ng\" width=\"400\" \/><\/p>\n<p>&nbsp;<\/p>\n<p><img src=\"http:\/\/indongnam.com.vn\/uploads\/xuong_in_luoi.jpg\" alt=\"in l\u01b0\u1edbi, in l\u1ee5a tr\u00ean \u00e1o\" width=\"600\" \/><\/p>\n<p>&nbsp;<\/p>\n<p><img src=\"http:\/\/indongnam.com.vn\/uploads\/in_luoi_len_ao.jpg\" alt=\"in l\u01b0\u1edbi l\u00ean qu\u1ea7n \u00e1o\" width=\"600\" \/><\/p>\n<p>&nbsp;<\/p>\n<p><img src=\"http:\/\/indongnam.com.vn\/uploads\/in_luoi_tren_ao.jpg\" alt=\"in l\u01b0\u1edbi l\u00ean \u00e1o thun\" width=\"600\" \/><\/p>\n<p>&nbsp;<\/p>\n<p><img src=\"http:\/\/indongnam.com.vn\/uploads\/san_pham_in_luoi.jpg\" alt=\"in l\u01b0\u1edb l\u00ean d\u00e2y \u0111eo th\u1ebb\" width=\"600\" \/><\/p>\n<p>&nbsp;<\/p>\n<p><img src=\"http:\/\/indongnam.com.vn\/uploads\/in-tui-nilon-le-cuong.jpg\" alt=\"in t\u00fai ni l\u00f4ng\" width=\"600\" \/><\/p>\n<p>&nbsp;<\/p>\n<p>Cung c\u1ea5p \u0111a d\u1ea1ng lo\u1ea1i h\u00ecnh d\u1ecbch v\u1ee5 in \u1ea5n n\u00ean t\u00f9y m\u1ee5c \u0111\u00edch s\u1eed d\u1ee5ng v\u00e0 nhu c\u1ea7u th\u1ef1c t\u1ebf c\u1ee7a kh\u00e1ch h\u00e0ng, chung t\u00f4i s\u1ebd t\u01b0 v\u1ea5n v\u00e0 l\u1ef1a ch\u1ecdn ph\u01b0\u01a1ng ph\u00e1p in ph\u00f9 h\u1ee3p nh\u1ea5t nh\u1eb1m th\u1ecfa m\u00e3n nhu c\u1ea7u c\u1ee7a kh\u00e1ch h\u00e0ng v\u1ec1 c\u1ea3 ch\u1ea5t l\u01b0\u1ee3ng v\u00e0 gi\u00e1 th\u00e0nh.<\/p>\n<\/div>\n","protected":false},"excerpt":{"rendered":"<p>D\u1ecaCH V\u1ee4 IN L\u01af\u1edaI NHI\u1ec0U CH\u1ea4T LI\u1ec6U In l\u01b0\u1edbi l\u00e0 m\u1ed9t trong nh\u1eefng d\u1ecbch v\u1ee5 in \u1ea5n r\u1ea5t l\u00e2u \u0111\u1eddi \u1edf Vi\u1ec7t Nam, cho \u0111\u1ebfn kho\u1ea3ng h\u01a1n 10 n\u0103m v\u1ec1 tr\u01b0\u1edbc ngh\u1ec1 in l\u01b0\u1edbi v\u1eabn r\u1ea5t ph\u1ed5 bi\u1ebfn v\u00e0 l\u00e0 m\u1ed9t trong nh\u1eefng lo\u1ea1i h\u00ecnh in \u1ea5n h\u1eefu d\u1ee5ng nh\u1ea5t th\u1eddi \u0111i\u1ec3m \u0111\u00f3. Hi\u1ec7n nay [&#8230;]\n","protected":false},"author":1,"featured_media":0,"parent":320,"menu_order":0,"comment_status":"closed","ping_status":"closed","template":"page-right-sidebar.php","meta":[],"_links":{"self":[{"href":"https:\/\/demo.bmconnect.vn\/print2\/wp-json\/wp\/v2\/pages\/288"}],"collection":[{"href":"https:\/\/demo.bmconnect.vn\/print2\/wp-json\/wp\/v2\/pages"}],"about":[{"href":"https:\/\/demo.bmconnect.vn\/print2\/wp-json\/wp\/v2\/types\/page"}],"author":[{"embeddable":true,"href":"https:\/\/demo.bmconnect.vn\/print2\/wp-json\/wp\/v2\/users\/1"}],"replies":[{"embeddable":true,"href":"https:\/\/demo.bmconnect.vn\/print2\/wp-json\/wp\/v2\/comments?post=288"}],"version-history":[{"count":3,"href":"https:\/\/demo.bmconnect.vn\/print2\/wp-json\/wp\/v2\/pages\/288\/revisions"}],"predecessor-version":[{"id":658,"href":"https:\/\/demo.bmconnect.vn\/print2\/wp-json\/wp\/v2\/pages\/288\/revisions\/658"}],"up":[{"embeddable":true,"href":"https:\/\/demo.bmconnect.vn\/print2\/wp-json\/wp\/v2\/pages\/320"}],"wp:attachment":[{"href":"https:\/\/demo.bmconnect.vn\/print2\/wp-json\/wp\/v2\/media?parent=288"}],"curies":[{"name":"wp","href":"https:\/\/api.w.org\/{rel}","templated":true}]}}