{"id":286,"date":"2017-06-15T16:28:29","date_gmt":"2017-06-15T09:28:29","guid":{"rendered":"https:\/\/demo.bmconnect.vn\/print2\/?page_id=286"},"modified":"2017-06-16T11:13:13","modified_gmt":"2017-06-16T04:13:13","slug":"dich-vu-in-nhanh-ky-thuat-so","status":"publish","type":"page","link":"https:\/\/demo.bmconnect.vn\/print2\/dich-vu\/dich-vu-in-nhanh-ky-thuat-so\/","title":{"rendered":"D\u1ecbch v\u1ee5 in nhanh K\u1ef9 thu\u1eadt s\u1ed1"},"content":{"rendered":"<h1 class=\"title_page\">D\u1ecaCH V\u1ee4 IN NHANH K\u1ef8 THU\u1eacT S\u1ed0<\/h1>\n<div class=\"post-content\">\n<p>Khi nhu c\u1ea7u s\u1eed d\u1ee5ng \u1ea5n ph\u1ea9m \u0111\u1ec3 ph\u1ee5c v\u1ee5 c\u00f4ng vi\u1ec7c v\u1edbi s\u1ed1 l\u01b0\u1ee3ng \u00edt ho\u1eb7c c\u1ea7n g\u1ea5p cho m\u1ed9t s\u1ef1 ki\u1ec7n n\u00e0o \u0111\u00f3 m\u00e0 th\u1eddi gian kh\u00f4ng \u0111\u1ee7 \u0111\u1ec3 in \u1ea5n b\u1eb1ng m\u00e1y in c\u00f4ng nghi\u1ec7p th\u00ec in nhanh k\u1ef9 thu\u1eadt s\u1ed1 l\u00e0 gi\u1ea3i ph\u00e1p h\u1eefu hi\u1ec7u nh\u1ea5t \u0111\u1ec3 b\u1ea1n c\u00f3 ngay t\u00e0i li\u1ec7u \u0111\u1ec3 ph\u1ee5c v\u1ee5 cho c\u00f4ng vi\u1ec7c c\u1ee7a m\u00ecnh. In nhanh k\u1ef9 thu\u1eadt s\u1ed1 \u1edf H\u00e0 N\u1ed9i m\u1ed9t v\u00e0i n\u0103m tr\u1edf l\u1ea1i \u0111\u00e2y kh\u00e1 ph\u00e1t tri\u1ec3n, \u0111\u1eb7c bi\u1ec7n l\u00e0 d\u1ecbch v\u1ee5 in nhanh b\u1eb1ng m\u00e1y in laser m\u00e0u, m\u00e1y in phun s\u1eed d\u1ee5ng m\u1ef1c kh\u00e1ng n\u01b0\u1edbc. Ch\u1ea5t l\u01b0\u1ee3ng in \u1ea5n v\u00e0 \u0111\u1ed9 s\u1eafc n\u00e9t tuy kh\u00f4ng tuy\u1ec7t \u0111\u1ed1i nh\u01b0 in offset nh\u01b0ng v\u1eabn ch\u1ea5p nh\u1eadn \u0111\u01b0\u1ee3c b\u1edfi t\u00ednh kh\u1ea3 thi v\u1ec1 vi\u1ec7c \u0111\u00e1p \u1ee9ng \u0111\u01b0\u1ee3c ti\u1ebfn \u0111\u1ed9 c\u0169ng nh\u01b0 m\u00e0u s\u1eafc \u0111\u1ea1t \u0111\u1ebfn 95% so v\u1edbi in c\u00f4ng nghi\u1ec7p.<\/p>\n<p>\u0110\u1ec3 ph\u1ee5c v\u1ee5 nhu c\u1ea7u in nhanh l\u1ea5y ngay c\u1ee7a kh\u00e1ch h\u00e0ng, b\u1ed5 bi\u1ebfn l\u00e0 c\u00e1c t\u00e0i li\u1ec7u c\u1ea7n g\u1ea5p cho chuy\u1ebfn c\u00f4ng t\u00e1c hay cu\u1ed9c h\u1ecdp, h\u1ed9i ngh\u1ecb nh\u01b0 in catalogue l\u1ea5y nhanh, in thi\u1ec7p m\u1eddi l\u1ea5y nhanh, in card visit l\u1ea5y nhanh, in phong b\u00ec l\u1ea5y nhanh&#8230;. Indongnam \u0111\u00e3 \u0111\u1ea7u t\u01b0 h\u1ec7 th\u1ed1ng m\u00e1y in nhanh g\u1ed3m 2 lo\u1ea1i l\u00e0 m\u00e1y in laser m\u00e0u v\u00e0 m\u00e1y in phun m\u00e0u m\u1ef1c kh\u00e1ng n\u01b0\u1edbc. Hai lo\u1ea1i m\u00e1y in chi\u1ebfn l\u01b0\u1ee3c n\u00e0y \u0111\u00e3 gi\u00fap r\u1ea5t nhi\u1ec1u kh\u00e1ch h\u00e0ng h\u00e0i l\u00f2ng b\u1edfi s\u1ef1 h\u1eefu \u00edch v\u00e0 ti\u1ec7n d\u1ee5ng cho c\u00f4ng vi\u1ec7c c\u1ee7a h\u1ecd. X\u00e9t v\u1ec1 chi ph\u00ed th\u00ec in nhanh k\u1ef9 thu\u1eadt s\u1ed1 gi\u00e1 th\u00e0nh cao h\u01a1n in offset c\u00f4ng nghi\u1ec7p nh\u01b0ng x\u00e9t v\u1ec1 th\u1eddi gian in \u1ea5n v\u00e0 m\u1ee9c \u0111\u1ed9 linh ho\u1ea1t th\u00ec in nhanh k\u1ef9 thu\u1eadt s\u1ed1 \u0111\u01b0\u1ee3c kh\u00e1ch h\u00e0ng \u0111\u00e1nh gi\u00e1 cao h\u01a1n so v\u1edbi m\u00e1y in offset.<\/p>\n<p>M\u00e1y in nhanh k\u1ef9 thu\u1eadt s\u1ed1 c\u00f4ng ngh\u1ec7 laser m\u00e0u c\u1ee7a ch\u00fang t\u00f4i g\u1ed3m m\u00e1y in nhanh Konica, canon v\u00e0 Ricoh, in \u0111\u01b0\u1ee3c kh\u1ed5 gi\u1ea5y A4 v\u00e0 A3, in \u0111\u01b0\u1ee3c c\u00e1c lo\u1ea1i ch\u1ea5t li\u1ec7u gi\u1ea5y kh\u00e1c nhau nh\u01b0 gi\u1ea5y couche, gi\u1ea5y offset (ford), decal gi\u1ea5y, decal v\u1ee1, gi\u1ea5y carbonless&#8230; r\u1ea5t ph\u00f9 h\u1ee3p cho in c\u00e1c \u1ea5n ph\u1ea9m nh\u01b0 card visit, catalogue, gi\u1ea5y m\u1eddi, poster, in ti\u00eau d\u1ec1 th\u01b0, in gi\u1ea5y khen, in tem b\u1ea3o h\u00e0nh&#8230; N\u1ebfu \u0111\u00e3 c\u00f3 file thi\u1ebft k\u1ebf th\u00ec c\u00f3 th\u1ec3 l\u1ea5y h\u00e0ng ngay trong ng\u00e0y, th\u1eadm ch\u00ed ch\u1ec9 sau v\u00e0i ph\u00fat t\u00f9y \u0111i\u1ec1u ki\u1ec7n c\u1ee7a m\u00e1y in.<\/p>\n<p>&nbsp;<\/p>\n<p><img src=\"http:\/\/indongnam.com.vn\/uploads\/in_nhanh_konica.png\" alt=\"in k\u1ef9 thu\u1eadt s\u1ed1\" width=\"500\" \/><\/p>\n<p>M\u00e1y in nhanh k\u1ef9 thu\u1eadt s\u1ed1 laser m\u00e0u Konica<\/p>\n<p>&nbsp;<\/p>\n<p><img src=\"http:\/\/indongnam.com.vn\/uploads\/in-nhanh-canon.jpg\" alt=\"in k\u1ef9 thu\u1eadt s\u1ed1\" width=\"500\" \/><\/p>\n<p>M\u00e1y in nhanh k\u1ef9 thu\u1eadt s\u1ed1 laser m\u00e0u Canon<\/p>\n<p>&nbsp;<\/p>\n<p><img src=\"http:\/\/indongnam.com.vn\/uploads\/in_nhanh_ricoh.jpg\" alt=\"in k\u1ef9 thu\u1eadt s\u1ed1\" width=\"500\" \/><\/p>\n<p>M\u00e1y in nhanh k\u1ef9 thu\u1eadt s\u1ed1 laser m\u00e0u Ricoh<\/p>\n<p>&nbsp;<\/p>\n<p>M\u00e1y in nhanh k\u1ef9 thu\u1eadt s\u1ed1 c\u00f4ng ngh\u1ec7 in phun c\u1ee7a ch\u00fang t\u00f4i g\u1ed3m m\u00e1y in nhanh Epsson, m\u00e1y in nhanh Canon, in \u0111\u01b0\u1ee3c kh\u1ed5 gi\u1ea5y t\u1eeb nh\u1ecf h\u01a1n A4 \u0111\u1ebfn l\u1edbn h\u01a1n A3. In \u0111\u01b0\u1ee3c c\u00e1c lo\u1ea1i gi\u1ea5y couche, gi\u1ea5y offset, decal, gi\u1ea5y conqueror, v\u00e0 c\u00e1c lo\u1ea1i gi\u1ea5y ganh s\u1ea7n kh\u00e1c&#8230; gi\u00e1 th\u00e0nh r\u1ebb h\u01a1n in nhanh b\u1eb1ng m\u00e1y in laser m\u00e0u n\u1ebfn in s\u1ed1 l\u01b0\u1ee3ng \u00edt. Th\u00edch h\u1ee3p cho in c\u00e1c \u1ea5n ph\u1ea9m \u0111\u01a1n l\u1ebb nh\u01b0 in card visit, in gi\u1ea5y m\u1eddi, in ti\u00eau \u0111\u1ec1 th\u01b0, in nh\u00e3n m\u00e1c&#8230; Th\u1eddi gian in \u1ea5n ch\u1eadm h\u01a1n m\u00e1y in laser m\u00e0u m\u1ed9t ch\u00fat nh\u01b0ng th\u1eddi gian chu\u1ea9n b\u1ecb v\u00e0 c\u0103n ch\u1ec9nh tr\u01b0\u1edbc khi in l\u1ea1i nhanh h\u01a1n, v\u00ec v\u1eady c\u00f3 th\u1ec3 l\u1ea5y ngay \u1ea5n ph\u1ea9m trong ng\u00e0y ho\u1eb7c ch\u1ec9 sau v\u00e0i ch\u1ee5c ph\u00fat t\u00f9y theo \u0111i\u1ec1u ki\u1ec7n c\u1ee7a m\u00e1y in.<\/p>\n<p>&nbsp;<\/p>\n<p><img src=\"http:\/\/indongnam.com.vn\/uploads\/in_phun_mau_2.jpg\" alt=\"m\u00e1y in m\u00e0u\" width=\"500\" \/><\/p>\n<p><img src=\"http:\/\/indongnam.com.vn\/uploads\/may_in_epson_T50.jpg\" alt=\"in m\u00e0u\" width=\"500\" \/><\/p>\n<p>M\u00e1y in nhanh &#8211; M\u00e1y in phun m\u00e0u Epsson<\/p>\n<p>&nbsp;<\/p>\n<p><img src=\"http:\/\/indongnam.com.vn\/uploads\/in_phun_mau_1.jpg\" alt=\"in m\u00e0u canon\" width=\"500\" \/><\/p>\n<p>M\u00e1y in nhanh &#8211; m\u00e1y in phun m\u00e0u Canon<\/p>\n<p>Ch\u00fang t\u00f4i kh\u00f4ng ng\u1eebng c\u1eadp nh\u1eadt v\u00e0 n\u00e2ng cao ch\u1ea5t l\u01b0\u1ee3ng cho c\u00f4ng ngh\u1ec7 in nhanh, ch\u00fang t\u00f4i lu\u00f4n n\u1ed7 l\u1ef1c v\u00e0 ch\u00fa tr\u1ecdng \u0111\u1ebfn c\u00f4ng ngh\u1ec7 in n\u00e0y b\u1edfi nhu c\u1ea7u s\u1eed d\u1ee5ng d\u1ecbch v\u1ee5 in nhanh r\u1ea5t l\u1edbn. Khi c\u00f4ng ngh\u1ec7 m\u1edbi ho\u00e0n thi\u1ec7n v\u00e0 ph\u1ed5 bi\u1ebfn h\u01a1n, gi\u00fap b\u1ea3n in c\u00f3 ch\u1ea5t l\u01b0\u1ee3ng ho\u00e0n h\u1ea3o h\u01a1n, gi\u00e1 th\u00e0nh r\u1ebb h\u01a1n th\u00ec d\u1ecbch v\u1ee5 in nhanh k\u1ef9 thu\u1eadt s\u1ed1 ph\u1ea7n n\u00e0o c\u00f3 th\u1ec3 thay th\u1ebf cho c\u00f4ng ngh\u1ec7 in offset v\u1edbi s\u1ed1 l\u01b0\u1ee3ng nh\u1ecf.<\/p>\n<\/div>\n","protected":false},"excerpt":{"rendered":"<p>D\u1ecaCH V\u1ee4 IN NHANH K\u1ef8 THU\u1eacT S\u1ed0 Khi nhu c\u1ea7u s\u1eed d\u1ee5ng \u1ea5n ph\u1ea9m \u0111\u1ec3 ph\u1ee5c v\u1ee5 c\u00f4ng vi\u1ec7c v\u1edbi s\u1ed1 l\u01b0\u1ee3ng \u00edt ho\u1eb7c c\u1ea7n g\u1ea5p cho m\u1ed9t s\u1ef1 ki\u1ec7n n\u00e0o \u0111\u00f3 m\u00e0 th\u1eddi gian kh\u00f4ng \u0111\u1ee7 \u0111\u1ec3 in \u1ea5n b\u1eb1ng m\u00e1y in c\u00f4ng nghi\u1ec7p th\u00ec in nhanh k\u1ef9 thu\u1eadt s\u1ed1 l\u00e0 gi\u1ea3i ph\u00e1p h\u1eefu [&#8230;]\n","protected":false},"author":1,"featured_media":0,"parent":320,"menu_order":0,"comment_status":"closed","ping_status":"closed","template":"page-right-sidebar.php","meta":[],"_links":{"self":[{"href":"https:\/\/demo.bmconnect.vn\/print2\/wp-json\/wp\/v2\/pages\/286"}],"collection":[{"href":"https:\/\/demo.bmconnect.vn\/print2\/wp-json\/wp\/v2\/pages"}],"about":[{"href":"https:\/\/demo.bmconnect.vn\/print2\/wp-json\/wp\/v2\/types\/page"}],"author":[{"embeddable":true,"href":"https:\/\/demo.bmconnect.vn\/print2\/wp-json\/wp\/v2\/users\/1"}],"replies":[{"embeddable":true,"href":"https:\/\/demo.bmconnect.vn\/print2\/wp-json\/wp\/v2\/comments?post=286"}],"version-history":[{"count":2,"href":"https:\/\/demo.bmconnect.vn\/print2\/wp-json\/wp\/v2\/pages\/286\/revisions"}],"predecessor-version":[{"id":657,"href":"https:\/\/demo.bmconnect.vn\/print2\/wp-json\/wp\/v2\/pages\/286\/revisions\/657"}],"up":[{"embeddable":true,"href":"https:\/\/demo.bmconnect.vn\/print2\/wp-json\/wp\/v2\/pages\/320"}],"wp:attachment":[{"href":"https:\/\/demo.bmconnect.vn\/print2\/wp-json\/wp\/v2\/media?parent=286"}],"curies":[{"name":"wp","href":"https:\/\/api.w.org\/{rel}","templated":true}]}}