{"id":281,"date":"2017-06-15T16:27:48","date_gmt":"2017-06-15T09:27:48","guid":{"rendered":"https:\/\/demo.bmconnect.vn\/print2\/?page_id=281"},"modified":"2017-06-16T11:12:41","modified_gmt":"2017-06-16T04:12:41","slug":"dich-vu-in-offset","status":"publish","type":"page","link":"https:\/\/demo.bmconnect.vn\/print2\/dich-vu\/dich-vu-in-offset\/","title":{"rendered":"D\u1ecbch v\u1ee5 in Offset"},"content":{"rendered":"<h1 class=\"title_page\">D\u1ecaCH V\u1ee4 IN OFFSET<\/h1>\n<div class=\"post-content\">\n<p>In offset l\u00e0 m\u1ed9t trong nh\u1eefng c\u00f4ng ngh\u1ec7 in h\u00e0ng \u0111\u1ea7u hi\u1ec7n nay d\u00f9ng cho in \u1ea5n c\u00e1c lo\u1ea1i \u1ea5n ph\u1ea9m t\u1eeb ch\u1ea5t li\u1ec7u gi\u1ea5y. In offset g\u1ed3m c\u00f3 2 lo\u1ea1i ch\u00ednh \u0111\u00f3 l\u00e0 in offset t\u1edd r\u1eddi v\u00e0 in offset d\u1ea1ng cu\u1ed9n. Trong \u0111\u00f3 c\u00f4ng ngh\u1ec7 in offset t\u1edd r\u1eddi \u0111\u01b0\u1ee3c s\u1eed d\u1ee5ng ph\u1ed5 bi\u1ebfn b\u1edfi in \u1ea5n \u0111\u01b0\u1ee3c t\u1ea5t c\u1ea3 c\u00e1c lo\u1ea1i \u1ea5n ph\u1ea9m t\u1eeb s\u1ed1 l\u01b0\u1ee3ng nh\u1ecf nh\u1ea5t \u0111\u1ebfn s\u1ed1 l\u01b0\u1ee3ng l\u1edbn nh\u1ea5t. In offset d\u1ea1ng cu\u1ed9n ch\u1ec9 ph\u1ee5c v\u1ee5 cho in \u1ea5n s\u00e1ch b\u00e1o, t\u1ea1p ch\u00ed v\u1edbi s\u1ed1 l\u01b0\u1ee3ng l\u1edbn v\u00e0 \u0111\u1ecbnh k\u1ef3. X\u01b0\u1edfng in \u0110\u00f4ng Nam ho\u1ea1t \u0111\u1ed9ng chuy\u00ean nghi\u1ec7p trong l\u0129nh v\u1ef1c in \u1ea5n, s\u1ea3n xu\u1ea5t c\u00e1c \u1ea5n ph\u1ea9m b\u1eb1ng c\u00f4ng ngh\u1ec7 in offset t\u1edd r\u1eddi v\u1edbi m\u00e1y in offset 4 m\u00e0u c\u1ee7a Nh\u1eadt v\u00e0 \u0110\u1ee9c. Vi\u1ec7c \u0111\u1ea7u t\u01b0 d\u00e2y chuy\u1ec1n s\u1ea3n xu\u1ea5t kh\u00e9p in v\u1edbi m\u00e1y in th\u1ebf h\u1ec7 m\u1edbi gi\u00fap s\u1ea3n xu\u1ea5t ra c\u00e1c \u1ea5n ph\u1ea9m ho\u00e0n h\u1ea3o h\u01a1n tr\u01b0\u1edbc \u0111\u00e2y r\u1ea5t nhi\u1ec1u. B\u1ea3n in s\u1eafc n\u00e9t, m\u00e0u s\u1eafc t\u01b0\u01a1i s\u00e1ng, \u0111\u1eb7c bi\u1ec7t v\u1edbi c\u00f4ng ngh\u1ec7 c\u0103n ch\u1ec9nh m\u00e0u b\u1eb1ng h\u1ec7 th\u1ed1ng \u0111i\u1ec1u khi\u1ec3n t\u1ef1 \u0111\u1ed9ng, c\u00e1c m\u00e0u ph\u1ed1i ph\u1ee9c t\u1ea1p \u0111\u01b0\u1ee3c ch\u1ed3ng kh\u00edt nhau, ti\u1ebft li\u1ec7m l\u01b0\u1ee3ng gi\u1ea5y b\u00f9 hao, gi\u00fap gi\u1ea3m chi ph\u00ed s\u1ea3n xu\u1ea5t &#8211; gi\u1ea3m gi\u00e1 th\u00e0nh s\u1ea3n ph\u1ea9m. C\u00e1c \u1ea5n ph\u1ea9m th\u00f4ng d\u1ee5ng nh\u01b0 in t\u1edd r\u01a1i, in catalogue, in phong b\u00ec, in card visit&#8230;<\/p>\n<p>Quy tr\u00ecnh in offset c\u1ee7a indongnam k\u1ec3 t\u1eeb sau c\u00f4ng \u0111o\u1ea1n thi\u1ebft k\u1ebf s\u00e1ng t\u1ea1o g\u1ed3m c\u00f3: Ch\u1ebf b\u1ea3n output CTP (ghi b\u1ea3n k\u1ebdm tr\u1ef1c ti\u1ebfp) -&gt; In \u1ea5n tr\u00ean m\u00e1y in offset -&gt; M\u00e1y gia c\u00f4ng ho\u00e0n thi\u1ec7n s\u1ea3n ph\u1ea9m sau in -&gt; KCS th\u00e0nh ph\u1ea9m v\u00e0 \u0111\u00f3ng g\u00f3i. Quy tr\u00ecnh kh\u00e9p k\u00edn t\u1ea1i ch\u1ed7 nh\u1eb1m gi\u1ea3m thi\u1ec3u chi ph\u00ed v\u1eadn chuy\u1ec3n, gi\u1ea3m hao h\u1ee5t s\u1ed1 l\u01b0\u1ee3ng trong c\u00e1c quy tr\u00ecnh chuy\u1ec3n \u0111\u1ed5i c\u1ed9ng \u0111o\u1ea1n. Quy tr\u00ecnh s\u1ea3n xu\u1ea5t ho\u00e0n to\u00e0n tr\u00ean c\u00e1c thi\u1ebft b\u1ecb t\u1ef1 \u0111\u1ed9ng n\u00ean \u0111\u1ed9 ch\u00ednh x\u00e1c cao, \u0111\u00e1p \u1ee9ng \u0111\u01b0\u1ee3c y\u00eau c\u1ea7u kh\u1eaft khe v\u1ec1 ch\u1ea5t l\u01b0\u1ee3ng v\u00e0 ti\u1ebfn \u0111\u1ed9.<\/p>\n<p>&nbsp;<\/p>\n<p><img src=\"http:\/\/indongnam.com.vn\/uploads\/may_out_kem.jpg\" alt=\"\" width=\"600\" \/><\/p>\n<p>M\u00e1y ghi b\u1ea3n CTP (m\u00e1y out k\u1ebdm)<\/p>\n<p>&nbsp;<\/p>\n<p><img src=\"http:\/\/indongnam.com.vn\/uploads\/phan_xuong_in1.jpg\" alt=\"\" width=\"600\" \/><\/p>\n<p>Ph\u00e2n x\u01b0\u1edfng in offset<\/p>\n<p>M\u00e1y in offset t\u1edd r\u1eddi v\u1edbi \u0111\u1ee7 k\u00edch c\u1ee1 gi\u00fap vi\u1ec7c in \u1ea5n s\u1ea3n ph\u1ea9m v\u1edbi s\u1ed1 l\u01b0\u1ee3ng v\u00e0 quy c\u00e1ch kh\u00e1c nhau tr\u1edf n\u00ean ph\u00f9 h\u1ee3p v\u00e0 linh ho\u1ea1t h\u01a1n. M\u00e1y in offet 4 m\u00e0u lo\u1ea1i nh\u1ecf in \u0111\u01b0\u1ee3c kh\u1ed5 gi\u1ea5y t\u1eeb A4 \u0111\u1ebfn tr\u00ean kh\u1ed5 A3, m\u00e1y in offset kh\u1ed5 l\u1edbn in \u0111\u01b0\u1ee3c kh\u1ed5 gi\u1ea5y t\u1eeb A3 \u0111\u1ebfn kh\u1ed5 79x109cm. T\u00f9y theo t\u00ednh ch\u1ea5t v\u00e0 y\u00eau c\u1ea7u c\u1ee7a t\u1eebng lo\u1ea1i \u1ea5n ph\u1ea9m \u0111\u1ec3 ch\u00fang t\u00f4i b\u00e1o gi\u00e1 in tr\u00ean lo\u1ea1i m\u00e1y ph\u00f9 h\u1ee3p<\/p>\n<p>&nbsp;<\/p>\n<p><img src=\"http:\/\/indongnam.com.vn\/uploads\/may_in_offset2.jpg\" alt=\"\" width=\"600\" \/><\/p>\n<p>&nbsp;<\/p>\n<p><img src=\"http:\/\/indongnam.com.vn\/uploads\/may_in_offset1.jpg\" alt=\"\" width=\"600\" \/><\/p>\n<p>M\u00e1y in offset 4 m\u00e0u mitsubishi th\u1ebf h\u1ec7 m\u1edbi c\u1ee7a Nh\u1eadt b\u1ea3n<\/p>\n<p>&nbsp;<\/p>\n<p><img src=\"http:\/\/indongnam.com.vn\/uploads\/may_in_offset3.jpg\" alt=\"\" width=\"600\" \/><\/p>\n<p>&nbsp;<\/p>\n<p><img src=\"http:\/\/indongnam.com.vn\/uploads\/may_in_offset.jpg\" alt=\"\" \/><\/p>\n<p>M\u00e1y in offset heidelberg th\u1ebf th\u1ec7 m\u1edbi c\u1ee7a \u0110\u1ee9c<\/p>\n<p>H\u1ec7 th\u1ed1ng gia c\u00f4ng sau in \u0111\u1ea7y \u0111\u1ee7 c\u00e1c lo\u1ea1i m\u00e1y d\u00f9ng cho c\u00e1c c\u00f4ng \u0111o\u1ea1n ho\u00e0n thi\u1ec7n th\u00e0nh ph\u1ea9m in ph\u1ed5 bi\u1ebfn nh\u01b0 m\u00e1y b\u1ebf g\u00e2n, m\u00e1y g\u1ea5p, m\u00e1y x\u00e9n, m\u00e1y v\u00e0o keo, m\u00e1y c\u00e1n m\u00e0ng&#8230;v\u00e0 c\u00e1c lo\u1ea1i m\u00e1y h\u1ed7 tr\u1ee3 kh\u00e1c v\u1edbi c\u00f4ng ngh\u1ec7 t\u1ef1 \u0111\u1ed9ng gi\u00fap vi\u1ec7c ho\u00e0n thi\u1ec7n s\u1ea3n ph\u1ea9m in \u1ea5n tr\u1edf n\u00ean d\u1ec5 d\u00e0ng v\u00e0 nhanh ch\u00f3ng<\/p>\n<p>&nbsp;<\/p>\n<p><img src=\"http:\/\/indongnam.com.vn\/uploads\/phan_xuong_gia_cong_sau_in1.jpg\" alt=\"\" width=\"600\" \/><\/p>\n<p>Ph\u00e2n x\u01b0\u1edfng gia c\u00f4ng sau in<\/p>\n<p>&nbsp;<\/p>\n<p>\u0110\u1ec3 ph\u1ee5c v\u1ee5 t\u1ed1t h\u01a1n n\u1eefa nh\u1eefng y\u00eau c\u1ea7u, \u0111\u00f2i h\u1ecfi v\u1ec1 ch\u1ea5t l\u01b0\u1ee3ng c\u1ee7a kh\u00e1ch h\u00e0ng, indongnam kh\u00f4ng ng\u1eebng \u0111\u1ed5i m\u1edbi trong s\u1ea3n xu\u1ea5t gi\u00fap c\u00e1c \u1ea5n ph\u1ea9m do ch\u00fang t\u00f4i t\u1ea1o ra lu\u00f4n \u0111\u1ea1t ch\u1ea5t l\u01b0\u1ee3ng cao nh\u1ea5t, gi\u00e1 in r\u1ebb nh\u1ea5t nh\u1eb1m \u0111em l\u1ea1i gi\u00e1 tr\u1ecb v\u00e0 l\u1ee3i \u00edch cao nh\u1ea5t cho kh\u00e1ch h\u00e0ng.<\/p>\n<\/div>\n","protected":false},"excerpt":{"rendered":"<p>D\u1ecaCH V\u1ee4 IN OFFSET In offset l\u00e0 m\u1ed9t trong nh\u1eefng c\u00f4ng ngh\u1ec7 in h\u00e0ng \u0111\u1ea7u hi\u1ec7n nay d\u00f9ng cho in \u1ea5n c\u00e1c lo\u1ea1i \u1ea5n ph\u1ea9m t\u1eeb ch\u1ea5t li\u1ec7u gi\u1ea5y. In offset g\u1ed3m c\u00f3 2 lo\u1ea1i ch\u00ednh \u0111\u00f3 l\u00e0 in offset t\u1edd r\u1eddi v\u00e0 in offset d\u1ea1ng cu\u1ed9n. Trong \u0111\u00f3 c\u00f4ng ngh\u1ec7 in offset t\u1edd r\u1eddi [&#8230;]\n","protected":false},"author":1,"featured_media":0,"parent":320,"menu_order":0,"comment_status":"closed","ping_status":"closed","template":"page-right-sidebar.php","meta":[],"_links":{"self":[{"href":"https:\/\/demo.bmconnect.vn\/print2\/wp-json\/wp\/v2\/pages\/281"}],"collection":[{"href":"https:\/\/demo.bmconnect.vn\/print2\/wp-json\/wp\/v2\/pages"}],"about":[{"href":"https:\/\/demo.bmconnect.vn\/print2\/wp-json\/wp\/v2\/types\/page"}],"author":[{"embeddable":true,"href":"https:\/\/demo.bmconnect.vn\/print2\/wp-json\/wp\/v2\/users\/1"}],"replies":[{"embeddable":true,"href":"https:\/\/demo.bmconnect.vn\/print2\/wp-json\/wp\/v2\/comments?post=281"}],"version-history":[{"count":2,"href":"https:\/\/demo.bmconnect.vn\/print2\/wp-json\/wp\/v2\/pages\/281\/revisions"}],"predecessor-version":[{"id":655,"href":"https:\/\/demo.bmconnect.vn\/print2\/wp-json\/wp\/v2\/pages\/281\/revisions\/655"}],"up":[{"embeddable":true,"href":"https:\/\/demo.bmconnect.vn\/print2\/wp-json\/wp\/v2\/pages\/320"}],"wp:attachment":[{"href":"https:\/\/demo.bmconnect.vn\/print2\/wp-json\/wp\/v2\/media?parent=281"}],"curies":[{"name":"wp","href":"https:\/\/api.w.org\/{rel}","templated":true}]}}