{"id":279,"date":"2017-06-15T16:27:36","date_gmt":"2017-06-15T09:27:36","guid":{"rendered":"https:\/\/demo.bmconnect.vn\/print2\/?page_id=279"},"modified":"2017-06-16T11:12:29","modified_gmt":"2017-06-16T04:12:29","slug":"dich-vu-thiet-ke-sang-tao","status":"publish","type":"page","link":"https:\/\/demo.bmconnect.vn\/print2\/dich-vu\/dich-vu-thiet-ke-sang-tao\/","title":{"rendered":"D\u1ecbch v\u1ee5 thi\u1ebft k\u1ebf s\u00e1ng t\u1ea1o"},"content":{"rendered":"<h1 class=\"title_page\">D\u1ecaCH V\u1ee4 THI\u1ebeT K\u1ebe S\u00c1NG T\u1ea0O<\/h1>\n<div class=\"post-content\">\n<p>Thi\u1ebft k\u1ebf s\u00e1ng t\u1ea1o \u0111\u1ed3 h\u1ecda \u1ee9ng d\u1ee5ng l\u00e0 m\u1ed9t trong nh\u1eefng d\u1ecbch v\u1ee5 ch\u00ednh c\u1ee7a c\u00f4ng ty \u0110\u00f4ng Nam. M\u1ea3ng thi\u1ebft k\u1ebf s\u00e1ng t\u1ea1o c\u1ee7a ch\u00fang t\u00f4i l\u1ea5y t\u00ean l\u00e0 Dongnam Design. C\u00e1c d\u1ef1 \u00e1n thi\u1ebft k\u1ebf s\u00e1ng t\u1ea1o \u0111\u01b0\u1ee3c gi\u1edbi thi\u1ec7u tr\u00ean website dongnamdesign.vn. Song song v\u1edbi vi\u1ec7c \u0111\u1ea7u t\u01b0 c\u00f4ng ngh\u1ec7 cho l\u0129nh v\u1ef1c in \u1ea5n, ch\u00fang t\u00f4i lu\u00f4n ch\u00fa tr\u1ecdng \u0111\u1ebfn gi\u00e1 tri s\u00e1ng t\u1ea1o, \u0111\u1ea7u t\u01b0 y\u1ebfu t\u1ed1 con ng\u01b0\u1eddi \u0111\u1ec3 m\u1ed7i d\u1ef1 \u00e1n, m\u1ed7i s\u1ea3n ph\u1ea9m s\u00e1ng t\u1ea1o c\u1ee7a ch\u00fang t\u00f4i \u0111\u1ebfn tay kh\u00e1ch h\u00e0ng \u0111\u1ec1u \u0111\u1ea1t gi\u00e1 tr\u1ecb th\u1ea9m m\u1ef9 cao nh\u1ea5t c\u00f3 th\u1ec3.<\/p>\n<p>Ch\u00fang t\u00f4i hi\u1ec7n \u0111ang cung c\u1ea5p d\u1ecbch v\u1ee5 thi\u1ebft k\u1ebf s\u00e1ng t\u1ea1o v\u00e0 c\u00e1c gi\u1ea3i ph\u00e1p ph\u1ee5c v\u1ee5 cho l\u0129nh v\u1ef1c ph\u00e1t tri\u1ec3n th\u01b0\u01a1ng hi\u1ec7u, in \u1ea5n, qu\u1ea3ng c\u00e1o truy\u1ec1n th\u00f4ng v\u00e0 trang tr\u00ed n\u1ed9i th\u1ea5t&#8230; \u0110\u00e3 th\u1ef1c hi\u1ec7n th\u00e0nh c\u00f4ng nhi\u1ec1u d\u1ef1 \u00e1n l\u1edbn cho c\u00e1c doanh nghi\u1ec7p. S\u1ea3n ph\u1ea9m s\u00e1ng t\u1ea1o c\u1ee7a ch\u00fang t\u00f4i \u0111ang \u0111\u01b0\u1ee3c \u1ee9ng d\u1ee5ng r\u1ed9ng r\u00e3i trong cu\u1ed9c s\u1ed1ng n\u00f3i chung,trong l\u0129nh v\u1ef1c kinh doanh th\u01b0\u01a1ng m\u1ea1i n\u00f3i ri\u00eang.<\/p>\n<p><strong>C\u00e1c nh\u00f3m d\u1ecbch v\u1ee5 thi\u1ebft k\u1ebf s\u00e1ng t\u1ea1o c\u1ee7a ch\u00fang t\u00f4i g\u1ed3m:<\/strong><\/p>\n<p>&#8211; Thi\u1ebft k\u1ebf th\u01b0\u01a1ng hi\u1ec7u: L\u00e0 d\u1ecbch v\u1ee5 s\u00e1ng t\u1ea1o v\u00e0 gi\u1ea3i ph\u00e1p x\u00e2y d\u1ef1ng, thi\u1ebft k\u1ebf th\u01b0\u01a1ng hi\u1ec7u t\u1ed5ng th\u1ec3 cho doanh nghi\u1ec7p bao g\u1ed3m c\u00e1c gi\u1ea3i ph\u00e1p v\u1ec1 h\u00ecnh \u1ea3nh doanh nghi\u1ec7p, gi\u1ea3i ph\u00e1p v\u1ec1 truy\u1ec1n th\u00f4ng, gi\u1ea3i ph\u00e1p v\u1ec1 s\u1ea3n ph\u1ea9m.<\/p>\n<p>&#8211; Thi\u1ebft k\u1ebf \u1ea5n ph\u1ea9m: L\u00e0 thi\u1ebft k\u1ebf c\u00e1c s\u1ea3n ph\u1ea9m \u0111\u1ed3 h\u1ecda in \u1ea5n \u1ee9ng d\u1ee5ng trong kinh doanh v\u00e0 cu\u1ed9c s\u1ed1ng h\u00e0ng ng\u00e0y thu\u1ed9c m\u1ecdi l\u0129nh v\u1ef1c.<\/p>\n<p>&#8211; Thi\u1ebft k\u1ebf qu\u1ea3ng c\u00e1o truy\u1ec1n th\u00f4ng: L\u00e0 thi\u1ebft k\u1ebf c\u00e1c s\u1ea3n ph\u1ea9m ph\u1ee5c v\u1ee5 cho m\u1ee5c \u0111\u00edch qu\u1ea3ng b\u00e1 s\u1ea3n ph\u1ea9m, qu\u1ea3ng b\u00e1 th\u01b0\u01a1ng hi\u1ec7u.<\/p>\n<p>&#8211; Thi\u1ebft k\u1ebf n\u1ed9i th\u1ea5t: L\u00e0 thi\u1ebft k\u1ebf, thi\u1ebft k\u1ebf n\u1ed9i th\u1ea5t, trang tr\u00ed kh\u00f4ng gian trong nh\u00e0 \u1edf, v\u0103n ph\u00f2ng, showroom, nh\u00e0 h\u00e0ng&#8230;<\/p>\n<p>&nbsp;<\/p>\n<p>M\u1ed7i l\u0129nh v\u1ef1c ho\u1ea1t \u0111\u1ed9ng, m\u1ed7i ng\u00e0nh ngh\u1ec1 kinh doanh \u0111\u1ec1u c\u00f3 nh\u1eefng \u0111\u1eb7c \u0111i\u1ec3m ri\u00eang v\u00e0 y\u00eau c\u1ea7u c\u0169ng kh\u00e1c nhau. \u0110\u1ec3 l\u00e0m t\u1ed1t v\u00e0 ph\u00f9 h\u1ee3p v\u1edbi c\u00f4ng vi\u1ec7c c\u1ee7a c\u00e1c l\u0129nh v\u1ef1c \u0111\u00f3 ch\u00fang t\u00f4i \u0111\u1ec1u c\u00f3 chuy\u00ean gia t\u01b0 v\u1ea5n v\u00e0 l\u00ean k\u1ebf ho\u1ea1t th\u1ef1c hi\u1ec7n d\u1ef1 \u00e1n m\u1ed9t c\u00e1ch b\u00e0i b\u1ea3n v\u00e0 khoa h\u1ecdc nh\u1ea5t nh\u1eb1m \u0111em l\u1ea1i hi\u1ec7u qu\u1ea3 v\u00e0 l\u1ee3i \u00edch cho kh\u00e1ch h\u00e0ng.<\/p>\n<p>&nbsp;<\/p>\n<p>N\u1ebfu b\u1ea1n \u0111ang c\u00f3 nhu c\u1ea7u v\u00e0 \u0111ang t\u00ecm \u0111\u1ed1i t\u00e1c th\u1ef1c hi\u1ec7n d\u1ef1 \u00e1n s\u00e1ng t\u1ea1o, h\u00e3y li\u00ean h\u1ec7 ngay v\u1edbi ch\u00fang t\u00f4i \u0111\u1ec3 c\u00f3 \u0111\u01b0\u1ee3c gi\u1ea3i ph\u00e1p t\u1ed1t nh\u1ea5t, gi\u1ea3m chi ph\u00ed nh\u1ea5t.<\/p>\n<\/div>\n","protected":false},"excerpt":{"rendered":"<p>D\u1ecaCH V\u1ee4 THI\u1ebeT K\u1ebe S\u00c1NG T\u1ea0O Thi\u1ebft k\u1ebf s\u00e1ng t\u1ea1o \u0111\u1ed3 h\u1ecda \u1ee9ng d\u1ee5ng l\u00e0 m\u1ed9t trong nh\u1eefng d\u1ecbch v\u1ee5 ch\u00ednh c\u1ee7a c\u00f4ng ty \u0110\u00f4ng Nam. M\u1ea3ng thi\u1ebft k\u1ebf s\u00e1ng t\u1ea1o c\u1ee7a ch\u00fang t\u00f4i l\u1ea5y t\u00ean l\u00e0 Dongnam Design. C\u00e1c d\u1ef1 \u00e1n thi\u1ebft k\u1ebf s\u00e1ng t\u1ea1o \u0111\u01b0\u1ee3c gi\u1edbi thi\u1ec7u tr\u00ean website dongnamdesign.vn. Song song v\u1edbi [&#8230;]\n","protected":false},"author":1,"featured_media":0,"parent":320,"menu_order":0,"comment_status":"closed","ping_status":"closed","template":"page-right-sidebar.php","meta":[],"_links":{"self":[{"href":"https:\/\/demo.bmconnect.vn\/print2\/wp-json\/wp\/v2\/pages\/279"}],"collection":[{"href":"https:\/\/demo.bmconnect.vn\/print2\/wp-json\/wp\/v2\/pages"}],"about":[{"href":"https:\/\/demo.bmconnect.vn\/print2\/wp-json\/wp\/v2\/types\/page"}],"author":[{"embeddable":true,"href":"https:\/\/demo.bmconnect.vn\/print2\/wp-json\/wp\/v2\/users\/1"}],"replies":[{"embeddable":true,"href":"https:\/\/demo.bmconnect.vn\/print2\/wp-json\/wp\/v2\/comments?post=279"}],"version-history":[{"count":2,"href":"https:\/\/demo.bmconnect.vn\/print2\/wp-json\/wp\/v2\/pages\/279\/revisions"}],"predecessor-version":[{"id":654,"href":"https:\/\/demo.bmconnect.vn\/print2\/wp-json\/wp\/v2\/pages\/279\/revisions\/654"}],"up":[{"embeddable":true,"href":"https:\/\/demo.bmconnect.vn\/print2\/wp-json\/wp\/v2\/pages\/320"}],"wp:attachment":[{"href":"https:\/\/demo.bmconnect.vn\/print2\/wp-json\/wp\/v2\/media?parent=279"}],"curies":[{"name":"wp","href":"https:\/\/api.w.org\/{rel}","templated":true}]}}