{"id":273,"date":"2017-06-15T16:24:08","date_gmt":"2017-06-15T09:24:08","guid":{"rendered":"https:\/\/demo.bmconnect.vn\/print2\/?page_id=273"},"modified":"2017-06-16T11:11:18","modified_gmt":"2017-06-16T04:11:18","slug":"bao-gia-in-standee","status":"publish","type":"page","link":"https:\/\/demo.bmconnect.vn\/print2\/bao-gia\/bao-gia-in-standee\/","title":{"rendered":"B\u00e1o gi\u00e1 in Standee"},"content":{"rendered":"<h1>B\u00e1o gi\u00e1 in Standee<\/h1>\n<p>B\u1ea3ng gi\u00e1 g\u1ed3m\u00a04 c\u1ed9t: C\u1ed9t \u0111\u1ea7u l\u00e0 s\u1ed1 l\u01b0\u1ee3ng in, c\u1ed9t th\u1ee9 2 l\u00e0 gi\u00e1 in k\u1eb9p file 1 m\u1eb7t <em>(m\u1eb7t ngo\u00e0i)<\/em>, c\u1ed9t th\u1ee9 3 l\u00e0 gi\u00e1 in k\u1eb9p file 2 m\u1eb7t<em>(trong v\u00e0 ngo\u00e0i)<\/em>, c\u1ed9t th\u1ee9 4 l\u00e0 th\u1eddi gian tr\u1ea3 h\u00e0ng.<\/p>\n<p>Qu\u00fd kh\u00e1ch c\u00f3 nhu c\u1ea7u c\u00e1n b\u00f3ng ho\u1eb7c c\u00e1n m\u1edd 1 m\u1eb7t th\u00ec c\u1ed9ng th\u00eam \u0111\u01a1n gi\u00e1 c\u00e1n 1 m\u1eb7t. N\u1ebfu c\u00e1n 2 m\u1eb7t th\u00ec nh\u00e2n \u0111\u00f4i \u0111\u01a1n gi\u00e1 c\u00e1n.<\/p>\n<p>N\u1ebfu Qu\u00fd kh\u00e1ch c\u00f3 nhu c\u1ea7u in lo\u1ea1i gi\u1ea5y kh\u00e1c nh\u01b0: Gi\u1ea5y ivory, gi\u1ea5y Duplex, gi\u1ea5y Kraft vui l\u00f2ng li\u00ean h\u1ec7 v\u1edbi ch\u00fang t\u00f4i qua Email \u0111\u1ec3 \u0111\u01b0\u1ee3c b\u00e1o gi\u00e1 t\u1ed1t nh\u1ea5t<\/p>\n","protected":false},"excerpt":{"rendered":"<p>B\u00e1o gi\u00e1 in Standee B\u1ea3ng gi\u00e1 g\u1ed3m\u00a04 c\u1ed9t: C\u1ed9t \u0111\u1ea7u l\u00e0 s\u1ed1 l\u01b0\u1ee3ng in, c\u1ed9t th\u1ee9 2 l\u00e0 gi\u00e1 in k\u1eb9p file 1 m\u1eb7t (m\u1eb7t ngo\u00e0i), c\u1ed9t th\u1ee9 3 l\u00e0 gi\u00e1 in k\u1eb9p file 2 m\u1eb7t(trong v\u00e0 ngo\u00e0i), c\u1ed9t th\u1ee9 4 l\u00e0 th\u1eddi gian tr\u1ea3 h\u00e0ng. Qu\u00fd kh\u00e1ch c\u00f3 nhu c\u1ea7u c\u00e1n b\u00f3ng ho\u1eb7c c\u00e1n [&#8230;]\n","protected":false},"author":1,"featured_media":0,"parent":15,"menu_order":0,"comment_status":"closed","ping_status":"closed","template":"page-right-sidebar.php","meta":[],"_links":{"self":[{"href":"https:\/\/demo.bmconnect.vn\/print2\/wp-json\/wp\/v2\/pages\/273"}],"collection":[{"href":"https:\/\/demo.bmconnect.vn\/print2\/wp-json\/wp\/v2\/pages"}],"about":[{"href":"https:\/\/demo.bmconnect.vn\/print2\/wp-json\/wp\/v2\/types\/page"}],"author":[{"embeddable":true,"href":"https:\/\/demo.bmconnect.vn\/print2\/wp-json\/wp\/v2\/users\/1"}],"replies":[{"embeddable":true,"href":"https:\/\/demo.bmconnect.vn\/print2\/wp-json\/wp\/v2\/comments?post=273"}],"version-history":[{"count":2,"href":"https:\/\/demo.bmconnect.vn\/print2\/wp-json\/wp\/v2\/pages\/273\/revisions"}],"predecessor-version":[{"id":653,"href":"https:\/\/demo.bmconnect.vn\/print2\/wp-json\/wp\/v2\/pages\/273\/revisions\/653"}],"up":[{"embeddable":true,"href":"https:\/\/demo.bmconnect.vn\/print2\/wp-json\/wp\/v2\/pages\/15"}],"wp:attachment":[{"href":"https:\/\/demo.bmconnect.vn\/print2\/wp-json\/wp\/v2\/media?parent=273"}],"curies":[{"name":"wp","href":"https:\/\/api.w.org\/{rel}","templated":true}]}}