{"id":160,"date":"2017-06-15T15:16:46","date_gmt":"2017-06-15T08:16:46","guid":{"rendered":"https:\/\/demo.bmconnect.vn\/print2\/?page_id=160"},"modified":"2017-06-16T11:08:13","modified_gmt":"2017-06-16T04:08:13","slug":"bao-gia-thiet-ke-logo","status":"publish","type":"page","link":"https:\/\/demo.bmconnect.vn\/print2\/bao-gia\/bao-gia-thiet-ke-logo\/","title":{"rendered":"B\u00e1o gi\u00e1 thi\u1ebft k\u1ebf logo"},"content":{"rendered":"<p>Ch\u00fang t\u00f4i c\u00f3\u00a03 g\u00f3i thi\u1ebft k\u00ea thi\u1ebft k\u1ebf logo \u0111\u1ec3 l\u1ef1a ch\u1ecdn sao cho\u00a0ph\u00f9 h\u1ee3p v\u1edbi m\u1ee9c \u0111\u1ed9 \u0111\u1ea7u t\u01b0 v\u00e0 m\u00f4 h\u00ecnh doanh nghi\u1ec7p m\u00ecnh. B\u00e1o gi\u00e1 thi\u1ebft k\u1ebf logo bao g\u1ed3m thi\u1ebft k\u1ebf logo ch\u00ednh v\u00e0\u00a0c\u00e1c h\u1ea1ng m\u1ee5c thi\u1ebft k\u1ebf \u1ea5n ph\u1ea9m \u0111i k\u00e8m. Chi ti\u1ebft c\u00e1c h\u1ea1ng m\u1ee5c\u00a0trong g\u00f3i\u00a0\u0111\u01b0\u1ee3c \u0111i\u1ec1u ch\u1ec9nh b\u1ed5 sung theo t\u1eebng th\u1eddi \u0111i\u1ec3m.<\/p>\n<p><strong>G\u00d3I THI\u1ebeT K\u1ebe LOGO BASIC 3.000.000\u0111<\/strong><\/p>\n<p>T\u01b0 v\u1ea5n l\u1ef1a ch\u1ecdn m\u00e0u s\u1eafc, t\u1ea1o h\u00ecnh logo theo l\u0129nh v\u1ef1c kinh doanh, theo phong th\u1ee7y<\/p>\n<p>&#8211; Thi\u1ebft k\u1ebf 2 ph\u01b0\u01a1ng \u00e1n demo, kh\u00e1ch h\u00e0ng ch\u1ecdn 1 ph\u01b0\u01a1ng \u00e1n \u0111\u1ec3 hi\u1ec7u ch\u1ec9nh.<\/p>\n<p>&#8211; Hi\u1ec7u ch\u1ec9nh t\u1ed1i \u0111a 3 l\u1ea7n<\/p>\n<p>&#8211; Th\u1eddi gian th\u1ef1c hi\u1ec7n 4-5 ng\u00e0y<\/p>\n<p><em><strong>H\u1ed3 s\u01a1 b\u00e0n giao g\u1ed3m:<\/strong><\/em><\/p>\n<p>+ File thi\u1ebft k\u1ebf logo c\u00e1c \u0111\u1ecbnh d\u1ea1ng : .Cdr, .Ai, .PDF, . JPG.<\/p>\n<p>+ T\u00e0i li\u1ec7u h\u01b0\u1edbng d\u1eabn s\u1eed d\u1ee5ng logo<\/p>\n<p>+ Thi\u1ebft k\u1ebf m\u1eabu card visit<\/p>\n<p>+ Thi\u1ebft k\u1ebf m\u1eabu phong b\u00ec th\u01b0 3 c\u1ee1<\/p>\n<p>&nbsp;<\/p>\n<p><strong>G\u00d3I THI\u1ebeT K\u1ebe LOGO MEDIUM 5.000.000\u0111<\/strong><\/p>\n<p>T\u01b0 v\u1ea5n l\u1ef1a ch\u1ecdn m\u00e0u s\u1eafc, t\u1ea1o h\u00ecnh logo theo l\u0129nh v\u1ef1c kinh doanh, theo phong th\u1ee7y<\/p>\n<p>&#8211; Thi\u1ebft k\u1ebf 3 ph\u01b0\u01a1ng \u00e1n demo, kh\u00e1ch h\u00e0ng ch\u1ecdn 1 ph\u01b0\u01a1ng \u00e1n \u0111\u1ec3 hi\u1ec7u ch\u1ec9nh.<\/p>\n<p>&#8211; Hi\u1ec7u ch\u1ec9nh t\u1ed1i \u0111a 4 l\u1ea7n cho ph\u01b0\u01a1ng \u00e1n ch\u1ecdn<\/p>\n<p>&#8211; Th\u1eddi gian th\u1ef1c hi\u1ec7n 5-7 ng\u00e0y<\/p>\n<p><em><strong>H\u1ed3 s\u01a1 b\u00e0n giao g\u1ed3m:<\/strong><\/em><\/p>\n<p>+ File thi\u1ebft k\u1ebf logo c\u00e1c \u0111\u1ecbnh d\u1ea1ng : .Cdr, .Ai, .PDF, . JPG.<\/p>\n<p>+ T\u00e0i li\u1ec7u h\u01b0\u1edbng d\u1eabn s\u1eed d\u1ee5ng logo<\/p>\n<p>+ Thi\u1ebft k\u1ebf m\u1eabu card visit<\/p>\n<p>+ Thi\u1ebft k\u1ebf m\u1eabu phong b\u00ec th\u01b0 3 c\u1ee1<\/p>\n<p>+ Thi\u1ebft k\u1ebf letter heard<\/p>\n<p>+ Thi\u1ebft k\u1ebf k\u1eb9p t\u00e0i li\u1ec7u<\/p>\n<p>&nbsp;<\/p>\n<p><strong>G\u00d3I THI\u1ebeT K\u1ebe LOGO MAX 7.000.000\u0111<\/strong><\/p>\n<p>T\u01b0 v\u1ea5n l\u1ef1a ch\u1ecdn m\u00e0u s\u1eafc, t\u1ea1o h\u00ecnh logo theo l\u0129nh v\u1ef1c kinh doanh, theo phong th\u1ee7y<\/p>\n<p>&#8211; Thi\u1ebft k\u1ebf 4 ph\u01b0\u01a1ng \u00e1n demo, kh\u00e1ch h\u00e0ng ch\u1ecdn 1 ph\u01b0\u01a1ng \u00e1n \u0111\u1ec3 hi\u1ec7u ch\u1ec9nh.<\/p>\n<p>&#8211; Hi\u1ec7u ch\u1ec9nh t\u1ed1i \u0111a 5 l\u1ea7n cho ph\u01b0\u01a1ng \u00e1n ch\u1ecdn<\/p>\n<p>&#8211; Th\u1eddi gian th\u1ef1c hi\u1ec7n 10-12 ng\u00e0y<\/p>\n<p><em><strong>H\u1ed3 s\u01a1 b\u00e0n giao g\u1ed3m:<\/strong><\/em><\/p>\n<p>+ File thi\u1ebft k\u1ebf logo c\u00e1c \u0111\u1ecbnh d\u1ea1ng : .Cdr, .Ai, .PDF, . JPG.<\/p>\n<p>+ T\u00e0i li\u1ec7u h\u01b0\u1edbng d\u1eabn s\u1eed d\u1ee5ng logo<\/p>\n<p>+ Thi\u1ebft k\u1ebf m\u1eabu card visit<\/p>\n<p>+ Thi\u1ebft k\u1ebf m\u1eabu phong b\u00ec th\u01b0 3 c\u1ee1<\/p>\n<p>+ Thi\u1ebft k\u1ebf letter heard<\/p>\n<p>+ Thi\u1ebft k\u1ebf k\u1eb9p t\u00e0i li\u1ec7u<\/p>\n<p>+ Thi\u1ebft k\u1ebf s\u1ed5 Note<\/p>\n<p>+ Thi\u1ebft k\u1ebf Banner web<\/p>\n<p>+ Thi\u1ebft k\u1ebf bi\u1ec3n hi\u1ec7u<\/p>\n","protected":false},"excerpt":{"rendered":"<p>Ch\u00fang t\u00f4i c\u00f3\u00a03 g\u00f3i thi\u1ebft k\u00ea thi\u1ebft k\u1ebf logo \u0111\u1ec3 l\u1ef1a ch\u1ecdn sao cho\u00a0ph\u00f9 h\u1ee3p v\u1edbi m\u1ee9c \u0111\u1ed9 \u0111\u1ea7u t\u01b0 v\u00e0 m\u00f4 h\u00ecnh doanh nghi\u1ec7p m\u00ecnh. B\u00e1o gi\u00e1 thi\u1ebft k\u1ebf logo bao g\u1ed3m thi\u1ebft k\u1ebf logo ch\u00ednh v\u00e0\u00a0c\u00e1c h\u1ea1ng m\u1ee5c thi\u1ebft k\u1ebf \u1ea5n ph\u1ea9m \u0111i k\u00e8m. Chi ti\u1ebft c\u00e1c h\u1ea1ng m\u1ee5c\u00a0trong g\u00f3i\u00a0\u0111\u01b0\u1ee3c \u0111i\u1ec1u ch\u1ec9nh b\u1ed5 [&#8230;]\n","protected":false},"author":1,"featured_media":0,"parent":15,"menu_order":0,"comment_status":"closed","ping_status":"closed","template":"page-right-sidebar.php","meta":[],"_links":{"self":[{"href":"https:\/\/demo.bmconnect.vn\/print2\/wp-json\/wp\/v2\/pages\/160"}],"collection":[{"href":"https:\/\/demo.bmconnect.vn\/print2\/wp-json\/wp\/v2\/pages"}],"about":[{"href":"https:\/\/demo.bmconnect.vn\/print2\/wp-json\/wp\/v2\/types\/page"}],"author":[{"embeddable":true,"href":"https:\/\/demo.bmconnect.vn\/print2\/wp-json\/wp\/v2\/users\/1"}],"replies":[{"embeddable":true,"href":"https:\/\/demo.bmconnect.vn\/print2\/wp-json\/wp\/v2\/comments?post=160"}],"version-history":[{"count":3,"href":"https:\/\/demo.bmconnect.vn\/print2\/wp-json\/wp\/v2\/pages\/160\/revisions"}],"predecessor-version":[{"id":621,"href":"https:\/\/demo.bmconnect.vn\/print2\/wp-json\/wp\/v2\/pages\/160\/revisions\/621"}],"up":[{"embeddable":true,"href":"https:\/\/demo.bmconnect.vn\/print2\/wp-json\/wp\/v2\/pages\/15"}],"wp:attachment":[{"href":"https:\/\/demo.bmconnect.vn\/print2\/wp-json\/wp\/v2\/media?parent=160"}],"curies":[{"name":"wp","href":"https:\/\/api.w.org\/{rel}","templated":true}]}}