{"id":158,"date":"2017-06-15T15:16:37","date_gmt":"2017-06-15T08:16:37","guid":{"rendered":"https:\/\/demo.bmconnect.vn\/print2\/?page_id=158"},"modified":"2017-06-16T11:08:25","modified_gmt":"2017-06-16T04:08:25","slug":"bao-gia-thiet-ke-an-pham","status":"publish","type":"page","link":"https:\/\/demo.bmconnect.vn\/print2\/bao-gia\/bao-gia-thiet-ke-an-pham\/","title":{"rendered":"B\u00e1o gi\u00e1 thi\u1ebft k\u1ebf \u1ea5n ph\u1ea9m"},"content":{"rendered":"<p>\u0110\u1ec3 c\u00f3 \u0111\u01b0\u1ee3c \u1ea5n ph\u1ea9m \u0111\u1eb9p, \u1ea5n t\u01b0\u1ee3ng, Qu\u00fd kh\u00e1ch n\u00ean \u0111\u1ea7u t\u01b0 v\u00e0o thi\u1ebft k\u1ebf \u0111\u1ec3 t\u0103ng s\u1ef1 h\u1ea5p d\u1eabn v\u00e0 thu h\u00fat \u0111\u1ed1i v\u1edbi kh\u00e1ch h\u00e0ng. C\u00e1c c\u1ee5 nh\u00e0 ta c\u00f3 c\u00e2u &#8220;Ti\u1ec1n n\u00e0o c\u1ee7a \u0111\u1ea5y&#8221; qu\u1ea3 kh\u00f4ng sai b\u1edfi khi s\u1eed d\u1ee5ng m\u1edbi th\u1ea5y hi\u1ec7u qu\u1ea3 kh\u00e1c bi\u1ec7t c\u1ee7a\u00a0thi\u1ebft k\u1ebf t\u00ednh ph\u00ed so v\u1edbi\u00a0thi\u1ebft k\u1ebf mi\u1ec5n ph\u00ed. D\u01b0\u1edbi \u0111\u00e2y l\u00e0 b\u00e1o gi\u00e1 m\u1ed9t s\u1ed1 lo\u1ea1i \u1ea5n ph\u1ea9m \u0111\u1ec3 Qu\u00fd kh\u00e1ch tham kh\u1ea3o v\u00e0 ch\u1ecdn l\u1ef1a. Ch\u00fang t\u00f4i cam k\u1ebft th\u1ef1c hi\u1ec7n theo \u0111\u00fang quy tr\u00ecnh v\u00e0 ch\u1ea5t l\u01b0\u1ee3ng c\u1ee7a t\u1eebng g\u00f3i thi\u1ebft k\u1ebf. \u00c1p d\u1ee5ng t\u1eeb ng\u00e0y 01\/5\/2016 cho \u0111\u1ebfn khi c\u00f3 b\u00e1o gi\u00e1 m\u1edbi.<\/p>\n<p>&nbsp;<\/p>\n<p><strong>I. GI\u00c1 THI\u1ebeT K\u1ebe T\u1edc R\u01a0I, T\u1edc G\u1ea4P<\/strong><\/p>\n<p>&nbsp;<\/p>\n<p><strong>1. G\u00f3i thi\u1ebft k\u1ebf c\u01a1 b\u1ea3n = 150.000\u0111\/m\u1eb7t<\/strong><\/p>\n<p>&#8211; Kh\u00e1ch h\u00e0ng cung c\u1ea5p n\u1ed9i dung, h\u00ecnh \u1ea3nh ch\u00ednh<\/p>\n<p>&#8211; G\u1eedi duy\u1ec7t market sau 1-2 ng\u00e0y<\/p>\n<p>&nbsp;<\/p>\n<p><strong>2. G\u00f3i thi\u1ebft k\u1ebf trung b\u00ecnh = 230.000\u0111\/m\u1eb7t<\/strong><\/p>\n<p>&#8211; Kh\u00e1ch h\u00e0ng cung c\u1ea5p n\u1ed9i dung, h\u00ecnh \u1ea3nh ch\u00ednh<\/p>\n<p>&#8211; Indongnam h\u1ed7 tr\u1ee3 cung c\u1ea5p h\u00ecnh \u1ea3nh ch\u1ea5t l\u01b0\u1ee3ng cao<\/p>\n<p>&#8211; G\u1eedi duy\u1ec7t market sau 2-3 ng\u00e0y<\/p>\n<p>&nbsp;<\/p>\n<p><strong>3. G\u00f3i thi\u1ebft k\u1ebf cao c\u1ea5p = 290.000\u0111\/m\u1eb7t<\/strong><\/p>\n<p>&#8211; Kh\u00e1ch h\u00e0ng cung c\u1ea5p n\u1ed9i dung, h\u00ecnh \u1ea3nh ch\u00ednh<\/p>\n<p>&#8211; Indongnam h\u1ed7 tr\u1ee3 bi\u00ean t\u1eadp n\u1ed9i dung, cung c\u1ea5p h\u00ecnh \u1ea3nh ch\u1ea5t l\u01b0\u1ee3ng cao<\/p>\n<p>&#8211; G\u1eedi duy\u1ec7t market sau 3-4 ng\u00e0y<\/p>\n","protected":false},"excerpt":{"rendered":"<p>\u0110\u1ec3 c\u00f3 \u0111\u01b0\u1ee3c \u1ea5n ph\u1ea9m \u0111\u1eb9p, \u1ea5n t\u01b0\u1ee3ng, Qu\u00fd kh\u00e1ch n\u00ean \u0111\u1ea7u t\u01b0 v\u00e0o thi\u1ebft k\u1ebf \u0111\u1ec3 t\u0103ng s\u1ef1 h\u1ea5p d\u1eabn v\u00e0 thu h\u00fat \u0111\u1ed1i v\u1edbi kh\u00e1ch h\u00e0ng. C\u00e1c c\u1ee5 nh\u00e0 ta c\u00f3 c\u00e2u &#8220;Ti\u1ec1n n\u00e0o c\u1ee7a \u0111\u1ea5y&#8221; qu\u1ea3 kh\u00f4ng sai b\u1edfi khi s\u1eed d\u1ee5ng m\u1edbi th\u1ea5y hi\u1ec7u qu\u1ea3 kh\u00e1c bi\u1ec7t c\u1ee7a\u00a0thi\u1ebft k\u1ebf t\u00ednh ph\u00ed [&#8230;]\n","protected":false},"author":1,"featured_media":0,"parent":15,"menu_order":0,"comment_status":"closed","ping_status":"closed","template":"page-right-sidebar.php","meta":[],"_links":{"self":[{"href":"https:\/\/demo.bmconnect.vn\/print2\/wp-json\/wp\/v2\/pages\/158"}],"collection":[{"href":"https:\/\/demo.bmconnect.vn\/print2\/wp-json\/wp\/v2\/pages"}],"about":[{"href":"https:\/\/demo.bmconnect.vn\/print2\/wp-json\/wp\/v2\/types\/page"}],"author":[{"embeddable":true,"href":"https:\/\/demo.bmconnect.vn\/print2\/wp-json\/wp\/v2\/users\/1"}],"replies":[{"embeddable":true,"href":"https:\/\/demo.bmconnect.vn\/print2\/wp-json\/wp\/v2\/comments?post=158"}],"version-history":[{"count":2,"href":"https:\/\/demo.bmconnect.vn\/print2\/wp-json\/wp\/v2\/pages\/158\/revisions"}],"predecessor-version":[{"id":639,"href":"https:\/\/demo.bmconnect.vn\/print2\/wp-json\/wp\/v2\/pages\/158\/revisions\/639"}],"up":[{"embeddable":true,"href":"https:\/\/demo.bmconnect.vn\/print2\/wp-json\/wp\/v2\/pages\/15"}],"wp:attachment":[{"href":"https:\/\/demo.bmconnect.vn\/print2\/wp-json\/wp\/v2\/media?parent=158"}],"curies":[{"name":"wp","href":"https:\/\/api.w.org\/{rel}","templated":true}]}}