{"id":156,"date":"2017-06-15T15:16:27","date_gmt":"2017-06-15T08:16:27","guid":{"rendered":"https:\/\/demo.bmconnect.vn\/print2\/?page_id=156"},"modified":"2017-06-16T11:08:35","modified_gmt":"2017-06-16T04:08:35","slug":"bao-gia-in-tem-bao-hanh","status":"publish","type":"page","link":"https:\/\/demo.bmconnect.vn\/print2\/bao-gia\/bao-gia-in-tem-bao-hanh\/","title":{"rendered":"B\u00e1o gi\u00e1 in tem b\u1ea3o h\u00e0nh"},"content":{"rendered":"<h1 class=\"title_page\" style=\"text-align: left;\">B\u00c1O GI\u00c1 IN TEM B\u1ea2O H\u00c0NH<\/h1>\n<p>Ch\u00fang t\u00f4i c\u1eadp nh\u1eadt b\u1ea3ng b\u00e1o gi\u00e1 In tem b\u1ea3o h\u00e0nh \u00e1p d\u1ee5ng cho ch\u1ea5t li\u1ec7u decal v\u1ee1 v\u00e0 decal th\u01b0\u1eddng h\u00ecnh ch\u1eef nh\u1eadt v\u00e0 \u0111ang c\u1eadp nh\u1eadt b\u1ea3ng gi\u00e1 in tem c\u1ee7a c\u00e1c lo\u1ea1i tem b\u1ea3o h\u00e0nh v\u1edbi quy c\u00e1ch v\u00e0 ch\u1ea5t li\u1ec7u kh\u00e1c, B\u1ea3ng gi\u00e1 in tem b\u1ea3o h\u00e0nh \u00e1p d\u1ee5ng t\u1eeb ng\u00e0y 01\/5\/2016, h\u00e0ng ngang l\u00e0 k\u00edch th\u01b0\u1edbc, h\u00e0ng d\u1ecdc l\u00e0 s\u1ed1 l\u01b0\u1ee3ng, gi\u00e1 in tem l\u00e0 \u00f4 giao \u0111i\u1ec3m c\u1ee7a h\u00e0ng ngang v\u00e0 h\u00e0ng d\u1ecdc<\/p>\n","protected":false},"excerpt":{"rendered":"<p>B\u00c1O GI\u00c1 IN TEM B\u1ea2O H\u00c0NH Ch\u00fang t\u00f4i c\u1eadp nh\u1eadt b\u1ea3ng b\u00e1o gi\u00e1 In tem b\u1ea3o h\u00e0nh \u00e1p d\u1ee5ng cho ch\u1ea5t li\u1ec7u decal v\u1ee1 v\u00e0 decal th\u01b0\u1eddng h\u00ecnh ch\u1eef nh\u1eadt v\u00e0 \u0111ang c\u1eadp nh\u1eadt b\u1ea3ng gi\u00e1 in tem c\u1ee7a c\u00e1c lo\u1ea1i tem b\u1ea3o h\u00e0nh v\u1edbi quy c\u00e1ch v\u00e0 ch\u1ea5t li\u1ec7u kh\u00e1c, B\u1ea3ng gi\u00e1 in tem [&#8230;]\n","protected":false},"author":1,"featured_media":0,"parent":15,"menu_order":0,"comment_status":"closed","ping_status":"closed","template":"page-right-sidebar.php","meta":[],"_links":{"self":[{"href":"https:\/\/demo.bmconnect.vn\/print2\/wp-json\/wp\/v2\/pages\/156"}],"collection":[{"href":"https:\/\/demo.bmconnect.vn\/print2\/wp-json\/wp\/v2\/pages"}],"about":[{"href":"https:\/\/demo.bmconnect.vn\/print2\/wp-json\/wp\/v2\/types\/page"}],"author":[{"embeddable":true,"href":"https:\/\/demo.bmconnect.vn\/print2\/wp-json\/wp\/v2\/users\/1"}],"replies":[{"embeddable":true,"href":"https:\/\/demo.bmconnect.vn\/print2\/wp-json\/wp\/v2\/comments?post=156"}],"version-history":[{"count":2,"href":"https:\/\/demo.bmconnect.vn\/print2\/wp-json\/wp\/v2\/pages\/156\/revisions"}],"predecessor-version":[{"id":640,"href":"https:\/\/demo.bmconnect.vn\/print2\/wp-json\/wp\/v2\/pages\/156\/revisions\/640"}],"up":[{"embeddable":true,"href":"https:\/\/demo.bmconnect.vn\/print2\/wp-json\/wp\/v2\/pages\/15"}],"wp:attachment":[{"href":"https:\/\/demo.bmconnect.vn\/print2\/wp-json\/wp\/v2\/media?parent=156"}],"curies":[{"name":"wp","href":"https:\/\/api.w.org\/{rel}","templated":true}]}}