{"id":148,"date":"2017-06-15T15:15:53","date_gmt":"2017-06-15T08:15:53","guid":{"rendered":"https:\/\/demo.bmconnect.vn\/print2\/?page_id=148"},"modified":"2017-06-16T11:09:11","modified_gmt":"2017-06-16T04:09:11","slug":"bao-gia-in-hoa-don-phieu","status":"publish","type":"page","link":"https:\/\/demo.bmconnect.vn\/print2\/bao-gia\/bao-gia-in-hoa-don-phieu\/","title":{"rendered":"B\u00e1o gi\u00e1 in h\u00f3a \u0111\u01a1n, phi\u1ebfu"},"content":{"rendered":"<h1 class=\"title_page\">B\u00e1o gi\u00e1 in h\u00f3a \u0111\u01a1n, phi\u1ebfu<\/h1>\n<div class=\"post-content\">\n<p>Gi\u00fap kh\u00e1ch h\u00e0ng tham kh\u1ea3o v\u00e0\u00a0so s\u00e1nh b\u00e1o gi\u00e1 in k\u1eb9p file\u00a0r\u1ebb nh\u1ea5t t\u1ea1i H\u00e0 N\u1ed9i, T\u1eeb <strong>01\/5\/2017<\/strong>\u00a0In \u0110\u00f4ng Nam ni\u00eam y\u1ebft b\u1ea3ng gi\u00e1 in k\u1eb9p file 1 m\u1eb7t v\u00e0 in k\u1eb9p file 2 m\u1eb7t \u0111\u1ec3 Qu\u00fd kh\u00e1ch tra c\u1ee9u.<\/p>\n<p>B\u1ea3ng b\u00e1o gi\u00e1 in\u00a0in k\u1eb9p file, in profile\u00a0\u00e1p d\u1ee5ng cho ki\u1ec3u khu\u00f4n c\u01a1 b\u1ea3n c\u00f3 s\u1eb5n, lo\u1ea1i gi\u1ea5y C300, In offset \u0111a m\u00e0u s\u1eafc tr\u00ean m\u00e1y in hi\u1ec7n \u0111\u1ea1i nh\u1ea5t hi\u1ec7n nay c\u1ee7a Nh\u1eadt b\u1ea3n.<\/p>\n<p>B\u1ea3ng gi\u00e1 g\u1ed3m\u00a04 c\u1ed9t: C\u1ed9t \u0111\u1ea7u l\u00e0 s\u1ed1 l\u01b0\u1ee3ng in, c\u1ed9t th\u1ee9 2 l\u00e0 gi\u00e1 in k\u1eb9p file 1 m\u1eb7t <em>(m\u1eb7t ngo\u00e0i)<\/em>, c\u1ed9t th\u1ee9 3 l\u00e0 gi\u00e1 in k\u1eb9p file 2 m\u1eb7t<em>(trong v\u00e0 ngo\u00e0i)<\/em>, c\u1ed9t th\u1ee9 4 l\u00e0 th\u1eddi gian tr\u1ea3 h\u00e0ng.<\/p>\n<p>Qu\u00fd kh\u00e1ch c\u00f3 nhu c\u1ea7u c\u00e1n b\u00f3ng ho\u1eb7c c\u00e1n m\u1edd 1 m\u1eb7t th\u00ec c\u1ed9ng th\u00eam \u0111\u01a1n gi\u00e1 c\u00e1n 1 m\u1eb7t. N\u1ebfu c\u00e1n 2 m\u1eb7t th\u00ec nh\u00e2n \u0111\u00f4i \u0111\u01a1n gi\u00e1 c\u00e1n.<\/p>\n<p>N\u1ebfu Qu\u00fd kh\u00e1ch c\u00f3 nhu c\u1ea7u in lo\u1ea1i gi\u1ea5y kh\u00e1c nh\u01b0: Gi\u1ea5y ivory, gi\u1ea5y Duplex, gi\u1ea5y Kraft vui l\u00f2ng li\u00ean h\u1ec7 v\u1edbi ch\u00fang t\u00f4i qua Email \u0111\u1ec3 \u0111\u01b0\u1ee3c b\u00e1o gi\u00e1 t\u1ed1t nh\u1ea5t<\/p>\n<\/div>\n","protected":false},"excerpt":{"rendered":"<p>B\u00e1o gi\u00e1 in h\u00f3a \u0111\u01a1n, phi\u1ebfu Gi\u00fap kh\u00e1ch h\u00e0ng tham kh\u1ea3o v\u00e0\u00a0so s\u00e1nh b\u00e1o gi\u00e1 in k\u1eb9p file\u00a0r\u1ebb nh\u1ea5t t\u1ea1i H\u00e0 N\u1ed9i, T\u1eeb 01\/5\/2017\u00a0In \u0110\u00f4ng Nam ni\u00eam y\u1ebft b\u1ea3ng gi\u00e1 in k\u1eb9p file 1 m\u1eb7t v\u00e0 in k\u1eb9p file 2 m\u1eb7t \u0111\u1ec3 Qu\u00fd kh\u00e1ch tra c\u1ee9u. B\u1ea3ng b\u00e1o gi\u00e1 in\u00a0in k\u1eb9p file, in profile\u00a0\u00e1p d\u1ee5ng [&#8230;]\n","protected":false},"author":1,"featured_media":0,"parent":15,"menu_order":0,"comment_status":"closed","ping_status":"closed","template":"page-right-sidebar.php","meta":[],"_links":{"self":[{"href":"https:\/\/demo.bmconnect.vn\/print2\/wp-json\/wp\/v2\/pages\/148"}],"collection":[{"href":"https:\/\/demo.bmconnect.vn\/print2\/wp-json\/wp\/v2\/pages"}],"about":[{"href":"https:\/\/demo.bmconnect.vn\/print2\/wp-json\/wp\/v2\/types\/page"}],"author":[{"embeddable":true,"href":"https:\/\/demo.bmconnect.vn\/print2\/wp-json\/wp\/v2\/users\/1"}],"replies":[{"embeddable":true,"href":"https:\/\/demo.bmconnect.vn\/print2\/wp-json\/wp\/v2\/comments?post=148"}],"version-history":[{"count":2,"href":"https:\/\/demo.bmconnect.vn\/print2\/wp-json\/wp\/v2\/pages\/148\/revisions"}],"predecessor-version":[{"id":643,"href":"https:\/\/demo.bmconnect.vn\/print2\/wp-json\/wp\/v2\/pages\/148\/revisions\/643"}],"up":[{"embeddable":true,"href":"https:\/\/demo.bmconnect.vn\/print2\/wp-json\/wp\/v2\/pages\/15"}],"wp:attachment":[{"href":"https:\/\/demo.bmconnect.vn\/print2\/wp-json\/wp\/v2\/media?parent=148"}],"curies":[{"name":"wp","href":"https:\/\/api.w.org\/{rel}","templated":true}]}}