{"id":140,"date":"2017-06-15T15:15:16","date_gmt":"2017-06-15T08:15:16","guid":{"rendered":"https:\/\/demo.bmconnect.vn\/print2\/?page_id=140"},"modified":"2017-06-15T23:37:33","modified_gmt":"2017-06-15T16:37:33","slug":"bao-gia-in-phong-bi-thu","status":"publish","type":"page","link":"https:\/\/demo.bmconnect.vn\/print2\/bao-gia\/bao-gia-in-phong-bi-thu\/","title":{"rendered":"B\u00e1o gi\u00e1 in phong b\u00ec th\u01b0"},"content":{"rendered":"<h1>B\u00e1o gi\u00e1 in phong b\u00ec th\u01b0<\/h1>\n<p>In \u0110\u00f4ng Nam c\u1eadp nh\u1eadt b\u1ea3ng b\u00e1o gi\u00e1 in t\u1edd r\u01a1i \u00e1p d\u1ee5ng t\u1eeb ng\u00e0y 03\/1\/2017.<\/p>\n<p>D\u01b0\u1edbi \u0111\u00e2y l\u00e0 b\u1ea3ng <strong>b\u00e1o gi\u00e1 in t\u1edd r\u01a1i A5<\/strong>, <strong>b\u00e1o gi\u00e1 in t\u1edd r\u01a1i A4<\/strong>, <strong>b\u00e1o gi\u00e1 in t\u1edd r\u01a1i A3<\/strong>. Trong \u0111\u00f3 c\u1ed9t d\u1ecdc l\u00e0\u00a0lo\u1ea1i gi\u1ea5y v\u00e0 \u0111\u1ed9 d\u00e0y gi\u1ea5y\u00a0in t\u1edd r\u01a1i, c\u1ed9t ngang l\u00e0 s\u1ed1 l\u01b0\u1ee3ng in t\u1edd r\u01a1i\u00a0(V\u00ed d\u1ee5 C100 t\u1ee9c l\u00e0 gi\u1ea5y couche c\u00f3 \u0111\u1ecbnh l\u01b0\u1ee3ng 100g\/m2). In t\u1edd r\u01a1i v\u1edbi \u0111inh l\u01b0\u1ee3ng gi\u1ea5y t\u1eeb 100gsm \u0111\u1ebfn 150gsm l\u00e0 lo\u1ea1i m\u1ecfng, in t\u1edd r\u01a1i v\u1edbi \u0111\u1ecbnh l\u01b0\u1ee3ng gi\u1ea5y t\u1eeb 200gsm \u0111\u1ebfn 300gsm l\u00e0 lo\u1ea1i d\u00e0y.<\/p>\n<p>B\u00e1o gi\u00e1 in t\u1edd r\u01a1i \u00e1p d\u1ee5ng tr\u00ean m\u00e1y in offset hi\u1ec7n \u0111\u1ea1i c\u1ee7a Nh\u1eadt b\u1ea3n, m\u00e0u s\u1eafc trung th\u1ef1c, in \u1ea5n s\u1eafc n\u00e9t nh\u1ea5t t\u1ea1i H\u00e0 N\u1ed9i.<\/p>\n","protected":false},"excerpt":{"rendered":"<p>B\u00e1o gi\u00e1 in phong b\u00ec th\u01b0 In \u0110\u00f4ng Nam c\u1eadp nh\u1eadt b\u1ea3ng b\u00e1o gi\u00e1 in t\u1edd r\u01a1i \u00e1p d\u1ee5ng t\u1eeb ng\u00e0y 03\/1\/2017. D\u01b0\u1edbi \u0111\u00e2y l\u00e0 b\u1ea3ng b\u00e1o gi\u00e1 in t\u1edd r\u01a1i A5, b\u00e1o gi\u00e1 in t\u1edd r\u01a1i A4, b\u00e1o gi\u00e1 in t\u1edd r\u01a1i A3. Trong \u0111\u00f3 c\u1ed9t d\u1ecdc l\u00e0\u00a0lo\u1ea1i gi\u1ea5y v\u00e0 \u0111\u1ed9 d\u00e0y gi\u1ea5y\u00a0in t\u1edd [&#8230;]\n","protected":false},"author":1,"featured_media":0,"parent":15,"menu_order":0,"comment_status":"closed","ping_status":"closed","template":"page-left-sidebar.php","meta":[],"_links":{"self":[{"href":"https:\/\/demo.bmconnect.vn\/print2\/wp-json\/wp\/v2\/pages\/140"}],"collection":[{"href":"https:\/\/demo.bmconnect.vn\/print2\/wp-json\/wp\/v2\/pages"}],"about":[{"href":"https:\/\/demo.bmconnect.vn\/print2\/wp-json\/wp\/v2\/types\/page"}],"author":[{"embeddable":true,"href":"https:\/\/demo.bmconnect.vn\/print2\/wp-json\/wp\/v2\/users\/1"}],"replies":[{"embeddable":true,"href":"https:\/\/demo.bmconnect.vn\/print2\/wp-json\/wp\/v2\/comments?post=140"}],"version-history":[{"count":2,"href":"https:\/\/demo.bmconnect.vn\/print2\/wp-json\/wp\/v2\/pages\/140\/revisions"}],"predecessor-version":[{"id":647,"href":"https:\/\/demo.bmconnect.vn\/print2\/wp-json\/wp\/v2\/pages\/140\/revisions\/647"}],"up":[{"embeddable":true,"href":"https:\/\/demo.bmconnect.vn\/print2\/wp-json\/wp\/v2\/pages\/15"}],"wp:attachment":[{"href":"https:\/\/demo.bmconnect.vn\/print2\/wp-json\/wp\/v2\/media?parent=140"}],"curies":[{"name":"wp","href":"https:\/\/api.w.org\/{rel}","templated":true}]}}