{"id":35,"date":"2018-03-15T09:36:41","date_gmt":"2018-03-15T02:36:41","guid":{"rendered":"https:\/\/demo.bmconnect.vn\/pianocenter\/?page_id=35"},"modified":"2018-03-16T16:20:44","modified_gmt":"2018-03-16T09:20:44","slug":"ban-quan-ly-co-van","status":"publish","type":"page","link":"https:\/\/demo.bmconnect.vn\/pianocenter\/ban-quan-ly-co-van\/","title":{"rendered":"Ban qu\u1ea3n l\u00fd &#038; c\u1ed1 v\u1ea5n"},"content":{"rendered":"<h2>Ban qu\u1ea3n l\u00fd v\u00e0 c\u1ed1 v\u1ea5n<\/h2>\n<div class=\"row row-small\"  id=\"row-239352803\">\n\n\t<div id=\"col-2109158782\" class=\"col medium-6 small-6 large-6\"  >\n\t\t\t\t<div class=\"col-inner\"  >\n\t\t\t\n\t\t\t\n\n\t\t<div class=\"icon-box featured-box icon-box-left text-left\"  >\n\t\t\t\t\t<div class=\"icon-box-img\" style=\"width: 122px\">\n\t\t\t\t<div class=\"icon\">\n\t\t\t\t\t<div class=\"icon-inner\" >\n\t\t\t\t\t\t<img width=\"199\" height=\"300\" src=\"https:\/\/demo.bmconnect.vn\/pianocenter\/wp-content\/uploads\/2018\/03\/Nguyen-Thi-Nhan-199x300-1-199x300.jpg\" class=\"attachment-medium size-medium\" alt=\"\" loading=\"lazy\" \/>\t\t\t\t\t<\/div>\n\t\t\t\t<\/div>\n\t\t\t<\/div>\n\t\t\t\t<div class=\"icon-box-text last-reset\">\n\t\t\t\t\t\t\t\t\t\n<h5><span style=\"font-size: 95%;\">Nguy\u1ec5n Th\u1ecb Tr\u00e0<\/span><\/h5>\n<p><span style=\"font-size: 95%;\">&#8211; Sinh n\u0103m 1957<\/p>\n<p><\/span><span style=\"font-size: 95%;\">&#8211;\u00a0<\/span><span style=\"font-size: 95%;\">T\u1ed1t nghi\u1ec7p \u0110\u1ea1i H\u1ecdc M\u1ef9 Thu\u1eadt H\u00e0 N\u1ed9i.<\/p>\n<p>&#8211;\u00a0<\/span><span style=\"font-size: 95%; line-height: 1.5;\">T\u1ed1t nghi\u1ec7p S\u01b0 Ph\u1ea1m\u00a0Nh\u1ea1c H\u1ecda Trung \u01af\u01a1ng.<\/p>\n<p>&#8211;\u00a0<\/span><span style=\"font-size: 95%; line-height: 1.5;\">H\u1ed9i vi\u00ean H\u1ed9i M\u1ef9 Thu\u1eadt H\u00e0 N\u1ed9i<\/p>\n<p>&#8211;\u00a0<\/span><span style=\"font-size: 95%; line-height: 1.5;\">H\u1ed9i vi\u00ean H\u1ed9i M\u1ef9 Thu\u1eadt Vi\u1ec7t Nam<\/p>\n<p>&#8211;\u00a0<\/span><span style=\"font-size: 95%; line-height: 1.5;\">Gi\u1ea3ng vi\u00ean m\u1ef9 thu\u1eadt l\u00e2u n\u0103m t\u1ea1i Cung Thi\u1ebfu Nhi.<\/span><\/p>\n\t\t<\/div>\n\t<\/div>\n\t\n\t\n\t\t<\/div>\n\t\t\t\t\t<\/div>\n\n\t\n\n\t<div id=\"col-1900854663\" class=\"col medium-6 small-12 large-6\"  >\n\t\t\t\t<div class=\"col-inner\"  >\n\t\t\t\n\t\t\t\n\n\t\t<div class=\"icon-box featured-box icon-box-left text-left\"  >\n\t\t\t\t\t<div class=\"icon-box-img\" style=\"width: 122px\">\n\t\t\t\t<div class=\"icon\">\n\t\t\t\t\t<div class=\"icon-inner\" >\n\t\t\t\t\t\t<img width=\"199\" height=\"300\" src=\"https:\/\/demo.bmconnect.vn\/pianocenter\/wp-content\/uploads\/2018\/03\/Nguyen-Thi-Nhan-199x300-1-199x300.jpg\" class=\"attachment-medium size-medium\" alt=\"\" loading=\"lazy\" \/>\t\t\t\t\t<\/div>\n\t\t\t\t<\/div>\n\t\t\t<\/div>\n\t\t\t\t<div class=\"icon-box-text last-reset\">\n\t\t\t\t\t\t\t\t\t\n<h5><span style=\"font-size: 95%;\">Nguy\u1ec5n Th\u1ecb Tr\u00e0<\/span><\/h5>\n<p><span style=\"font-size: 95%;\">&#8211; Sinh n\u0103m 1957<\/p>\n<p><\/span><span style=\"font-size: 95%;\">&#8211;\u00a0<\/span><span style=\"font-size: 95%;\">T\u1ed1t nghi\u1ec7p \u0110\u1ea1i H\u1ecdc M\u1ef9 Thu\u1eadt H\u00e0 N\u1ed9i.<\/p>\n<p>&#8211;\u00a0<\/span><span style=\"font-size: 95%; line-height: 1.5;\">T\u1ed1t nghi\u1ec7p S\u01b0 Ph\u1ea1m\u00a0Nh\u1ea1c H\u1ecda Trung \u01af\u01a1ng.<\/p>\n<p>&#8211;\u00a0<\/span><span style=\"font-size: 95%; line-height: 1.5;\">H\u1ed9i vi\u00ean H\u1ed9i M\u1ef9 Thu\u1eadt H\u00e0 N\u1ed9i<\/p>\n<p>&#8211;\u00a0<\/span><span style=\"font-size: 95%; line-height: 1.5;\">H\u1ed9i vi\u00ean H\u1ed9i M\u1ef9 Thu\u1eadt Vi\u1ec7t Nam<\/p>\n<p>&#8211;\u00a0<\/span><span style=\"font-size: 95%; line-height: 1.5;\">Gi\u1ea3ng vi\u00ean m\u1ef9 thu\u1eadt l\u00e2u n\u0103m t\u1ea1i Cung Thi\u1ebfu Nhi.<\/span><\/p>\n\t\t<\/div>\n\t<\/div>\n\t\n\t\n\t\t<\/div>\n\t\t\t\t\t<\/div>\n\n\t\n<\/div>\n<p>Xin ch\u00e0o b\u1ea1n \u2013 \u0111\u1ed9c gi\u1ea3 c\u1ee7a <a href=\"http:\/\/webdesign.com\/\">Webdesign.com<\/a>,<\/p>\n<p>L\u1eddi \u0111\u1ea7u ti\u00ean, cho ph\u00e9p Webdesign \u0111\u01b0\u1ee3c g\u1eedi t\u1edbi qu\u00fd kh\u00e1ch, qu\u00fd th\u00e2n nh\u00e2n v\u00e0 b\u1ea1n b\u00e8 l\u1eddi ch\u00fac s\u1ee9c kh\u1ecfe, th\u00e0nh \u0111\u1ea1t v\u00e0 h\u1ea1nh ph\u00fac.<\/p>\n<p><a href=\"http:\/\/webdesign.com\/\">Webdesign.com<\/a> \u0111\u01b0\u1ee3c th\u00e0nh l\u1eadp th\u00e1ng 11\/2016 d\u01b0\u1edbi d\u1ea1ng Blog c\u00e1 nh\u00e2n, v\u1edbi m\u1ee5c \u0111\u00edch ban \u0111\u1ea7u l\u00e0 n\u01a1i\u00a0l\u01b0u tr\u1eef nh\u1eefng<strong>b\u00e0i vi\u1ebft ki\u1ebfn th\u1ee9c<\/strong> ho\u1eb7c nh\u1eefng<strong> s\u1ea3n ph\u1ea9m s\u00e1ng t\u1ea1o<\/strong> trong qu\u00e1 tr\u00ecnh h\u1ecdc t\u1eadp,\u00a0l\u00e0m vi\u1ec7c.<\/p>\n<p>Sau m\u1ed9t th\u1eddi gian ho\u1ea1t \u0111\u1ed9ng, website \u0111\u00e3 c\u00f3 nh\u1eefng b\u01b0\u1edbc ti\u1ebfn \u0111\u00e1ng k\u1ec3 c\u1ea3 v\u1ec1 ch\u1ea5t l\u01b0\u1ee3ng v\u00e0 h\u00ecnh th\u1ee9c. S\u1ed1 l\u01b0\u1ee3ng kh\u00e1ch truy c\u1eadp website\u00a0tr\u1edf th\u00e0nh kh\u00e1ch h\u00e0ng s\u1eed d\u1ee5ng d\u1ecbch v\u1ee5 thi\u1ebft k\u1ebf t\u0103ng l\u00ean \u0111\u00e1ng k\u1ec3. T\u1eeb vi\u1ec7c ch\u0103m ch\u00fat n\u1ed9i dung cho website theo s\u1edf th\u00edch, Webdesign\u00a0\u0111\u00e3 d\u1ea7n chinh ph\u1ee5c kh\u00e1ch h\u00e0ng v\u1edbi nh\u1eefng d\u1ecbch v\u1ee5 thi\u1ebft k\u1ebf s\u00e1ng t\u1ea1o uy t\u00edn v\u00e0 ch\u1ea5t l\u01b0\u1ee3ng.<\/p>\n<p>T\u1ef1 tin v\u1edbi kh\u1ea3 n\u0103ng \u0111\u00e1p \u1ee9ng m\u1ecdi y\u00eau c\u1ea7u thi\u1ebft k\u1ebf c\u1ee7a kh\u00e1ch h\u00e0ng, Webdesign ch\u00ednh th\u1ee9c \u0111em l\u1ea1i d\u1ecbch v\u1ee5 <strong>Thi\u1ebft k\u1ebf \u0111\u1ed3 h\u1ecda<\/strong>\u00a0v\u00e0<strong>Thi\u1ebft k\u1ebf Website chuy\u00ean nghi\u1ec7p\u00a0<\/strong>t\u1eeb \u0111\u1ea7u n\u0103m 2017.<strong>\u00a0<\/strong>S\u1ef1 \u1ee7ng h\u1ed9 v\u00e0 tin t\u01b0\u1edfng c\u1ee7a kh\u00e1ch h\u00e0ng s\u1ebd\u00a0tr\u1edf th\u00e0nh ngu\u1ed3n c\u1ea3m h\u1ee9ng\u00a0l\u1edbn lao cho Webdesign\u00a0trong qu\u00e1 tr\u00ecnh\u00a0ph\u00e1c h\u1ecda nh\u1eefng \u00fd t\u01b0\u1edfng thi\u1ebft k\u1ebf \u0111\u01b0\u1ee3c tr\u1edf th\u00e0nh hi\u1ec7n th\u1ef1c.<\/p>\n<p>Xin c\u00e1m \u01a1n s\u1ef1 tin t\u01b0\u1edfng v\u00e0 \u1ee7ng h\u1ed9 c\u1ee7a qu\u00fd kh\u00e1ch trong th\u1eddi gian qua.<\/p>\n<p>Tr\u00e2n tr\u1ecdng.\/.<\/p>\n<p>Admin<\/p>\n<p><strong>Xem th\u00eam d\u1ecbch v\u1ee5 kh\u00e1c c\u1ee7a ch\u00fang t\u00f4i:<\/strong><\/p>\n<p>+ <a href=\"http:\/\/www.inhinhlenao.net\/\" target=\"blank\">D\u1ecbch v\u1ee5\u00a0In \u00e1o nhanh-r\u1ebb-\u0111\u1eb9p<\/a><\/p>\n<p>+ <a href=\"http:\/\/www.aoconggiao.com\/\" target=\"blank\">\u00c1o C\u00f4ng Gi\u00e1o<\/a>, <a href=\"http:\/\/www.aoconggiao.com\/\" target=\"blank\">\u00c1o \u0110\u1ed3ng ph\u1ee5c C\u00f4ng Gi\u00e1o<\/a><\/p>\n<p>+ <a href=\"http:\/\/www.sites.google.com\/site\/xuongthanhgiuse\/\" target=\"blank\">\u0110\u1ed3 h\u1ecda C\u00f4ng gi\u00e1o<\/a><\/p>\n<p><strong>Xem th\u00eam c\u00e1c s\u1ea3n ph\u1ea9m c\u1ee7a ch\u00fang t\u00f4i:<\/strong><\/p>\n<p>+ <a href=\"http:\/\/webdesign.com\/category\/goc-chia-se\/\" target=\"blank\">G\u00f3c chia s\u1ebb file thi\u1ebft k\u1ebf<\/a><\/p>\n<p>+ <a href=\"http:\/\/webdesign.com\/hoc-html-truc-tuyen-mien-phi\/\" target=\"blank\">H\u1ecdc HTML c\u01a1 b\u1ea3n<\/a><\/p>\n<p>+ <a href=\"http:\/\/webdesign.com\/category\/kien-thuc\/hoc-thiet-ke-web-wordpress\/\" target=\"blank\">H\u1ecdc thi\u1ebft k\u1ebf website n\u1ec1n t\u1ea3ng WordPress c\u1ef1c nhanh ch\u00f3ng<\/a><\/p>\n<p>+ <a href=\"http:\/\/webdesign.com\/category\/kien-thuc\/kien-thuc-do-hoa\/\" target=\"blank\">Ki\u1ebfn th\u1ee9c thi\u1ebft k\u1ebf \u0111\u1ed3 h\u1ecda<\/a><\/p>\n<p><strong>Chia s\u1ebb file thi\u1ebft k\u1ebf mi\u1ec5n ph\u00ed<\/strong><\/p>\n<p>Nh\u1eefng file thi\u1ebft k\u1ebf ch\u00fang t\u00f4i \u0111\u00e3 l\u00e0m n\u1ebfu c\u00f3\u00a0th\u1ec3 share th\u00ec ch\u00fang t\u00f4i s\u1ebd g\u1eafn link download ph\u00eda d\u01b0\u1edbi m\u1ed7i b\u00e0i vi\u1ebft. C\u00f2n l\u1ea1i, nh\u1eefng file thi\u1ebft k\u1ebf \u0111\u00e3 \u0111\u01b0\u1ee3c kh\u00e1ch h\u00e0ng tr\u1ea3 ti\u1ec1n, ch\u00fang t\u00f4i xin ph\u00e9p kh\u00f4ng share mi\u1ec5n ph\u00ed.<\/p>\n<p>Do \u0111\u00f3, trong tr\u01b0\u1eddng h\u1ee3p b\u1ea1n r\u1ea5t \u01b0ng \u00fd m\u1ed9t s\u1ea3n ph\u1ea9m thi\u1ebft k\u1ebf n\u00e0o \u0111\u00f3 c\u1ee7a ch\u00fang t\u00f4i nh\u01b0ng kh\u00f4ng th\u1ea5y link download th\u00ec vui l\u00f2ng li\u00ean h\u1ec7 v\u1edbi admin. Admin s\u1ebd s\u1eafp x\u1ebfp xin \u00fd ki\u1ebfn c\u1ee7a kh\u00e1ch h\u00e0ng tr\u01b0\u1edbc \u0111\u1ec3 b\u00e1n l\u1ea1i file cho b\u1ea1n.<\/p>\n<p><strong>Li\u00ean h\u1ec7:<\/strong><\/p>\n<p>\u0110i\u1ec7n tho\u1ea1i cho m\u00ecnh: 0972939830<\/p>\n<p>Mail cho m\u00ecnh: giuselelthien@gmail.com<\/p>\n<p>K\u1ebft b\u1ea1n v\u1edbi m\u00ecnh: <a href=\"http:\/\/www.facebook.com\/webdemo\">www.facebook.com\/webdemo<\/a><\/p>\n","protected":false},"excerpt":{"rendered":"<p>Ban qu\u1ea3n l\u00fd v\u00e0 c\u1ed1 v\u1ea5n Xin ch\u00e0o b\u1ea1n \u2013 \u0111\u1ed9c gi\u1ea3 c\u1ee7a Webdesign.com, L\u1eddi \u0111\u1ea7u ti\u00ean, cho ph\u00e9p Webdesign \u0111\u01b0\u1ee3c g\u1eedi t\u1edbi qu\u00fd kh\u00e1ch, qu\u00fd th\u00e2n nh\u00e2n v\u00e0 b\u1ea1n b\u00e8 l\u1eddi ch\u00fac s\u1ee9c kh\u1ecfe, th\u00e0nh \u0111\u1ea1t v\u00e0 h\u1ea1nh ph\u00fac. Webdesign.com \u0111\u01b0\u1ee3c th\u00e0nh l\u1eadp th\u00e1ng 11\/2016 d\u01b0\u1edbi d\u1ea1ng Blog c\u00e1 nh\u00e2n, v\u1edbi m\u1ee5c \u0111\u00edch ban [&#8230;]\n","protected":false},"author":1,"featured_media":0,"parent":0,"menu_order":0,"comment_status":"closed","ping_status":"closed","template":"page-right-sidebar.php","meta":[],"_links":{"self":[{"href":"https:\/\/demo.bmconnect.vn\/pianocenter\/wp-json\/wp\/v2\/pages\/35"}],"collection":[{"href":"https:\/\/demo.bmconnect.vn\/pianocenter\/wp-json\/wp\/v2\/pages"}],"about":[{"href":"https:\/\/demo.bmconnect.vn\/pianocenter\/wp-json\/wp\/v2\/types\/page"}],"author":[{"embeddable":true,"href":"https:\/\/demo.bmconnect.vn\/pianocenter\/wp-json\/wp\/v2\/users\/1"}],"replies":[{"embeddable":true,"href":"https:\/\/demo.bmconnect.vn\/pianocenter\/wp-json\/wp\/v2\/comments?post=35"}],"version-history":[{"count":13,"href":"https:\/\/demo.bmconnect.vn\/pianocenter\/wp-json\/wp\/v2\/pages\/35\/revisions"}],"predecessor-version":[{"id":579,"href":"https:\/\/demo.bmconnect.vn\/pianocenter\/wp-json\/wp\/v2\/pages\/35\/revisions\/579"}],"wp:attachment":[{"href":"https:\/\/demo.bmconnect.vn\/pianocenter\/wp-json\/wp\/v2\/media?parent=35"}],"curies":[{"name":"wp","href":"https:\/\/api.w.org\/{rel}","templated":true}]}}