{"id":28,"date":"2017-03-18T00:29:23","date_gmt":"2017-03-17T17:29:23","guid":{"rendered":"http:\/\/localhost\/flatsome\/?post_type=product&#038;p=28"},"modified":"2017-04-24T16:49:20","modified_gmt":"2017-04-24T09:49:20","slug":"dung-cu-khoan","status":"publish","type":"product","link":"https:\/\/demo.bmconnect.vn\/pana\/san-pham\/dung-cu-khoan\/","title":{"rendered":"D\u1ee5ng c\u1ee5 khoan"},"content":{"rendered":"<p>C\u00f4ng t\u1eafc &amp; \u1ed5 c\u1eafm ph\u00f2ng th\u1ea5m n\u01b0\u1edbc series 56 \u0111\u1ea1t chu\u1ea9n b\u1ea3o v\u1ec7 IP66.<\/p>\n<p>\u0110\u01b0\u1ee3c l\u00e0m t\u1eeb polycarbonate ho\u1eb7c lo\u1ea1i m\u00e0u cam c\u00f3 kh\u1ea3 n\u0103ng ch\u1ed1ng l\u1ea1i t\u00e1c \u0111\u1ed9ng c\u1ee7a h\u00f3a ch\u1ea5t. Ph\u00edch c\u1eafm v\u1eabn \u0111\u1ea3m b\u1ea3o chu\u1ea9n b\u1ea3o v\u1ec7 IP66 trong khi s\u1eed d\u1ee5ng. Thi\u1ebft k\u1ebf d\u1ea1ng m\u00f4-\u0111un n\u00ean c\u00f3 kh\u1ea3 n\u0103ng k\u1ebft h\u1ee3p nhi\u1ec1u c\u00f4ng t\u1eafc v\u00e0 \u1ed5 c\u1eafm v\u00e0o c\u00f9ng h\u1ed9p box m\u1ed9t c\u00e1ch d\u1ec5 d\u00e0ng. C\u00f3 t\u00f9y ch\u1ecdn g\u1eafn th\u00eam thi\u1ebft b\u1ecb ch\u1ed1ng gi\u1eadt ho\u1eb7c mcb \u0111\u1ec3 t\u0103ng t\u00ednh n\u0103ng an to\u00e0n. \u1ed4 c\u1eafm \u0111\u01b0\u1ee3c thi\u1ebft k\u1ebf \u0111\u1ec3 ng\u0103n vi\u1ec7c ph\u00edch c\u1eafm b\u1ecb v\u00f4 t\u00ednh k\u00e9o ra ngo\u00e0i, \u0111\u1ea3m b\u1ea3o t\u00ednh li\u00ean t\u1ee5c c\u1ee7a d\u00f2ng \u0111i\u1ec7n s\u1eed d\u1ee5ng.<\/p>\n<p>S\u1eed d\u1ee5ng d\u00f2ng s\u1ea3n ph\u1ea9m S56 mang l\u1ea1i s\u1ef1 linh ho\u1ea1t, c\u1ea5p \u0111\u1ed9 b\u1ea3o v\u1ec7 \u0111\u00e1ng tin c\u1eady IP66, ch\u1ea5t l\u01b0\u1ee3ng s\u1ea3n ph\u1ea9m lu\u00f4n \u0111\u01b0\u1ee3c \u0111\u1ea3m b\u1ea3o. \u1ee8ng d\u1ee5ng r\u1ed9ng r\u00e3i trong ng\u00e0nh c\u00f4ng nghi\u1ec7p th\u1ef1c ph\u1ea9m, ch\u1ebf bi\u1ebfn th\u1ee9c \u0103n, t\u00e0u th\u1ee7y &#8230;<\/p>\n<p><a href=\"http:\/\/\" class=\"button primary is-primary is-medium\"><i class=\"icon-angle-down\"><\/i> <span>DOWNLOAD CATALOGUE<\/span><\/a><a href=\"#product-contact-form-7\" target=\"_self\" class=\"button secondary is-secondary is-medium\"><i class=\"icon-envelop\"><\/i> <span>Y\u00caU C\u1ea6U B\u00c1O GI\u00c1<\/span><\/a><\/p>\n","protected":false},"excerpt":{"rendered":"<ul>\n<li>B\u1ea3o h\u00e0nh: <strong>12 th\u00e1ng ch\u00ednh h\u00e3ng<\/strong><\/li>\n<li>Ch\u1ee9ng t\u1eeb: <strong>h\u00f3a \u0111\u01a1n VAT<\/strong><\/li>\n<li>Th\u00f4ng s\u1ed1 k\u1ef9 thu\u1eadt:<br \/>\n<table class=\"table table-bordered\">\n<tbody>\n<tr>\n<td>M\u00e0u s\u1eafc<\/td>\n<td>Tr\u1eafng<\/td>\n<\/tr>\n<tr>\n<td>Ph\u1ee5 ki\u1ec7n \u0111i k\u00e8m<\/td>\n<td>Kh\u00f4ng<\/td>\n<\/tr>\n<tr>\n<td>Quy c\u00e1ch \u0111\u00f3ng g\u00f3i<\/td>\n<td>Bao nh\u1ef1a<\/td>\n<\/tr>\n<\/tbody>\n<\/table>\n<\/li>\n<\/ul>\n","protected":false},"featured_media":126,"comment_status":"open","ping_status":"closed","template":"","meta":[],"product_cat":[11,13],"product_tag":[],"_links":{"self":[{"href":"https:\/\/demo.bmconnect.vn\/pana\/wp-json\/wp\/v2\/product\/28"}],"collection":[{"href":"https:\/\/demo.bmconnect.vn\/pana\/wp-json\/wp\/v2\/product"}],"about":[{"href":"https:\/\/demo.bmconnect.vn\/pana\/wp-json\/wp\/v2\/types\/product"}],"replies":[{"embeddable":true,"href":"https:\/\/demo.bmconnect.vn\/pana\/wp-json\/wp\/v2\/comments?post=28"}],"wp:featuredmedia":[{"embeddable":true,"href":"https:\/\/demo.bmconnect.vn\/pana\/wp-json\/wp\/v2\/media\/126"}],"wp:attachment":[{"href":"https:\/\/demo.bmconnect.vn\/pana\/wp-json\/wp\/v2\/media?parent=28"}],"wp:term":[{"taxonomy":"product_cat","embeddable":true,"href":"https:\/\/demo.bmconnect.vn\/pana\/wp-json\/wp\/v2\/product_cat?post=28"},{"taxonomy":"product_tag","embeddable":true,"href":"https:\/\/demo.bmconnect.vn\/pana\/wp-json\/wp\/v2\/product_tag?post=28"}],"curies":[{"name":"wp","href":"https:\/\/api.w.org\/{rel}","templated":true}]}}