{"id":18,"date":"2017-03-18T00:21:20","date_gmt":"2017-03-17T17:21:20","guid":{"rendered":"http:\/\/localhost\/flatsome\/product\/apple-iphone-5\/"},"modified":"2017-04-08T21:07:55","modified_gmt":"2017-04-08T14:07:55","slug":"may-danh-bong","status":"publish","type":"product","link":"https:\/\/demo.bmconnect.vn\/pana\/san-pham\/may-danh-bong\/","title":{"rendered":"M\u00e1y \u0111\u00e1nh b\u00f3ng"},"content":{"rendered":"","protected":false},"excerpt":{"rendered":"","protected":false},"featured_media":126,"comment_status":"open","ping_status":"closed","template":"","meta":[],"product_cat":[9,6,7],"product_tag":[],"_links":{"self":[{"href":"https:\/\/demo.bmconnect.vn\/pana\/wp-json\/wp\/v2\/product\/18"}],"collection":[{"href":"https:\/\/demo.bmconnect.vn\/pana\/wp-json\/wp\/v2\/product"}],"about":[{"href":"https:\/\/demo.bmconnect.vn\/pana\/wp-json\/wp\/v2\/types\/product"}],"replies":[{"embeddable":true,"href":"https:\/\/demo.bmconnect.vn\/pana\/wp-json\/wp\/v2\/comments?post=18"}],"wp:featuredmedia":[{"embeddable":true,"href":"https:\/\/demo.bmconnect.vn\/pana\/wp-json\/wp\/v2\/media\/126"}],"wp:attachment":[{"href":"https:\/\/demo.bmconnect.vn\/pana\/wp-json\/wp\/v2\/media?parent=18"}],"wp:term":[{"taxonomy":"product_cat","embeddable":true,"href":"https:\/\/demo.bmconnect.vn\/pana\/wp-json\/wp\/v2\/product_cat?post=18"},{"taxonomy":"product_tag","embeddable":true,"href":"https:\/\/demo.bmconnect.vn\/pana\/wp-json\/wp\/v2\/product_tag?post=18"}],"curies":[{"name":"wp","href":"https:\/\/api.w.org\/{rel}","templated":true}]}}