{"id":311,"date":"2018-11-28T17:24:36","date_gmt":"2018-11-28T10:24:36","guid":{"rendered":"http:\/\/demo.bmconnect.vn\/nuocgiat\/?post_type=product&#038;p=311"},"modified":"2018-11-28T20:16:21","modified_gmt":"2018-11-28T13:16:21","slug":"combo-tay-rua-newsun-rua-chen-4l-nuoc-giat-4l-lau-san-4l","status":"publish","type":"product","link":"https:\/\/demo.bmconnect.vn\/nuocgiat\/san-pham\/combo-tay-rua-newsun-rua-chen-4l-nuoc-giat-4l-lau-san-4l\/","title":{"rendered":"Combo t\u1ea9y r\u1eeda NewSun: R\u1eeda ch\u00e9n 4L + N\u01b0\u1edbc gi\u1eb7t 4L + Lau s\u00e0n 4L"},"content":{"rendered":"<p><strong>Combo T\u1ea9y R\u1eeda<\/strong>\u00a0<strong>NEWSUN<\/strong>\u00a0\u0111\u01b0\u1ee3c s\u1ea3n xu\u1ea5t b\u1edfi\u00a0<strong>C\u00f4ng Ty TNHH MTV\u00a0\u0110A PH\u01af\u1edaC L\u00c2M<\/strong>\u00a0kh\u00f4ng \u0111\u1ed9c h\u1ea1i, kh\u00f4ng g\u00e2y \u00f4 nhi\u1ec5m m\u00f4i tr\u01b0\u1eddng, l\u00e0m s\u1ea1ch nhanh, kh\u1eed tr\u00f9ng, S\u1eed d\u1ee5ng t\u1ed1t cho\u00a0b\u1ec1 m\u1eb7t g\u1ed1m, s\u1ee9, nh\u1ef1a, th\u1ee7y tinh v\u00e0 kim lo\u1ea1i.<\/p>\n<p><strong>\u01afu \u0110i\u1ec3m<\/strong>\u00a0c\u1ee7a\u00a0S\u1ea3n ph\u1ea9m \u0110\u1ed8C \u0110\u00c1O n\u00e0y c\u00f3 4 \u0111\u1eb7c t\u00ednh :<\/p>\n<p><strong>Kh\u00f4ng ch\u1ee9a\u00a0ch\u1ea5t B\u1ea3o qu\u1ea3n<\/strong><\/p>\n<p><strong>Kh\u00f4ng g\u00e2y h\u1ea1i k\u00edch \u1ee9ng\u00a0Da tay<\/strong><\/p>\n<p><strong>Kh\u00f4ng g\u00e2y\u00a0h\u1ea1i M\u00f4i tr\u01b0\u1eddng<\/strong><\/p>\n<p><strong>Kh\u00f4ng ch\u1ee9a\u00a0ch\u1ea5t g\u00e2y Ung th\u01b0<\/strong><\/p>\n<p>&nbsp;<\/p>\n<p><strong>Khuy\u1ebft \u0110i\u1ec3m<\/strong>\u00a0: Kh\u00f4ng \u0111\u1eadm \u0111\u1eb7c, \u00edt b\u1ecdt ( V\u00ec b\u1ecdt kh\u00f4ng\u00a0c\u00f3 tham gia v\u00e0o nhi\u1ec7m v\u1ee5 ch\u00ednh l\u00e0 t\u1ea9y r\u1eeda m\u00e0 ch\u1ec9 l\u00e0 c\u1ea3m quan nh\u01b0ng\u00a0r\u1ea5t c\u00f3\u00a0h\u1ea1i\u00a0cho s\u1ee9c\u00a0kh\u1ecfe, da tay v\u00e0 m\u00f4i tr\u01b0\u1eddng)<\/p>\n","protected":false},"excerpt":{"rendered":"<ul>\n<li>Kh\u00f4ng ch\u1ee9a\u00a0ch\u1ea5t B\u1ea3o qu\u1ea3n<\/li>\n<li>Kh\u00f4ng g\u00e2y h\u1ea1i k\u00edch \u1ee9ng\u00a0Da tay<\/li>\n<li>Kh\u00f4ng g\u00e2y\u00a0h\u1ea1i M\u00f4i tr\u01b0\u1eddng<\/li>\n<li>Kh\u00f4ng ch\u1ee9a\u00a0ch\u1ea5t g\u00e2y Ung th\u01b0<\/li>\n<\/ul>\n<p>&nbsp;<\/p>\n","protected":false},"featured_media":312,"comment_status":"open","ping_status":"closed","template":"","meta":[],"product_cat":[18,19,21,20,22],"product_tag":[],"_links":{"self":[{"href":"https:\/\/demo.bmconnect.vn\/nuocgiat\/wp-json\/wp\/v2\/product\/311"}],"collection":[{"href":"https:\/\/demo.bmconnect.vn\/nuocgiat\/wp-json\/wp\/v2\/product"}],"about":[{"href":"https:\/\/demo.bmconnect.vn\/nuocgiat\/wp-json\/wp\/v2\/types\/product"}],"replies":[{"embeddable":true,"href":"https:\/\/demo.bmconnect.vn\/nuocgiat\/wp-json\/wp\/v2\/comments?post=311"}],"wp:featuredmedia":[{"embeddable":true,"href":"https:\/\/demo.bmconnect.vn\/nuocgiat\/wp-json\/wp\/v2\/media\/312"}],"wp:attachment":[{"href":"https:\/\/demo.bmconnect.vn\/nuocgiat\/wp-json\/wp\/v2\/media?parent=311"}],"wp:term":[{"taxonomy":"product_cat","embeddable":true,"href":"https:\/\/demo.bmconnect.vn\/nuocgiat\/wp-json\/wp\/v2\/product_cat?post=311"},{"taxonomy":"product_tag","embeddable":true,"href":"https:\/\/demo.bmconnect.vn\/nuocgiat\/wp-json\/wp\/v2\/product_tag?post=311"}],"curies":[{"name":"wp","href":"https:\/\/api.w.org\/{rel}","templated":true}]}}