{"id":305,"date":"2018-11-28T17:19:47","date_gmt":"2018-11-28T10:19:47","guid":{"rendered":"http:\/\/demo.bmconnect.vn\/nuocgiat\/?post_type=product&#038;p=305"},"modified":"2018-11-28T17:19:47","modified_gmt":"2018-11-28T10:19:47","slug":"combo-tay-tua-newsun-rua-chen-4l-nuoc-giat-4lx2-lau-san-4l","status":"publish","type":"product","link":"https:\/\/demo.bmconnect.vn\/nuocgiat\/san-pham\/combo-tay-tua-newsun-rua-chen-4l-nuoc-giat-4lx2-lau-san-4l\/","title":{"rendered":"Combo t\u1ea9y t\u1eeda Newsun: R\u1eeda ch\u00e9n 4L + N\u01b0\u1edbc gi\u1eb7t 4Lx2 + Lau s\u00e0n 4L"},"content":{"rendered":"<p><strong>Combo T\u1ea9y R\u1eeda NEWSUN<\/strong>\u00a0\u0111\u01b0\u1ee3c s\u1ea3n xu\u1ea5t b\u1edfi\u00a0<strong>C\u00f4ng Ty TNHH MTV \u0110A PH\u01af\u1edaC L\u00c2M<\/strong>\u00a0kh\u00f4ng \u0111\u1ed9c h\u1ea1i, kh\u00f4ng g\u00e2y \u00f4 nhi\u1ec5m m\u00f4i tr\u01b0\u1eddng, l\u00e0m s\u1ea1ch nhanh, kh\u1eed tr\u00f9ng, S\u1eed d\u1ee5ng t\u1ed1t cho b\u1ec1 m\u1eb7t g\u1ed1m, s\u1ee9, nh\u1ef1a, th\u1ee7y tinh v\u00e0 kim lo\u1ea1i.<\/p>\n<p><strong>\u01afu \u0110i\u1ec3m<\/strong>\u00a0c\u1ee7a S\u1ea3n ph\u1ea9m \u0110\u1ed8C \u0110\u00c1O n\u00e0y c\u00f3 4 \u0111\u1eb7c t\u00ednh :<\/p>\n<p>Kh\u00f4ng ch\u1ee9a ch\u1ea5t B\u1ea3o qu\u1ea3n<\/p>\n<p>Kh\u00f4ng g\u00e2y h\u1ea1i k\u00edch \u1ee9ng Da tay<\/p>\n<p>Kh\u00f4ng g\u00e2y h\u1ea1i M\u00f4i tr\u01b0\u1eddng<\/p>\n<p>Kh\u00f4ng ch\u1ee9a ch\u1ea5t g\u00e2y Ung th\u01b0<\/p>\n<p><strong>Khuy\u1ebft \u0110i\u1ec3m<\/strong>\u00a0: Kh\u00f4ng \u0111\u1eadm \u0111\u1eb7c, \u00edt b\u1ecdt ( V\u00ec b\u1ecdt kh\u00f4ng c\u00f3 tham gia v\u00e0o nhi\u1ec7m v\u1ee5 ch\u00ednh l\u00e0 t\u1ea9y r\u1eeda m\u00e0 ch\u1ec9 l\u00e0 c\u1ea3m quan nh\u01b0ng r\u1ea5t c\u00f3 h\u1ea1i cho s\u1ee9c kh\u1ecfe, da tay v\u00e0 m\u00f4i tr\u01b0\u1eddng)<\/p>\n","protected":false},"excerpt":{"rendered":"<ul>\n<li>Kh\u00f4ng ch\u1ee9a ch\u1ea5t B\u1ea3o qu\u1ea3n<\/li>\n<li>Kh\u00f4ng g\u00e2y h\u1ea1i k\u00edch \u1ee9ng Da tay<\/li>\n<li>Kh\u00f4ng g\u00e2y h\u1ea1i M\u00f4i tr\u01b0\u1eddng<\/li>\n<li>Kh\u00f4ng ch\u1ee9a ch\u1ea5t g\u00e2y Ung th\u01b0<\/li>\n<\/ul>\n","protected":false},"featured_media":306,"comment_status":"open","ping_status":"closed","template":"","meta":[],"product_cat":[18],"product_tag":[],"_links":{"self":[{"href":"https:\/\/demo.bmconnect.vn\/nuocgiat\/wp-json\/wp\/v2\/product\/305"}],"collection":[{"href":"https:\/\/demo.bmconnect.vn\/nuocgiat\/wp-json\/wp\/v2\/product"}],"about":[{"href":"https:\/\/demo.bmconnect.vn\/nuocgiat\/wp-json\/wp\/v2\/types\/product"}],"replies":[{"embeddable":true,"href":"https:\/\/demo.bmconnect.vn\/nuocgiat\/wp-json\/wp\/v2\/comments?post=305"}],"wp:featuredmedia":[{"embeddable":true,"href":"https:\/\/demo.bmconnect.vn\/nuocgiat\/wp-json\/wp\/v2\/media\/306"}],"wp:attachment":[{"href":"https:\/\/demo.bmconnect.vn\/nuocgiat\/wp-json\/wp\/v2\/media?parent=305"}],"wp:term":[{"taxonomy":"product_cat","embeddable":true,"href":"https:\/\/demo.bmconnect.vn\/nuocgiat\/wp-json\/wp\/v2\/product_cat?post=305"},{"taxonomy":"product_tag","embeddable":true,"href":"https:\/\/demo.bmconnect.vn\/nuocgiat\/wp-json\/wp\/v2\/product_tag?post=305"}],"curies":[{"name":"wp","href":"https:\/\/api.w.org\/{rel}","templated":true}]}}