{"id":21,"date":"2018-11-22T11:49:39","date_gmt":"2018-11-22T04:49:39","guid":{"rendered":"https:\/\/demo.bmconnect.vn\/noithat6\/?page_id=21"},"modified":"2018-11-25T13:03:56","modified_gmt":"2018-11-25T06:03:56","slug":"lien-he","status":"publish","type":"page","link":"https:\/\/demo.bmconnect.vn\/noithat6\/lien-he\/","title":{"rendered":"Li\u00ean h\u1ec7"},"content":{"rendered":"<div class=\"row row-lien-he\"  id=\"row-799374495\">\n\n\t<div id=\"col-1818570334\" class=\"col small-12 large-12\"  >\n\t\t\t\t<div class=\"col-inner\"  >\n\t\t\t\n\t\t\t\n\t<div class=\"img has-hover x md-x lg-x y md-y lg-y\" id=\"image_240743109\">\n\t\t\t\t\t\t\t\t<div class=\"img-inner dark\" >\n\t\t\t<img width=\"1366\" height=\"435\" src=\"https:\/\/demo.bmconnect.vn\/noithat6\/wp-content\/uploads\/2018\/11\/slider1.jpg\" class=\"attachment-original size-original\" alt=\"\" loading=\"lazy\" srcset=\"https:\/\/demo.bmconnect.vn\/noithat6\/wp-content\/uploads\/2018\/11\/slider1.jpg 1366w, https:\/\/demo.bmconnect.vn\/noithat6\/wp-content\/uploads\/2018\/11\/slider1-300x96.jpg 300w, https:\/\/demo.bmconnect.vn\/noithat6\/wp-content\/uploads\/2018\/11\/slider1-768x245.jpg 768w, https:\/\/demo.bmconnect.vn\/noithat6\/wp-content\/uploads\/2018\/11\/slider1-1024x326.jpg 1024w\" sizes=\"(max-width: 1366px) 100vw, 1366px\" \/>\t\t\t\t\t\t\n\t\t\t\t\t<\/div>\n\t\t\t\t\t\t\t\t\n<style>\n#image_240743109 {\n  width: 100%;\n}\n<\/style>\n\t<\/div>\n\t\n\t\t<\/div>\n\t\t\t\t\t<\/div>\n\n\t\n\n\t<div id=\"col-1244227440\" class=\"col medium-6 small-12 large-6\"  >\n\t\t\t\t<div class=\"col-inner\"  >\n\t\t\t\n\t\t\t\n\t<div id=\"gap-1467987433\" class=\"gap-element clearfix\" style=\"display:block; height:auto;\">\n\t\t\n<style>\n#gap-1467987433 {\n  padding-top: 30px;\n}\n<\/style>\n\t<\/div>\n\t\n<h2>Th\u00f4ng tin li\u00ean h\u1ec7:<\/h2>\n<ul>\n<li>Li\u00ean h\u1ec7:\u00a0L\u00ea V\u0103n Thi\u1ec7n<\/li>\n<li>Phone:\u00a00972939830<\/li>\n<li>Email:\u00a0giuselethien@gmail.com<\/li>\n<li>Website:\u00a0www.giuseart.com<\/li>\n<li>Flickr:\u00a0www.flickr.com\/photos\/77493237@N07\/albums<\/li>\n<li>Behance:\u00a0https:\/\/www.behance.net\/giuselethien<\/li>\n<li>Intesest:\u00a0https:\/\/www.pinterest.com\/giuselethien\/pins\/<\/li>\n<li>Chi nh\u00e1nh H\u00e0 N\u1ed9i<\/li>\n<li>\u0110\u1ecba ch\u1ec9: S\u1ed1 19 ng\u00f5 18 L\u01b0\u01a1ng Ng\u1ecdc Quy\u1ebfn, V\u0103n Qu\u00e1n, H\u00e0 \u0110\u00f4ng, H\u00e0 N\u1ed9i<\/li>\n<li>\u0110i\u1ec7n tho\u1ea1i: 0972939830 &#8211; 01324.567.890<\/li>\n<li>Email: giuselethien@gmail.com<\/li>\n<\/ul>\n\t\t<\/div>\n\t\t\t\t\t<\/div>\n\n\t\n\n\t<div id=\"col-913459630\" class=\"col medium-6 small-12 large-6\"  >\n\t\t\t\t<div class=\"col-inner\"  >\n\t\t\t\n\t\t\t\n<div role=\"form\" class=\"wpcf7\" id=\"wpcf7-f678-o1\" lang=\"vi\" dir=\"ltr\">\n<div class=\"screen-reader-response\"><p role=\"status\" aria-live=\"polite\" aria-atomic=\"true\"><\/p> <ul><\/ul><\/div>\n<form action=\"\/noithat6\/wp-json\/wp\/v2\/pages\/21#wpcf7-f678-o1\" method=\"post\" class=\"wpcf7-form init\" novalidate=\"novalidate\" data-status=\"init\">\n<div style=\"display: none;\">\n<input type=\"hidden\" name=\"_wpcf7\" value=\"678\" \/>\n<input type=\"hidden\" name=\"_wpcf7_version\" value=\"5.4.2\" \/>\n<input type=\"hidden\" name=\"_wpcf7_locale\" value=\"vi\" \/>\n<input type=\"hidden\" name=\"_wpcf7_unit_tag\" value=\"wpcf7-f678-o1\" \/>\n<input type=\"hidden\" name=\"_wpcf7_container_post\" value=\"0\" \/>\n<input type=\"hidden\" name=\"_wpcf7_posted_data_hash\" value=\"\" \/>\n<\/div>\n<div class=\"yeu-cau-tu-van\">\n<h3>G\u1eedi y\u00eau c\u1ea7u t\u01b0 v\u1ea5n mi\u1ec5n ph\u00ed<\/h3>\n<p class=\"thong-tin-top\">\nQu\u00fd kh\u00e1ch h\u00e0ng c\u00f3 th\u1ec3 g\u1eedi y\u00eau c\u1ea7u \u0111\u1ec3 ch\u00fang t\u00f4i t\u01b0 v\u1ea5n mi\u1ec5n ph\u00ed t\u1ea1i \u0111\u00e2y. Y\u00eau c\u1ea7u t\u01b0 v\u1ea5n c\u1ee7a b\u1ea1n s\u1ebd \u0111\u01b0\u1ee3c g\u1eedi t\u1edbi c\u00e1c chuy\u00ean gia c\u1ee7a ch\u00fang t\u00f4i. Ch\u00fang t\u00f4i s\u1ebd tr\u1ea3 l\u1eddi s\u1edbm nh\u1ea5t c\u00f3 th\u1ec3 th\u00f4ng qua Email, S\u0110T ho\u1eb7c \u0111\u1ecba ch\u1ec9 li\u00ean h\u1ec7. Xin c\u1ea3m \u01a1n!<\/p>\n<div class=\"form-tu-van\">\n<div class=\"left\">\n<span class=\"wpcf7-form-control-wrap text-208\"><input type=\"text\" name=\"text-208\" value=\"\" size=\"40\" class=\"wpcf7-form-control wpcf7-text wpcf7-validates-as-required\" aria-required=\"true\" aria-invalid=\"false\" placeholder=\"H\u1ecd v\u00e0 t\u00ean...\" \/><\/span><br \/>\n<span class=\"wpcf7-form-control-wrap email-603\"><input type=\"email\" name=\"email-603\" value=\"\" size=\"40\" class=\"wpcf7-form-control wpcf7-text wpcf7-email wpcf7-validates-as-email\" aria-invalid=\"false\" placeholder=\"\u0110\u1ecba ch\u1ec9 email...\" \/><\/span><br \/>\n<span class=\"wpcf7-form-control-wrap tel-511\"><input type=\"tel\" name=\"tel-511\" value=\"\" size=\"40\" class=\"wpcf7-form-control wpcf7-text wpcf7-tel wpcf7-validates-as-required wpcf7-validates-as-tel\" aria-required=\"true\" aria-invalid=\"false\" placeholder=\"S\u1ed1 \u0111i\u1ec7n tho\u1ea1i...\" \/><\/span><br \/>\n<span class=\"wpcf7-form-control-wrap text-234\"><input type=\"text\" name=\"text-234\" value=\"\" size=\"40\" class=\"wpcf7-form-control wpcf7-text\" aria-invalid=\"false\" placeholder=\"\u0110\u1ecba ch\u1ec9 c\u1ee7a b\u1ea1n...\" \/><\/span>\n<\/div>\n<div class=\"right\">\n<span class=\"wpcf7-form-control-wrap textarea-734\"><textarea name=\"textarea-734\" cols=\"40\" rows=\"10\" class=\"wpcf7-form-control wpcf7-textarea\" aria-invalid=\"false\" placeholder=\"N\u1ed9i dung y\u00eau c\u1ea7u...\"><\/textarea><\/span>\n<\/div>\n<div class=\"clearboth\"><\/div>\n<\/div>\n<p class=\"luu-y\">L\u01b0u \u00fd: C\u00e1c th\u00f4ng tin b\u1ea1n cung c\u1ea5p c\u00e0ng chi ti\u1ebft th\u00ec ch\u00fang t\u00f4i c\u00e0ng c\u00f3 c\u01a1 s\u1edf \u0111\u1ec3 \u0111\u01b0a ra ph\u01b0\u01a1ng \u00e1n t\u1ed1i \u01b0u h\u01a1n.<\/p>\n<p class=\"thong-tin-bottom\">\nG\u1ee3i \u00fd vi\u1ebft y\u00eau c\u1ea7u: \u0110\u1ecba ch\u1ec9 khu \u0111\u1ea5t, di\u1ec7n t\u00edch \u0111\u1ea5t, k\u00edch th\u01b0\u1edbc c\u00e1c c\u1ea1nh. Lo\u1ea1i h\u00ecnh b\u1ea1n l\u1ef1a ch\u1ecdn (bi\u1ec7t th\u1ef1, nh\u00e0 ph\u1ed1 \u2026) B\u1ea1n \u0111\u1ecbnh x\u00e2y m\u1ea5y t\u1ea7ng. M\u1ed7i t\u1ea7ng b\u1ea1n y\u00eau c\u1ea7u c\u00e1c ph\u00f2ng n\u00e0o, kh\u00f4ng gian n\u00e0o. S\u1ed1 ti\u1ec1n d\u1ef1 ki\u1ebfn ...<\/p>\n<p><input type=\"submit\" value=\"G\u1eedi y\u00eau c\u1ea7u\" class=\"wpcf7-form-control wpcf7-submit\" \/>\n<\/p><\/div>\n<div class=\"wpcf7-response-output\" aria-hidden=\"true\"><\/div><\/form><\/div>\n\t\t<\/div>\n\t\t\t\t\t<\/div>\n\n\t\n\n\t<div id=\"col-1727598600\" class=\"col small-12 large-12\"  >\n\t\t\t\t<div class=\"col-inner\"  >\n\t\t\t\n\t\t\t\n<p><iframe loading=\"lazy\" src=\"https:\/\/www.google.com\/maps\/embed?pb=!1m18!1m12!1m3!1d3725.2130170374944!2d105.79226011521641!3d20.984096594676814!2m3!1f0!2f0!3f0!3m2!1i1024!2i768!4f13.1!3m3!1m2!1s0x3135acc6066cb537%3A0x4fc1c256d7cdb4d!2zR2l1c2VBcnQgLSBUaGnhur90IGvhur8gxJHhu5MgaOG7jWEgdsOgIHdlYnNpdGUgY2h1ecOqbiBuZ2hp4buHcA!5e0!3m2!1svi!2s!4v1543057941688\" width=\"100%\" height=\"250\" frameborder=\"0\" style=\"border:0\" allowfullscreen><\/iframe><\/p>\n\t\t<\/div>\n\t\t\t\t\t<\/div>\n\n\t\n<\/div>\n","protected":false},"excerpt":{"rendered":"","protected":false},"author":1,"featured_media":0,"parent":0,"menu_order":0,"comment_status":"closed","ping_status":"closed","template":"","meta":[],"_links":{"self":[{"href":"https:\/\/demo.bmconnect.vn\/noithat6\/wp-json\/wp\/v2\/pages\/21"}],"collection":[{"href":"https:\/\/demo.bmconnect.vn\/noithat6\/wp-json\/wp\/v2\/pages"}],"about":[{"href":"https:\/\/demo.bmconnect.vn\/noithat6\/wp-json\/wp\/v2\/types\/page"}],"author":[{"embeddable":true,"href":"https:\/\/demo.bmconnect.vn\/noithat6\/wp-json\/wp\/v2\/users\/1"}],"replies":[{"embeddable":true,"href":"https:\/\/demo.bmconnect.vn\/noithat6\/wp-json\/wp\/v2\/comments?post=21"}],"version-history":[{"count":2,"href":"https:\/\/demo.bmconnect.vn\/noithat6\/wp-json\/wp\/v2\/pages\/21\/revisions"}],"predecessor-version":[{"id":890,"href":"https:\/\/demo.bmconnect.vn\/noithat6\/wp-json\/wp\/v2\/pages\/21\/revisions\/890"}],"wp:attachment":[{"href":"https:\/\/demo.bmconnect.vn\/noithat6\/wp-json\/wp\/v2\/media?parent=21"}],"curies":[{"name":"wp","href":"https:\/\/api.w.org\/{rel}","templated":true}]}}