{"id":97,"date":"2018-08-14T16:31:02","date_gmt":"2018-08-14T09:31:02","guid":{"rendered":"https:\/\/demo.bmconnect.vn\/noithat5\/?page_id=97"},"modified":"2018-08-15T15:20:48","modified_gmt":"2018-08-15T08:20:48","slug":"lien-he","status":"publish","type":"page","link":"https:\/\/demo.bmconnect.vn\/noithat5\/lien-he\/","title":{"rendered":"Li\u00ean h\u1ec7"},"content":{"rendered":"\t<div class=\"img has-hover x md-x lg-x y md-y lg-y\" id=\"image_1588433945\">\n\t\t\t\t\t\t\t\t<div class=\"img-inner image-cover dark\" style=\"padding-top:12%;\">\n\t\t\t<img width=\"1366\" height=\"435\" src=\"https:\/\/demo.bmconnect.vn\/noithat5\/wp-content\/uploads\/2018\/08\/slider1.jpg\" class=\"attachment-original size-original\" alt=\"\" loading=\"lazy\" srcset=\"https:\/\/demo.bmconnect.vn\/noithat5\/wp-content\/uploads\/2018\/08\/slider1.jpg 1366w, https:\/\/demo.bmconnect.vn\/noithat5\/wp-content\/uploads\/2018\/08\/slider1-300x96.jpg 300w, https:\/\/demo.bmconnect.vn\/noithat5\/wp-content\/uploads\/2018\/08\/slider1-768x245.jpg 768w, https:\/\/demo.bmconnect.vn\/noithat5\/wp-content\/uploads\/2018\/08\/slider1-1024x326.jpg 1024w\" sizes=\"(max-width: 1366px) 100vw, 1366px\" \/>\t\t\t\t\t\t\n\t\t\t\t\t<\/div>\n\t\t\t\t\t\t\t\t\n<style>\n#image_1588433945 {\n  width: 100%;\n}\n<\/style>\n\t<\/div>\n\t\n\t<div id=\"gap-797917901\" class=\"gap-element clearfix\" style=\"display:block; height:auto;\">\n\t\t\n<style>\n#gap-797917901 {\n  padding-top: 30px;\n}\n<\/style>\n\t<\/div>\n\t\n<div class=\"row\"  id=\"row-1833017171\">\n\n\t<div id=\"col-1148342878\" class=\"col medium-6 small-12 large-6\"  >\n\t\t\t\t<div class=\"col-inner\"  >\n\t\t\t\n\t\t\t\n<h2><span style=\"color: #d83131; font-size: 90%;\">Li\u00ean h\u1ec7 v\u1edbi ch\u00fang t\u00f4i<\/span><\/h2>\n<p><span style=\"font-size: 95%;\">webdesign.com l\u00e0 blog c\u00e1 nh\u00e2n chia s\u1ebb nh\u1eefng ki\u1ebfn th\u1ee9c \u0111\u1ed3 h\u1ecda v\u00e0 kinh nghi\u1ec7m l\u00e0m website WordPress cho t\u1ea5t c\u1ea3 m\u1ecdi ng\u01b0\u1eddi. M\u00ecnh r\u1ea5t y\u00eau th\u00edch Ngh\u1ec7 thu\u1eadt Th\u00e1nh v\u00e0 \u0110\u1ed3 h\u1ecda C\u00f4ng gi\u00e1o. R\u1ea5t mong \u0111\u01b0\u1ee3c k\u1ebft b\u1ea1n v\u1edbi \u0111\u00f4ng \u0111\u1ea3o anh em Designer g\u1ea7n xa.<\/span><\/p>\n\n\t\t<div class=\"icon-box featured-box icon-box-left text-left\"  >\n\t\t\t\t\t<div class=\"icon-box-img\" style=\"width: 25px\">\n\t\t\t\t<div class=\"icon\">\n\t\t\t\t\t<div class=\"icon-inner\" >\n\t\t\t\t\t\t<img width=\"18\" height=\"27\" src=\"https:\/\/demo.bmconnect.vn\/noithat5\/wp-content\/uploads\/2018\/08\/icon-lienhe-1.png\" class=\"attachment-medium size-medium\" alt=\"\" loading=\"lazy\" \/>\t\t\t\t\t<\/div>\n\t\t\t\t<\/div>\n\t\t\t<\/div>\n\t\t\t\t<div class=\"icon-box-text last-reset\">\n\t\t\t\t\t\t\t\t\t\n<p><span style=\"font-size: 95%;\"><strong>Tr\u1ee5 s\u1edf ch\u00ednh:<\/strong>\u00a0180 \u2013 182 L\u00fd Ch\u00ednh Th\u1eafng, Ph\u01b0\u1eddng 9, Qu\u1eadn 3, TP H\u1ed3 Ch\u00ed Minh\u00a0<\/span><\/p>\n<p><span style=\"font-size: 95%;\"><strong>Chi nh\u00e1nh:<\/strong>\u00a0T\u1ea7ng 4, s\u1ed1 01 ng\u00f5 120 Tr\u01b0\u1eddng Chinh, Thanh Xu\u00e2n , H\u00e0 N\u1ed9i<\/span><\/p>\n\t\t<\/div>\n\t<\/div>\n\t\n\t\n\t<div id=\"gap-386910254\" class=\"gap-element clearfix\" style=\"display:block; height:auto;\">\n\t\t\n<style>\n#gap-386910254 {\n  padding-top: 20px;\n}\n<\/style>\n\t<\/div>\n\t\n\n\t\t<div class=\"icon-box featured-box icon-box-left text-left\"  >\n\t\t\t\t\t<div class=\"icon-box-img\" style=\"width: 25px\">\n\t\t\t\t<div class=\"icon\">\n\t\t\t\t\t<div class=\"icon-inner\" >\n\t\t\t\t\t\t<img width=\"18\" height=\"26\" src=\"https:\/\/demo.bmconnect.vn\/noithat5\/wp-content\/uploads\/2018\/08\/icon-lienhe-2.png\" class=\"attachment-medium size-medium\" alt=\"\" loading=\"lazy\" \/>\t\t\t\t\t<\/div>\n\t\t\t\t<\/div>\n\t\t\t<\/div>\n\t\t\t\t<div class=\"icon-box-text last-reset\">\n\t\t\t\t\t\t\t\t\t\n<p><strong>Hotline:<\/strong>\u00a0<a href=\"tel:(024) 9865 7868\">(024) 9865 7868<\/a><\/p>\n<p><a href=\"tel:(028) 9885 6845\">(028) 9885 6845<\/a><\/p>\n\t\t<\/div>\n\t<\/div>\n\t\n\t\n\t<div id=\"gap-179385692\" class=\"gap-element clearfix\" style=\"display:block; height:auto;\">\n\t\t\n<style>\n#gap-179385692 {\n  padding-top: 20px;\n}\n<\/style>\n\t<\/div>\n\t\n\n\t\t<div class=\"icon-box featured-box icon-box-left text-left\"  >\n\t\t\t\t\t<div class=\"icon-box-img\" style=\"width: 26px\">\n\t\t\t\t<div class=\"icon\">\n\t\t\t\t\t<div class=\"icon-inner\" >\n\t\t\t\t\t\t<img width=\"25\" height=\"15\" src=\"https:\/\/demo.bmconnect.vn\/noithat5\/wp-content\/uploads\/2018\/08\/icon-lienhe-3.png\" class=\"attachment-medium size-medium\" alt=\"\" loading=\"lazy\" \/>\t\t\t\t\t<\/div>\n\t\t\t\t<\/div>\n\t\t\t<\/div>\n\t\t\t\t<div class=\"icon-box-text last-reset\">\n\t\t\t\t\t\t\t\t\t\n<p><span style=\"font-size: 95%;\"><strong>Email:<\/strong>\u00a0demo@gmail.com<\/span><\/p>\n<p><span style=\"font-size: 95%;\">demo@gmail.com<\/span><\/p>\n\t\t<\/div>\n\t<\/div>\n\t\n\t\n\t\t<\/div>\n\t\t\t\t\t<\/div>\n\n\t\n\n\t<div id=\"col-1090788660\" class=\"col medium-6 small-12 large-6\"  >\n\t\t\t\t<div class=\"col-inner\"  >\n\t\t\t\n\t\t\t\n<div role=\"form\" class=\"wpcf7\" id=\"wpcf7-f317-o1\" lang=\"vi\" dir=\"ltr\">\n<div class=\"screen-reader-response\"><p role=\"status\" aria-live=\"polite\" aria-atomic=\"true\"><\/p> <ul><\/ul><\/div>\n<form action=\"\/noithat5\/wp-json\/wp\/v2\/pages\/97#wpcf7-f317-o1\" method=\"post\" class=\"wpcf7-form init\" novalidate=\"novalidate\" data-status=\"init\">\n<div style=\"display: none;\">\n<input type=\"hidden\" name=\"_wpcf7\" value=\"317\" \/>\n<input type=\"hidden\" name=\"_wpcf7_version\" value=\"5.4.2\" \/>\n<input type=\"hidden\" name=\"_wpcf7_locale\" value=\"vi\" \/>\n<input type=\"hidden\" name=\"_wpcf7_unit_tag\" value=\"wpcf7-f317-o1\" \/>\n<input type=\"hidden\" name=\"_wpcf7_container_post\" value=\"0\" \/>\n<input type=\"hidden\" name=\"_wpcf7_posted_data_hash\" value=\"\" \/>\n<\/div>\n<div class=\"sub-title\">M\u1eddi qu\u00fd kh\u00e1ch \u0111\u1ec3 l\u1ea1i th\u00f4ng tin, ch\u00fang t\u00f4i s\u1ebd \u0111i\u1ec7n t\u01b0 v\u1ea5n ngay:<\/div>\n<p><span class=\"wpcf7-form-control-wrap text-67\"><input type=\"text\" name=\"text-67\" value=\"\" size=\"40\" class=\"wpcf7-form-control wpcf7-text wpcf7-validates-as-required\" aria-required=\"true\" aria-invalid=\"false\" placeholder=\"T\u00ean c\u1ee7a anh ch\u1ecb...\" \/><\/span><br \/>\n<span class=\"wpcf7-form-control-wrap tel-817\"><input type=\"tel\" name=\"tel-817\" value=\"\" size=\"40\" class=\"wpcf7-form-control wpcf7-text wpcf7-tel wpcf7-validates-as-required wpcf7-validates-as-tel\" aria-required=\"true\" aria-invalid=\"false\" placeholder=\"S\u1ed1 \u0111i\u1ec7n tho\u1ea1i...\" \/><\/span><br \/>\n<span class=\"wpcf7-form-control-wrap text-645\"><input type=\"text\" name=\"text-645\" value=\"\" size=\"40\" class=\"wpcf7-form-control wpcf7-text\" aria-invalid=\"false\" placeholder=\"\u0110\u1ecba ch\u1ec9 hi\u1ec7n t\u1ea1i...\" \/><\/span><br \/>\n<span class=\"wpcf7-form-control-wrap textarea-816\"><textarea name=\"textarea-816\" cols=\"40\" rows=\"10\" class=\"wpcf7-form-control wpcf7-textarea\" aria-invalid=\"false\" placeholder=\"N\u1ed9i dung li\u00ean h\u1ec7...\"><\/textarea><\/span><br \/>\n<input type=\"submit\" value=\"Li\u00ean h\u1ec7 b\u00e1o gi\u00e1\" class=\"wpcf7-form-control wpcf7-submit\" \/><\/p>\n<div class=\"wpcf7-response-output\" aria-hidden=\"true\"><\/div><\/form><\/div>\n\t\t<\/div>\n\t\t\t\t\t<\/div>\n\n\t\n<\/div>\n","protected":false},"excerpt":{"rendered":"","protected":false},"author":1,"featured_media":0,"parent":0,"menu_order":0,"comment_status":"closed","ping_status":"closed","template":"page-blank.php","meta":[],"_links":{"self":[{"href":"https:\/\/demo.bmconnect.vn\/noithat5\/wp-json\/wp\/v2\/pages\/97"}],"collection":[{"href":"https:\/\/demo.bmconnect.vn\/noithat5\/wp-json\/wp\/v2\/pages"}],"about":[{"href":"https:\/\/demo.bmconnect.vn\/noithat5\/wp-json\/wp\/v2\/types\/page"}],"author":[{"embeddable":true,"href":"https:\/\/demo.bmconnect.vn\/noithat5\/wp-json\/wp\/v2\/users\/1"}],"replies":[{"embeddable":true,"href":"https:\/\/demo.bmconnect.vn\/noithat5\/wp-json\/wp\/v2\/comments?post=97"}],"version-history":[{"count":0,"href":"https:\/\/demo.bmconnect.vn\/noithat5\/wp-json\/wp\/v2\/pages\/97\/revisions"}],"wp:attachment":[{"href":"https:\/\/demo.bmconnect.vn\/noithat5\/wp-json\/wp\/v2\/media?parent=97"}],"curies":[{"name":"wp","href":"https:\/\/api.w.org\/{rel}","templated":true}]}}