{"id":95,"date":"2018-08-14T16:30:51","date_gmt":"2018-08-14T09:30:51","guid":{"rendered":"https:\/\/demo.bmconnect.vn\/noithat5\/?page_id=95"},"modified":"2018-08-15T15:46:19","modified_gmt":"2018-08-15T08:46:19","slug":"gioi-thieu","status":"publish","type":"page","link":"https:\/\/demo.bmconnect.vn\/noithat5\/gioi-thieu\/","title":{"rendered":"Gi\u1edbi thi\u1ec7u"},"content":{"rendered":"\t<div class=\"img has-hover x md-x lg-x y md-y lg-y\" id=\"image_115544635\">\n\t\t\t\t\t\t\t\t<div class=\"img-inner image-cover dark\" style=\"padding-top:15%;\">\n\t\t\t<img width=\"1366\" height=\"435\" src=\"https:\/\/demo.bmconnect.vn\/noithat5\/wp-content\/uploads\/2018\/08\/slider1.jpg\" class=\"attachment-original size-original\" alt=\"\" loading=\"lazy\" srcset=\"https:\/\/demo.bmconnect.vn\/noithat5\/wp-content\/uploads\/2018\/08\/slider1.jpg 1366w, https:\/\/demo.bmconnect.vn\/noithat5\/wp-content\/uploads\/2018\/08\/slider1-300x96.jpg 300w, https:\/\/demo.bmconnect.vn\/noithat5\/wp-content\/uploads\/2018\/08\/slider1-768x245.jpg 768w, https:\/\/demo.bmconnect.vn\/noithat5\/wp-content\/uploads\/2018\/08\/slider1-1024x326.jpg 1024w\" sizes=\"(max-width: 1366px) 100vw, 1366px\" \/>\t\t\t\t\t\t\n\t\t\t\t\t<\/div>\n\t\t\t\t\t\t\t\t\n<style>\n#image_115544635 {\n  width: 100%;\n}\n<\/style>\n\t<\/div>\n\t\n\t<section class=\"section\" id=\"section_707240986\">\n\t\t<div class=\"bg section-bg fill bg-fill  bg-loaded\" >\n\n\t\t\t\n\t\t\t\n\t\t\t\n\n\t\t<\/div>\n\n\t\t<div class=\"section-content relative\">\n\t\t\t\n\t<div id=\"gap-2011458124\" class=\"gap-element clearfix\" style=\"display:block; height:auto;\">\n\t\t\n<style>\n#gap-2011458124 {\n  padding-top: 30px;\n}\n<\/style>\n\t<\/div>\n\t\n<div class=\"row\"  id=\"row-813658663\">\n\n\t<div id=\"col-1244380049\" class=\"col medium-3 small-6 large-3\"  >\n\t\t\t\t<div class=\"col-inner\"  >\n\t\t\t\n\t\t\t\n<a href=\"\/gioi-thieu\" target=\"_self\" class=\"button primary lowercase expand\"  style=\"border-radius:4px;\">\n    <span>Gi\u1edbi thi\u1ec7u chung<\/span>\n  <\/a>\n\n\t\t<\/div>\n\t\t\t\t\t<\/div>\n\n\t\n\n\t<div id=\"col-1009096414\" class=\"col medium-3 small-6 large-3\"  >\n\t\t\t\t<div class=\"col-inner\"  >\n\t\t\t\n\t\t\t\n<a href=\"\/ho-so-nang-luc\/\" target=\"_self\" class=\"button secondary is-outline lowercase expand\"  style=\"border-radius:4px;\">\n    <span>H\u1ed3 s\u01a1 n\u0103ng l\u1ef1c<\/span>\n  <\/a>\n\n\t\t<\/div>\n\t\t\t\t\t<\/div>\n\n\t\n\n\t<div id=\"col-571207445\" class=\"col medium-3 small-6 large-3\"  >\n\t\t\t\t<div class=\"col-inner\"  >\n\t\t\t\n\t\t\t\n<a href=\"#\" target=\"_self\" class=\"button secondary is-outline lowercase expand\"  style=\"border-radius:4px;\">\n    <span>D\u1ecbch v\u1ee5 c\u1ee7a ch\u00fang t\u00f4i<\/span>\n  <\/a>\n\n\t\t<\/div>\n\t\t\t\t\t<\/div>\n\n\t\n\n\t<div id=\"col-991713191\" class=\"col medium-3 small-6 large-3\"  >\n\t\t\t\t<div class=\"col-inner\"  >\n\t\t\t\n\t\t\t\n<a href=\"#\" target=\"_self\" class=\"button secondary is-outline lowercase expand\"  style=\"border-radius:4px;\">\n    <span>B\u1ea3ng gi\u00e1 d\u1ecbch v\u1ee5<\/span>\n  <\/a>\n\n\t\t<\/div>\n\t\t\t\t\t<\/div>\n\n\t\n<\/div>\n<div class=\"row\"  id=\"row-698292530\">\n\n\t<div id=\"col-1319966948\" class=\"col small-12 large-12\"  >\n\t\t\t\t<div class=\"col-inner\"  >\n\t\t\t\n\t\t\t\n<h2 style=\"text-align: center;\"><span style=\"color: #d83131;\">Gi\u1edbi thi\u1ec7u chung<\/span><\/h2>\n<p><strong>C\u00f4ng ty Thi\u1ebft k\u1ebf N\u1ed9i th\u1ea5t webdesign<\/strong>\u00a0lu\u00f4n t\u1ef1 h\u00e0o l\u00e0 \u0111\u01a1n v\u1ecb thi\u1ebft k\u1ebf va\u0300 thi c\u00f4ng n\u1ed9i th\u1ea5t uy t\u00edn\u00a0<strong>TOP 10<\/strong>\u00a0ta\u0323i Ha\u0300 N\u00f4\u0323i. Sau 8 n\u0103m x\u00e2y d\u1ef1ng v\u00e0 ph\u00e1t tri\u1ec3n, webdesign tr\u1edf th\u00e0nh m\u1ed9t c\u00f4ng ty thi\u1ebft k\u1ebf n\u1ed9i th\u1ea5t \u0111\u00e1ng tin c\u1eady trong vi\u1ec7c t\u01b0 v\u1ea5n ki\u1ebfn tr\u00fac n\u1ed9i th\u1ea5t cu\u0303ng nh\u01b0 thi c\u00f4ng n\u1ed9i th\u1ea5t tr\u1ecdn g\u00f3i cho nha\u0300 \u01a1\u0309 cu\u0309a ba\u0323n.<\/p>\n<p>Kh\u00f4ng chi\u0309 thi\u00ea\u0301t k\u00ea\u0301 va\u0300 thi c\u00f4ng, webdesign co\u0300n la\u0300\u00a0<strong>\u0111\u01a1n vi\u0323 cung \u01b0\u0301ng v\u00e2\u0323t t\u01b0, thi\u00ea\u0301t bi\u0323<\/strong>\u00a0n\u00f4\u0323i th\u00e2\u0301t chuy\u00ean nghi\u00ea\u0323p.<\/p>\n<p>V\u1edbi \u0111\u1ed9i nh\u00e2n vi\u00ean\u00a0<strong>tre\u0309 trung<\/strong>,\u00a0<strong>n\u0103ng \u0111\u00f4\u0323ng<\/strong>,\u00a0<strong>am hi\u1ec3u<\/strong>\u00a0v\u00e0\u00a0<strong>nhi\u1ec1u kinh nghi\u1ec7m<\/strong>, ch\u00fang t\u00f4i \u0111a\u0303 t\u1ea1o ra \u0111\u01b0\u1ee3c nh\u1eefng c\u00f4ng tr\u00ecnh \u0111\u1eb3ng c\u1ea5p c\u1ea3 v\u1ec1 ch\u1ea5t l\u01b0\u1ee3ng v\u00e0 ti\u1ebfn \u0111\u1ed9 x\u00e2y d\u1ef1ng nh\u01b0 thi\u1ebft k\u1ebf bi\u1ec7t th\u1ef1 sang tr\u1ecdng, chung c\u01b0 cao c\u00e2\u0301p, nha\u0300 \u01a1\u0309 \u0111\u00f4\u0323c \u0111a\u0301o,\u2026<\/p>\n<p>B\u1eb1ng ch\u00ednh t\u00ecnh y\u00eau ngh\u1ec1 v\u00e0 kh\u00f4ng ng\u1eebng \u0111\u1ed5i m\u1edbi c\u1ee7a m\u00ecnh, webdesign lu\u00f4n ph\u1ea5n \u0111\u1ea5u v\u00e0 kh\u00f4ng ng\u1eebng\u00a0<strong>c\u1ea3i thi\u1ec7n ch\u1ea5t l\u01b0\u1ee3ng<\/strong>, n<strong>\u00e2ng cao tr\u00ecnh \u0111\u1ed9 chuy\u00ean m\u00f4n tay ngh\u1ec1<\/strong>, \u0111\u1ec3 t\u1ea1o ra nh\u1eefng s\u1ea3n ph\u1ea9m cao c\u1ea5p ph\u1ee5c v\u1ee5 cho nh\u1eefng kh\u00e1ch h\u00e0ng d\u00f9 l\u00e0 nh\u01b0\u0303ng kha\u0301ch ha\u0300ng kh\u00f3 t\u00ednh nh\u1ea5t.<\/p>\n\t\t<\/div>\n\t\t\t\t\t<\/div>\n\n\t\n\n<style>\n#row-698292530 > .col > .col-inner {\n  padding: 0px 0px 0 0px;\n}\n<\/style>\n<\/div>\n\t\t<\/div>\n\n\t\t\n<style>\n#section_707240986 {\n  padding-top: 0px;\n  padding-bottom: 0px;\n}\n<\/style>\n\t<\/section>\n\t\n<div class=\"row\"  id=\"row-1833810555\">\n\n\t<div id=\"col-212907229\" class=\"col medium-8 small-12 large-8\"  >\n\t\t\t\t<div class=\"col-inner\"  >\n\t\t\t\n\t\t\t\n<h3>T\u1ea7m nh\u00ecn<\/h3>\n<p>Ngay t\u1eeb khi thai ngh\u00e9n, ch\u00fang t\u00f4i \u0111\u00e3 x\u00e1c \u0111\u1ecbnh cho m\u00ecnh nh\u1eefng chi\u1ebfn l\u01b0\u1ee3c, \u0111\u1ecbnh h\u01b0\u1edbng ph\u00e1t tri\u1ec3n r\u00f5 r\u00e0ng nh\u1eb1m h\u01b0\u1edbng t\u1edbi m\u1ee5c ti\u00eau l\u1edbn nh\u1ea5t, tr\u1edf th\u00e0nh th\u01b0\u01a1ng hi\u1ec7u thi\u1ebft k\u1ebf ki\u1ebfn tr\u00fac &#8211; n\u1ed9i th\u1ea5t h\u00e0ng \u0111\u1ea7u Vi\u1ec7t Nam.<\/p>\n<h3>S\u1ee9 m\u1ec7nh<\/h3>\n<p>Ch\u00fang t\u00f4i cam k\u1ebft d\u00e0nh to\u00e0n b\u1ed9 t\u00e2m huy\u1ebft, s\u1ee9c tr\u1ebb, s\u1ef1 s\u00e1ng t\u1ea1o v\u00e0 kih nghi\u1ec7m v\u1ed1n c\u00f3 c\u1ee7a m\u00ecnh \u0111\u1ec3 mang t\u1edbi cho kh\u00e1ch h\u00e0ng nh\u1eefng c\u00f4ng tr\u00ecnh ki\u1ebfn tr\u00fac, nh\u1eefng kh\u00f4ng gian s\u1ed1ng ti\u1ec7n nghi v\u00e0 \u0111\u1eb3ng c\u1ea5p nh\u1ea5t.<\/p>\n\t\t<\/div>\n\t\t\t\t\t<\/div>\n\n\t\n\n\t<div id=\"col-1037207706\" class=\"col medium-4 small-12 large-4\"  >\n\t\t\t\t<div class=\"col-inner\"  >\n\t\t\t\n\t\t\t\n\t<div class=\"img has-hover x md-x lg-x y md-y lg-y\" id=\"image_1622655594\">\n\t\t\t\t\t\t\t\t<div class=\"img-inner image-cover dark\" style=\"padding-top:72%;\">\n\t\t\t<img width=\"450\" height=\"311\" src=\"https:\/\/demo.bmconnect.vn\/noithat5\/wp-content\/uploads\/2018\/08\/du-toan-chat-che-1.jpg\" class=\"attachment-original size-original\" alt=\"\" loading=\"lazy\" srcset=\"https:\/\/demo.bmconnect.vn\/noithat5\/wp-content\/uploads\/2018\/08\/du-toan-chat-che-1.jpg 450w, https:\/\/demo.bmconnect.vn\/noithat5\/wp-content\/uploads\/2018\/08\/du-toan-chat-che-1-300x207.jpg 300w\" sizes=\"(max-width: 450px) 100vw, 450px\" \/>\t\t\t\t\t\t\n\t\t\t\t\t<\/div>\n\t\t\t\t\t\t\t\t\n<style>\n#image_1622655594 {\n  width: 100%;\n}\n<\/style>\n\t<\/div>\n\t\n\t\t<\/div>\n\t\t\t\t\t<\/div>\n\n\t\n<\/div>\n<div class=\"row\"  id=\"row-1669284981\">\n\n\t<div id=\"col-1538220589\" class=\"col medium-4 small-12 large-4\"  >\n\t\t\t\t<div class=\"col-inner\"  >\n\t\t\t\n\t\t\t\n\t<div class=\"img has-hover x md-x lg-x y md-y lg-y\" id=\"image_601455373\">\n\t\t\t\t\t\t\t\t<div class=\"img-inner image-cover dark\" style=\"padding-top:72%;\">\n\t\t\t<img width=\"450\" height=\"311\" src=\"https:\/\/demo.bmconnect.vn\/noithat5\/wp-content\/uploads\/2018\/08\/ecogreen.jpg\" class=\"attachment-original size-original\" alt=\"\" loading=\"lazy\" srcset=\"https:\/\/demo.bmconnect.vn\/noithat5\/wp-content\/uploads\/2018\/08\/ecogreen.jpg 450w, https:\/\/demo.bmconnect.vn\/noithat5\/wp-content\/uploads\/2018\/08\/ecogreen-300x207.jpg 300w\" sizes=\"(max-width: 450px) 100vw, 450px\" \/>\t\t\t\t\t\t\n\t\t\t\t\t<\/div>\n\t\t\t\t\t\t\t\t\n<style>\n#image_601455373 {\n  width: 100%;\n}\n<\/style>\n\t<\/div>\n\t\n\t\t<\/div>\n\t\t\t\t\t<\/div>\n\n\t\n\n\t<div id=\"col-1209079842\" class=\"col medium-8 small-12 large-8\"  >\n\t\t\t\t<div class=\"col-inner\"  >\n\t\t\t\n\t\t\t\n<h3>Nguy\u00ean t\u1eafc ho\u1ea1t \u0111\u1ed9ng<\/h3>\n<p>Ni\u1ec1m tin c\u1ee7a kh\u00e1ch h\u00e0ng ch\u00ednh l\u00e0 th\u01b0\u1edbc \u0111o c\u1ee7a s\u1ef1 th\u00e0nh c\u00f4ng, l\u00e0 \u0111\u1ed9ng l\u1ef1c m\u1ea1nh m\u1ebd \u0111\u1ec3 C\u00f4ng ty b\u01b0\u1edbc ti\u1ebfp tr\u00ean con \u0111\u01b0\u1eddng chinh ph\u1ee5c c\u00e1i \u0111\u1eb9p. V\u00ec th\u1ebf, ch\u00fang t\u00f4i lu\u00f4n \u0111\u1eb7t uy t\u00edn l\u00ean h\u00e0ng \u0111\u1ea7u, ch\u1ec9 c\u00f3 uy t\u00edn v\u1edbi kh\u00e1ch h\u00e0ng th\u00ec ch\u00fang t\u00f4i m\u1edbi c\u00f3 th\u1ec3 t\u1ed3n t\u1ea1i v\u00e0 ph\u00e1t tri\u1ec3n.<\/p>\n<h3>\u0110\u1ed9i ng\u0169 chuy\u00ean nghi\u1ec7p<\/h3>\n<p>Ch\u00fang t\u00f4i s\u1edf h\u1eefu \u0111\u1ed9i ng\u0169 ki\u1ebfn tr\u00fac s\u01b0 tr\u1ebb, nhi\u1ec7t huy\u1ebft, t\u1eadn t\u00e2m v\u1edbi ngh\u1ec1 c\u00f9ng tr\u00ecnh \u0111\u1ed9 chuy\u00ean m\u00f4n cao. 99% nh\u00e2n vi\u00ean \u0111ang l\u00e0m vi\u1ec7c \u0111\u1ec1u \u0111\u01b0\u1ee3c \u0111\u00e0o t\u1ea1o b\u00e0i b\u1ea3n v\u00e0 chuy\u00ean s\u00e2u \u0111\u00fang chuy\u00ean ng\u00e0nh ki\u1ebfn tr\u00fac t\u1ea1i c\u00e1c tr\u01b0\u1eddng \u0111\u1ea1i h\u1ecdc danh ti\u1ebfng.<\/p>\n\t\t<\/div>\n\t\t\t\t\t<\/div>\n\n\t\n<\/div>\n\t<section class=\"section dich-vu-cua-chung-toi\" id=\"section_336316074\">\n\t\t<div class=\"bg section-bg fill bg-fill  \" >\n\n\t\t\t\n\t\t\t<div class=\"section-bg-overlay absolute fill\"><\/div>\n\t\t\t\n\n\t\t<\/div>\n\n\t\t<div class=\"section-content relative\">\n\t\t\t\n<div class=\"row\"  id=\"row-988329030\">\n\n\t<div id=\"col-989162491\" class=\"col small-12 large-12\"  >\n\t\t\t\t<div class=\"col-inner\"  >\n\t\t\t\n\t\t\t\n<div class=\"container section-title-container\" ><h3 class=\"section-title section-title-center\"><b><\/b><span class=\"section-title-main\" style=\"color:rgb(207, 21, 21);\">D\u1ecbch v\u1ee5 c\u1ee7a ch\u00fang t\u00f4i<\/span><b><\/b><\/h3><\/div>\n<div class=\"row\"  id=\"row-694146257\">\n\n\t<div id=\"col-2076356611\" class=\"col medium-3 small-12 large-3\"  >\n\t\t\t\t<div class=\"col-inner\"  >\n\t\t\t\n\t\t\t\n\t<div class=\"img has-hover x md-x lg-x y md-y lg-y\" id=\"image_1026468715\">\n\t\t\t\t\t\t\t\t<div class=\"img-inner image-cover dark\" style=\"padding-top:60%;\">\n\t\t\t<img width=\"500\" height=\"304\" src=\"https:\/\/demo.bmconnect.vn\/noithat5\/wp-content\/uploads\/2018\/08\/post7.jpg\" class=\"attachment-original size-original\" alt=\"\" loading=\"lazy\" srcset=\"https:\/\/demo.bmconnect.vn\/noithat5\/wp-content\/uploads\/2018\/08\/post7.jpg 500w, https:\/\/demo.bmconnect.vn\/noithat5\/wp-content\/uploads\/2018\/08\/post7-300x182.jpg 300w\" sizes=\"(max-width: 500px) 100vw, 500px\" \/>\t\t\t\t\t\t\n\t\t\t\t\t<\/div>\n\t\t\t\t\t\t\t\t\n<style>\n#image_1026468715 {\n  width: 100%;\n}\n<\/style>\n\t<\/div>\n\t\n<h4><span style=\"color: #d83131; font-size: 105%;\">Thi\u1ebft k\u1ebf n\u1ed9i th\u1ea5t<\/span><\/h4>\n<p><span style=\"font-size: 90%;\">D\u1ecbch v\u1ee5 thi\u1ebft k\u1ebf n\u1ed9i th\u1ea5t s\u00e1ng t\u1ea1o v\u00e0 \u0111\u1ed9c \u0111\u00e1o, gi\u00fap kh\u00e1ch h\u00e0ng l\u1ef1a ch\u1ecdn \u0111\u01b0\u1ee3c s\u1ea3n ph\u1ea9m \u0111\u00fang s\u1edf th\u00edch v\u00e0 \u0111\u00fang phong th\u1ee7y.<\/span><\/p>\n\t\t<\/div>\n\t\t\t\t\t<\/div>\n\n\t\n\n\t<div id=\"col-176706128\" class=\"col medium-3 small-12 large-3\"  >\n\t\t\t\t<div class=\"col-inner\"  >\n\t\t\t\n\t\t\t\n\t<div class=\"img has-hover x md-x lg-x y md-y lg-y\" id=\"image_751576768\">\n\t\t\t\t\t\t\t\t<div class=\"img-inner image-cover dark\" style=\"padding-top:60%;\">\n\t\t\t<img width=\"500\" height=\"304\" src=\"https:\/\/demo.bmconnect.vn\/noithat5\/wp-content\/uploads\/2018\/08\/post6.jpg\" class=\"attachment-original size-original\" alt=\"\" loading=\"lazy\" srcset=\"https:\/\/demo.bmconnect.vn\/noithat5\/wp-content\/uploads\/2018\/08\/post6.jpg 500w, https:\/\/demo.bmconnect.vn\/noithat5\/wp-content\/uploads\/2018\/08\/post6-300x182.jpg 300w\" sizes=\"(max-width: 500px) 100vw, 500px\" \/>\t\t\t\t\t\t\n\t\t\t\t\t<\/div>\n\t\t\t\t\t\t\t\t\n<style>\n#image_751576768 {\n  width: 100%;\n}\n<\/style>\n\t<\/div>\n\t\n<h4><span style=\"color: #d83131; font-size: 105%;\">Thi c\u00f4ng n\u1ed9i th\u1ea5t<\/span><\/h4>\n<p><span style=\"font-size: 90%;\">D\u1ecbch v\u1ee5 thi c\u00f4ng n\u1ed9i th\u1ea5t nhanh ch\u00f3ng, g\u1ecdn g\u00e0ng v\u00e0 \u0111\u00fang ti\u1ebfn \u0111\u1ed9. \u0110\u1ea3m b\u1ea3o cho qu\u00fd kh\u00e1ch nh\u1eefng s\u1ea3n ph\u1ea9m \u0111\u1eb9p nh\u1ea5t v\u00e0 \u0111\u00fang \u00fd nha\u00e1t.<\/span><\/p>\n\t\t<\/div>\n\t\t\t\t\t<\/div>\n\n\t\n\n\t<div id=\"col-209086403\" class=\"col medium-3 small-12 large-3\"  >\n\t\t\t\t<div class=\"col-inner\"  >\n\t\t\t\n\t\t\t\n\t<div class=\"img has-hover x md-x lg-x y md-y lg-y\" id=\"image_943043752\">\n\t\t\t\t\t\t\t\t<div class=\"img-inner image-cover dark\" style=\"padding-top:60%;\">\n\t\t\t<img width=\"375\" height=\"257\" src=\"https:\/\/demo.bmconnect.vn\/noithat5\/wp-content\/uploads\/2018\/08\/post2.jpg\" class=\"attachment-original size-original\" alt=\"\" loading=\"lazy\" srcset=\"https:\/\/demo.bmconnect.vn\/noithat5\/wp-content\/uploads\/2018\/08\/post2.jpg 375w, https:\/\/demo.bmconnect.vn\/noithat5\/wp-content\/uploads\/2018\/08\/post2-300x206.jpg 300w\" sizes=\"(max-width: 375px) 100vw, 375px\" \/>\t\t\t\t\t\t\n\t\t\t\t\t<\/div>\n\t\t\t\t\t\t\t\t\n<style>\n#image_943043752 {\n  width: 100%;\n}\n<\/style>\n\t<\/div>\n\t\n<h4><span style=\"color: #d83131; font-size: 105%;\">X\u00e2y s\u1eeda &#8211; c\u1ea3i t\u1ea1o<\/span><\/h4>\n<p><span style=\"font-size: 90%;\">B\u1ea1n c\u1ea7n s\u1eeda sang l\u1ea1i nh\u00e0 c\u1eeda, h\u00e3y g\u1ecdi ch\u00fang t\u00f4i. Chi ph\u00ed r\u1ebb, nh\u00e2n c\u00f4ng tay ngh\u1ec1 cao v\u00e0 t\u00e2m huy\u1ebft s\u1ebd \u0111\u00e1p \u1ee9ng t\u1ed1t nhi\u1ec7m v\u1ee5 \u0111\u01b0\u1ee3c giao.<\/span><\/p>\n\t\t<\/div>\n\t\t\t\t\t<\/div>\n\n\t\n\n\t<div id=\"col-1335038872\" class=\"col medium-3 small-12 large-3\"  >\n\t\t\t\t<div class=\"col-inner\"  >\n\t\t\t\n\t\t\t\n\t<div class=\"img has-hover x md-x lg-x y md-y lg-y\" id=\"image_582126988\">\n\t\t\t\t\t\t\t\t<div class=\"img-inner image-cover dark\" style=\"padding-top:60%;\">\n\t\t\t<img width=\"350\" height=\"292\" src=\"https:\/\/demo.bmconnect.vn\/noithat5\/wp-content\/uploads\/2018\/08\/GIFFT.gif\" class=\"attachment-original size-original\" alt=\"\" loading=\"lazy\" \/>\t\t\t\t\t\t\n\t\t\t\t\t<\/div>\n\t\t\t\t\t\t\t\t\n<style>\n#image_582126988 {\n  width: 100%;\n}\n<\/style>\n\t<\/div>\n\t\n<h4><span style=\"color: #d83131; font-size: 105%;\">T\u01b0 v\u1ea5n phong th\u1ee7y<\/span><\/h4>\n<p><span style=\"font-size: 90%;\">Kh\u00f4ng ph\u1ea3i ai c\u0169ng hi\u1ec3u v\u00e0 n\u00f3i \u0111\u00fang v\u1ec1 phong th\u1ee7y. Ch\u00fang t\u00f4i cung c\u1ea5p d\u1ecbch v\u1ee5 t\u01b0 v\u1ea5n phong th\u1ee7y ch\u00ednh x\u00e1c nh\u1ea5t v\u00e0 an to\u00e0n nh\u1ea5t.<\/span><\/p>\n\t\t<\/div>\n\t\t\t\t\t<\/div>\n\n\t\n<\/div>\n\t\t<\/div>\n\t\t\t\t\t<\/div>\n\n\t\n<\/div>\n\t\t<\/div>\n\n\t\t\n<style>\n#section_336316074 {\n  padding-top: 30px;\n  padding-bottom: 30px;\n}\n#section_336316074 .section-bg-overlay {\n  background-color: rgba(255, 255, 255, 0.91);\n}\n#section_336316074 .section-bg.bg-loaded {\n  background-image: url(https:\/\/demo.bmconnect.vn\/noithat5\/wp-content\/uploads\/2018\/08\/slider2.jpg);\n}\n<\/style>\n\t<\/section>\n\t\n\t<section class=\"section lien-he-tu-van-section\" id=\"section_223998418\">\n\t\t<div class=\"bg section-bg fill bg-fill  bg-loaded\" >\n\n\t\t\t\n\t\t\t\n\t\t\t\n\n\t\t<\/div>\n\n\t\t<div class=\"section-content relative\">\n\t\t\t\n<div class=\"row\"  id=\"row-308303439\">\n\n\t<div id=\"col-106608248\" class=\"col medium-8 small-12 large-8\"  >\n\t\t\t\t<div class=\"col-inner\"  >\n\t\t\t\n\t\t\t\n<div role=\"form\" class=\"wpcf7\" id=\"wpcf7-f452-o1\" lang=\"vi\" dir=\"ltr\">\n<div class=\"screen-reader-response\"><p role=\"status\" aria-live=\"polite\" aria-atomic=\"true\"><\/p> <ul><\/ul><\/div>\n<form action=\"\/noithat5\/wp-json\/wp\/v2\/pages\/95#wpcf7-f452-o1\" method=\"post\" class=\"wpcf7-form init\" novalidate=\"novalidate\" data-status=\"init\">\n<div style=\"display: none;\">\n<input type=\"hidden\" name=\"_wpcf7\" value=\"452\" \/>\n<input type=\"hidden\" name=\"_wpcf7_version\" value=\"5.4.2\" \/>\n<input type=\"hidden\" name=\"_wpcf7_locale\" value=\"vi\" \/>\n<input type=\"hidden\" name=\"_wpcf7_unit_tag\" value=\"wpcf7-f452-o1\" \/>\n<input type=\"hidden\" name=\"_wpcf7_container_post\" value=\"0\" \/>\n<input type=\"hidden\" name=\"_wpcf7_posted_data_hash\" value=\"\" \/>\n<\/div>\n<div class=\"tai-bao-gia\">\n<span class=\"title-bao-gia\">NH\u1eacP TH\u00d4NG TIN \u0110\u1ec2 T\u1ea2I B\u00c1O GI\u00c1<\/span><\/p>\n<div class=\"left\">\n<span class=\"wpcf7-form-control-wrap text-343\"><input type=\"text\" name=\"text-343\" value=\"\" size=\"40\" class=\"wpcf7-form-control wpcf7-text wpcf7-validates-as-required\" aria-required=\"true\" aria-invalid=\"false\" placeholder=\"H\u1ecd t\u00ean c\u1ee7a b\u1ea1n (*)...\" \/><\/span><br \/>\n<span class=\"wpcf7-form-control-wrap tel-247\"><input type=\"tel\" name=\"tel-247\" value=\"\" size=\"40\" class=\"wpcf7-form-control wpcf7-text wpcf7-tel wpcf7-validates-as-required wpcf7-validates-as-tel\" aria-required=\"true\" aria-invalid=\"false\" placeholder=\"S\u1ed1 \u0111i\u1ec7n tho\u1ea1i c\u1ee7a b\u1ea1n (*)...\" \/><\/span><br \/>\n<span class=\"wpcf7-form-control-wrap email-546\"><input type=\"email\" name=\"email-546\" value=\"\" size=\"40\" class=\"wpcf7-form-control wpcf7-text wpcf7-email wpcf7-validates-as-required wpcf7-validates-as-email\" aria-required=\"true\" aria-invalid=\"false\" placeholder=\"Email c\u1ee7a b\u1ea1n (*)...\" \/><\/span><br \/>\n<span class=\"wpcf7-form-control-wrap text-3456\"><input type=\"text\" name=\"text-3456\" value=\"\" size=\"40\" class=\"wpcf7-form-control wpcf7-text\" aria-invalid=\"false\" placeholder=\"\u0110\u1ecba ch\u1ec9 c\u1ee7a b\u1ea1n...\" \/><\/span><br \/>\n(*) Th\u00f4ng tin b\u1eaft bu\u1ed9c\n<\/div>\n<div class=\"right\">\n<span class=\"wpcf7-form-control-wrap textarea-585\"><textarea name=\"textarea-585\" cols=\"40\" rows=\"10\" class=\"wpcf7-form-control wpcf7-textarea\" aria-invalid=\"false\" placeholder=\"N\u1ed9i dung...\"><\/textarea><\/span><br \/>\n<input type=\"submit\" value=\"T\u1ea3i b\u00e1o gi\u00e1\" class=\"wpcf7-form-control wpcf7-submit\" \/><\/p>\n<\/div>\n<div class=\"clearboth\"><\/div>\n<\/div>\n<div class=\"wpcf7-response-output\" aria-hidden=\"true\"><\/div><\/form><\/div>\n\t\t<\/div>\n\t\t\t\t\t<\/div>\n\n\t\n\n\t<div id=\"col-833806322\" class=\"col cot2 medium-4 small-12 large-4\"  >\n\t\t\t\t<div class=\"col-inner\"  >\n\t\t\t\n\t\t\t\n\t<div class=\"img has-hover x md-x lg-x y md-y lg-y\" id=\"image_241781312\">\n\t\t\t\t\t\t\t\t<div class=\"img-inner dark\" >\n\t\t\t<img width=\"350\" height=\"292\" src=\"https:\/\/demo.bmconnect.vn\/noithat5\/wp-content\/uploads\/2018\/08\/GIFFT.gif\" class=\"attachment-original size-original\" alt=\"\" loading=\"lazy\" \/>\t\t\t\t\t\t\n\t\t\t\t\t<\/div>\n\t\t\t\t\t\t\t\t\n<style>\n#image_241781312 {\n  width: 100%;\n}\n<\/style>\n\t<\/div>\n\t\n<p><span style=\"font-size: 90%;\"><strong>+ Phone:<\/strong> 0972.939.830<\/span><\/p>\n<p><span style=\"font-size: 90%;\"><strong>+ Email:<\/strong> demo@gmail.com<\/span><\/p>\n<p><span style=\"font-size: 90%;\"><strong>+ Website:<\/strong> www.webdesign.com<\/span><\/p>\n\t\t<\/div>\n\t\t\t\t\t<\/div>\n\n\t\n<\/div>\n\t\t<\/div>\n\n\t\t\n<style>\n#section_223998418 {\n  padding-top: 30px;\n  padding-bottom: 30px;\n  background-color: rgb(255, 255, 255);\n}\n<\/style>\n\t<\/section>\n\t\n","protected":false},"excerpt":{"rendered":"","protected":false},"author":1,"featured_media":0,"parent":0,"menu_order":0,"comment_status":"closed","ping_status":"closed","template":"page-blank.php","meta":[],"_links":{"self":[{"href":"https:\/\/demo.bmconnect.vn\/noithat5\/wp-json\/wp\/v2\/pages\/95"}],"collection":[{"href":"https:\/\/demo.bmconnect.vn\/noithat5\/wp-json\/wp\/v2\/pages"}],"about":[{"href":"https:\/\/demo.bmconnect.vn\/noithat5\/wp-json\/wp\/v2\/types\/page"}],"author":[{"embeddable":true,"href":"https:\/\/demo.bmconnect.vn\/noithat5\/wp-json\/wp\/v2\/users\/1"}],"replies":[{"embeddable":true,"href":"https:\/\/demo.bmconnect.vn\/noithat5\/wp-json\/wp\/v2\/comments?post=95"}],"version-history":[{"count":0,"href":"https:\/\/demo.bmconnect.vn\/noithat5\/wp-json\/wp\/v2\/pages\/95\/revisions"}],"wp:attachment":[{"href":"https:\/\/demo.bmconnect.vn\/noithat5\/wp-json\/wp\/v2\/media?parent=95"}],"curies":[{"name":"wp","href":"https:\/\/api.w.org\/{rel}","templated":true}]}}