{"id":958,"date":"2018-04-18T23:47:50","date_gmt":"2018-04-18T16:47:50","guid":{"rendered":"https:\/\/demo.bmconnect.vn\/noithat4\/?page_id=958"},"modified":"2018-04-19T00:00:15","modified_gmt":"2018-04-18T17:00:15","slug":"kien-thuc-chuyen-mon","status":"publish","type":"page","link":"https:\/\/demo.bmconnect.vn\/noithat4\/kien-thuc-chuyen-mon\/","title":{"rendered":"Ki\u1ebfn th\u1ee9c chuy\u00ean m\u00f4n"},"content":{"rendered":"<div class=\"row kien-thuc\"  id=\"row-1623792810\">\n<div class=\"col small-12 large-12\"  ><div class=\"col-inner\"  >\n\n  \n    <div class=\"row large-columns-1 medium-columns-1 small-columns-1 row-small\">\n  \t\t<div class=\"col post-item\" >\n\t\t\t<div class=\"col-inner\">\n\t\t\t<a href=\"https:\/\/demo.bmconnect.vn\/noithat4\/mot-so-y-tuong-trang-tri-nha-bep-tren-ca-tuyet-voi\/\" class=\"plain\">\n\t\t\t\t<div class=\"box box-vertical box-text-bottom box-blog-post has-hover\">\n            \t\t\t\t\t<div class=\"box-image\" style=\"width:25%;\">\n  \t\t\t\t\t\t<div class=\"image-zoom image-cover\" style=\"padding-top:59%;\">\n  \t\t\t\t\t\t\t<img width=\"450\" height=\"311\" src=\"https:\/\/demo.bmconnect.vn\/noithat4\/wp-content\/uploads\/2018\/04\/trang-tri-bep.jpg\" class=\"attachment-original size-original wp-post-image\" alt=\"\" loading=\"lazy\" srcset=\"https:\/\/demo.bmconnect.vn\/noithat4\/wp-content\/uploads\/2018\/04\/trang-tri-bep.jpg 450w, https:\/\/demo.bmconnect.vn\/noithat4\/wp-content\/uploads\/2018\/04\/trang-tri-bep-300x207.jpg 300w\" sizes=\"(max-width: 450px) 100vw, 450px\" \/>  \t\t\t\t\t\t\t  \t\t\t\t\t\t\t  \t\t\t\t\t\t<\/div>\n  \t\t\t\t\t\t  \t\t\t\t\t<\/div><!-- .box-image -->\n          \t\t\t\t\t<div class=\"box-text text-left\" >\n\t\t\t\t\t<div class=\"box-text-inner blog-post-inner\">\n\n\t\t\t\t\t\n\t\t\t\t\t\t\t\t\t\t<h5 class=\"post-title is-large uppercase\">M\u1ed9t s\u1ed1 \u00fd t\u01b0\u1edfng trang tr\u00ed nh\u00e0 b\u1ebfp tr\u00ean c\u1ea3 tuy\u1ec7t v\u1eddi<\/h5>\n\t\t\t\t\t<div class=\"post-meta is-small op-8\">18\/04\/2018<\/div>\t\t\t\t\t<div class=\"is-divider\"><\/div>\n\t\t\t\t\t\t\t\t\t\t<p class=\"from_the_blog_excerpt \">*Ch\u1ee7 \u0111\u1ea7u t\u01b0: Ch\u1ecb Nhung *H\u1ea1ng m\u1ee5c bao g\u1ed3m: 01 ph\u00f2ng kh\u00e1ch, 01 ph\u00f2ng b\u1ebfp, 03 ph\u00f2ng ng\u1ee7 \u0110\u1ec3 xem d\u1ef1 to\u00e1n chi ti\u1ebft qu\u00fd kh\u00e1ch vui l\u00f2ng inbox ho\u1eb7c li\u00ean h\u1ec7 0987.25.3888 ho\u1eb7c 0466.866.62 N\u1ed9i Th\u1ea5t Ki\u1ec1u D\u01b0\u01a1ng * D\u1ecbch v\u1ee5 t\u01b0 v\u1ea5n, b\u00e1o gi\u00e1, [...]\t\t\t\t\t<\/p>\n\t\t\t\t\t                    \n\t\t\t\t\t\n\t\t\t\t\t\n\t\t\t\t\t<\/div><!-- .box-text-inner -->\n\t\t\t\t\t<\/div><!-- .box-text -->\n\t\t\t\t\t\t\t\t\t<\/div><!-- .box -->\n\t\t\t\t<\/a><!-- .link -->\n\t\t\t<\/div><!-- .col-inner -->\n\t\t<\/div><!-- .col -->\n\t\t<div class=\"col post-item\" >\n\t\t\t<div class=\"col-inner\">\n\t\t\t<a href=\"https:\/\/demo.bmconnect.vn\/noithat4\/thi-cong-noi-that-can-ho-garden-gate-60m2\/\" class=\"plain\">\n\t\t\t\t<div class=\"box box-vertical box-text-bottom box-blog-post has-hover\">\n            \t\t\t\t\t<div class=\"box-image\" style=\"width:25%;\">\n  \t\t\t\t\t\t<div class=\"image-zoom image-cover\" style=\"padding-top:59%;\">\n  \t\t\t\t\t\t\t<img width=\"450\" height=\"311\" src=\"https:\/\/demo.bmconnect.vn\/noithat4\/wp-content\/uploads\/2018\/04\/du-an.jpg\" class=\"attachment-original size-original wp-post-image\" alt=\"\" loading=\"lazy\" srcset=\"https:\/\/demo.bmconnect.vn\/noithat4\/wp-content\/uploads\/2018\/04\/du-an.jpg 450w, https:\/\/demo.bmconnect.vn\/noithat4\/wp-content\/uploads\/2018\/04\/du-an-300x207.jpg 300w\" sizes=\"(max-width: 450px) 100vw, 450px\" \/>  \t\t\t\t\t\t\t  \t\t\t\t\t\t\t  \t\t\t\t\t\t<\/div>\n  \t\t\t\t\t\t  \t\t\t\t\t<\/div><!-- .box-image -->\n          \t\t\t\t\t<div class=\"box-text text-left\" >\n\t\t\t\t\t<div class=\"box-text-inner blog-post-inner\">\n\n\t\t\t\t\t\n\t\t\t\t\t\t\t\t\t\t<h5 class=\"post-title is-large uppercase\">Thi c\u00f4ng n\u1ed9i th\u1ea5t c\u0103n h\u1ed9 Garden Gate 60m2<\/h5>\n\t\t\t\t\t<div class=\"post-meta is-small op-8\">18\/04\/2018<\/div>\t\t\t\t\t<div class=\"is-divider\"><\/div>\n\t\t\t\t\t\t\t\t\t\t<p class=\"from_the_blog_excerpt \">Thi c\u00f4ng n\u1ed9i th\u1ea5t c\u0103n h\u1ed9 Garden Gate 106m2 Ch\u1ee7 \u0111\u1ea7u t\u01b0: Ch\u1ecb D V\u1ecb tr\u00ed c\u0103n h\u1ed9: TP.H\u1ed3 Ch\u00ed Minh Di\u1ec7n t\u00edch: 106m2 M\u1ee5c \u0111\u00edch s\u1eed d\u1ee5ng: \u1ede Thi c\u00f4ng: Team Decox Design \u2013 L\u1ea7u 8, T\u00f2a nh\u00e0 M \u2013 H, 728 \u2013 730 V\u00f5 [...]\t\t\t\t\t<\/p>\n\t\t\t\t\t                    \n\t\t\t\t\t\n\t\t\t\t\t\n\t\t\t\t\t<\/div><!-- .box-text-inner -->\n\t\t\t\t\t<\/div><!-- .box-text -->\n\t\t\t\t\t\t\t\t\t<\/div><!-- .box -->\n\t\t\t\t<\/a><!-- .link -->\n\t\t\t<\/div><!-- .col-inner -->\n\t\t<\/div><!-- .col -->\n\t\t<div class=\"col post-item\" >\n\t\t\t<div class=\"col-inner\">\n\t\t\t<a href=\"https:\/\/demo.bmconnect.vn\/noithat4\/thiet-ke-nha-dan-3-phong-ngu-chi-nhung-yen-hoa\/\" class=\"plain\">\n\t\t\t\t<div class=\"box box-vertical box-text-bottom box-blog-post has-hover\">\n            \t\t\t\t\t<div class=\"box-image\" style=\"width:25%;\">\n  \t\t\t\t\t\t<div class=\"image-zoom image-cover\" style=\"padding-top:59%;\">\n  \t\t\t\t\t\t\t<img width=\"450\" height=\"311\" src=\"https:\/\/demo.bmconnect.vn\/noithat4\/wp-content\/uploads\/2018\/04\/cau-giay.jpg\" class=\"attachment-original size-original wp-post-image\" alt=\"\" loading=\"lazy\" srcset=\"https:\/\/demo.bmconnect.vn\/noithat4\/wp-content\/uploads\/2018\/04\/cau-giay.jpg 450w, https:\/\/demo.bmconnect.vn\/noithat4\/wp-content\/uploads\/2018\/04\/cau-giay-300x207.jpg 300w\" sizes=\"(max-width: 450px) 100vw, 450px\" \/>  \t\t\t\t\t\t\t  \t\t\t\t\t\t\t  \t\t\t\t\t\t<\/div>\n  \t\t\t\t\t\t  \t\t\t\t\t<\/div><!-- .box-image -->\n          \t\t\t\t\t<div class=\"box-text text-left\" >\n\t\t\t\t\t<div class=\"box-text-inner blog-post-inner\">\n\n\t\t\t\t\t\n\t\t\t\t\t\t\t\t\t\t<h5 class=\"post-title is-large uppercase\">Thi\u1ebft k\u1ebf nh\u00e0 d\u00e2n 3 ph\u00f2ng ng\u1ee7 ch\u1ecb Nhung Y\u00ean H\u00f2a<\/h5>\n\t\t\t\t\t<div class=\"post-meta is-small op-8\">18\/04\/2018<\/div>\t\t\t\t\t<div class=\"is-divider\"><\/div>\n\t\t\t\t\t\t\t\t\t\t<p class=\"from_the_blog_excerpt \">*Ch\u1ee7 \u0111\u1ea7u t\u01b0: Ch\u1ecb Nhung *H\u1ea1ng m\u1ee5c bao g\u1ed3m: 01 ph\u00f2ng kh\u00e1ch, 01 ph\u00f2ng b\u1ebfp, 03 ph\u00f2ng ng\u1ee7 \u0110\u1ec3 xem d\u1ef1 to\u00e1n chi ti\u1ebft qu\u00fd kh\u00e1ch vui l\u00f2ng inbox ho\u1eb7c li\u00ean h\u1ec7 0987.25.3888 ho\u1eb7c 0466.866.621. N\u1ed9i Th\u1ea5t Ki\u1ec1u D\u01b0\u01a1ng * D\u1ecbch v\u1ee5 t\u01b0 v\u1ea5n, b\u00e1o gi\u00e1, [...]\t\t\t\t\t<\/p>\n\t\t\t\t\t                    \n\t\t\t\t\t\n\t\t\t\t\t\n\t\t\t\t\t<\/div><!-- .box-text-inner -->\n\t\t\t\t\t<\/div><!-- .box-text -->\n\t\t\t\t\t\t\t\t\t<\/div><!-- .box -->\n\t\t\t\t<\/a><!-- .link -->\n\t\t\t<\/div><!-- .col-inner -->\n\t\t<\/div><!-- .col -->\n\t\t<div class=\"col post-item\" >\n\t\t\t<div class=\"col-inner\">\n\t\t\t<a href=\"https:\/\/demo.bmconnect.vn\/noithat4\/thiet-ke-noi-that-chung-cu-gamuda-hoang-mai-2\/\" class=\"plain\">\n\t\t\t\t<div class=\"box box-vertical box-text-bottom box-blog-post has-hover\">\n            \t\t\t\t\t<div class=\"box-image\" style=\"width:25%;\">\n  \t\t\t\t\t\t<div class=\"image-zoom image-cover\" style=\"padding-top:59%;\">\n  \t\t\t\t\t\t\t<img width=\"450\" height=\"311\" src=\"https:\/\/demo.bmconnect.vn\/noithat4\/wp-content\/uploads\/2018\/04\/gamuda.jpg\" class=\"attachment-original size-original wp-post-image\" alt=\"\" loading=\"lazy\" srcset=\"https:\/\/demo.bmconnect.vn\/noithat4\/wp-content\/uploads\/2018\/04\/gamuda.jpg 450w, https:\/\/demo.bmconnect.vn\/noithat4\/wp-content\/uploads\/2018\/04\/gamuda-300x207.jpg 300w\" sizes=\"(max-width: 450px) 100vw, 450px\" \/>  \t\t\t\t\t\t\t  \t\t\t\t\t\t\t  \t\t\t\t\t\t<\/div>\n  \t\t\t\t\t\t  \t\t\t\t\t<\/div><!-- .box-image -->\n          \t\t\t\t\t<div class=\"box-text text-left\" >\n\t\t\t\t\t<div class=\"box-text-inner blog-post-inner\">\n\n\t\t\t\t\t\n\t\t\t\t\t\t\t\t\t\t<h5 class=\"post-title is-large uppercase\">Thi\u1ebft k\u1ebf n\u1ed9i th\u1ea5t chung c\u01b0 Gamuda Ho\u00e0ng Mai<\/h5>\n\t\t\t\t\t<div class=\"post-meta is-small op-8\">18\/04\/2018<\/div>\t\t\t\t\t<div class=\"is-divider\"><\/div>\n\t\t\t\t\t\t\t\t\t\t<p class=\"from_the_blog_excerpt \">C\u00f4ng ty TNHH X\u00e2y d\u1ef1ng v\u00e0 N\u1ed9i th\u1ea5t Ki\u1ec1u D\u01b0\u01a1ng l\u00e0 c\u00f4ng ty kh\u00f4ng ch\u1ec9 Thi\u1ebft k\u1ebf \u2013 Thi c\u00f4ng n\u1ed9i th\u1ea5t uy t\u00edn m\u00e0 con l\u00e0 \u0111\u01a1n v\u1ecb cung \u1ee9ng v\u1eadt t\u01b0, thi\u1ebft b\u1ecb n\u1ed9i th\u1ea5t chuy\u00ean nghi\u1ec7p. Th\u01b0\u01a1ng hi\u1ec7u N\u1ed9i th\u1ea5t Ki\u1ec1u D\u01b0\u01a1ng \u0111\u01b0\u1ee3c [...]\t\t\t\t\t<\/p>\n\t\t\t\t\t                    \n\t\t\t\t\t\n\t\t\t\t\t\n\t\t\t\t\t<\/div><!-- .box-text-inner -->\n\t\t\t\t\t<\/div><!-- .box-text -->\n\t\t\t\t\t\t\t\t\t<\/div><!-- .box -->\n\t\t\t\t<\/a><!-- .link -->\n\t\t\t<\/div><!-- .col-inner -->\n\t\t<\/div><!-- .col -->\n<\/div>\n<\/div><\/div>\n\n<style scope=\"scope\">\n\n<\/style>\n<\/div>\n","protected":false},"excerpt":{"rendered":"","protected":false},"author":1,"featured_media":0,"parent":0,"menu_order":0,"comment_status":"closed","ping_status":"closed","template":"page-right-sidebar.php","meta":[],"_links":{"self":[{"href":"https:\/\/demo.bmconnect.vn\/noithat4\/wp-json\/wp\/v2\/pages\/958"}],"collection":[{"href":"https:\/\/demo.bmconnect.vn\/noithat4\/wp-json\/wp\/v2\/pages"}],"about":[{"href":"https:\/\/demo.bmconnect.vn\/noithat4\/wp-json\/wp\/v2\/types\/page"}],"author":[{"embeddable":true,"href":"https:\/\/demo.bmconnect.vn\/noithat4\/wp-json\/wp\/v2\/users\/1"}],"replies":[{"embeddable":true,"href":"https:\/\/demo.bmconnect.vn\/noithat4\/wp-json\/wp\/v2\/comments?post=958"}],"version-history":[{"count":0,"href":"https:\/\/demo.bmconnect.vn\/noithat4\/wp-json\/wp\/v2\/pages\/958\/revisions"}],"wp:attachment":[{"href":"https:\/\/demo.bmconnect.vn\/noithat4\/wp-json\/wp\/v2\/media?parent=958"}],"curies":[{"name":"wp","href":"https:\/\/api.w.org\/{rel}","templated":true}]}}