{"id":910,"date":"2018-04-18T23:29:15","date_gmt":"2018-04-18T16:29:15","guid":{"rendered":"https:\/\/demo.bmconnect.vn\/noithat4\/?page_id=910"},"modified":"2018-04-20T08:36:42","modified_gmt":"2018-04-20T01:36:42","slug":"cai-tao-sua-chua-cong-trinh","status":"publish","type":"page","link":"https:\/\/demo.bmconnect.vn\/noithat4\/cai-tao-sua-chua-cong-trinh\/","title":{"rendered":"C\u1ea3i t\u1ea1o s\u1eeda ch\u1eefa c\u00f4ng tr\u00ecnh"},"content":{"rendered":"<div class=\"row cate-page\"  id=\"row-943093890\">\n<div class=\"col small-12 large-12\"  ><div class=\"col-inner\"  >\n<div class=\"container section-title-container\" ><h3 class=\"section-title section-title-normal\"><b><\/b><span class=\"section-title-main\" >C\u1ea3i t\u1ea1o - S\u1eeda ch\u1eefa C\u00f4ng tr\u00ecnh<\/span><b><\/b><\/h3><\/div><!-- .section-title -->\n<p>C\u00f4ng ty TNHH X\u00e2y D\u1ef1ng v\u00e0 N\u1ed9i Th\u1ea5t Ki\u1ec1u D\u01b0\u01a1ng l\u00e0 c\u00f4ng ty kh\u00f4ng ch\u1ec9 Thi\u1ebft K\u1ebf \u2013 Thi c\u00f4ng n\u1ed9i th\u1ea5t uy t\u00edn m\u00e0 c\u00f2n l\u00e0 \u0111\u01a1n v\u1ecb cung \u1ee9ng v\u1eadt t\u01b0, thi\u1ebft b\u1ecb n\u1ed9i th\u1ea5t chuy\u00ean nghi\u1ec7p. C\u00f4ng ty TNHH X\u00e2y D\u1ef1ng v\u00e0 N\u1ed9i Th\u1ea5t Ki\u1ec1u D\u01b0\u01a1ng t\u1ef1 tin l\u00e0 s\u1ef1 l\u1ef1a ch\u1ecdn s\u1ed1 1 cho Qu\u00fd kh\u00e1ch h\u00e0ng khi c\u00f3 nhu c\u1ea7u v\u1ec1 thi\u1ebft k\u1ebf v\u00e0 thi c\u00f4ng n\u1ed9i th\u1ea5t. M\u1ed7i b\u01b0\u1edbc trong m\u1ed9t d\u1ef1 \u00e1n, ch\u00fang t\u00f4i \u0111\u1ec1u c\u00f3 nh\u1eefng th\u1ebf m\u1ea1nh ri\u00eang, kh\u00e1c bi\u1ec7t so v\u1edbi c\u00e1c c\u00f4ng ty c\u00f9ng l\u0129nh v\u1ef1c..<\/p>\n<p>Th\u01b0\u01a1ng hi\u1ec7u N\u1ed9i Th\u1ea5t Ki\u1ec1u D\u01b0\u01a1ng \u0111\u01b0\u1ee3c x\u00e2y d\u1ef1ng v\u00e0 ph\u00e1t tri\u1ec3n b\u1edfi C\u00f4ng ty TNHH X\u00e2y D\u1ef1ng v\u00e0 N\u1ed9i Th\u1ea5t \u0110\u00f4ng D\u01b0\u01a1ng. V\u1edbi m\u1ee5c \u0111\u00edch mang l\u1ea1i s\u1ef1 ti\u1ec7n nghi, kh\u00f4ng gian sang tr\u1ecdng cho to\u00e0n th\u1ec3 qu\u00fd kh\u00e1ch, ch\u00fang t\u00f4i kh\u00f4ng ng\u1eebng ph\u00e1t tri\u1ec3n tr\u00ecnh \u0111\u1ed9 chuy\u00ean m\u00f4n v\u00e0 c\u00f4ng nghi\u1ec7p s\u1ea3n xu\u1ea5t \u0111\u1ec3 n\u00e2ng cao ch\u1ea5t l\u01b0\u1ee3ng s\u1ea3n ph\u1ea9m v\u00e0 tr\u1edf th\u00e0nh m\u1ed9t trong nh\u1eefng c\u00f4ng ty \u0111i \u0111\u1ea7u v\u1ec1 thi\u1ebft k\u1ebf v\u00e0 thi c\u00f4ng N\u1ed9i Th\u1ea5t Cao C\u1ea5p \u1edf Vi\u1ec7t Nam.<\/p>\n\n  \n    <div class=\"row large-columns-3 medium-columns-1 small-columns-1 row-small\">\n  \t\t<div class=\"col post-item has-post-icon\" >\n\t\t\t<div class=\"col-inner\">\n\t\t\t<a href=\"https:\/\/demo.bmconnect.vn\/noithat4\/nguyen-ly-thiet-ke-mat-bang-kien-truc\/\" class=\"plain\">\n\t\t\t\t<div class=\"box box-normal box-text-bottom box-blog-post has-hover\">\n            \t\t\t\t\t<div class=\"box-image\" >\n  \t\t\t\t\t\t<div class=\"image-zoom image-cover\" style=\"padding-top:75%;\">\n  \t\t\t\t\t\t\t<img width=\"300\" height=\"207\" src=\"https:\/\/demo.bmconnect.vn\/noithat4\/wp-content\/uploads\/2018\/04\/post3-300x207.jpg\" class=\"attachment-medium size-medium wp-post-image\" alt=\"\" loading=\"lazy\" srcset=\"https:\/\/demo.bmconnect.vn\/noithat4\/wp-content\/uploads\/2018\/04\/post3-300x207.jpg 300w, https:\/\/demo.bmconnect.vn\/noithat4\/wp-content\/uploads\/2018\/04\/post3.jpg 450w\" sizes=\"(max-width: 300px) 100vw, 300px\" \/>  \t\t\t\t\t\t\t  \t\t\t\t\t\t\t  \t\t\t\t\t\t<\/div>\n  \t\t\t\t\t\t  \t\t\t\t\t\t\t<div class=\"absolute no-click x50 y50 md-x50 md-y50 lg-x50 lg-y50\">\n  \t\t\t\t            \t<div class=\"overlay-icon\">\n  \t\t\t\t                    <i class=\"icon-play\"><\/i>\n  \t\t\t\t                <\/div>\n  \t\t\t\t            <\/div>\n  \t\t\t\t\t\t  \t\t\t\t\t<\/div><!-- .box-image -->\n          \t\t\t\t\t<div class=\"box-text text-left\" >\n\t\t\t\t\t<div class=\"box-text-inner blog-post-inner\">\n\n\t\t\t\t\t\n\t\t\t\t\t\t\t\t\t\t<h5 class=\"post-title is-large \">Nguy\u00ean L\u00fd Thi\u1ebft K\u1ebf M\u1eb7t B\u1eb1ng Ki\u1ebfn Tr\u00fac<\/h5>\n\t\t\t\t\t\t\t\t\t\t<div class=\"is-divider\"><\/div>\n\t\t\t\t\t\t\t\t\t\t<p class=\"from_the_blog_excerpt \">Thi c\u00f4ng gian h\u00e0ng tri\u1ec3n l\u00e3m s\u01a1n t\u1ea1i trung t\u00e2m tri\u1ec3n l\u00e3m S\u00e0i G\u00f2n SECC [...]\t\t\t\t\t<\/p>\n\t\t\t\t\t                    \n\t\t\t\t\t\n\t\t\t\t\t\n\t\t\t\t\t<\/div><!-- .box-text-inner -->\n\t\t\t\t\t<\/div><!-- .box-text -->\n\t\t\t\t\t\t\t\t\t<\/div><!-- .box -->\n\t\t\t\t<\/a><!-- .link -->\n\t\t\t<\/div><!-- .col-inner -->\n\t\t<\/div><!-- .col -->\n\t\t<div class=\"col post-item has-post-icon\" >\n\t\t\t<div class=\"col-inner\">\n\t\t\t<a href=\"https:\/\/demo.bmconnect.vn\/noithat4\/top-10-noi-thong-minh-giup-thu-nho-tich-dang-ke-ma-ban-khong-ngo-toi\/\" class=\"plain\">\n\t\t\t\t<div class=\"box box-normal box-text-bottom box-blog-post has-hover\">\n            \t\t\t\t\t<div class=\"box-image\" >\n  \t\t\t\t\t\t<div class=\"image-zoom image-cover\" style=\"padding-top:75%;\">\n  \t\t\t\t\t\t\t<img width=\"300\" height=\"207\" src=\"https:\/\/demo.bmconnect.vn\/noithat4\/wp-content\/uploads\/2018\/04\/cai-tao-nha-ong-300x207.jpg\" class=\"attachment-medium size-medium wp-post-image\" alt=\"\" loading=\"lazy\" srcset=\"https:\/\/demo.bmconnect.vn\/noithat4\/wp-content\/uploads\/2018\/04\/cai-tao-nha-ong-300x207.jpg 300w, https:\/\/demo.bmconnect.vn\/noithat4\/wp-content\/uploads\/2018\/04\/cai-tao-nha-ong.jpg 450w\" sizes=\"(max-width: 300px) 100vw, 300px\" \/>  \t\t\t\t\t\t\t  \t\t\t\t\t\t\t  \t\t\t\t\t\t<\/div>\n  \t\t\t\t\t\t  \t\t\t\t\t\t\t<div class=\"absolute no-click x50 y50 md-x50 md-y50 lg-x50 lg-y50\">\n  \t\t\t\t            \t<div class=\"overlay-icon\">\n  \t\t\t\t                    <i class=\"icon-play\"><\/i>\n  \t\t\t\t                <\/div>\n  \t\t\t\t            <\/div>\n  \t\t\t\t\t\t  \t\t\t\t\t<\/div><!-- .box-image -->\n          \t\t\t\t\t<div class=\"box-text text-left\" >\n\t\t\t\t\t<div class=\"box-text-inner blog-post-inner\">\n\n\t\t\t\t\t\n\t\t\t\t\t\t\t\t\t\t<h5 class=\"post-title is-large \">Top 10 n\u1ed9i th\u1ea5t th\u00f4ng minh gi\u00fap thu nh\u1ecf th\u1ec3 t\u00edch \u0111\u00e1ng k\u1ec3 b\u1ea1n kh\u00f4ng ng\u1edd<\/h5>\n\t\t\t\t\t\t\t\t\t\t<div class=\"is-divider\"><\/div>\n\t\t\t\t\t\t\t\t\t\t<p class=\"from_the_blog_excerpt \">Thi c\u00f4ng gian h\u00e0ng tri\u1ec3n l\u00e3m s\u01a1n t\u1ea1i trung t\u00e2m tri\u1ec3n l\u00e3m S\u00e0i G\u00f2n SECC [...]\t\t\t\t\t<\/p>\n\t\t\t\t\t                    \n\t\t\t\t\t\n\t\t\t\t\t\n\t\t\t\t\t<\/div><!-- .box-text-inner -->\n\t\t\t\t\t<\/div><!-- .box-text -->\n\t\t\t\t\t\t\t\t\t<\/div><!-- .box -->\n\t\t\t\t<\/a><!-- .link -->\n\t\t\t<\/div><!-- .col-inner -->\n\t\t<\/div><!-- .col -->\n\t\t<div class=\"col post-item\" >\n\t\t\t<div class=\"col-inner\">\n\t\t\t<a href=\"https:\/\/demo.bmconnect.vn\/noithat4\/thi-cong-noi-that-can-ho-garden-gate-60m2\/\" class=\"plain\">\n\t\t\t\t<div class=\"box box-normal box-text-bottom box-blog-post has-hover\">\n            \t\t\t\t\t<div class=\"box-image\" >\n  \t\t\t\t\t\t<div class=\"image-zoom image-cover\" style=\"padding-top:75%;\">\n  \t\t\t\t\t\t\t<img width=\"300\" height=\"207\" src=\"https:\/\/demo.bmconnect.vn\/noithat4\/wp-content\/uploads\/2018\/04\/du-an-300x207.jpg\" class=\"attachment-medium size-medium wp-post-image\" alt=\"\" loading=\"lazy\" srcset=\"https:\/\/demo.bmconnect.vn\/noithat4\/wp-content\/uploads\/2018\/04\/du-an-300x207.jpg 300w, https:\/\/demo.bmconnect.vn\/noithat4\/wp-content\/uploads\/2018\/04\/du-an.jpg 450w\" sizes=\"(max-width: 300px) 100vw, 300px\" \/>  \t\t\t\t\t\t\t  \t\t\t\t\t\t\t  \t\t\t\t\t\t<\/div>\n  \t\t\t\t\t\t  \t\t\t\t\t<\/div><!-- .box-image -->\n          \t\t\t\t\t<div class=\"box-text text-left\" >\n\t\t\t\t\t<div class=\"box-text-inner blog-post-inner\">\n\n\t\t\t\t\t\n\t\t\t\t\t\t\t\t\t\t<h5 class=\"post-title is-large \">Thi c\u00f4ng n\u1ed9i th\u1ea5t c\u0103n h\u1ed9 Garden Gate 60m2<\/h5>\n\t\t\t\t\t\t\t\t\t\t<div class=\"is-divider\"><\/div>\n\t\t\t\t\t\t\t\t\t\t<p class=\"from_the_blog_excerpt \">Thi c\u00f4ng n\u1ed9i th\u1ea5t c\u0103n h\u1ed9 Garden Gate 106m2 Ch\u1ee7 \u0111\u1ea7u t\u01b0: Ch\u1ecb D V\u1ecb [...]\t\t\t\t\t<\/p>\n\t\t\t\t\t                    \n\t\t\t\t\t\n\t\t\t\t\t\n\t\t\t\t\t<\/div><!-- .box-text-inner -->\n\t\t\t\t\t<\/div><!-- .box-text -->\n\t\t\t\t\t\t\t\t\t<\/div><!-- .box -->\n\t\t\t\t<\/a><!-- .link -->\n\t\t\t<\/div><!-- .col-inner -->\n\t\t<\/div><!-- .col -->\n\t\t<div class=\"col post-item\" >\n\t\t\t<div class=\"col-inner\">\n\t\t\t<a href=\"https:\/\/demo.bmconnect.vn\/noithat4\/thiet-ke-noi-that-can-ho-64m2-chung-cu-vov-me-tri\/\" class=\"plain\">\n\t\t\t\t<div class=\"box box-normal box-text-bottom box-blog-post has-hover\">\n            \t\t\t\t\t<div class=\"box-image\" >\n  \t\t\t\t\t\t<div class=\"image-zoom image-cover\" style=\"padding-top:75%;\">\n  \t\t\t\t\t\t\t<img width=\"300\" height=\"207\" src=\"https:\/\/demo.bmconnect.vn\/noithat4\/wp-content\/uploads\/2018\/04\/vov-m\u1ec5-tr\u00ec-300x207.jpg\" class=\"attachment-medium size-medium wp-post-image\" alt=\"\" loading=\"lazy\" srcset=\"https:\/\/demo.bmconnect.vn\/noithat4\/wp-content\/uploads\/2018\/04\/vov-m\u1ec5-tr\u00ec-300x207.jpg 300w, https:\/\/demo.bmconnect.vn\/noithat4\/wp-content\/uploads\/2018\/04\/vov-m\u1ec5-tr\u00ec.jpg 450w\" sizes=\"(max-width: 300px) 100vw, 300px\" \/>  \t\t\t\t\t\t\t  \t\t\t\t\t\t\t  \t\t\t\t\t\t<\/div>\n  \t\t\t\t\t\t  \t\t\t\t\t<\/div><!-- .box-image -->\n          \t\t\t\t\t<div class=\"box-text text-left\" >\n\t\t\t\t\t<div class=\"box-text-inner blog-post-inner\">\n\n\t\t\t\t\t\n\t\t\t\t\t\t\t\t\t\t<h5 class=\"post-title is-large \">Thi\u1ebft k\u1ebf n\u1ed9i th\u1ea5t c\u0103n h\u1ed9 64m2 chung c\u01b0 VOV M\u1ec5 Tr\u00ec<\/h5>\n\t\t\t\t\t\t\t\t\t\t<div class=\"is-divider\"><\/div>\n\t\t\t\t\t\t\t\t\t\t<p class=\"from_the_blog_excerpt \">*Kh\u00e1ch h\u00e0ng: Anh D\u01b0\u01a1ng *\u0110\u1ecba ch\u1ec9: Chung c\u01b0 VOV M\u1ec5 Tr\u00ec *H\u1ea1ng m\u1ee5c thi\u1ebft k\u1ebf: [...]\t\t\t\t\t<\/p>\n\t\t\t\t\t                    \n\t\t\t\t\t\n\t\t\t\t\t\n\t\t\t\t\t<\/div><!-- .box-text-inner -->\n\t\t\t\t\t<\/div><!-- .box-text -->\n\t\t\t\t\t\t\t\t\t<\/div><!-- .box -->\n\t\t\t\t<\/a><!-- .link -->\n\t\t\t<\/div><!-- .col-inner -->\n\t\t<\/div><!-- .col -->\n\t\t<div class=\"col post-item\" >\n\t\t\t<div class=\"col-inner\">\n\t\t\t<a href=\"https:\/\/demo.bmconnect.vn\/noithat4\/thiet-ke-nha-dan-4-phong-ngu-chi-nhung-yen-hoa-cau-giay\/\" class=\"plain\">\n\t\t\t\t<div class=\"box box-normal box-text-bottom box-blog-post has-hover\">\n            \t\t\t\t\t<div class=\"box-image\" >\n  \t\t\t\t\t\t<div class=\"image-zoom image-cover\" style=\"padding-top:75%;\">\n  \t\t\t\t\t\t\t<img width=\"300\" height=\"207\" src=\"https:\/\/demo.bmconnect.vn\/noithat4\/wp-content\/uploads\/2018\/04\/thiet-ke-cai-tao-nha-300x207.jpg\" class=\"attachment-medium size-medium wp-post-image\" alt=\"\" loading=\"lazy\" srcset=\"https:\/\/demo.bmconnect.vn\/noithat4\/wp-content\/uploads\/2018\/04\/thiet-ke-cai-tao-nha-300x207.jpg 300w, https:\/\/demo.bmconnect.vn\/noithat4\/wp-content\/uploads\/2018\/04\/thiet-ke-cai-tao-nha.jpg 450w\" sizes=\"(max-width: 300px) 100vw, 300px\" \/>  \t\t\t\t\t\t\t  \t\t\t\t\t\t\t  \t\t\t\t\t\t<\/div>\n  \t\t\t\t\t\t  \t\t\t\t\t<\/div><!-- .box-image -->\n          \t\t\t\t\t<div class=\"box-text text-left\" >\n\t\t\t\t\t<div class=\"box-text-inner blog-post-inner\">\n\n\t\t\t\t\t\n\t\t\t\t\t\t\t\t\t\t<h5 class=\"post-title is-large \">Thi\u1ebft k\u1ebf nh\u00e0 d\u00e2n 4 ph\u00f2ng ng\u1ee7 Y\u00ean H\u00f2a \u2013 C\u1ea7u Gi\u1ea5y<\/h5>\n\t\t\t\t\t\t\t\t\t\t<div class=\"is-divider\"><\/div>\n\t\t\t\t\t\t\t\t\t\t<p class=\"from_the_blog_excerpt \">*Ch\u1ee7 \u0111\u1ea7u t\u01b0: Ch\u1ecb Nhung *H\u1ea1ng m\u1ee5c bao g\u1ed3m: 01 ph\u00f2ng kh\u00e1ch, 01 ph\u00f2ng b\u1ebfp, [...]\t\t\t\t\t<\/p>\n\t\t\t\t\t                    \n\t\t\t\t\t\n\t\t\t\t\t\n\t\t\t\t\t<\/div><!-- .box-text-inner -->\n\t\t\t\t\t<\/div><!-- .box-text -->\n\t\t\t\t\t\t\t\t\t<\/div><!-- .box -->\n\t\t\t\t<\/a><!-- .link -->\n\t\t\t<\/div><!-- .col-inner -->\n\t\t<\/div><!-- .col -->\n\t\t<div class=\"col post-item\" >\n\t\t\t<div class=\"col-inner\">\n\t\t\t<a href=\"https:\/\/demo.bmconnect.vn\/noithat4\/7-xu-huong-thiet-ke-noi-that-dang-len-ngoi-nam-2017\/\" class=\"plain\">\n\t\t\t\t<div class=\"box box-normal box-text-bottom box-blog-post has-hover\">\n            \t\t\t\t\t<div class=\"box-image\" >\n  \t\t\t\t\t\t<div class=\"image-zoom image-cover\" style=\"padding-top:75%;\">\n  \t\t\t\t\t\t\t<img width=\"300\" height=\"207\" src=\"https:\/\/demo.bmconnect.vn\/noithat4\/wp-content\/uploads\/2018\/04\/post6-300x207.jpg\" class=\"attachment-medium size-medium wp-post-image\" alt=\"\" loading=\"lazy\" srcset=\"https:\/\/demo.bmconnect.vn\/noithat4\/wp-content\/uploads\/2018\/04\/post6-300x207.jpg 300w, https:\/\/demo.bmconnect.vn\/noithat4\/wp-content\/uploads\/2018\/04\/post6.jpg 450w\" sizes=\"(max-width: 300px) 100vw, 300px\" \/>  \t\t\t\t\t\t\t  \t\t\t\t\t\t\t  \t\t\t\t\t\t<\/div>\n  \t\t\t\t\t\t  \t\t\t\t\t<\/div><!-- .box-image -->\n          \t\t\t\t\t<div class=\"box-text text-left\" >\n\t\t\t\t\t<div class=\"box-text-inner blog-post-inner\">\n\n\t\t\t\t\t\n\t\t\t\t\t\t\t\t\t\t<h5 class=\"post-title is-large \">7 xu h\u01b0\u1edbng thi\u1ebft k\u1ebf n\u1ed9i th\u1ea5t \u0111ang \u201cl\u00ean ng\u00f4i\u201d n\u0103m 2017<\/h5>\n\t\t\t\t\t\t\t\t\t\t<div class=\"is-divider\"><\/div>\n\t\t\t\t\t\t\t\t\t\t<p class=\"from_the_blog_excerpt \">7 xu h\u01b0\u1edbng thi\u1ebft k\u1ebf n\u1ed9i th\u1ea5t sau \u0111\u00e2y ch\u00ednh l\u00e0 nh\u1eefng xu h\u01b0\u1edbng \u0111ang [...]\t\t\t\t\t<\/p>\n\t\t\t\t\t                    \n\t\t\t\t\t\n\t\t\t\t\t\n\t\t\t\t\t<\/div><!-- .box-text-inner -->\n\t\t\t\t\t<\/div><!-- .box-text -->\n\t\t\t\t\t\t\t\t\t<\/div><!-- .box -->\n\t\t\t\t<\/a><!-- .link -->\n\t\t\t<\/div><!-- .col-inner -->\n\t\t<\/div><!-- .col -->\n\t\t<div class=\"col post-item\" >\n\t\t\t<div class=\"col-inner\">\n\t\t\t<a href=\"https:\/\/demo.bmconnect.vn\/noithat4\/uu-nhuoc-diem-cua-go-cong-nghiep-acrylic\/\" class=\"plain\">\n\t\t\t\t<div class=\"box box-normal box-text-bottom box-blog-post has-hover\">\n            \t\t\t\t\t<div class=\"box-image\" >\n  \t\t\t\t\t\t<div class=\"image-zoom image-cover\" style=\"padding-top:75%;\">\n  \t\t\t\t\t\t\t<img width=\"300\" height=\"207\" src=\"https:\/\/demo.bmconnect.vn\/noithat4\/wp-content\/uploads\/2018\/04\/post2-300x207.jpg\" class=\"attachment-medium size-medium wp-post-image\" alt=\"\" loading=\"lazy\" srcset=\"https:\/\/demo.bmconnect.vn\/noithat4\/wp-content\/uploads\/2018\/04\/post2-300x207.jpg 300w, https:\/\/demo.bmconnect.vn\/noithat4\/wp-content\/uploads\/2018\/04\/post2.jpg 450w\" sizes=\"(max-width: 300px) 100vw, 300px\" \/>  \t\t\t\t\t\t\t  \t\t\t\t\t\t\t  \t\t\t\t\t\t<\/div>\n  \t\t\t\t\t\t  \t\t\t\t\t<\/div><!-- .box-image -->\n          \t\t\t\t\t<div class=\"box-text text-left\" >\n\t\t\t\t\t<div class=\"box-text-inner blog-post-inner\">\n\n\t\t\t\t\t\n\t\t\t\t\t\t\t\t\t\t<h5 class=\"post-title is-large \">\u01afu nh\u01b0\u1ee3c \u0111i\u1ec3m c\u1ee7a g\u1ed7 c\u00f4ng nghi\u1ec7p Acrylic trong thi\u1ebft k\u1ebf n\u1ed9i th\u1ea5t<\/h5>\n\t\t\t\t\t\t\t\t\t\t<div class=\"is-divider\"><\/div>\n\t\t\t\t\t\t\t\t\t\t<p class=\"from_the_blog_excerpt \">N\u00f3i v\u1ec1 phong c\u00e1ch t\u00e2n c\u1ed5 \u0111i\u1ec3n ng\u01b0\u1eddi ta s\u1ebd ngh\u0129 ngay \u0111\u1ebfn d\u00f2ng g\u1ed7 [...]\t\t\t\t\t<\/p>\n\t\t\t\t\t                    \n\t\t\t\t\t\n\t\t\t\t\t\n\t\t\t\t\t<\/div><!-- .box-text-inner -->\n\t\t\t\t\t<\/div><!-- .box-text -->\n\t\t\t\t\t\t\t\t\t<\/div><!-- .box -->\n\t\t\t\t<\/a><!-- .link -->\n\t\t\t<\/div><!-- .col-inner -->\n\t\t<\/div><!-- .col -->\n<\/div>\n<div class=\"row\"  id=\"row-1488460211\">\n<div class=\"col small-12 large-12\"  ><div class=\"col-inner text-center\"  >\n<a href=\"\/chuyen-muc\/cai-tao-sua-chua\/\" target=\"_self\" class=\"button white is-outline lowercase\"  style=\"border-radius:3px;\">\n    <span>Xem t\u1ea5t c\u1ea3<\/span>\n  <\/a>\n\n<\/div><\/div>\n<\/div>\n<\/div><\/div>\n\n<style scope=\"scope\">\n\n<\/style>\n<\/div>\n","protected":false},"excerpt":{"rendered":"","protected":false},"author":1,"featured_media":0,"parent":0,"menu_order":0,"comment_status":"closed","ping_status":"closed","template":"page-right-sidebar.php","meta":[],"_links":{"self":[{"href":"https:\/\/demo.bmconnect.vn\/noithat4\/wp-json\/wp\/v2\/pages\/910"}],"collection":[{"href":"https:\/\/demo.bmconnect.vn\/noithat4\/wp-json\/wp\/v2\/pages"}],"about":[{"href":"https:\/\/demo.bmconnect.vn\/noithat4\/wp-json\/wp\/v2\/types\/page"}],"author":[{"embeddable":true,"href":"https:\/\/demo.bmconnect.vn\/noithat4\/wp-json\/wp\/v2\/users\/1"}],"replies":[{"embeddable":true,"href":"https:\/\/demo.bmconnect.vn\/noithat4\/wp-json\/wp\/v2\/comments?post=910"}],"version-history":[{"count":0,"href":"https:\/\/demo.bmconnect.vn\/noithat4\/wp-json\/wp\/v2\/pages\/910\/revisions"}],"wp:attachment":[{"href":"https:\/\/demo.bmconnect.vn\/noithat4\/wp-json\/wp\/v2\/media?parent=910"}],"curies":[{"name":"wp","href":"https:\/\/api.w.org\/{rel}","templated":true}]}}