{"id":643,"date":"2018-04-18T15:45:35","date_gmt":"2018-04-18T08:45:35","guid":{"rendered":"https:\/\/demo.bmconnect.vn\/noithat4\/?page_id=643"},"modified":"2018-04-18T23:33:58","modified_gmt":"2018-04-18T16:33:58","slug":"xuong-san-xuat","status":"publish","type":"page","link":"https:\/\/demo.bmconnect.vn\/noithat4\/xuong-san-xuat\/","title":{"rendered":"X\u01b0\u1edfng s\u1ea3n xu\u1ea5t"},"content":{"rendered":"<h3><span style=\"font-size: 100%; color: #000000;\"><strong>X\u01b0\u1edfng g\u1ed7 quy m\u00f4 l\u1edbn v\u00e0 chuy\u00ean nghi\u1ec7p:<\/strong><\/span><\/h3>\n<div class=\"bic-content-page\">\n<p>C\u00f4ng ty TNHH X\u00e2y D\u1ef1ng v\u00e0 N\u1ed9i Th\u1ea5t Ki\u1ec1u D\u01b0\u01a1ng l\u00e0 c\u00f4ng ty kh\u00f4ng ch\u1ec9 Thi\u1ebft K\u1ebf \u2013 Thi c\u00f4ng n\u1ed9i th\u1ea5t uy t\u00edn m\u00e0 c\u00f2n l\u00e0 \u0111\u01a1n v\u1ecb cung \u1ee9ng v\u1eadt t\u01b0, thi\u1ebft b\u1ecb n\u1ed9i th\u1ea5t chuy\u00ean nghi\u1ec7p.<\/p>\n<p>C\u00f4ng ty TNHH X\u00e2y D\u1ef1ng v\u00e0 N\u1ed9i Th\u1ea5t Ki\u1ec1u D\u01b0\u01a1ng t\u1ef1 tin l\u00e0 s\u1ef1 l\u1ef1a ch\u1ecdn s\u1ed1 1 cho Qu\u00fd kh\u00e1ch h\u00e0ng khi c\u00f3 nhu c\u1ea7u v\u1ec1 thi\u1ebft k\u1ebf v\u00e0 thi c\u00f4ng n\u1ed9i th\u1ea5t. M\u1ed7i b\u01b0\u1edbc trong m\u1ed9t d\u1ef1 \u00e1n, ch\u00fang t\u00f4i \u0111\u1ec1u c\u00f3 nh\u1eefng th\u1ebf m\u1ea1nh ri\u00eang, kh\u00e1c bi\u1ec7t so v\u1edbi c\u00e1c c\u00f4ng ty c\u00f9ng l\u0129nh v\u1ef1c..<\/p>\n<p>Th\u01b0\u01a1ng hi\u1ec7u N\u1ed9i Th\u1ea5t Ki\u1ec1u D\u01b0\u01a1ng \u0111\u01b0\u1ee3c x\u00e2y d\u1ef1ng v\u00e0 ph\u00e1t tri\u1ec3n b\u1edfi C\u00f4ng ty TNHH X\u00e2y D\u1ef1ng v\u00e0 N\u1ed9i Th\u1ea5t \u0110\u00f4ng D\u01b0\u01a1ng. V\u1edbi m\u1ee5c \u0111\u00edch mang l\u1ea1i s\u1ef1 ti\u1ec7n nghi, kh\u00f4ng gian sang tr\u1ecdng cho to\u00e0n th\u1ec3 qu\u00fd kh\u00e1ch, ch\u00fang t\u00f4i kh\u00f4ng ng\u1eebng ph\u00e1t tri\u1ec3n tr\u00ecnh \u0111\u1ed9 chuy\u00ean m\u00f4n v\u00e0 c\u00f4ng nghi\u1ec7p s\u1ea3n xu\u1ea5t \u0111\u1ec3 n\u00e2ng cao ch\u1ea5t l\u01b0\u1ee3ng s\u1ea3n ph\u1ea9m v\u00e0 tr\u1edf th\u00e0nh m\u1ed9t trong nh\u1eefng c\u00f4ng ty \u0111i \u0111\u1ea7u v\u1ec1 thi\u1ebft k\u1ebf v\u00e0 thi c\u00f4ng N\u1ed9i Th\u1ea5t Cao C\u1ea5p \u1edf Vi\u1ec7t Nam.<\/p>\n<p><img loading=\"lazy\" class=\"aligncenter size-full wp-image-190\" src=\"https:\/\/demo.bmconnect.vn\/noithat4\/wp-content\/uploads\/2018\/03\/nguyen-chanh-5.jpg\" sizes=\"(max-width: 900px) 100vw, 900px\" srcset=\"https:\/\/demo.bmconnect.vn\/noithat4\/wp-content\/uploads\/2018\/03\/nguyen-chanh-5.jpg 900w, https:\/\/demo.bmconnect.vn\/noithat4\/wp-content\/uploads\/2018\/03\/nguyen-chanh-5-200x150.jpg 200w, https:\/\/demo.bmconnect.vn\/noithat4\/wp-content\/uploads\/2018\/03\/nguyen-chanh-5-400x300.jpg 400w, https:\/\/demo.bmconnect.vn\/noithat4\/wp-content\/uploads\/2018\/03\/nguyen-chanh-5-768x576.jpg 768w\" alt=\"\" width=\"900\" height=\"675\" \/><\/p>\n<h3><strong><span style=\"font-size: 100%;\">Cam k\u1ebft:<\/span><\/strong><\/h3>\n<p>C\u00f4ng ty TNHH X\u00e2y D\u1ef1ng v\u00e0 N\u1ed9i Th\u1ea5t Ki\u1ec1u D\u01b0\u01a1ng l\u00e0 c\u00f4ng ty kh\u00f4ng ch\u1ec9 Thi\u1ebft K\u1ebf \u2013 Thi c\u00f4ng n\u1ed9i th\u1ea5t uy t\u00edn m\u00e0 c\u00f2n l\u00e0 \u0111\u01a1n v\u1ecb cung \u1ee9ng v\u1eadt t\u01b0, thi\u1ebft b\u1ecb n\u1ed9i th\u1ea5t chuy\u00ean nghi\u1ec7p.<\/p>\n<p>C\u00f4ng ty TNHH X\u00e2y D\u1ef1ng v\u00e0 N\u1ed9i Th\u1ea5t Ki\u1ec1u D\u01b0\u01a1ng t\u1ef1 tin l\u00e0 s\u1ef1 l\u1ef1a ch\u1ecdn s\u1ed1 1 cho Qu\u00fd kh\u00e1ch h\u00e0ng khi c\u00f3 nhu c\u1ea7u v\u1ec1 thi\u1ebft k\u1ebf v\u00e0 thi c\u00f4ng n\u1ed9i th\u1ea5t. M\u1ed7i b\u01b0\u1edbc trong m\u1ed9t d\u1ef1 \u00e1n, ch\u00fang t\u00f4i \u0111\u1ec1u c\u00f3 nh\u1eefng th\u1ebf m\u1ea1nh ri\u00eang, kh\u00e1c bi\u1ec7t so v\u1edbi c\u00e1c c\u00f4ng ty c\u00f9ng l\u0129nh v\u1ef1c.<\/p>\n<p>Th\u01b0\u01a1ng hi\u1ec7u N\u1ed9i Th\u1ea5t Ki\u1ec1u D\u01b0\u01a1ng \u0111\u01b0\u1ee3c x\u00e2y d\u1ef1ng v\u00e0 ph\u00e1t tri\u1ec3n b\u1edfi C\u00f4ng ty TNHH X\u00e2y D\u1ef1ng v\u00e0 N\u1ed9i Th\u1ea5t \u0110\u00f4ng D\u01b0\u01a1ng. V\u1edbi m\u1ee5c \u0111\u00edch mang l\u1ea1i s\u1ef1 ti\u1ec7n nghi, kh\u00f4ng gian sang tr\u1ecdng cho to\u00e0n th\u1ec3 qu\u00fd kh\u00e1ch, ch\u00fang t\u00f4i kh\u00f4ng ng\u1eebng ph\u00e1t tri\u1ec3n tr\u00ecnh \u0111\u1ed9 chuy\u00ean m\u00f4n v\u00e0 c\u00f4ng nghi\u1ec7p s\u1ea3n xu\u1ea5t \u0111\u1ec3 n\u00e2ng cao ch\u1ea5t l\u01b0\u1ee3ng s\u1ea3n ph\u1ea9m v\u00e0 tr\u1edf th\u00e0nh m\u1ed9t trong nh\u1eefng c\u00f4ng ty \u0111i \u0111\u1ea7u v\u1ec1 thi\u1ebft k\u1ebf v\u00e0 thi c\u00f4ng N\u1ed9i Th\u1ea5t Cao C\u1ea5p \u1edf Vi\u1ec7t Nam.<\/p>\n<\/div>\n<div class=\"row row-small\"  id=\"row-349216212\">\n<div class=\"col medium-4 small-12 large-4\"  ><div class=\"col-inner\"  >\n\t<div class=\"img has-hover x md-x lg-x y md-y lg-y\" id=\"image_71114482\">\n\t\t\t\t\t\t\t\t<div class=\"img-inner image-zoom image-cover dark\" style=\"padding-top:75%;\">\n\t\t\t<img width=\"350\" height=\"292\" src=\"https:\/\/demo.bmconnect.vn\/noithat4\/wp-content\/uploads\/2018\/04\/GIFFT.gif\" class=\"attachment-original size-original\" alt=\"\" loading=\"lazy\" \/>\t\t\t\t\t\t\n\t\t\t\t\t<\/div>\n\t\t\t\t\t\t\t\t\n<style scope=\"scope\">\n\n#image_71114482 {\n  width: 100%;\n}\n<\/style>\n\t<\/div>\n\t\n<\/div><\/div>\n<div class=\"col medium-4 small-12 large-4\"  ><div class=\"col-inner\"  >\n\t<div class=\"img has-hover x md-x lg-x y md-y lg-y\" id=\"image_1165773886\">\n\t\t\t\t\t\t\t\t<div class=\"img-inner image-zoom image-cover dark\" style=\"padding-top:75%;\">\n\t\t\t<img width=\"450\" height=\"311\" src=\"https:\/\/demo.bmconnect.vn\/noithat4\/wp-content\/uploads\/2018\/04\/gamuda.jpg\" class=\"attachment-original size-original\" alt=\"\" loading=\"lazy\" srcset=\"https:\/\/demo.bmconnect.vn\/noithat4\/wp-content\/uploads\/2018\/04\/gamuda.jpg 450w, https:\/\/demo.bmconnect.vn\/noithat4\/wp-content\/uploads\/2018\/04\/gamuda-300x207.jpg 300w\" sizes=\"(max-width: 450px) 100vw, 450px\" \/>\t\t\t\t\t\t\n\t\t\t\t\t<\/div>\n\t\t\t\t\t\t\t\t\n<style scope=\"scope\">\n\n#image_1165773886 {\n  width: 100%;\n}\n<\/style>\n\t<\/div>\n\t\n<\/div><\/div>\n<div class=\"col medium-4 small-12 large-4\"  ><div class=\"col-inner\"  >\n\t<div class=\"img has-hover x md-x lg-x y md-y lg-y\" id=\"image_1492436002\">\n\t\t\t\t\t\t\t\t<div class=\"img-inner image-zoom image-cover dark\" style=\"padding-top:75%;\">\n\t\t\t<img width=\"450\" height=\"311\" src=\"https:\/\/demo.bmconnect.vn\/noithat4\/wp-content\/uploads\/2018\/04\/ecogreen.jpg\" class=\"attachment-original size-original\" alt=\"\" loading=\"lazy\" srcset=\"https:\/\/demo.bmconnect.vn\/noithat4\/wp-content\/uploads\/2018\/04\/ecogreen.jpg 450w, https:\/\/demo.bmconnect.vn\/noithat4\/wp-content\/uploads\/2018\/04\/ecogreen-300x207.jpg 300w\" sizes=\"(max-width: 450px) 100vw, 450px\" \/>\t\t\t\t\t\t\n\t\t\t\t\t<\/div>\n\t\t\t\t\t\t\t\t\n<style scope=\"scope\">\n\n#image_1492436002 {\n  width: 100%;\n}\n<\/style>\n\t<\/div>\n\t\n<\/div><\/div>\n\n<style scope=\"scope\">\n\n<\/style>\n<\/div>\n<div class=\"gap-element\" style=\"display:block; height:auto; padding-top:20px\" class=\"clearfix\"><\/div>\n<p><iframe loading=\"lazy\" style=\"border: 0;\" src=\"https:\/\/www.google.com\/maps\/embed?pb=!1m14!1m8!1m3!1d3132.528677621699!2d105.79190148919781!3d20.983600366442!3m2!1i1024!2i768!4f13.1!3m3!1m2!1s0x0%3A0x4fc1c256d7cdb4d!2zR2l1c2VBcnQgLSBUaGnhur90IGvhur8gxJHhu5MgaOG7jWEgdsOgIHdlYnNpdGUgY2h1ecOqbiBuZ2hp4buHcA!5e0!3m2!1svi!2s!4v1524038401699\" width=\"100%\" height=\"250\" frameborder=\"0\" allowfullscreen=\"allowfullscreen\"><\/iframe><\/p>\n<h3><span style=\"font-size: 100%; color: #000000;\"><strong>Th\u00f4ng tin li\u00ean h\u1ec7:<\/strong><\/span><\/h3>\n<p><span style=\"font-size: 95%;\">N\u1ed9i Th\u1ea5t Ki\u1ec1u D\u01b0\u01a1ng- Tr\u1ea3i nghi\u1ec7m kh\u00f4ng gian s\u1ed1ng \u0111\u00edch th\u1ef1c<\/span><\/p>\n<p><span style=\"font-size: 95%;\"><strong>Email:<\/strong> noithatkieuduong@gmail.com.<\/span><\/p>\n<p><span style=\"font-size: 95%;\"><strong>Hotline:<\/strong> 0987.253.888 \u2013 02466.866.621<\/span><\/p>\n<p><span style=\"font-size: 95%;\"><strong>Website:<\/strong> noithatkieuduong.com<\/span><\/p>\n<p><span style=\"font-size: 95%;\"><strong>\u0110\/c:<\/strong> P 303, T\u00f2a nh\u00e0 Machinco, S\u1ed1 10 Tr\u1ea7n Ph\u00fa, H\u00e0 \u0110\u00f4ng, HN<\/span><\/p>\n","protected":false},"excerpt":{"rendered":"<p>X\u01b0\u1edfng g\u1ed7 quy m\u00f4 l\u1edbn v\u00e0 chuy\u00ean nghi\u1ec7p: C\u00f4ng ty TNHH X\u00e2y D\u1ef1ng v\u00e0 N\u1ed9i Th\u1ea5t Ki\u1ec1u D\u01b0\u01a1ng l\u00e0 c\u00f4ng ty kh\u00f4ng ch\u1ec9 Thi\u1ebft K\u1ebf \u2013 Thi c\u00f4ng n\u1ed9i th\u1ea5t uy t\u00edn m\u00e0 c\u00f2n l\u00e0 \u0111\u01a1n v\u1ecb cung \u1ee9ng v\u1eadt t\u01b0, thi\u1ebft b\u1ecb n\u1ed9i th\u1ea5t chuy\u00ean nghi\u1ec7p. C\u00f4ng ty TNHH X\u00e2y D\u1ef1ng v\u00e0 N\u1ed9i Th\u1ea5t [&#8230;]\n","protected":false},"author":1,"featured_media":0,"parent":0,"menu_order":0,"comment_status":"closed","ping_status":"closed","template":"page-right-sidebar.php","meta":[],"_links":{"self":[{"href":"https:\/\/demo.bmconnect.vn\/noithat4\/wp-json\/wp\/v2\/pages\/643"}],"collection":[{"href":"https:\/\/demo.bmconnect.vn\/noithat4\/wp-json\/wp\/v2\/pages"}],"about":[{"href":"https:\/\/demo.bmconnect.vn\/noithat4\/wp-json\/wp\/v2\/types\/page"}],"author":[{"embeddable":true,"href":"https:\/\/demo.bmconnect.vn\/noithat4\/wp-json\/wp\/v2\/users\/1"}],"replies":[{"embeddable":true,"href":"https:\/\/demo.bmconnect.vn\/noithat4\/wp-json\/wp\/v2\/comments?post=643"}],"version-history":[{"count":0,"href":"https:\/\/demo.bmconnect.vn\/noithat4\/wp-json\/wp\/v2\/pages\/643\/revisions"}],"wp:attachment":[{"href":"https:\/\/demo.bmconnect.vn\/noithat4\/wp-json\/wp\/v2\/media?parent=643"}],"curies":[{"name":"wp","href":"https:\/\/api.w.org\/{rel}","templated":true}]}}