{"id":566,"date":"2019-02-21T12:28:22","date_gmt":"2019-02-21T05:28:22","guid":{"rendered":"http:\/\/demo.bmconnect.vn\/nhakhoa\/?page_id=566"},"modified":"2019-02-21T12:39:54","modified_gmt":"2019-02-21T05:39:54","slug":"lien-he","status":"publish","type":"page","link":"https:\/\/demo.bmconnect.vn\/nhakhoa\/lien-he\/","title":{"rendered":"Li\u00ean h\u1ec7"},"content":{"rendered":"<p><iframe loading=\"lazy\" style=\"border: 0;\" src=\"https:\/\/www.google.com\/maps\/embed?pb=!1m14!1m8!1m3!1d14900.931775031808!2d105.79967699999999!3d20.9832975!3m2!1i1024!2i768!4f13.1!3m3!1m2!1s0x0%3A0x4fc1c256d7cdb4d!2zR2l1c2VBcnQgLSBUaGnhur90IGvhur8gxJHhu5MgaOG7jWEgdsOgIHdlYnNpdGUgY2h1ecOqbiBuZ2hp4buHcA!5e0!3m2!1sen!2s!4v1550726929685\" width=\"100%\" height=\"250\" frameborder=\"0\" allowfullscreen=\"allowfullscreen\"><\/iframe><\/p>\n<div class=\"row row-small page-lien-he\"  id=\"row-1961677668\">\n\n\t<div id=\"col-1827652019\" class=\"col medium-6 small-12 large-6\"  >\n\t\t\t\t<div class=\"col-inner\"  >\n\t\t\t\n\t\t\t\n<div class=\"col-inner\">\n<h3><span style=\"color: #4f3716;\">LI\u00caN H\u1ec6 V\u1edaI CH\u00daNG T\u00d4I<\/span><\/h3>\n<p><span style=\"font-size: 100%;\"><strong>C\u00f4ng ty TNHH GiuseBee \u2013 Chi nh\u00e1nh H\u00e0 N\u1ed9i<\/strong><\/span><\/p>\n<ul>\n<li><span style=\"font-size: 90%;\"><strong>Tr\u1ee5 s\u1edf ch\u00ednh:<\/strong>\u00a0180 \u2013 182 L\u00fd Ch\u00ednh Th\u1eafng, Ph\u01b0\u1eddng 9, Qu\u1eadn 3, TP H\u1ed3 Ch\u00ed Minh\u00a0<\/span><\/li>\n<li><span style=\"font-size: 90%;\"><strong style=\"color: #555555;\">Chi nh\u00e1nh:<\/strong><span style=\"color: #555555;\">\u00a0T\u1ea7ng 4, s\u1ed1 01 ng\u00f5 120 Tr\u01b0\u1eddng Chinh, Thanh Xu\u00e2n , H\u00e0 N\u1ed9i<\/span><\/span><\/li>\n<li class=\"gap-element\"><span style=\"font-size: 90%;\"><strong style=\"color: #555555;\">Hotline:<\/strong><span style=\"color: #555555;\">\u00a0039.465.8880.<\/span><\/span><\/li>\n<li><span style=\"font-size: 90%;\"><strong>Email:<\/strong> info.giuseart.com@gmail.com<\/span><\/li>\n<li><span style=\"font-size: 90%;\"><strong>Website:<\/strong> www.ninhbinhweb.com<\/span><\/li>\n<\/ul>\n<div class=\"social-icons follow-icons \">\u00a0<\/div>\n<\/div>\n\t\t<\/div>\n\t\t\t\t\t<\/div>\n\n\t\n\n\t<div id=\"col-600952540\" class=\"col medium-6 small-12 large-6\"  >\n\t\t\t\t<div class=\"col-inner\"  >\n\t\t\t\n\t\t\t\n<div role=\"form\" class=\"wpcf7\" id=\"wpcf7-f347-o1\" lang=\"vi\" dir=\"ltr\">\n<div class=\"screen-reader-response\"><p role=\"status\" aria-live=\"polite\" aria-atomic=\"true\"><\/p> <ul><\/ul><\/div>\n<form action=\"\/nhakhoa\/wp-json\/wp\/v2\/pages\/566#wpcf7-f347-o1\" method=\"post\" class=\"wpcf7-form init\" novalidate=\"novalidate\" data-status=\"init\">\n<div style=\"display: none;\">\n<input type=\"hidden\" name=\"_wpcf7\" value=\"347\" \/>\n<input type=\"hidden\" name=\"_wpcf7_version\" value=\"5.6.1\" \/>\n<input type=\"hidden\" name=\"_wpcf7_locale\" value=\"vi\" \/>\n<input type=\"hidden\" name=\"_wpcf7_unit_tag\" value=\"wpcf7-f347-o1\" \/>\n<input type=\"hidden\" name=\"_wpcf7_container_post\" value=\"0\" \/>\n<input type=\"hidden\" name=\"_wpcf7_posted_data_hash\" value=\"\" \/>\n<\/div>\n<div class=\"form-lien-he\">\n<ul class=\"uu-dai\">\n<li>Gi\u1ea3m \u0111\u1ebfn 45% gi\u00e1 tr\u1ecb g\u00f3i kh\u00e1m<\/li>\n<li>Nh\u1eadn ngay voucher 50% cho l\u1ea7n t\u00e1i kh\u00e1m<\/li>\n<\/ul>\n<div class=\"form-chinh\">\n<span class=\"wpcf7-form-control-wrap\" data-name=\"text-530\"><input type=\"text\" name=\"text-530\" value=\"\" size=\"40\" class=\"wpcf7-form-control wpcf7-text wpcf7-validates-as-required\" aria-required=\"true\" aria-invalid=\"false\" placeholder=\"H\u1ecd v\u00e0 t\u00ean...\" \/><\/span><br \/>\n<span class=\"wpcf7-form-control-wrap\" data-name=\"email-862\"><input type=\"email\" name=\"email-862\" value=\"\" size=\"40\" class=\"wpcf7-form-control wpcf7-text wpcf7-email wpcf7-validates-as-email\" aria-invalid=\"false\" placeholder=\"\u0110\u1ecba ch\u1ec9 email...\" \/><\/span><br \/>\n<span class=\"wpcf7-form-control-wrap\" data-name=\"tel-482\"><input type=\"tel\" name=\"tel-482\" value=\"\" size=\"40\" class=\"wpcf7-form-control wpcf7-text wpcf7-tel wpcf7-validates-as-required wpcf7-validates-as-tel\" aria-required=\"true\" aria-invalid=\"false\" placeholder=\"S\u1ed1 \u0111i\u1ec7n tho\u1ea1i..\" \/><\/span>\n<\/div>\n<div class=\"tuy-chon\">\n<div class=\"left\">\n<span class=\"wpcf7-form-control-wrap\" data-name=\"radio-103\"><span class=\"wpcf7-form-control wpcf7-radio\"><span class=\"wpcf7-list-item first last\"><label><input type=\"radio\" name=\"radio-103\" value=\"H\u00e0 N\u1ed9i\" checked=\"checked\" \/><span class=\"wpcf7-list-item-label\">H\u00e0 N\u1ed9i<\/span><\/label><\/span><\/span><\/span>\n<\/div>\n<div class=\"right\">\n<span class=\"wpcf7-form-control-wrap\" data-name=\"radio-103\"><span class=\"wpcf7-form-control wpcf7-radio\"><span class=\"wpcf7-list-item first last\"><label><input type=\"radio\" name=\"radio-103\" value=\"Tp. H\u1ed3 Ch\u00ed Minh\" checked=\"checked\" \/><span class=\"wpcf7-list-item-label\">Tp. H\u1ed3 Ch\u00ed Minh<\/span><\/label><\/span><\/span><\/span>\n<\/div>\n<div class=\"clearboth\"><\/div>\n<\/div>\n<p><input type=\"submit\" value=\"\u0110\u0103ng k\u00fd nh\u1eadn t\u01b0 v\u1ea5n\" class=\"wpcf7-form-control has-spinner wpcf7-submit\" \/>\n<\/p><\/div>\n<div class=\"wpcf7-response-output\" aria-hidden=\"true\"><\/div><\/form><\/div>\n\t\t<\/div>\n\t\t\t\t\t<\/div>\n\n\t\n<\/div>\n","protected":false},"excerpt":{"rendered":"","protected":false},"author":1,"featured_media":0,"parent":0,"menu_order":0,"comment_status":"closed","ping_status":"closed","template":"page-right-sidebar.php","meta":[],"_links":{"self":[{"href":"https:\/\/demo.bmconnect.vn\/nhakhoa\/wp-json\/wp\/v2\/pages\/566"}],"collection":[{"href":"https:\/\/demo.bmconnect.vn\/nhakhoa\/wp-json\/wp\/v2\/pages"}],"about":[{"href":"https:\/\/demo.bmconnect.vn\/nhakhoa\/wp-json\/wp\/v2\/types\/page"}],"author":[{"embeddable":true,"href":"https:\/\/demo.bmconnect.vn\/nhakhoa\/wp-json\/wp\/v2\/users\/1"}],"replies":[{"embeddable":true,"href":"https:\/\/demo.bmconnect.vn\/nhakhoa\/wp-json\/wp\/v2\/comments?post=566"}],"version-history":[{"count":7,"href":"https:\/\/demo.bmconnect.vn\/nhakhoa\/wp-json\/wp\/v2\/pages\/566\/revisions"}],"predecessor-version":[{"id":592,"href":"https:\/\/demo.bmconnect.vn\/nhakhoa\/wp-json\/wp\/v2\/pages\/566\/revisions\/592"}],"wp:attachment":[{"href":"https:\/\/demo.bmconnect.vn\/nhakhoa\/wp-json\/wp\/v2\/media?parent=566"}],"curies":[{"name":"wp","href":"https:\/\/api.w.org\/{rel}","templated":true}]}}