{"id":717,"date":"2017-07-12T09:24:38","date_gmt":"2017-07-12T02:24:38","guid":{"rendered":"https:\/\/demo.bmconnect.vn\/mypham2\/?post_type=product&#038;p=717"},"modified":"2017-07-13T23:35:20","modified_gmt":"2017-07-13T16:35:20","slug":"bo-duong-da-ca-chua-foodaholic-tomato","status":"publish","type":"product","link":"https:\/\/demo.bmconnect.vn\/mypham2\/san-pham\/bo-duong-da-ca-chua-foodaholic-tomato\/","title":{"rendered":"B\u1ed9 d\u01b0\u1ee1ng da c\u00e0 chua Foodaholic Tomato"},"content":{"rendered":"<div id=\"ProductDescription\" class=\"Block Moveable Panel ProductDescription\">\n<div class=\"ProductDescriptionContainer\">\n<p><strong>B\u1ed9 s\u1ea3n ph\u1ea9m g\u1ed3m c\u00f3:<\/strong><\/p>\n<ul>\n<li class=\"bullet-star\"><span class=\"text_exposed_show\">01 chai s\u1eefa d\u01b0\u1ee1ng l\u00e0m tr\u1eafng Tomato Fresh Emulsion<\/span><\/li>\n<li class=\"bullet-star\"><span class=\"text_exposed_show\">01 Chai N\u01b0\u1edbc hoa h\u1ed3ng Tomato Fresh Skin<\/span><\/li>\n<li class=\"bullet-star\"><span class=\"text_exposed_show\">01 L\u1ecd kem d\u01b0\u1ee1ng Tomato Fresh Cream<\/span><\/li>\n<li class=\"bullet-star\"><span class=\"text_exposed_show\">02 chai nh\u1ecf n\u01b0\u1edbc hoa h\u1ed3ng + s\u1eefa d\u01b0\u1ee1ng (d\u00e0nh cho khi \u0111i du l\u1ecbch, d\u00e3 ngo\u1ea1i)<\/span><\/li>\n<\/ul>\n<p><span class=\"text_exposed_show\"><strong>S\u1eefa D\u01b0\u1ee1ng Tomato Fresh Emulsion<\/strong>:<\/span><\/p>\n<div id=\"ProductDescription\" class=\"Block Moveable Panel ProductDescription\">\n<div class=\"ProductDescriptionContainer\">\n<p><span class=\"text_exposed_show\">\u0110\u00e2y l\u00e0 s\u1ea3n ph\u1ea9m s\u1eefa d\u01b0\u1ee1ng da chi\u1ebft xu\u1ea5t t\u1eeb Arbutin v\u00e0 c\u00e0 chua gi\u00e0u lycopene, vitamin v\u00e0 kho\u00e1ng ch\u1ea5t, th\u1ea5m s\u00e2u c\u1ea3i thi\u1ec7n l\u00e0n da x\u1ec9n m\u00e0u, h\u1ea1n ch\u1ebf t\u1ed1i \u0111a s\u1ef1 h\u00ecnh th\u00e0nh c\u00e1c melamin h\u1eafc t\u1ed1 c\u1ee7a da. S\u1eed d\u1ee5ng Tomato Fresh Emulsion gi\u00fap mang l\u1ea1i s\u1ee9c s\u1ed1ng cho da, l\u00e0m da b\u1ea1n s\u00e1ng c\u0103ng m\u1ecbn, m\u1ec1m m\u01b0\u1ee3t!<\/span><\/p>\n<\/div>\n<\/div>\n<\/div>\n<\/div>\n","protected":false},"excerpt":{"rendered":"<p>C\u00e1c s\u1ea3n ph\u1ea9m d\u01b0\u1ee1ng da t\u1eeb Ph\u00e1p lu\u00f4n \u0111\u01b0\u1ee3c c\u00e1c n\u00e0ng tin t\u01b0\u1edfng, ngay c\u1ea3 nh\u1eefng b\u1ea1n kh\u00f3 t\u00ednh nh\u1ea5t b\u1edfi ch\u1ea5t l\u01b0\u1ee3ng v\u00e0 \u0111\u1ed9 an to\u00e0n, do \u0111\u01b0\u1ee3c ki\u1ec3m \u0111\u1ecbnh v\u00f4 c\u00f9ng g\u1eaft gao. Toner Melvita \u2013 s\u1ea3n ph\u1ea9m tr\u1ee9 danh c\u1ee7a Melvita, h\u00e3ng d\u01b0\u1ee3c ph\u1ea9m organic \u0111\u01b0\u1ee3c th\u00e0nh l\u1eadp t\u1eeb n\u0103m 1983 s\u1ebd khi\u1ebfn b\u1ea1n h\u00e0i l\u00f2ng.<\/p>\n","protected":false},"featured_media":718,"comment_status":"closed","ping_status":"closed","template":"","meta":[],"product_cat":[29,18],"product_tag":[],"_links":{"self":[{"href":"https:\/\/demo.bmconnect.vn\/mypham2\/wp-json\/wp\/v2\/product\/717"}],"collection":[{"href":"https:\/\/demo.bmconnect.vn\/mypham2\/wp-json\/wp\/v2\/product"}],"about":[{"href":"https:\/\/demo.bmconnect.vn\/mypham2\/wp-json\/wp\/v2\/types\/product"}],"replies":[{"embeddable":true,"href":"https:\/\/demo.bmconnect.vn\/mypham2\/wp-json\/wp\/v2\/comments?post=717"}],"wp:featuredmedia":[{"embeddable":true,"href":"https:\/\/demo.bmconnect.vn\/mypham2\/wp-json\/wp\/v2\/media\/718"}],"wp:attachment":[{"href":"https:\/\/demo.bmconnect.vn\/mypham2\/wp-json\/wp\/v2\/media?parent=717"}],"wp:term":[{"taxonomy":"product_cat","embeddable":true,"href":"https:\/\/demo.bmconnect.vn\/mypham2\/wp-json\/wp\/v2\/product_cat?post=717"},{"taxonomy":"product_tag","embeddable":true,"href":"https:\/\/demo.bmconnect.vn\/mypham2\/wp-json\/wp\/v2\/product_tag?post=717"}],"curies":[{"name":"wp","href":"https:\/\/api.w.org\/{rel}","templated":true}]}}