{"id":64,"date":"2017-07-10T16:05:26","date_gmt":"2017-07-10T09:05:26","guid":{"rendered":"https:\/\/demo.bmconnect.vn\/mypham2\/?page_id=64"},"modified":"2018-03-01T17:45:29","modified_gmt":"2018-03-01T10:45:29","slug":"lien-he","status":"publish","type":"page","link":"https:\/\/demo.bmconnect.vn\/mypham2\/lien-he\/","title":{"rendered":"Li\u00ean h\u1ec7"},"content":{"rendered":"\t<div class=\"img has-hover x md-x lg-x y md-y lg-y\" id=\"image_1259907387\">\n\t\t\t\t\t\t\t\t<div class=\"img-inner dark\" >\n\t\t\t<img width=\"1020\" height=\"282\" src=\"https:\/\/demo.bmconnect.vn\/mypham2\/wp-content\/uploads\/2017\/07\/12334-1-1024x283.jpg\" class=\"attachment-large size-large\" alt=\"\" loading=\"lazy\" srcset=\"https:\/\/demo.bmconnect.vn\/mypham2\/wp-content\/uploads\/2017\/07\/12334-1-1024x283.jpg 1024w, https:\/\/demo.bmconnect.vn\/mypham2\/wp-content\/uploads\/2017\/07\/12334-1-600x166.jpg 600w, https:\/\/demo.bmconnect.vn\/mypham2\/wp-content\/uploads\/2017\/07\/12334-1-300x83.jpg 300w, https:\/\/demo.bmconnect.vn\/mypham2\/wp-content\/uploads\/2017\/07\/12334-1-768x212.jpg 768w, https:\/\/demo.bmconnect.vn\/mypham2\/wp-content\/uploads\/2017\/07\/12334-1.jpg 1920w\" sizes=\"(max-width: 1020px) 100vw, 1020px\" \/>\t\t\t\t\t\t\n\t\t\t\t\t<\/div>\n\t\t\t\t\t\t\t\t\n<style scope=\"scope\">\n\n#image_1259907387 {\n  width: 100%;\n}\n<\/style>\n\t<\/div>\n\t\n<h3 style=\"text-align: center;\">SHOP M\u1ef8 PH\u1ea8M NESSY<\/h3>\n<p><img loading=\"lazy\" class=\"aligncenter wp-image-793\" src=\"https:\/\/demo.bmconnect.vn\/mypham2\/wp-content\/uploads\/2017\/07\/SHARP.png\" alt=\"\" width=\"150\" height=\"38\" \/><\/p>\n<div class=\"row row-small\"  id=\"row-1144984165\">\n<div class=\"col medium-6 small-12 large-6\"  ><div class=\"col-inner\"  >\n<p><span style=\"font-size: 90%;\">Shop m\u1ef9 ph\u1ea9m Nessy ho\u1ea1t \u0111\u1ed9ng v\u1edbi ti\u00eau ch\u00ed mang \u0111\u1ebfn l\u1ee3i \u00edch t\u1ed1i \u0111a cho kh\u00e1ch h\u00e0ng, l\u1ea5y ch\u1eef t\u00edn l\u00e0m ti\u1ec1n \u0111\u1ec3 ph\u00e1t tri\u1ec3n.<\/span><\/p>\n<h3><span style=\"font-size: 90%;\">M\u1ef8 PH\u1ea8M CH\u1ea4T L\u01af\u1ee2NG T\u1ed0T<\/span><\/h3>\n<p><span style=\"font-size: 90%;\">Ch\u00fang t\u00f4i cam k\u1ebft 100% m\u1ef9 ph\u1ea9m b\u00e1n tr\u00ean website \u0111\u1ec1u c\u00f3 ngu\u1ed3n g\u1ed1c, xu\u1ea5t x\u1ee9 r\u00f5 r\u00e0ng, \u0111\u1ea3m b\u1ea3o ti\u00eau chu\u1ea9n ch\u1ea5t l\u01b0\u1ee3ng, v\u00e0 \u0111\u1ea3m b\u1ea3o s\u1ee9c kh\u1ecfe ng\u01b0\u1eddi ti\u00eau d\u00f9ng. N\u00f3i kh\u00f4ng v\u1edbi h\u00e0ng gi\u1ea3, h\u00e0ng nh\u00e1i, h\u00e0ng k\u00e9m ch\u1ea5t l\u01b0\u1ee3ng.<\/span><\/p>\n<\/div><\/div>\n<div class=\"col medium-3 small-12 large-3\"  ><div class=\"col-inner\"  >\n<h3><span style=\"font-size: 90%;\">\u0110\u1ecaA CH\u1ec8<\/span><\/h3>\n<p><span style=\"font-size: 90%;\">S\u1ed1 29 ng\u00f5 18 L\u01b0\u01a1ng Ng\u1ecdc Quy\u1ebfn, H\u00e0 \u0110\u00f4ng, H\u00e0 N\u1ed9i<\/span><\/p>\n<h3><span style=\"font-size: 90%;\">S\u1ed0 \u0110I\u1ec6N THO\u1ea0I<\/span><\/h3>\n<p><span style=\"font-size: 90%;\">0909009009\/ 0963.004.004<\/span><\/p>\n<\/div><\/div>\n<div class=\"col medium-3 small-12 large-3\"  ><div class=\"col-inner\"  >\n<h3><span style=\"font-size: 90%;\">TH\u1edcI GIAN L\u00c0M VI\u1ec6C<\/span><\/h3>\n<p><span style=\"font-size: 90%;\">Th\u1ee9 Hai \u0111\u1ebfn Th\u1ee9 B\u1ea3y: 8:00 \u2013 19:00<\/span><br \/> <span style=\"font-size: 90%;\"> Ch\u1ee7 Nh\u1eadt: 8:00 \u2013 12:00<\/span><\/p>\n<h3><span style=\"font-size: 90%;\">K\u1ebeT N\u1ed0I<\/span><\/h3>\n<p><span style=\"font-size: 90%;\">Email: webdesign@gmail.com<\/span><\/p>\n<div class=\"social-icons follow-icons full-width text-left\" style=\"font-size:77%\"><a href=\"#\" target=\"_blank\" data-label=\"Facebook\"  rel=\"noopener noreferrer nofollow\" class=\"icon primary button circle facebook tooltip\" title=\"Follow on Facebook\"><i class=\"icon-facebook\" ><\/i><\/a><a href=\"#\" target=\"_blank\" rel=\"noopener noreferrer nofollow\" data-label=\"Instagram\" class=\"icon primary button circle  instagram tooltip\" title=\"Follow on Instagram\"><i class=\"icon-instagram\" ><\/i><\/a><a href=\"#\" target=\"_blank\" rel=\"noopener noreferrer nofollow\"  data-label=\"Pinterest\"  class=\"icon primary button circle  pinterest tooltip\" title=\"Follow on Pinterest\"><i class=\"icon-pinterest\" ><\/i><\/a><a href=\"#\" target=\"_blank\" rel=\"noopener noreferrer nofollow\"  data-label=\"Google+\"  class=\"icon primary button circle  google-plus tooltip\" title=\"Follow on Google+\"><i class=\"icon-google-plus\" ><\/i><\/a><a href=\"#\" target=\"_blank\" rel=\"noopener noreferrer nofollow\" data-label=\"YouTube\" class=\"icon primary button circle  youtube tooltip\" title=\"Follow on YouTube\"><i class=\"icon-youtube\" ><\/i><\/a><\/div>\n<\/div><\/div>\n\n<style scope=\"scope\">\n\n<\/style>\n<\/div>\n<p><center><iframe loading=\"lazy\" style=\"border: 0;\" src=\"https:\/\/www.google.com\/maps\/embed?pb=!1m18!1m12!1m3!1d3725.2163494538936!2d105.79361886518849!3d20.98396296125268!2m3!1f0!2f0!3f0!3m2!1i1024!2i768!4f13.1!3m3!1m2!1s0x3135acc60480d721%3A0xa111a48af3461d57!2zVGUgU2hvcCBN4bu5IFBo4bqpbSBYw6FjaCBUYXk!5e0!3m2!1svi!2s!4v1499833539975\" width=\"98%\" height=\"400\" frameborder=\"0\" allowfullscreen=\"allowfullscreen\"><\/iframe><\/center><\/p>\n<h3 style=\"text-align: center;\">LI\u00caN H\u1ec6<\/h3>\n<p><img loading=\"lazy\" class=\"aligncenter wp-image-793\" src=\"https:\/\/demo.bmconnect.vn\/mypham2\/wp-content\/uploads\/2017\/07\/SHARP.png\" alt=\"\" width=\"100\" height=\"26\" \/><\/p>\n<div class=\"row row-small\"  id=\"row-145577301\">\n<div class=\"col medium-2 small-12 large-2\"  ><div class=\"col-inner\"  >\n<\/div><\/div>\n<div class=\"col medium-8 small-12 large-8\"  ><div class=\"col-inner\"  >\n<div role=\"form\" class=\"wpcf7\" id=\"wpcf7-f844-o1\" lang=\"vi\" dir=\"ltr\">\n<div class=\"screen-reader-response\"><p role=\"status\" aria-live=\"polite\" aria-atomic=\"true\"><\/p> <ul><\/ul><\/div>\n<form action=\"\/mypham2\/wp-json\/wp\/v2\/pages\/64#wpcf7-f844-o1\" method=\"post\" class=\"wpcf7-form init\" novalidate=\"novalidate\" data-status=\"init\">\n<div style=\"display: none;\">\n<input type=\"hidden\" name=\"_wpcf7\" value=\"844\" \/>\n<input type=\"hidden\" name=\"_wpcf7_version\" value=\"5.4.2\" \/>\n<input type=\"hidden\" name=\"_wpcf7_locale\" value=\"vi\" \/>\n<input type=\"hidden\" name=\"_wpcf7_unit_tag\" value=\"wpcf7-f844-o1\" \/>\n<input type=\"hidden\" name=\"_wpcf7_container_post\" value=\"0\" \/>\n<input type=\"hidden\" name=\"_wpcf7_posted_data_hash\" value=\"\" \/>\n<\/div>\n<p><label><br \/>\n    <span class=\"wpcf7-form-control-wrap your-name\"><input type=\"text\" name=\"your-name\" value=\"\" size=\"40\" class=\"wpcf7-form-control wpcf7-text wpcf7-validates-as-required\" aria-required=\"true\" aria-invalid=\"false\" placeholder=\"T\u00ean c\u1ee7a b\u1ea1n\" \/><\/span> <\/label><\/p>\n<p><label><br \/>\n    <span class=\"wpcf7-form-control-wrap your-email\"><input type=\"email\" name=\"your-email\" value=\"\" size=\"40\" class=\"wpcf7-form-control wpcf7-text wpcf7-email wpcf7-validates-as-required wpcf7-validates-as-email\" aria-required=\"true\" aria-invalid=\"false\" placeholder=\"Email c\u1ee7a b\u1ea1n\" \/><\/span> <\/label><\/p>\n<p><label><br \/>\n    <span class=\"wpcf7-form-control-wrap your-subject\"><input type=\"text\" name=\"your-subject\" value=\"\" size=\"40\" class=\"wpcf7-form-control wpcf7-text\" aria-invalid=\"false\" placeholder=\"Ti\u00eau \u0111\u1ec1\" \/><\/span> <\/label><\/p>\n<p><label><\/p>\n<p>    <span class=\"wpcf7-form-control-wrap your-message\"><textarea name=\"your-message\" cols=\"40\" rows=\"10\" class=\"wpcf7-form-control wpcf7-textarea\" aria-invalid=\"false\" placeholder=\"N\u1ed9i dung\"><\/textarea><\/span> <\/label><\/p>\n<p><input type=\"submit\" value=\"G\u1eedi\" class=\"wpcf7-form-control wpcf7-submit\" \/><\/p>\n<div class=\"wpcf7-response-output\" aria-hidden=\"true\"><\/div><\/form><\/div>\n<\/div><\/div>\n<div class=\"col medium-2 small-12 large-2\"  ><div class=\"col-inner\"  >\n<\/div><\/div>\n\n<style scope=\"scope\">\n\n<\/style>\n<\/div>\n","protected":false},"excerpt":{"rendered":"<p>SHOP M\u1ef8 PH\u1ea8M NESSY LI\u00caN H\u1ec6<\/p>\n","protected":false},"author":1,"featured_media":0,"parent":0,"menu_order":0,"comment_status":"closed","ping_status":"closed","template":"page-blank.php","meta":[],"_links":{"self":[{"href":"https:\/\/demo.bmconnect.vn\/mypham2\/wp-json\/wp\/v2\/pages\/64"}],"collection":[{"href":"https:\/\/demo.bmconnect.vn\/mypham2\/wp-json\/wp\/v2\/pages"}],"about":[{"href":"https:\/\/demo.bmconnect.vn\/mypham2\/wp-json\/wp\/v2\/types\/page"}],"author":[{"embeddable":true,"href":"https:\/\/demo.bmconnect.vn\/mypham2\/wp-json\/wp\/v2\/users\/1"}],"replies":[{"embeddable":true,"href":"https:\/\/demo.bmconnect.vn\/mypham2\/wp-json\/wp\/v2\/comments?post=64"}],"version-history":[{"count":19,"href":"https:\/\/demo.bmconnect.vn\/mypham2\/wp-json\/wp\/v2\/pages\/64\/revisions"}],"predecessor-version":[{"id":1304,"href":"https:\/\/demo.bmconnect.vn\/mypham2\/wp-json\/wp\/v2\/pages\/64\/revisions\/1304"}],"wp:attachment":[{"href":"https:\/\/demo.bmconnect.vn\/mypham2\/wp-json\/wp\/v2\/media?parent=64"}],"curies":[{"name":"wp","href":"https:\/\/api.w.org\/{rel}","templated":true}]}}