{"id":58,"date":"2017-07-10T16:05:00","date_gmt":"2017-07-10T09:05:00","guid":{"rendered":"https:\/\/demo.bmconnect.vn\/mypham2\/?page_id=58"},"modified":"2017-07-12T11:03:45","modified_gmt":"2017-07-12T04:03:45","slug":"ban-buon-my-pham","status":"publish","type":"page","link":"https:\/\/demo.bmconnect.vn\/mypham2\/ban-buon-my-pham\/","title":{"rendered":"B\u00e1n bu\u00f4n m\u1ef9 ph\u1ea9m"},"content":{"rendered":"\t<div class=\"img has-hover x md-x lg-x y md-y lg-y\" id=\"image_1273763578\">\n\t\t\t\t\t\t\t\t<div class=\"img-inner dark\" >\n\t\t\t<img width=\"1020\" height=\"282\" src=\"https:\/\/demo.bmconnect.vn\/mypham2\/wp-content\/uploads\/2017\/07\/12334-1-1024x283.jpg\" class=\"attachment-large size-large\" alt=\"\" loading=\"lazy\" srcset=\"https:\/\/demo.bmconnect.vn\/mypham2\/wp-content\/uploads\/2017\/07\/12334-1-1024x283.jpg 1024w, https:\/\/demo.bmconnect.vn\/mypham2\/wp-content\/uploads\/2017\/07\/12334-1-600x166.jpg 600w, https:\/\/demo.bmconnect.vn\/mypham2\/wp-content\/uploads\/2017\/07\/12334-1-300x83.jpg 300w, https:\/\/demo.bmconnect.vn\/mypham2\/wp-content\/uploads\/2017\/07\/12334-1-768x212.jpg 768w, https:\/\/demo.bmconnect.vn\/mypham2\/wp-content\/uploads\/2017\/07\/12334-1.jpg 1920w\" sizes=\"(max-width: 1020px) 100vw, 1020px\" \/>\t\t\t\t\t\t\n\t\t\t\t\t<\/div>\n\t\t\t\t\t\t\t\t\n<style scope=\"scope\">\n\n#image_1273763578 {\n  width: 100%;\n}\n<\/style>\n\t<\/div>\n\t\n<div class=\"row row-small\"  id=\"row-1206399596\">\n<div class=\"col medium-4 small-12 large-4\"  ><div class=\"col-inner\"  >\n\t<div class=\"img has-hover x md-x lg-x y md-y lg-y\" id=\"image_1092125450\">\n\t\t\t\t\t\t\t\t<div class=\"img-inner dark\" >\n\t\t\t<img width=\"640\" height=\"575\" src=\"https:\/\/demo.bmconnect.vn\/mypham2\/wp-content\/uploads\/2017\/07\/The-Face-Shop-The-THERAPY-First-Serum-Review-2-1.jpg\" class=\"attachment-large size-large\" alt=\"\" loading=\"lazy\" srcset=\"https:\/\/demo.bmconnect.vn\/mypham2\/wp-content\/uploads\/2017\/07\/The-Face-Shop-The-THERAPY-First-Serum-Review-2-1.jpg 640w, https:\/\/demo.bmconnect.vn\/mypham2\/wp-content\/uploads\/2017\/07\/The-Face-Shop-The-THERAPY-First-Serum-Review-2-1-600x539.jpg 600w, https:\/\/demo.bmconnect.vn\/mypham2\/wp-content\/uploads\/2017\/07\/The-Face-Shop-The-THERAPY-First-Serum-Review-2-1-300x270.jpg 300w\" sizes=\"(max-width: 640px) 100vw, 640px\" \/>\t\t\t\t\t\t\n\t\t\t\t\t<\/div>\n\t\t\t\t\t\t\t\t\n<style scope=\"scope\">\n\n#image_1092125450 {\n  width: 100%;\n}\n<\/style>\n\t<\/div>\n\t\n<\/div><\/div>\n<div class=\"col medium-8 small-12 large-8\"  ><div class=\"col-inner\"  >\n<p><span style=\"font-size: 90%;\">Kh\u00e1ch h\u00e0ng\u00a0<strong>l\u1ea5y bu\u00f4n<\/strong>,\u00a0<strong>l\u1ea5y s\u1ec9 t\u1ea1i M\u1ef9 Ph\u1ea9m Nessy<\/strong>, c\u00e1c b\u1ea1n \u0111\u01b0\u1ee3c \u0111\u1ea3m b\u1ea3o c\u00e1c quy\u1ec1n l\u1ee3i:<\/span><\/p>\n<div class=\"blog-content clearfix\">\n<ul>\n<li class=\"bullet-checkmark\"><span style=\"font-size: 90%;\">\u0110\u01b0\u1ee3c t\u01b0 v\u1ea5n h\u1ed7 tr\u1ee3 mi\u1ec5n ph\u00ed c\u00e1ch th\u1ee9c kinh doanh cho c\u00e1c b\u1ea1n m\u1edbi b\u1eaft \u0111\u1ea7u KH\u1edeI NGHI\u1ec6P KINH DOANH M\u1ef8 PH\u1ea8M<\/span><\/li>\n<li class=\"bullet-checkmark\"><span style=\"font-size: 90%;\">S\u1ea3n ph\u1ea9m ch\u00ednh h\u00e3ng, c\u00f3 Bill mua h\u00e0ng c\u1ee7a h\u00e3ng k\u00e8m theo<\/span><\/li>\n<li class=\"bullet-checkmark\"><span style=\"font-size: 90%;\">Nh\u00e2n vi\u00ean h\u1ed7 tr\u1ee3 nhi\u1ec7t t\u00ecnh, chu \u0111\u00e1o s\u1ebd gi\u00fap c\u00e1c b\u1ea1n l\u1ef1a ch\u1ecdn \u0111\u01b0\u1ee3c nh\u1eefng s\u1ea3n ph\u1ea9m d\u1ec5 b\u00e1n, kh\u00f4ng lo t\u1ed3n v\u1ed1n, \u0111\u1ecdng v\u1ed1n<\/span><\/li>\n<li class=\"bullet-checkmark\"><span style=\"font-size: 90%;\">C\u00e1c s\u1ea3n ph\u1ea9m m\u1edbi 100%, Kh\u00f4ng lo h\u00e0ng c\u1eadn DATE, h\u1ebft DATE<\/span><\/li>\n<li class=\"bullet-checkmark\"><span style=\"font-size: 90%;\">TUY\u1ec6T \u0110\u1ed0I KH\u00d4NG tr\u00e0 tr\u1ed9n c\u00e1c s\u1ea3n ph\u1ea9m FAKE, NH\u00c1I, K\u00c9M CH\u1ea4T L\u01af\u1ee2NG \u0111\u1ec3 h\u1ea1 gi\u00e1 th\u00e0nh s\u1ea3n ph\u1ea9m<\/span><\/li>\n<li class=\"bullet-checkmark\"><span style=\"font-size: 90%;\">\u0110\u1ed5i tr\u1ea3 mi\u1ec5n ph\u00ed do l\u1ed7i c\u1ee7a nh\u00e0 s\u1ea3n xu\u1ea5t<\/span><\/li>\n<\/ul>\n<\/div>\n<a rel=\"noopener noreferrer\" href=\"#\" target=\"_blank\" class=\"button primary\"  >\n  <i class=\"icon-phone\" ><\/i>  <span>Li\u00ean h\u1ec7 l\u00e0m \u0111\u1ea1i l\u00fd<\/span>\n  <\/a>\n\n<\/div><\/div>\n\n<style scope=\"scope\">\n\n<\/style>\n<\/div>\n","protected":false},"excerpt":{"rendered":"","protected":false},"author":1,"featured_media":0,"parent":0,"menu_order":0,"comment_status":"closed","ping_status":"closed","template":"page-blank.php","meta":[],"_links":{"self":[{"href":"https:\/\/demo.bmconnect.vn\/mypham2\/wp-json\/wp\/v2\/pages\/58"}],"collection":[{"href":"https:\/\/demo.bmconnect.vn\/mypham2\/wp-json\/wp\/v2\/pages"}],"about":[{"href":"https:\/\/demo.bmconnect.vn\/mypham2\/wp-json\/wp\/v2\/types\/page"}],"author":[{"embeddable":true,"href":"https:\/\/demo.bmconnect.vn\/mypham2\/wp-json\/wp\/v2\/users\/1"}],"replies":[{"embeddable":true,"href":"https:\/\/demo.bmconnect.vn\/mypham2\/wp-json\/wp\/v2\/comments?post=58"}],"version-history":[{"count":10,"href":"https:\/\/demo.bmconnect.vn\/mypham2\/wp-json\/wp\/v2\/pages\/58\/revisions"}],"predecessor-version":[{"id":809,"href":"https:\/\/demo.bmconnect.vn\/mypham2\/wp-json\/wp\/v2\/pages\/58\/revisions\/809"}],"wp:attachment":[{"href":"https:\/\/demo.bmconnect.vn\/mypham2\/wp-json\/wp\/v2\/media?parent=58"}],"curies":[{"name":"wp","href":"https:\/\/api.w.org\/{rel}","templated":true}]}}