{"id":645,"date":"2017-10-14T13:52:43","date_gmt":"2017-10-14T06:52:43","guid":{"rendered":"https:\/\/demo.bmconnect.vn\/motocare\/?post_type=product&#038;p=645"},"modified":"2017-10-14T13:52:43","modified_gmt":"2017-10-14T06:52:43","slug":"cerma-power-steering-1oz","status":"publish","type":"product","link":"https:\/\/demo.bmconnect.vn\/motocare\/product\/cerma-power-steering-1oz\/","title":{"rendered":"CERMA POWER STEERING 1oz"},"content":{"rendered":"<h3>CH\u1ea4T X\u1eec L\u00dd TR\u1ee2 L\u1ef0C L\u00c1I \u2013\u00a0CERMA POWER STERRING<\/h3>\n<p>C\u00e1c ph\u00e2n t\u1eed <strong>Ceramic Nano<\/strong> s\u1ebd dung d\u1ea7u <em>tr\u1ee3 l\u1ef1c l\u00e1i<\/em> l\u00e0m ch\u1ea5t d\u1eabn \u0111\u1ec3 \u0111i v\u00e0o, lu\u1ed3n l\u00e1ch v\u00e0o h\u1ec7 th\u1ed1ng tr\u1ee3 l\u1ef1c l\u00e1i \u0111\u1ec3 kh\u00f4i ph\u1ee5c hao m\u00f2n, sau \u0111\u00f3 ph\u1ee7 1 l\u1edbp kim c\u01b0\u01a1ng nh\u00e2n t\u1ea1o \u0111\u1ec3 b\u1ea3o v\u00ea v\u0129nh vi\u1ec5n v\u00e0 l\u00e0m s\u1ea1ch li\u00ean t\u1ee5c<\/p>\n<p>Nh\u1edd l\u1edbp kim c\u01b0\u01a1ng nh\u00e2n t\u1ea1o m\u00e0 c\u00e1c v\u1ea5n \u0111\u1ec1 c\u1ee7a h\u1ec7 th\u1ed1ng \u0111\u01b0\u1ee3c gi\u1ea3i quy\u1ebft<\/p>\n<p><strong>\u1ee8NG D\u1ee4NG: <\/strong>D\u00f9ng trong h\u1ec7 th\u1ed1ng l\u00e1i c\u1ee7a \u00f4 t\u00f4, xe t\u1ea3i, trailer hay c\u00e1c ph\u01b0\u01a1ng ti\u1ec7n th\u01b0\u01a1ng m\u1ea1i.<\/p>\n<p><strong>L\u1ed6I TH\u01af\u1edcNG G\u1eb6P:<\/strong><\/p>\n<p>\u2013\u00a0Tay l\u00e1i n\u1eb7ng<\/p>\n<p>\u2013 Tay l\u00e1i tr\u1ea3 ch\u1eadm<\/p>\n<p>\u2013\u00a0V\u00e0nh tay l\u00e1i b\u1ecb r\u01a1<\/p>\n<p>\u2013\u00a0Ti\u1ebfng k\u00eau b\u1ea5t th\u01b0\u1eddng\u00a0\u1edf h\u1ec7 th\u1ed1ng l\u00e1i<\/p>\n<p>\u2013\u00a0Hi\u1ec7n t\u01b0\u1ee3ng hao d\u1ea7u<\/p>\n<p><strong>T\u00c1C D\u1ee4NG C\u1ee6A CH\u1ea4T X\u1eec L\u00dd TR\u1ee2 L\u1ef0C L\u00c1I:<\/strong><\/p>\n<p>\u2013 Ph\u1ee5c h\u1ed3i v\u00e0 b\u1ea3o v\u1ec7 \u00a0b\u1eb1ng CERAMIC (SiC_Kim c\u01b0\u01a1ng nh\u00e2n t\u1ea1o moissanite)<\/p>\n<p>. L\u00e0m s\u1ea1ch, h\u00e0n g\u1eafn, b\u00f4i tr\u01a1n, v\u00e0 ph\u1ee5c h\u1ed3i ho\u1ea1t \u0111\u1ed9ng<\/p>\n<p>. Gi\u1ea3m nhi\u1ec7t \u0111\u1ed9 v\u00e0 ma s\u00e1t khi v\u1eadn h\u00e0nh<\/p>\n<p>. H\u00e0n g\u1eafn l\u1ea1i c\u00e1c ch\u1ed7 r\u00f2 v\u00e0 x\u1eed l\u00fd v\u1ea5n \u0111\u1ec1 li\u00ean quan \u0111\u1ebfn c\u01a1 c\u1ea5u truy\u1ec1n \u0111\u1ed9ng b\u00e1nh r\u0103ng<\/p>\n<p>. C\u1ea3i thi\u1ec7n c\u1ea3m gi\u00e1c l\u00e1i<\/p>\n<p>. Gi\u1ea3m ti\u1ebfng \u1ed3n c\u1ee7a b\u01a1m tr\u1ee3 l\u1ef1c l\u00e1i<\/p>\n<p>. L\u00e0m c\u00e1c b\u1ed9 ph\u1ea7n tr\u01a1n tru v\u00e0 d\u1ec5 v\u1eadn h\u00e0nh<\/p>\n","protected":false},"excerpt":{"rendered":"<div>&gt;&gt; D\u00f9ng 1 l\u1ea7n duy nh\u1ea5t, Tr\u00f9ng tu, b\u1ea3o v\u1ec7 v\u0129nh vi\u1ec5n<\/div>\n<div>&gt;&gt; \u0110\u1ed9 c\u1ee9ng: 9,5. Nhi\u1ec7t \u0111\u1ed9 ch\u1ecbu \u0111\u1ef1ng: 2,000\u00b0C<\/div>\n<div>&gt;&gt; H\u00e0n g\u1eafn ch\u1ed7 r\u00f2 v\u00e0 x\u1eed l\u00fd v\u1ea5n \u0111\u1ec1 c\u1ee7a c\u01a1 c\u1ea5u truy\u1ec1n \u0111\u1ed9ng b\u00e1nh r\u0103ng<\/div>\n<div>&gt;&gt; Gi\u1ea3m ma s\u00e1t, hao m\u00f2n, hao d\u1ea7u<\/div>\n<div>&gt;&gt; H\u1ec7 th\u1ed1ng tay l\u00e1i tr\u01a1n tru, nh\u1eb9 nh\u00e0ng<\/div>\n<div>&gt;&gt; Gi\u1ea3m rung \u1ed3n, nhi\u1ec7t \u0111\u1ed9<\/div>\n<div>&gt;&gt; B\u00f4i tr\u01a1n, l\u00e0m s\u1ea1ch li\u00ean t\u1ee5c<\/div>\n<div>&gt;&gt; C\u1ea3i thi\u1ec7n c\u1ea3m gi\u00e1c l\u00e1i<\/div>\n<div>&gt;&gt; Gi\u1ea3m nhi\u00ean li\u1ec7u<\/div>\n","protected":false},"featured_media":587,"comment_status":"open","ping_status":"closed","template":"","meta":[],"product_cat":[20],"product_tag":[],"_links":{"self":[{"href":"https:\/\/demo.bmconnect.vn\/motocare\/wp-json\/wp\/v2\/product\/645"}],"collection":[{"href":"https:\/\/demo.bmconnect.vn\/motocare\/wp-json\/wp\/v2\/product"}],"about":[{"href":"https:\/\/demo.bmconnect.vn\/motocare\/wp-json\/wp\/v2\/types\/product"}],"replies":[{"embeddable":true,"href":"https:\/\/demo.bmconnect.vn\/motocare\/wp-json\/wp\/v2\/comments?post=645"}],"wp:featuredmedia":[{"embeddable":true,"href":"https:\/\/demo.bmconnect.vn\/motocare\/wp-json\/wp\/v2\/media\/587"}],"wp:attachment":[{"href":"https:\/\/demo.bmconnect.vn\/motocare\/wp-json\/wp\/v2\/media?parent=645"}],"wp:term":[{"taxonomy":"product_cat","embeddable":true,"href":"https:\/\/demo.bmconnect.vn\/motocare\/wp-json\/wp\/v2\/product_cat?post=645"},{"taxonomy":"product_tag","embeddable":true,"href":"https:\/\/demo.bmconnect.vn\/motocare\/wp-json\/wp\/v2\/product_tag?post=645"}],"curies":[{"name":"wp","href":"https:\/\/api.w.org\/{rel}","templated":true}]}}