{"id":635,"date":"2017-10-14T11:52:38","date_gmt":"2017-10-14T04:52:38","guid":{"rendered":"https:\/\/demo.bmconnect.vn\/motocare\/?post_type=product&#038;p=635"},"modified":"2017-10-14T11:52:38","modified_gmt":"2017-10-14T04:52:38","slug":"cerma-blue-ice-treatment-1ox","status":"publish","type":"product","link":"https:\/\/demo.bmconnect.vn\/motocare\/product\/cerma-blue-ice-treatment-1ox\/","title":{"rendered":"Cerma Blue Ice Treatment 1ox"},"content":{"rendered":"<h3><strong>CH\u1ea4T X\u1eec L\u00dd \u0110I\u1ec0U H\u00d2A \u2013\u00a0CERMA BLUE ICE TREATMENT<\/strong><\/h3>\n<p><strong>\u1ee8NG D\u1ee4NG:<\/strong><\/p>\n<p><strong>Cerma Blue\u00a0Ice<\/strong> l\u00e0 m\u1ed9t c\u00e1ch m\u1ea1ng v\u1ec1 c\u00f4ng ngh\u1ec7, \u0111\u01b0\u1ee3c th\u00eam v\u00e0o m\u00f4i ch\u1ea5t l\u1ea1nh c\u1ee7a b\u1ea5t c\u1ee9 h\u1ec7 th\u1ed1ng l\u00e0m l\u1ea1nh n\u00e0o.\u00a0Khi s\u1eed d\u1ee5ng, h\u1ec7 th\u1ed1ng s\u1ebd v\u1eadn h\u00e0nh v\u1edbi hi\u1ec7u su\u1ea5t cao h\u01a1n, l\u1ea1nh h\u01a1n v\u00e0 ch\u1ecbu t\u1ea3i \u00edt h\u01a1n.<\/p>\n<p><strong>CERMA l\u00e0m \u0111i\u1ec1u \u0111\u00f3 nh\u01b0 th\u1ebf n\u00e0o?<\/strong><\/p>\n<p><strong>CERMA<\/strong>\u00a0b\u1ea3o v\u1ec7 kim lo\u1ea1i tr\u00e1nh b\u1ecb m\u00e0i m\u00f2n b\u1eb1ng c\u00e1ch t\u1ea1o ra m\u1ed9t l\u1edbp ph\u1ee7 c\u1ee9ng nh\u01b0 kim c\u01b0\u01a1ng b\u00ean tr\u00ean v\u00e0 b\u00ean d\u01b0\u1edbi b\u1ec1 m\u1eb7t kim lo\u1ea1i.\u00a0<strong>CERMA<\/strong>\u00a0kh\u00f4ng thay \u0111\u1ed5i k\u00edch c\u1ee7a c\u00e1c b\u1ed9 ph\u1eadn ti\u1ebfp x\u00fac m\u00e0 ch\u1ec9 l\u1ea5p \u0111\u1ea7y c\u00e1c v\u1ebft n\u1ee9t, l\u00f5m v\u00e0 l\u00e0m ph\u1eb3ng b\u1ec1 m\u1eb7t kim lo\u1ea1i g\u1ed3 gh\u1ec1. Nh\u1edd l\u1edbp kim c\u01b0\u01a1ng nh\u00e2n t\u1ea1o \u0111\u00f3 \u0111\u1ed9ng c\u01a1 \u0111\u01b0\u1ee3c kh\u00f4i ph\u1ee5c nh\u01b0 ban \u0111\u1ea7u v\u00e0 \u0111\u01b0\u1ee3c b\u1ea3o v\u1ec7 m\u1edbi 90-95% \u0111\u1ebfn su\u1ed1t \u0111\u1eddi. \u0110\u1ed9ng c\u01a1 ho\u1ea1t \u0111\u1ed9ng kh\u1ecfe h\u01a1n, tr\u01a1n h\u01a1n, m\u01b0\u1ee3t h\u01a1n, v\u00e0 m\u00e1t h\u01a1n.<\/p>\n<p>M\u1ed9t khi \u0111\u00e3 th\u00e2m nh\u1eadp, b\u1ec1 m\u1eb7t c\u1ee7a \u0111\u1ed9ng c\u01a1 \u0111\u01b0\u1ee3c x\u1eed l\u00fd v\u1edbi\u00a0<strong>CERMA<\/strong>\u00a0kh\u00f4ng c\u00f2n v\u1ebft l\u00f5m, \u0111i\u1ec3m g\u1ed3 gh\u1ec1 hay l\u1ed7 kim \u0111\u1ec3 s\u01a1n v\u00e0 c\u00e1c t\u1ea1p ch\u1ea5t kh\u00e1c d\u00ednh v\u00e0o, v\u00e0 t\u1ea1o ra l\u1edbp\u00a0<em>ceramic nano<\/em>\u00a0b\u1ea3o v\u1ec7 b\u1ec1 m\u1eb7t kim lo\u1ea1i.<\/p>\n<p>Sau khi \u0111\u01b0\u1ee3c b\u01a1m v\u00e0o th\u1ed1ng b\u1eb1ng \u0111\u01b0\u1eddng h\u1ea1 \u00e1p, c\u00e1c ph\u00e2n t\u1eed Ceramic d\u01b0\u1edbi d\u1ea1ng Nano s\u1ebd theo kh\u00ed gas Freon \u0111i v\u00e0o h\u1ec7 th\u1ed1ng m\u00e1y n\u00e9n, \u1ed1ng \u0111\u1ed3ng \u0111\u1ec3 t\u00e1c d\u1ee5ng v\u1edbi Carbon, sau \u0111\u00f3 c\u00e1c ph\u00e2n t\u1eed s\u1ebd len l\u1ecfi v\u00e0o b\u1ec1 m\u1eb7t kim lo\u1ea1i b\u1ecb hao m\u00f2n, l\u1ed7 ch\u1ed7 \u0111\u1ec3 l\u1ea5p \u0111\u1ea7y, ph\u1ee5c h\u1ed3i nh\u01b0 m\u1edbi v\u00e0 t\u1ea1o 1 l\u1edbp kim c\u01b0\u01a1ng nh\u00e2n t\u1ea1o c\u1ef1c m\u1ecfng ( 2 micromet) \u0111\u1ec3 b\u1ea3o v\u1ec7 h\u1ec7 th\u1ed1ng m\u1edbi \u0111\u1ebfn su\u1ed1t \u0111\u1eddi.<\/p>\n<p>V\u1edbi \u1ed1ng \u0111\u1ed3ng th\u00ec Cerma s\u1ebd \u0111\u00e1nh b\u1eadt h\u01a1i \u1ea9m b\u1ecb \u0111\u00f3ng b\u0103ng, c\u1eb7n b\u1ea9n ( b\u1ecdt tuy\u1ebft ng\u0103n c\u1ea3n qu\u00e1 tr\u00ecnh l\u01b0u th\u00f4ng kh\u00ed gas), v\u00e0 ph\u1ee7 ceramic l\u1ea5p \u0111\u1ea7y hao m\u00f2n \u1ed1ng \u0111\u1ed3ng v\u00e0 b\u1ea3o v\u1ec7 \u1ed1ng \u0111\u1ed3ng<\/p>\n<p>Nh\u1edd l\u1edbp kim c\u01b0\u01a1ng nh\u00e2n t\u1ea1o v\u1edbi \u0111\u1ed9 c\u1ee9ng 9.5 (sau kim c\u01b0\u01a1ng l\u00e0 10), nhi\u1ec7t \u0111\u1ed9 ch\u1ecbu \u0111\u1ef1ng 2,000 \u00b0<strong>C, <\/strong>\u0111\u1ed9 d\u1eabn nhi\u1ec7t cao\u2026T\u1eeb g\u1ed1c r\u1ec5 nh\u1eefng v\u1ea5n \u0111\u1ec1 c\u1ee7a h\u1ec7 th\u1ed1ng \u0111i\u1ec1u h\u00f2a c\u1ee7a X\u1ebf y\u00eau v\u00e0 b\u1ea1n g\u1eb7p ph\u1ea3i s\u1ebd \u0111\u01b0\u1ee3c gi\u1ea3i quy\u1ebft:<\/p>\n<p>CERMA \u2013 QUY TR\u00ccNH PH\u1ee6 CERAMIC NANO<\/p>\n<p>B\u1ea2O V\u1ec6 \u0110\u1ed8NG C\u01a0 \u00d4T\u00d4 &amp; XE M\u00c1Y<\/p>\n<p><img loading=\"lazy\" class=\"aligncenter wp-image-569 size-full\" src=\"http:\/\/ceramicmachine.vn\/wp-content\/uploads\/2017\/03\/QUY-TR%C3%8CNH-PH%E1%BB%A6-CERAMIC-NANO.png\" sizes=\"(max-width: 1271px) 100vw, 1271px\" srcset=\"http:\/\/ceramicmachine.vn\/wp-content\/uploads\/2017\/03\/QUY-TR\u00ccNH-PH\u1ee6-CERAMIC-NANO.png 1271w, http:\/\/ceramicmachine.vn\/wp-content\/uploads\/2017\/03\/QUY-TR\u00ccNH-PH\u1ee6-CERAMIC-NANO-300x125.png 300w, http:\/\/ceramicmachine.vn\/wp-content\/uploads\/2017\/03\/QUY-TR\u00ccNH-PH\u1ee6-CERAMIC-NANO-768x320.png 768w, http:\/\/ceramicmachine.vn\/wp-content\/uploads\/2017\/03\/QUY-TR\u00ccNH-PH\u1ee6-CERAMIC-NANO-1024x427.png 1024w\" alt=\"\" width=\"1271\" height=\"530\" \/><\/p>\n<p><strong>T\u00c1C D\u1ee4NG:<\/strong><\/p>\n<p><strong>PH\u1ee4C H\u1ed2I, B\u1ea2O V\u1ec6<\/strong>: L\u1ea5p \u0111\u1ea7y nh\u1eefng hao m\u00f2n, l\u1ed7 ch\u1ed7, ph\u1ee7 1 l\u1edbp b\u1ea3o v\u1ec7 b\u1eb1ng c\u00f4ng ngh\u1ec7 x\u1eed l\u00fd \u0111\u1ed9ng c\u01a1 Ceramic nano<\/p>\n<p><strong>GI\u1ea2M MA S\u00c1T, HAO M\u00d2N, HAO KH\u00cd GAS<\/strong>: Nh\u1edd l\u1edbp kim c\u01b0\u01a1ng nh\u1eb5n h\u01a1n, tr\u01a1n h\u01a1n,s\u1ea1ch h\u01a1n\u00a0 m\u00e0 \u0111\u1ed9ng c\u01a1 gi\u1ea3m ma s\u00e1t khi ti\u1ebfp x\u00fac v\u1edbi nhau, kh\u00f4ng b\u1ecb hao m\u00f2n. Hao kh\u00ed gas do b\u1ec1 m\u1eb7t h\u1ec7 th\u1ed1ng v\u00e0 \u1ed1ng \u0111\u1ed3ng b\u1ecb hao m\u00f2n, h\u1edf v\u00e0 Cerma s\u1ebd l\u1ea5p \u0111\u1ea7y, se kh\u00edt..<\/p>\n<p><strong>KH\u1eceE M\u00c1Y N\u00c9N<\/strong>: C\u0169ng nh\u1edd l\u1edbp kim c\u01b0\u01a1ng tr\u01a1n h\u01a1n, nh\u1eb5n h\u01a1n, s\u1ea1ch h\u01a1n th\u00ec \u0111\u1ed9ng c\u01a1 ho\u1ea1t \u0111\u1ed9ng nhanh h\u01a1n, kh\u1ecfe h\u01a1n, m\u1ecdi chi ti\u1ebft ho\u1ea1t \u0111\u1ed9ng t\u1ed1i \u01b0u, nhi\u00ean li\u1ec7u \u0111\u1ed1t hi\u1ec7u qu\u1ea3 h\u01a1n v\u00e0 gi\u1eef tr\u1ea1ng th\u00e1i \u0111\u00f3 su\u1ed1t \u0111\u1eddi xe.<\/p>\n<p><strong>GI\u1ea2M RUNG \u1ed2N, M\u00c1T M\u00c1Y<\/strong>: Cerma s\u1ebd h\u1ea1n ch\u1ebf, ti\u00eau tan c\u00e1c b\u1ecdt kh\u00ed n\u1ed5 ra l\u00e0m rung \u1ed3n \u0111\u1ed9ng c\u01a1. Nh\u1edd 1 l\u1edbp kim c\u01b0\u01a1ng b\u1ea3o v\u1ec7 v\u00e0 t\u00ednh d\u1eabn nhi\u1ec7t cao, nhanh s\u1ebd l\u00e0m cho h\u1ec7 th\u1ed1ng ho\u1ea1t \u0111\u1ed9ng m\u00e1t<\/p>\n<p><strong>LO\u1ea0I B\u1ece C\u1eb6N D\u1ea6U<\/strong>: <strong>Cerma Blue Ice<\/strong> lo\u1ea1i b\u1ecf c\u1eb7n d\u1ea7u g\u00e2y t\u1ed5n hao nhi\u1ec7t trong h\u1ec7 th\u1ed1ng, t\u1eeb \u0111\u00f3 \u0111\u1ea9y m\u1ea1nh trao \u0111\u1ed5i nhi\u1ec7t. Theo h\u01b0\u1edbng d\u1eabn <strong>ASHRAE<\/strong>\u00a0 \u2013 M\u1ee5c T\u1ee7\u00a0 l\u1ea1nh, c\u1eb7n d\u1ea7u\u00a0 l\u00e0m gi\u1ea3m\u00a0 t\u1edbi 30% hi\u1ec7u n\u0103ng\u00a0 trong 5 n\u0103m \u0111\u1ea7u. V\u1edbi Cerma Blue\u00a0 Ice, vi\u1ec7c\u00a0 truy\u1ec1n nhi\u1ec7t qua h\u1ec7 \u1ed1ng c\u1ee7a d\u00e0n bay h\u01a1i v\u00e0 d\u00e0n n\u00e9n t\u0103ng t\u1edbi 70%, v\u00e0 l\u00e0m t\u0103ng kh\u1ea3 n\u0103ng l\u00e0m m\u00e1t c\u1ee7a h\u1ec7 th\u1ed1ng. C\u1eb7n d\u1ea7u b\u1ecb bong ra trong \u0111\u01b0\u1eddng \u1ed1ng s\u1ebd \u0111\u01b0\u1ee3c t\u00e1i chuy\u1ec3n v\u1ec1 h\u1ec7 th\u1ed1ng \u1edf tr\u1ea1ng th\u00e1i ban \u0111\u1ea7u \u0111\u1ec3 gia t\u0103ng b\u00f4i tr\u01a1n.<\/p>\n<p><strong>LO\u1ea0I B\u1ece H\u01a0I \u1ea8M<\/strong>: N\u01b0\u1edbc b\u1ecb \u0111\u00f3ng b\u0103ng khi \u0111i t\u1eeb ph\u00eda \u00e1p su\u1ea5t cao t\u1edbi ph\u00eda \u00e1p su\u1ea5t th\u1ea5p, \u0111i\u1ec1u n\u00e0y l\u00e0m gi\u1ea3m \u0111\u00e1ng k\u1ec3\u00a0 t\u1ec9 su\u1ea5t\u00a0 truy\u1ec1n nhi\u1ec7t. Cerma\u00a0 lo\u1ea1i b\u1ecf h\u01a1i \u1ea9m (n\u01b0\u1edbc) v\u00e0 gi\u00fap m\u00f4i ch\u1ea5t\u00a0 l\u1ea1nh bay h\u01a1i \u1edf nhi\u1ec7t \u0111\u1ed9 th\u1ea5p h\u01a1n, gi\u1ea3m nhi\u1ec7t \u0111\u1ed9 c\u1ee7a kh\u00ed tho\u00e1t. T\u1ea5t c\u1ea3 y\u1ebfu t\u1ed1 g\u1ed3m vi\u1ec7c lo\u1ea1i b\u1ecf h\u01a1i \u1ea9m, t\u0103ng hi\u1ec7u su\u1ea5t l\u00e0m l\u1ea1nh v\u00e0 kh\u00ed tho\u00e1t ra l\u1ea1nh h\u01a1n \u0111\u1ec1u gi\u00fap cho ph\u00e9p h\u1ec7 th\u1ed1ng l\u00e0m l\u1ea1nh nhanh h\u01a1n, \u0111\u1ed3ng th\u1eddi v\u1eadn h\u00e0nh ti\u1ebft ki\u1ec7m h\u01a1n.<\/p>\n<p><strong>B\u00d4I TR\u01a0N<\/strong>:\u00a0 Vi\u1ec7c b\u00f4i tr\u01a1n h\u1ee3p l\u00fd l\u00e0 v\u00f4 c\u00f9ng c\u1ea7n thi\u1ebft \u0111\u1ec3 cho d\u00e0n n\u00e9n c\u00f3 th\u1ec3 \u0111\u1ea1t t\u1edbi hi\u1ec7u su\u1ea5t\u00a0 cao nh\u1ea5t. D\u1ea7u\u00a0 kh\u00f4ng\u00a0 l\u01b0u\u00a0 l\u1ea1i \u00a0trong m\u00e1y n\u00e9n m\u00e0\u00a0 ti\u1ebfp\u00a0 t\u1ee5c\u00a0 ch\u1ea3y qua\u00a0 to\u00e0n b\u1ed9 h\u1ec7\u00a0 th\u1ed1ng. Vi\u1ec7c\u00a0 thi\u1ebfu\u00a0 d\u1ea7u b\u00f4i\u00a0 tr\u01a1n\u00a0 t\u1ea1m\u00a0 th\u1eddi hay\u00a0 l\u00e2u d\u00e0i s\u1ebd\u00a0 l\u00e0m gi\u1ea3m \u0111\u1ed9t ng\u1ed9t hi\u1ec7u su\u1ea5t c\u1ee7a m\u00e1y n\u00e9n v\u00e0 s\u1ef1 truy\u1ec1n nhi\u1ec7t. Cerma Blue\u00a0 Ice\u00a0 l\u00e0m d\u1ea7u d\u00e0n n\u00e9n\u00a0 tr\u01a1n h\u01a1n, \u0111i\u1ec1u n\u00e0y cho ph\u00e9p d\u00e0n n\u00e9n v\u1eadn h\u00e0nh m\u00e1t h\u01a1n v\u00e0\u00a0 t\u1eeb \u0111\u00f3\u00a0 l\u00e0m\u00a0 t\u0103ng\u00a0 tu\u1ed5i\u00a0 th\u1ecd d\u00e0n n\u00e9n. Vi\u1ec7c\u00a0 t\u0103ng\u00a0 t\u00ednh b\u00f4i\u00a0 tr\u01a1n c\u0169ng gi\u00fap\u00a0 l\u00e0m gi\u1ea3m chi ph\u00ed b\u1ea3o tr\u00ec v\u00e0 k\u00e9o d\u00e0i tu\u1ed5i th\u1ecd c\u1ee7a d\u00e0n n\u00e9n.<\/p>\n<p><strong>T\u1ef0 L\u00c0M S\u1ea0CH<\/strong>: C\u00f4ng th\u1ee9c \u0111\u1ed9c quy\u1ec1n c\u1ee7a Cerma h\u00ecnh th\u00e0nh c\u00e1c ph\u00e2n t\u1eed nano li\u00ean t\u1ee5c lu\u00e2n chuy\u1ec3n d\u1ea7u c\u1ee7a m\u00f4i ch\u1ea5t l\u1ea1nh trong h\u1ec7 th\u1ed1ng v\u00e0 li\u00ean t\u1ee5c l\u00e0m s\u1ea1ch h\u1ec7 th\u1ed1ng \u0111\u1ec3 t\u1ea1o ra m\u1ed9t h\u1ec7 th\u1ed1ng t\u1ef1 l\u00e0m s\u1ea1ch kh\u00f4ng c\u00f3 c\u1eb7n d\u1ea7u, kh\u00f4ng c\u00f3 h\u01a1i \u1ea9m v\u00e0 c\u00f3 hi\u1ec7u su\u1ea5t b\u00f4i tr\u01a1n t\u1ed1i \u0111a.<\/p>\n<p>Khi h\u1ec7 th\u1ed1ng \u0111i\u1ec1u h\u00f2a l\u00e0m vi\u1ec7c \u00edt h\u01a1n th\u00ec l\u1ee3i nhu\u1eadn s\u1ebd t\u0103ng l\u00ean r\u00f5 r\u1ec7t. Cerma Blue Ice t\u0103ng\u0111\u1ebfn 70% hi\u1ec7u n\u0103ng ho\u1ea1t \u0111\u1ed9ng v\u00e0 s\u1ef1 truy\u1ec1n nhi\u1ec7t, v\u00e0 \u0111i\u1ec1u n\u00e0y g\u00f3p ph\u1ea7n ti\u1ebft ki\u1ec7m\u00a0 \u0111\u1ebfn 40%n\u0103ng l\u01b0\u1ee3ng ti\u00eau th\u1ee5.<\/p>\n<ul>\n<li><strong>T\u0103ng hi\u1ec7u su\u1ea5t<\/strong><\/li>\n<li><strong>R\u00fat ng\u1eafn chu tr\u00ecnh m\u00e1y n\u00e9n<\/strong><\/li>\n<li><strong>Ti\u1ebft ki\u1ec7m n\u0103ng l\u01b0\u1ee3ng \u2013 Gi\u1ea3m t\u1edbi 40% chi ph\u00ed \u0111i\u1ec7n n\u0103ng<\/strong><\/li>\n<li><strong>C\u1ea3i thi\u1ec7n vi\u1ec7c truy\u1ec1n nhi\u1ec7t \u2013 Kh\u00ed t\u1eeb khe th\u00f4ng h\u01a1i l\u1ea1nh h\u01a1n<\/strong><\/li>\n<li><strong>T\u0103ng \u0111\u1ed9 l\u00e0m l\u1ea1nh<\/strong><\/li>\n<li><strong>Gi\u1ea3m \u0111\u1ed9 \u1ea9m b\u00ean trong v\u00e0 vi\u1ec7c t\u00edch t\u1ee5 acid<\/strong><\/li>\n<li><strong>M\u00e1y n\u00e9n hoat \u0111\u1ed9ng y\u00ean t\u0129nh h\u01a1n, gi\u00fap gi\u1ea3m ti\u1ebfng \u1ed3n v\u00e0 \u0111\u1ed9 rung<\/strong><\/li>\n<li><strong>Gi\u1ea3m chi ph\u00ed s\u1eeda ch\u1eefa v\u00e0 gia t\u0103ng tu\u1ed5i th\u1ecd thi\u1ebft b\u1ecb<\/strong><\/li>\n<li><strong>Ph\u1ee5c h\u1ed3i h\u1ec7 th\u1ed1ng kh\u00f3 kh\u1edfi \u0111\u1ed9ng<\/strong><\/li>\n<li><strong>Lo\u1ea1i b\u1ecf c\u1eb7n d\u1ea7u v\u00e0 l\u00e0m th\u00f4ng tho\u00e1ng h\u1ec7 th\u1ed1ng d\u00e2y d\u1eabn<\/strong><\/li>\n<li><strong>C\u1ea3i thi\u1ec7n c\u1ea3 h\u1ec7 th\u1ed1ng m\u1edbi v\u00e0 c\u0169<\/strong><\/li>\n<li><strong>H\u00ecnh th\u00e0nh l\u1edbp ph\u1ee7 m\u1ecfng ch\u1ed1ng l\u1eafng c\u1eb7n cho h\u1ec7 d\u00e2y d\u1eabn<\/strong><\/li>\n<li><strong>Cho ph\u00e9p c\u00e1c h\u1ec7 th\u1ed1ng l\u00e0m vi\u1ec7c v\u1edbi hi\u1ec7u su\u1ea5t cao nh\u1ea5t<\/strong><\/li>\n<li><strong>Th\u00e2n thi\u1ec7n v\u1edbi m\u00f4i tr\u01b0\u1eddng v\u00e0 l\u00e0 s\u1ea3n ph\u1ea9m h\u1eefu c\u01a1<\/strong><\/li>\n<li><strong>Ch\u1ec9 d\u00f9ng m\u1ed9t l\u1ea7n cho t\u1edbi h\u1ebft v\u00f2ng \u0111\u1eddi c\u1ee7a h\u1ec7 th\u1ed1ng<\/strong><\/li>\n<li><strong>N\u00e2ng cao ch\u1ec9 s\u1ed1 Hi\u1ec7u n\u0103ng n\u0103ng l\u01b0\u1ee3ng theo m\u00f9a (SEER)<\/strong><\/li>\n<li><strong>Gi\u1ea3m l\u01b0\u1ee3ng kh\u00ed th\u1ea3i carbon<\/strong><\/li>\n<li><strong>Th\u1eddi gian ho\u00e0n v\u1ed1n th\u00f4ng th\u01b0\u1eddng l\u00e0 t\u1eeb 6 \u0111\u1ebfn 12 th\u00e1ng.<\/strong><\/li>\n<\/ul>\n<p><strong>L\u1ee3i nhu\u1eadn ch\u1ea3y th\u1eb3ng v\u00e0o t\u00e0i kho\u1ea3n<\/strong><\/p>\n<p><strong>Cerma Blue\u00a0 Ice<\/strong>\u00a0 t\u0103ng hi\u1ec7u su\u1ea5t c\u1ee7a h\u1ec7\u00a0 th\u1ed1ng v\u00e0 h\u1ec7\u00a0 th\u1ed1ng v\u1eadn h\u00e0nh\u00a0 ti\u1ebft ki\u1ec7m h\u01a1n,\u00a0 ti\u00eau\u00a0 th\u1ee5 \u0111i\u1ec7n th\u1ea5p h\u01a1n v\u00e0 v\u1eadn h\u00e0nh \u0111\u01b0\u1ee3c l\u00e2u h\u01a1i v\u1edbi chi ph\u00ed b\u1ea3o tr\u00ec th\u1ea5p h\u01a1n. D\u00f9ng<strong>Cerma Blue Ice<\/strong> cho m\u1ed9t\u00a0 t\u00f2a nh\u00e0 5000\u00a0 foot\u00a0 (\u0111\u01a1n v\u1ecb Anh = 0,3048m) ~ 150 m2,\u00a0 th\u01b0\u1eddng s\u1ebd\u00a0 ti\u1ebft ki\u1ec7m $1000 USD chi ph\u00ed \u0111i\u1ec7n\u00a0 trong n\u0103m \u0111\u1ea7u\u00a0 ti\u00ean. Qua 5 n\u0103m, m\u1ee9c\u00a0 ti\u1ebft ki\u1ec7m\u00a0 l\u00e0 h\u01a1n $5000 USD\u00a0 (T\u00ednh theo ti\u1ec1n \u0111i\u1ec7n \u1edf M\u1ef9).\u00a0 Nh\u1eefng h\u1ec7\u00a0 th\u1ed1ng c\u00f3 c\u00f4ng su\u1ea5t cao h\u01a1n c\u0169ng nh\u01b0 nh\u1eefng doanh nghi\u1ec7p v\u1edbi nhi\u1ec1u <a href=\"http:\/\/ceramicmachine.vn\/\">h\u1ec7\u00a0 th\u1ed1ng l\u00e0m l\u1ea1nh<\/a> c\u00f2n \u0111\u1ea1t \u0111\u01b0\u1ee3c m\u1ee9c ti\u1ebft ki\u1ec7m l\u1edbn h\u01a1n r\u1ea5t nhi\u1ec1u.<\/p>\n","protected":false},"excerpt":{"rendered":"<div>&gt;&gt; D\u00f9ng 1 l\u1ea7n duy nh\u1ea5t, Tr\u00f9ng tu, b\u1ea3o v\u1ec7 v\u0129nh vi\u1ec5n<\/div>\n<div>&gt;&gt; Ch\u1ea5t duy nh\u1ea5t tr\u00ean Th\u1ebf gi\u1edbi \u0111\u01b0a v\u00e0o tr\u00f9ng tu h\u1ec7 th\u1ed1ng l\u00e0m l\u1ea1nh<\/div>\n<div>&gt;&gt; Ph\u1ee7 Ceramic (kim c\u01b0\u01a1ng nh\u00e2n t\u1ea1o) b\u1ea3o v\u1ec7 v\u00e0 ph\u1ee5c h\u1ed3i<\/div>\n<div>&gt;&gt; \u0110\u1ed9 c\u1ee9ng: 9,5. Nhi\u1ec7t \u0111\u1ed9 ch\u1ecbu \u0111\u1ef1ng: 2,000\u00b0C<\/div>\n<div>&gt;&gt; Gi\u1ea3m ma s\u00e1t, hao m\u00f2n, hao kh\u00ed gas, d\u1ea7u<\/div>\n<div>&gt;&gt; L\u1ea1nh, n\u00f3ng nhanh h\u01a1n 70%, s\u00e2u h\u01a1n<\/div>\n<div>&gt;&gt; Gi\u1ea3m rung \u1ed3n, nhi\u1ec7t \u0111\u1ed9, m\u00f9i h\u00f4i<\/div>\n<div>&gt;&gt; B\u00f4i tr\u01a1n, l\u00e0m s\u1ea1ch li\u00ean t\u1ee5c<\/div>\n<div>&gt;&gt; Gi\u1ea3m nhi\u00ean li\u1ec7u (4-31%), kh\u00ed th\u1ea3i (t\u1edbi 92%)<\/div>\n","protected":false},"featured_media":587,"comment_status":"open","ping_status":"closed","template":"","meta":[],"product_cat":[18],"product_tag":[],"_links":{"self":[{"href":"https:\/\/demo.bmconnect.vn\/motocare\/wp-json\/wp\/v2\/product\/635"}],"collection":[{"href":"https:\/\/demo.bmconnect.vn\/motocare\/wp-json\/wp\/v2\/product"}],"about":[{"href":"https:\/\/demo.bmconnect.vn\/motocare\/wp-json\/wp\/v2\/types\/product"}],"replies":[{"embeddable":true,"href":"https:\/\/demo.bmconnect.vn\/motocare\/wp-json\/wp\/v2\/comments?post=635"}],"wp:featuredmedia":[{"embeddable":true,"href":"https:\/\/demo.bmconnect.vn\/motocare\/wp-json\/wp\/v2\/media\/587"}],"wp:attachment":[{"href":"https:\/\/demo.bmconnect.vn\/motocare\/wp-json\/wp\/v2\/media?parent=635"}],"wp:term":[{"taxonomy":"product_cat","embeddable":true,"href":"https:\/\/demo.bmconnect.vn\/motocare\/wp-json\/wp\/v2\/product_cat?post=635"},{"taxonomy":"product_tag","embeddable":true,"href":"https:\/\/demo.bmconnect.vn\/motocare\/wp-json\/wp\/v2\/product_tag?post=635"}],"curies":[{"name":"wp","href":"https:\/\/api.w.org\/{rel}","templated":true}]}}