{"id":617,"date":"2017-10-14T11:32:37","date_gmt":"2017-10-14T04:32:37","guid":{"rendered":"https:\/\/demo.bmconnect.vn\/motocare\/?post_type=product&#038;p=617"},"modified":"2017-10-14T11:32:37","modified_gmt":"2017-10-14T04:32:37","slug":"engine-treatment-gas-3oz","status":"publish","type":"product","link":"https:\/\/demo.bmconnect.vn\/motocare\/product\/engine-treatment-gas-3oz\/","title":{"rendered":"Engine Treatment GAS 3OZ"},"content":{"rendered":"<p><strong>H\u1ec7 th\u1ed1ng \u0111\u1ed9ng c\u01a1 t\u1ef1 l\u00e0m s\u1ea1ch duy nh\u1ea5t tr\u00ean th\u1ebf gi\u1edbi!<\/strong><\/p>\n<p><strong>\u1ee8NG D\u1ee4NG<\/strong>: \u0110\u1ed9ng c\u01a1 \u00f4 t\u00f4, xe t\u1ea3i, xe m\u00e1y, c\u00e1c ph\u01b0\u01a1ng ti\u1ec7n v\u00e0 m\u00e1y m\u00f3c c\u00f4ng nghi\u1ec7p.<\/p>\n<p><strong>CERMA l\u00e0m \u0111i\u1ec1u \u0111\u00f3 nh\u01b0 th\u1ebf n\u00e0o?<\/strong><\/p>\n<p><strong>CERMA<\/strong>\u00a0b\u1ea3o v\u1ec7 kim lo\u1ea1i tr\u00e1nh b\u1ecb m\u00e0i m\u00f2n b\u1eb1ng c\u00e1ch t\u1ea1o ra m\u1ed9t l\u1edbp ph\u1ee7 c\u1ee9ng nh\u01b0 kim c\u01b0\u01a1ng b\u00ean tr\u00ean v\u00e0 b\u00ean d\u01b0\u1edbi b\u1ec1 m\u1eb7t kim lo\u1ea1i.\u00a0<strong>CERMA<\/strong>\u00a0kh\u00f4ng thay \u0111\u1ed5i k\u00edch c\u1ee7a c\u00e1c b\u1ed9 ph\u1eadn ti\u1ebfp x\u00fac m\u00e0 ch\u1ec9 l\u1ea5p \u0111\u1ea7y c\u00e1c v\u1ebft n\u1ee9t, l\u00f5m v\u00e0 l\u00e0m ph\u1eb3ng b\u1ec1 m\u1eb7t kim lo\u1ea1i g\u1ed3 gh\u1ec1. Nh\u1edd l\u1edbp kim c\u01b0\u01a1ng nh\u00e2n t\u1ea1o \u0111\u00f3 \u0111\u1ed9ng c\u01a1 \u0111\u01b0\u1ee3c kh\u00f4i ph\u1ee5c nh\u01b0 ban \u0111\u1ea7u v\u00e0 \u0111\u01b0\u1ee3c b\u1ea3o v\u1ec7 m\u1edbi 90-95% \u0111\u1ebfn su\u1ed1t \u0111\u1eddi. \u0110\u1ed9ng c\u01a1 ho\u1ea1t \u0111\u1ed9ng kh\u1ecfe h\u01a1n, tr\u01a1n h\u01a1n, m\u01b0\u1ee3t h\u01a1n, v\u00e0 m\u00e1t h\u01a1n.<\/p>\n<p>M\u1ed9t khi \u0111\u00e3 th\u00e2m nh\u1eadp, b\u1ec1 m\u1eb7t c\u1ee7a \u0111\u1ed9ng c\u01a1 \u0111\u01b0\u1ee3c x\u1eed l\u00fd v\u1edbi\u00a0<strong>CERMA<\/strong>\u00a0kh\u00f4ng c\u00f2n v\u1ebft l\u00f5m, \u0111i\u1ec3m g\u1ed3 gh\u1ec1 hay l\u1ed7 kim \u0111\u1ec3 s\u01a1n v\u00e0 c\u00e1c t\u1ea1p ch\u1ea5t kh\u00e1c d\u00ednh v\u00e0o, v\u00e0 t\u1ea1o ra l\u1edbp\u00a0<em>ceramic nano<\/em>\u00a0b\u1ea3o v\u1ec7 b\u1ec1 m\u1eb7t kim lo\u1ea1i.<\/p>\n<p>Sau khi \u0111\u1ed5 v\u00e0o d\u1ea7u nh\u1edbt, c\u00e1c ph\u00e2n t\u1eed Ceramic d\u01b0\u1edbi d\u1ea1ng Nano s\u1ebd theo d\u1ea7u (kh\u00f4ng t\u00e1c d\u1ee5ng v\u1edbi d\u1ea7u) \u0111i v\u00e0o h\u1ec7 th\u1ed1ng \u0111\u1ed9ng c\u01a1 \u0111\u1ec3 t\u00e1c d\u1ee5ng v\u1edbi Carbon, sau \u0111\u00f3 c\u00e1c ph\u00e2n t\u1eed s\u1ebd len l\u1ecfi v\u00e0o b\u1ec1 m\u1eb7t kim lo\u1ea1i b\u1ecb hao m\u00f2n, l\u1ed7 ch\u1ed7 \u0111\u1ec3 l\u1ea5p \u0111\u1ea7y, ph\u1ee5c h\u1ed3i \u0111\u1ed9ng c\u01a1 nh\u01b0 m\u1edbi v\u00e0 t\u1ea1o 1 l\u1edbp kim c\u01b0\u01a1ng nh\u00e2n t\u1ea1o c\u1ef1c m\u1ecfng ( 2 micromet) \u0111\u1ec3 b\u1ea3o v\u1ec7 \u0111\u1ed9ng c\u01a1 m\u1edbi \u0111\u1ebfn su\u1ed1t \u0111\u1eddi. Nh\u1edd l\u1edbp kim c\u01b0\u01a1ng nh\u00e2n t\u1ea1o v\u1edbi \u0111\u1ed9 c\u1ee9ng 9.5 (sau kim c\u01b0\u01a1ng l\u00e0 10), nhi\u1ec7t \u0111\u1ed9 ch\u1ecbu \u0111\u1ef1ng 2,000 \u00b0<strong>C,<\/strong> \u0111\u1ed9 d\u1eabn nhi\u1ec7t cao\u2026T\u1eeb g\u1ed1c r\u1ec5 nh\u1eefng v\u1ea5n \u0111\u1ec1 c\u1ee7a X\u1ebf y\u00eau v\u00e0 b\u1ea1n g\u1eb7p ph\u1ea3i s\u1ebd \u0111\u01b0\u1ee3c gi\u1ea3i quy\u1ebft:<\/p>\n<p>CERMA \u2013 QUY TR\u00ccNH PH\u1ee6 CERAMIC NANO<\/p>\n<p>B\u1ea2O V\u1ec6 \u0110\u1ed8NG C\u01a0 \u00d4T\u00d4 &amp; XE M\u00c1Y<\/p>\n<p><img loading=\"lazy\" class=\"aligncenter wp-image-569 size-full\" src=\"http:\/\/ceramicmachine.vn\/wp-content\/uploads\/2017\/03\/QUY-TR%C3%8CNH-PH%E1%BB%A6-CERAMIC-NANO.png\" sizes=\"(max-width: 1271px) 100vw, 1271px\" srcset=\"http:\/\/ceramicmachine.vn\/wp-content\/uploads\/2017\/03\/QUY-TR\u00ccNH-PH\u1ee6-CERAMIC-NANO.png 1271w, http:\/\/ceramicmachine.vn\/wp-content\/uploads\/2017\/03\/QUY-TR\u00ccNH-PH\u1ee6-CERAMIC-NANO-300x125.png 300w, http:\/\/ceramicmachine.vn\/wp-content\/uploads\/2017\/03\/QUY-TR\u00ccNH-PH\u1ee6-CERAMIC-NANO-768x320.png 768w, http:\/\/ceramicmachine.vn\/wp-content\/uploads\/2017\/03\/QUY-TR\u00ccNH-PH\u1ee6-CERAMIC-NANO-1024x427.png 1024w\" alt=\"\" width=\"1271\" height=\"530\" \/><\/p>\n<p><strong>T\u00c1C D\u1ee4NG:<\/strong><\/p>\n<p>PH\u1ee4C H\u1ed2I, B\u1ea2O V\u1ec6: L\u1ea5p \u0111\u1ea7y nh\u1eefng hao m\u00f2n, l\u1ed7 ch\u1ed7, ph\u1ee7 1 l\u1edbp b\u1ea3o v\u1ec7 b\u1eb1ng c\u00f4ng ngh\u1ec7 x\u1eed l\u00fd \u0111\u1ed9ng c\u01a1 Ceramic Nano<\/p>\n<p>GI\u1ea2M MA S\u00c1T, HAO M\u00d2N, HAO D\u1ea6U: Nh\u1edd l\u1edbp kim c\u01b0\u01a1ng nh\u1eb5n h\u01a1n, tr\u01a1n h\u01a1n,s\u1ea1ch h\u01a1n\u00a0 m\u00e0 \u0111\u1ed9ng c\u01a1 gi\u1ea3m ma s\u00e1t khi ti\u1ebfp x\u00fac v\u1edbi nhau, kh\u00f4ng b\u1ecb hao m\u00f2n. Hao d\u1ea7u do th\u00e0nh x\u00e9c m\u0103ng v\u00e0 pittong b\u1ecb hao m\u00f2n, h\u1edf, d\u1ea7u b\u1ecb tr\u00e0n v\u00e0o khoang \u0111\u1ed1t v\u00e0 b\u1ecb \u0111\u1ed1t, t\u1ea1o kh\u00f3i tr\u1eafng, \u0111en v\u00e0 Cerma s\u1ebd l\u1ea5p \u0111\u1ea7y, se kh\u00edt..<\/p>\n<p>KH\u1eceE M\u00c1Y, B\u1ed0C M\u00c1Y: C\u0169ng nh\u1edd l\u1edbp kim c\u01b0\u01a1ng tr\u01a1n h\u01a1n, nh\u1eb5n h\u01a1n, s\u1ea1ch h\u01a1n th\u00ec \u0111\u1ed9ng c\u01a1 ho\u1ea1t \u0111\u1ed9ng nhanh h\u01a1n, kh\u1ecfe h\u01a1n, m\u1ecdi chi ti\u1ebft ho\u1ea1t \u0111\u1ed9ng t\u1ed1i \u01b0u, nhi\u00ean li\u1ec7u \u0111\u1ed1t hi\u1ec7u qu\u1ea3 h\u01a1n v\u00e0 Cerma gi\u1eef tr\u1ea1ng th\u00e1i \u0111\u00f3 su\u1ed1t \u0111\u1eddi xe.<\/p>\n<p>GI\u1ea2M RUNG \u1ed2N, M\u00c1T M\u00c1Y: Cerma s\u1ebd h\u1ea1n ch\u1ebf, ti\u00eau tan c\u00e1c b\u1ecdt kh\u00ed n\u1ed5 ra l\u00e0m rung \u1ed3n \u0111\u1ed9ng c\u01a1. Nh\u1edd 1 l\u1edbp kim c\u01b0\u01a1ng b\u1ea3o v\u1ec7 v\u00e0 t\u00ednh d\u1eabn nhi\u1ec7t cao, nhanh s\u1ebd l\u00e0m cho \u0111\u1ed9ng c\u01a1 ho\u1ea1t \u0111\u1ed9ng m\u00e1t h\u01a1n<\/p>\n<p>L\u00c0M S\u1ea0CH LI\u00caN T\u1ee4C, B\u00d4I TR\u01a0N: Do 1 l\u1edbp kim c\u01b0\u01a1ng nh\u1eb5n, tr\u01a1n v\u00e0 c\u1eb7n b\u1ea9n, s\u01a1n, c\u1eb7n s\u1ebd kh\u00f4ng c\u00f3 ch\u1ed7 b\u00e1m v\u00e0 Cerma s\u1ebd l\u00e0m ch\u00fang d\u00ednh l\u1ea1i v\u1edbi nhau \u0111\u1ee7 l\u1edbn \u0111\u1ec3 m\u00e0ng l\u1ecdc nh\u1eadn bi\u1ebft v\u00e0 \u0111\u01b0a ra ngo\u00e0i trong l\u1ea7n thay l\u1ecdc d\u1ea7u ti\u1ebfp theo.<\/p>\n<p>TI\u1ebeT KI\u1ec6M NHI\u00caN LI\u1ec6U (5-31%): Do \u0111\u1ed9ng c\u01a1 ho\u1ea1t \u0111\u1ed9ng kh\u1ecfe h\u01a1n, t\u1ed1t h\u01a1n, nhi\u00ean li\u1ec7u \u0111\u01b0\u1ee3c \u0111\u1ed1t t\u1ed1t h\u01a1n, m\u1ecdi chi ti\u1ebft l\u00e0m vi\u1ec7c t\u1ed1c \u0111\u1ed9 cao, ch\u00ednh x\u00e1c s\u1ebd d\u1eabn \u0111\u1ebfn ti\u1ebft ki\u1ec7m nhi\u00ean li\u1ec7u v\u00e0 kh\u00ed th\u1ea3i ra m\u00f4i tr\u01b0\u1eddng( t\u1edbi 92%)<\/p>\n","protected":false},"excerpt":{"rendered":"<div>Cho xe: 1.5 &#8211; 3\u00a0l\u00edt _ S\u1ed1 km \u0111\u00e3 \u0111i: &gt; 3 v\u1ea1n<\/div>\n<div>\n<div>Cho xe: &gt; 3\u00a0l\u00edt _ S\u1ed1 km \u0111\u00e3 \u0111i: &lt;\u00a03 v\u1ea1n<\/div>\n<div>\n<div>&gt;&gt; D\u00f9ng 1 l\u1ea7n duy nh\u1ea5t, Tr\u00f9ng tu, b\u1ea3o v\u1ec7 v\u0129nh vi\u1ec5n<\/div>\n<div>&gt;&gt; \u0110\u1ed9 c\u1ee9ng: 9.5, Nhi\u1ec7t \u0111\u1ed9 ch\u1ecbu \u0111\u1ef1ng: 2,000\u00b0C<\/div>\n<div>&gt;&gt; Ph\u1ee7 Ceramic (kim c\u01b0\u01a1ng nh\u00e2n t\u1ea1o) b\u1ea3o v\u1ec7 v\u00e0 ph\u1ee5c h\u1ed3i<\/div>\n<div>&gt;&gt; Gi\u1ea3m ma s\u00e1t, hao m\u00f2n, hao d\u1ea7u<\/div>\n<div>&gt;&gt; T\u0103ng c\u00f4ng su\u1ea5t, m\u00f4 men xo\u1eafn<\/div>\n<div>&gt;&gt; Gi\u1ea3m rung \u1ed3n, nhi\u1ec7t \u0111\u1ed9<\/div>\n<div>&gt;&gt; B\u00f4i tr\u01a1n, l\u00e0m s\u1ea1ch li\u00ean t\u1ee5c<\/div>\n<div>\n<div>&gt;&gt; Gi\u1ea3m nhi\u00ean li\u1ec7u (4-31%)<\/div>\n<div>&gt;&gt; Gi\u1ea3m kh\u00ed th\u1ea3i (t\u1edbi 92%)<\/div>\n<\/div>\n<\/div>\n<\/div>\n","protected":false},"featured_media":618,"comment_status":"open","ping_status":"closed","template":"","meta":[],"product_cat":[17],"product_tag":[],"_links":{"self":[{"href":"https:\/\/demo.bmconnect.vn\/motocare\/wp-json\/wp\/v2\/product\/617"}],"collection":[{"href":"https:\/\/demo.bmconnect.vn\/motocare\/wp-json\/wp\/v2\/product"}],"about":[{"href":"https:\/\/demo.bmconnect.vn\/motocare\/wp-json\/wp\/v2\/types\/product"}],"replies":[{"embeddable":true,"href":"https:\/\/demo.bmconnect.vn\/motocare\/wp-json\/wp\/v2\/comments?post=617"}],"wp:featuredmedia":[{"embeddable":true,"href":"https:\/\/demo.bmconnect.vn\/motocare\/wp-json\/wp\/v2\/media\/618"}],"wp:attachment":[{"href":"https:\/\/demo.bmconnect.vn\/motocare\/wp-json\/wp\/v2\/media?parent=617"}],"wp:term":[{"taxonomy":"product_cat","embeddable":true,"href":"https:\/\/demo.bmconnect.vn\/motocare\/wp-json\/wp\/v2\/product_cat?post=617"},{"taxonomy":"product_tag","embeddable":true,"href":"https:\/\/demo.bmconnect.vn\/motocare\/wp-json\/wp\/v2\/product_tag?post=617"}],"curies":[{"name":"wp","href":"https:\/\/api.w.org\/{rel}","templated":true}]}}